{"id":4415,"date":"2025-08-21T18:02:55","date_gmt":"2025-08-21T15:02:55","guid":{"rendered":"https:\/\/wristbandfactory.eu\/?page_id=4415"},"modified":"2025-11-02T01:00:55","modified_gmt":"2025-11-01T22:00:55","slug":"pulseiras-de-atacado","status":"publish","type":"page","link":"https:\/\/wristbandfactory.eu\/pt\/services\/wholesale-wristbands\/","title":{"rendered":"Pulseiras de atacado"},"content":{"rendered":"<div data-elementor-type=\"wp-page\" data-elementor-id=\"4415\" class=\"elementor elementor-4415\" data-elementor-post-type=\"page\">\n\t\t\t\t<div class=\"elementor-element elementor-element-1c6726b e-con-full bottom-divider header-container-banner e-flex e-con e-parent\" data-id=\"1c6726b\" data-element_type=\"container\" data-e-type=\"container\" data-settings=\"{&quot;background_background&quot;:&quot;classic&quot;}\">\n\t\t\t\t<div class=\"elementor-element elementor-element-1d6315a elementor-widget elementor-widget-heading\" data-id=\"1d6315a\" data-element_type=\"widget\" data-e-type=\"widget\" data-widget_type=\"heading.default\">\n\t\t\t\t<div class=\"elementor-widget-container\">\n\t\t\t\t\t<h1 class=\"elementor-heading-title elementor-size-default\">Pulseiras no atacado - Encomende pulseiras personalizadas em grandes quantidades<\/h1>\t\t\t\t<\/div>\n\t\t\t\t<\/div>\n\t\t\t\t<\/div>\n\t\t<div class=\"elementor-element elementor-element-42be31c e-flex e-con-boxed e-con e-parent\" data-id=\"42be31c\" data-element_type=\"container\" data-e-type=\"container\">\n\t\t\t\t\t<div class=\"e-con-inner\">\n\t\t<div class=\"elementor-element elementor-element-bc21f1d e-con-full e-flex e-con e-child\" data-id=\"bc21f1d\" data-element_type=\"container\" data-e-type=\"container\">\n\t\t\t\t<div class=\"elementor-element elementor-element-c9013e0 elementor-widget elementor-widget-text-editor\" data-id=\"c9013e0\" data-element_type=\"widget\" data-e-type=\"widget\" data-widget_type=\"text-editor.default\">\n\t\t\t\t<div class=\"elementor-widget-container\">\n\t\t\t\t\t\t\t\t\t<p><span class=\"\">Desde pulseiras de silicone no atacado at\u00e9 pulseiras Tyvek em grandes quantidades,<\/span><span class=\"\"> Oferecemos qualidade premium a pre\u00e7os de atacado.<\/span><span class=\"\"> Nossas pulseiras em grande quantidade s\u00e3o perfeitas para eventos de grande porte.,<\/span><span class=\"\"> campanhas promocionais,<\/span><span class=\"\"> ou eventos de arrecada\u00e7\u00e3o de fundos para institui\u00e7\u00f5es de caridade!<\/span> <b class=\"\">Ordem<\/b><span class=\"\"> Pulseiras em grandes quantidades da Wristband Factory para maior conforto,<\/span><span class=\"\"> dur\u00e1vel <\/span><b class=\"\">pulseiras<\/b><span class=\"\"> a pre\u00e7os acess\u00edveis.<\/span><\/p>\t\t\t\t\t\t\t\t<\/div>\n\t\t\t\t<\/div>\n\t\t\t\t<div class=\"elementor-element elementor-element-fe9aa72 elementor-widget elementor-widget-n-accordion\" data-id=\"fe9aa72\" data-element_type=\"widget\" data-e-type=\"widget\" data-settings=\"{&quot;default_state&quot;:&quot;all_collapsed&quot;,&quot;max_items_expended&quot;:&quot;one&quot;,&quot;n_accordion_animation_duration&quot;:{&quot;unit&quot;:&quot;ms&quot;,&quot;size&quot;:400,&quot;sizes&quot;:[]}}\" data-widget_type=\"nested-accordion.default\">\n\t\t\t\t<div class=\"elementor-widget-container\">\n\t\t\t\t\t\t\t<div class=\"e-n-accordion\" aria-label=\"Acorde\u00e3o. Abra links com Enter ou Espa\u00e7o, feche com Escape e navegue com as Setas do Teclado.\">\n\t\t\t\t\t\t<details id=\"e-n-accordion-item-2660\" class=\"e-n-accordion-item\" >\n\t\t\t\t<summary class=\"e-n-accordion-item-title\" data-accordion-index=\"1\" tabindex=\"0\" aria-expanded=\"false\" aria-controls=\"e-n-accordion-item-2660\" >\n\t\t\t\t\t<span class='e-n-accordion-item-title-header'><h2 class=\"e-n-accordion-item-title-text\"> Pulseiras personalizadas em grandes quantidades para eventos, institui\u00e7\u00f5es de caridade e muito mais. <\/h2><\/span>\n\t\t\t\t\t\t\t<span class='e-n-accordion-item-title-icon'>\n\t\t\t<span class='e-opened' ><svg aria-hidden=\"true\" class=\"e-font-icon-svg e-fas-minus\" viewbox=\"0 0 448 512\" xmlns=\"http:\/\/www.w3.org\/2000\/svg\"><path d=\"M416 208H32c-17.67 0-32 14.33-32 32v32c0 17.67 14.33 32 32 32h384c17.67 0 32-14.33 32-32v-32c0-17.67-14.33-32-32-32z\"><\/path><\/svg><\/span>\n\t\t\t<span class='e-closed'><svg aria-hidden=\"true\" class=\"e-font-icon-svg e-fas-plus\" viewbox=\"0 0 448 512\" xmlns=\"http:\/\/www.w3.org\/2000\/svg\"><path d=\"M416 208H272V64c0-17.67-14.33-32-32-32h-32c-17.67 0-32 14.33-32 32v144H32c-17.67 0-32 14.33-32 32v32c0 17.67 14.33 32 32 32h144v144c0 17.67 14.33 32 32 32h32c17.67 0 32-14.33 32-32V304h144c17.67 0 32-14.33 32-32v-32c0-17.67-14.33-32-32-32z\"><\/path><\/svg><\/span>\n\t\t<\/span>\n\n\t\t\t\t\t\t<\/summary>\n\t\t\t\t<div role=\"region\" aria-labelledby=\"e-n-accordion-item-2660\" class=\"elementor-element elementor-element-46ce66f e-con-full e-flex e-con e-child\" data-id=\"46ce66f\" data-element_type=\"container\" data-e-type=\"container\">\n\t\t\t\t<div class=\"elementor-element elementor-element-6415697 elementor-widget elementor-widget-text-editor\" data-id=\"6415697\" data-element_type=\"widget\" data-e-type=\"widget\" data-widget_type=\"text-editor.default\">\n\t\t\t\t<div class=\"elementor-widget-container\">\n\t\t\t\t\t\t\t\t\t<p>D\u00ea um toque especial ao seu pr\u00f3ximo evento com compras em grande quantidade. <b>encomendar pulseiras<\/b> da Wristband Factory! Se voc\u00ea precisar <b>pulseiras de conscientiza\u00e7\u00e3o<\/b> Na fabrica\u00e7\u00e3o de pulseiras personalizadas para festivais em grandes quantidades ou por atacado, oferecemos qualidade a pre\u00e7os competitivos. <b>pulseiras de borracha personalizadas<\/b> encomendas em grande quantidade, sem impress\u00e3o <b>pulseiras<\/b> Disponibilizamos pulseiras de borracha em grandes quantidades e no atacado para qualquer evento ou campanha de arrecada\u00e7\u00e3o de fundos.<\/p>\t\t\t\t\t\t\t\t<\/div>\n\t\t\t\t<\/div>\n\t\t\t\t<\/div>\n\t\t\t\t\t<\/details>\n\t\t\t\t\t\t<details id=\"e-n-accordion-item-2661\" class=\"e-n-accordion-item\" >\n\t\t\t\t<summary class=\"e-n-accordion-item-title\" data-accordion-index=\"2\" tabindex=\"-1\" aria-expanded=\"false\" aria-controls=\"e-n-accordion-item-2661\" >\n\t\t\t\t\t<span class='e-n-accordion-item-title-header'><h2 class=\"e-n-accordion-item-title-text\"> Materiais para pulseiras no atacado: silicone, Tyvek e pl\u00e1stico. <\/h2><\/span>\n\t\t\t\t\t\t\t<span class='e-n-accordion-item-title-icon'>\n\t\t\t<span class='e-opened' ><svg aria-hidden=\"true\" class=\"e-font-icon-svg e-fas-minus\" viewbox=\"0 0 448 512\" xmlns=\"http:\/\/www.w3.org\/2000\/svg\"><path d=\"M416 208H32c-17.67 0-32 14.33-32 32v32c0 17.67 14.33 32 32 32h384c17.67 0 32-14.33 32-32v-32c0-17.67-14.33-32-32-32z\"><\/path><\/svg><\/span>\n\t\t\t<span class='e-closed'><svg aria-hidden=\"true\" class=\"e-font-icon-svg e-fas-plus\" viewbox=\"0 0 448 512\" xmlns=\"http:\/\/www.w3.org\/2000\/svg\"><path d=\"M416 208H272V64c0-17.67-14.33-32-32-32h-32c-17.67 0-32 14.33-32 32v144H32c-17.67 0-32 14.33-32 32v32c0 17.67 14.33 32 32 32h144v144c0 17.67 14.33 32 32 32h32c17.67 0 32-14.33 32-32V304h144c17.67 0 32-14.33 32-32v-32c0-17.67-14.33-32-32-32z\"><\/path><\/svg><\/span>\n\t\t<\/span>\n\n\t\t\t\t\t\t<\/summary>\n\t\t\t\t<div role=\"region\" aria-labelledby=\"e-n-accordion-item-2661\" class=\"elementor-element elementor-element-bec7b69 e-con-full e-flex e-con e-child\" data-id=\"bec7b69\" data-element_type=\"container\" data-e-type=\"container\">\n\t\t\t\t<div class=\"elementor-element elementor-element-989e7f1 elementor-widget elementor-widget-text-editor\" data-id=\"989e7f1\" data-element_type=\"widget\" data-e-type=\"widget\" data-widget_type=\"text-editor.default\">\n\t\t\t\t<div class=\"elementor-widget-container\">\n\t\t\t\t\t\t\t\t\t<p>Escolha entre nossa ampla variedade de pulseiras para eventos no atacado! Nossa sele\u00e7\u00e3o inclui pulseiras de pl\u00e1stico para atacado. <b>pulseiras<\/b>, Pulseiras de borracha em grandes quantidades e pulseiras Tyvek no atacado. Procurando algo diferente? Confira nossas pulseiras de silicone arco-\u00edris. <b>pulseiras<\/b> Op\u00e7\u00f5es de atacado ou que brilham no escuro <b>pulseiras<\/b> Em grandes quantidades. Como um fornecedor atacadista de pulseiras confi\u00e1vel, utilizamos apenas materiais de alta qualidade para garantir estilo, conforto e durabilidade.<\/p>\t\t\t\t\t\t\t\t<\/div>\n\t\t\t\t<\/div>\n\t\t\t\t<\/div>\n\t\t\t\t\t<\/details>\n\t\t\t\t\t\t<details id=\"e-n-accordion-item-2662\" class=\"e-n-accordion-item\" >\n\t\t\t\t<summary class=\"e-n-accordion-item-title\" data-accordion-index=\"3\" tabindex=\"-1\" aria-expanded=\"false\" aria-controls=\"e-n-accordion-item-2662\" >\n\t\t\t\t\t<span class='e-n-accordion-item-title-header'><h2 class=\"e-n-accordion-item-title-text\"> Pulseiras no Atacado: Escolhendo entre Op\u00e7\u00f5es Acess\u00edveis e Premium <\/h2><\/span>\n\t\t\t\t\t\t\t<span class='e-n-accordion-item-title-icon'>\n\t\t\t<span class='e-opened' ><svg aria-hidden=\"true\" class=\"e-font-icon-svg e-fas-minus\" viewbox=\"0 0 448 512\" xmlns=\"http:\/\/www.w3.org\/2000\/svg\"><path d=\"M416 208H32c-17.67 0-32 14.33-32 32v32c0 17.67 14.33 32 32 32h384c17.67 0 32-14.33 32-32v-32c0-17.67-14.33-32-32-32z\"><\/path><\/svg><\/span>\n\t\t\t<span class='e-closed'><svg aria-hidden=\"true\" class=\"e-font-icon-svg e-fas-plus\" viewbox=\"0 0 448 512\" xmlns=\"http:\/\/www.w3.org\/2000\/svg\"><path d=\"M416 208H272V64c0-17.67-14.33-32-32-32h-32c-17.67 0-32 14.33-32 32v144H32c-17.67 0-32 14.33-32 32v32c0 17.67 14.33 32 32 32h144v144c0 17.67 14.33 32 32 32h32c17.67 0 32-14.33 32-32V304h144c17.67 0 32-14.33 32-32v-32c0-17.67-14.33-32-32-32z\"><\/path><\/svg><\/span>\n\t\t<\/span>\n\n\t\t\t\t\t\t<\/summary>\n\t\t\t\t<div role=\"region\" aria-labelledby=\"e-n-accordion-item-2662\" class=\"elementor-element elementor-element-94c5aef e-con-full e-flex e-con e-child\" data-id=\"94c5aef\" data-element_type=\"container\" data-e-type=\"container\">\n\t\t\t\t<div class=\"elementor-element elementor-element-76407cb elementor-widget elementor-widget-text-editor\" data-id=\"76407cb\" data-element_type=\"widget\" data-e-type=\"widget\" data-widget_type=\"text-editor.default\">\n\t\t\t\t<div class=\"elementor-widget-container\">\n\t\t\t\t\t\t\t\t\t<p>Precisar <b>acess\u00edvel<\/b> Pulseiras em grandes quantidades sem comprometer a qualidade? Nosso atacado \u00e9 a solu\u00e7\u00e3o ideal para voc\u00ea. <b>pulseiras de conscientiza\u00e7\u00e3o<\/b> As pulseiras de silicone sem impress\u00e3o, vendidas em grandes quantidades, oferecem um excelente custo-benef\u00edcio. Para eventos de um \u00fanico dia, nossas op\u00e7\u00f5es em grandes quantidades s\u00e3o ideais. <b>ordem<\/b> As pulseiras Tyvek oferecem uma solu\u00e7\u00e3o econ\u00f4mica. Se voc\u00ea precisa de pulseiras de silicone no atacado na Est\u00f4nia, Let\u00f4nia, Litu\u00e2nia ou Finl\u00e2ndia, estamos prontos para ajud\u00e1-lo a encontrar a solu\u00e7\u00e3o ideal! <b>acess\u00edvel<\/b> Oferecemos desde pulseiras de silicone em grandes quantidades at\u00e9 pulseiras personalizadas no atacado, proporcionando o equil\u00edbrio perfeito entre pre\u00e7o e qualidade.<\/p>\t\t\t\t\t\t\t\t<\/div>\n\t\t\t\t<\/div>\n\t\t\t\t<\/div>\n\t\t\t\t\t<\/details>\n\t\t\t\t\t<\/div>\n\t\t\t\t\t\t<\/div>\n\t\t\t\t<\/div>\n\t\t\t\t<div class=\"elementor-element elementor-element-0315c48 elementor-widget elementor-widget-heading\" data-id=\"0315c48\" data-element_type=\"widget\" data-e-type=\"widget\" data-widget_type=\"heading.default\">\n\t\t\t\t<div class=\"elementor-widget-container\">\n\t\t\t\t\t<h2 class=\"elementor-heading-title elementor-size-default\">Wristband Factory: Encomende pulseiras personalizadas em grandes quantidades na Europa<\/h2>\t\t\t\t<\/div>\n\t\t\t\t<\/div>\n\t\t\t\t<div class=\"elementor-element elementor-element-9df6f63 elementor-widget elementor-widget-text-editor\" data-id=\"9df6f63\" data-element_type=\"widget\" data-e-type=\"widget\" data-widget_type=\"text-editor.default\">\n\t\t\t\t<div class=\"elementor-widget-container\">\n\t\t\t\t\t\t\t\t\t<p>Pronto para <b>ordem<\/b> borracha <b>pulseiras<\/b> Precisa comprar em grandes quantidades? Oferecemos de tudo, desde pulseiras lisas em grandes quantidades at\u00e9 pulseiras personalizadas para atacado. Se voc\u00ea procura pulseiras com as cores do arco-\u00edris em grandes quantidades, pulseiras de silicone crist\u00e3s ou qualquer outra coisa, temos o que voc\u00ea precisa. <b>pulseiras<\/b> em grandes quantidades, ou deseja criar seu pr\u00f3prio pacote de grandes quantidades? <b>encomendar pulseiras<\/b>, Com a gente, fazer pedidos \u00e9 sem impress\u00e3o. Entre em contato para fazer seu pedido de pulseiras em grande quantidade. Nossas equipes em toda a Europa \u2013 incluindo Reino Unido, Alemanha, Fran\u00e7a e Pol\u00f4nia \u2013 est\u00e3o prontas para ajudar.<\/p>\t\t\t\t\t\t\t\t<\/div>\n\t\t\t\t<\/div>\n\t\t\t\t<div class=\"elementor-element elementor-element-2353892 elementor-widget elementor-widget-button\" data-id=\"2353892\" data-element_type=\"widget\" data-e-type=\"widget\" data-widget_type=\"button.default\">\n\t\t\t\t<div class=\"elementor-widget-container\">\n\t\t\t\t\t\t\t\t\t<div class=\"elementor-button-wrapper\">\n\t\t\t\t\t<a class=\"elementor-button elementor-button-link elementor-size-sm\" href=\"https:\/\/wristbandfactory.eu\/pt\/contato\/\">\n\t\t\t\t\t\t<span class=\"elementor-button-content-wrapper\">\n\t\t\t\t\t\t\t\t\t<span class=\"elementor-button-text\">Encomende pulseiras personalizadas<\/span>\n\t\t\t\t\t<\/span>\n\t\t\t\t\t<\/a>\n\t\t\t\t<\/div>\n\t\t\t\t\t\t\t\t<\/div>\n\t\t\t\t<\/div>\n\t\t\t\t<\/div>\n\t\t<div class=\"elementor-element elementor-element-1a34d5c e-con-full e-flex e-con e-child\" data-id=\"1a34d5c\" data-element_type=\"container\" data-e-type=\"container\">\n\t\t\t\t<div class=\"elementor-element elementor-element-0460363 elementor-widget elementor-widget-gallery\" data-id=\"0460363\" data-element_type=\"widget\" data-e-type=\"widget\" data-settings=\"{&quot;columns&quot;:1,&quot;aspect_ratio&quot;:&quot;21:9&quot;,&quot;lazyload&quot;:&quot;yes&quot;,&quot;gallery_layout&quot;:&quot;grid&quot;,&quot;columns_tablet&quot;:2,&quot;columns_mobile&quot;:1,&quot;gap&quot;:{&quot;unit&quot;:&quot;px&quot;,&quot;size&quot;:10,&quot;sizes&quot;:[]},&quot;gap_tablet&quot;:{&quot;unit&quot;:&quot;px&quot;,&quot;size&quot;:10,&quot;sizes&quot;:[]},&quot;gap_mobile&quot;:{&quot;unit&quot;:&quot;px&quot;,&quot;size&quot;:10,&quot;sizes&quot;:[]},&quot;link_to&quot;:&quot;file&quot;,&quot;overlay_background&quot;:&quot;yes&quot;,&quot;content_hover_animation&quot;:&quot;fade-in&quot;}\" data-widget_type=\"gallery.default\">\n\t\t\t\t<div class=\"elementor-widget-container\">\n\t\t\t\t\t\t\t<div class=\"elementor-gallery__container\">\n\t\t\t\t\t\t\t<a class=\"e-gallery-item elementor-gallery-item elementor-animated-content\" href=\"https:\/\/wristbandfactory.eu\/wp-content\/uploads\/2024\/07\/dfa407aa-50a9-4adc-a7d9-de4468afa779.jpg\" data-elementor-open-lightbox=\"yes\" data-elementor-lightbox-slideshow=\"0460363\" data-elementor-lightbox-title=\"dfa407aa-50a9-4adc-a7d9-de4468afa779\" data-e-action-hash=\"#elementor-action%3Aaction%3Dlightbox%26settings%3DeyJpZCI6NjAzLCJ1cmwiOiJodHRwczpcL1wvd3Jpc3RiYW5kZmFjdG9yeS5ldVwvd3AtY29udGVudFwvdXBsb2Fkc1wvMjAyNFwvMDdcL2RmYTQwN2FhLTUwYTktNGFkYy1hN2Q5LWRlNDQ2OGFmYTc3OS5qcGciLCJzbGlkZXNob3ciOiIwNDYwMzYzIn0%3D\">\n\t\t\t\t\t<div class=\"e-gallery-image elementor-gallery-item__image\" data-thumbnail=\"https:\/\/wristbandfactory.eu\/wp-content\/uploads\/2024\/07\/dfa407aa-50a9-4adc-a7d9-de4468afa779.jpg\" data-width=\"600\" data-height=\"400\" aria-label=\"\" role=\"img\" ><\/div>\n\t\t\t\t\t\t\t\t\t\t\t<div class=\"elementor-gallery-item__overlay\"><\/div>\n\t\t\t\t\t\t\t\t\t\t\t\t\t\t<\/a>\n\t\t\t\t\t\t\t<a class=\"e-gallery-item elementor-gallery-item elementor-animated-content\" href=\"https:\/\/wristbandfactory.eu\/wp-content\/uploads\/2024\/10\/64d45b8d-f749-4784-8a47-72e1b00d3d74.jpg\" data-elementor-open-lightbox=\"yes\" data-elementor-lightbox-slideshow=\"0460363\" data-elementor-lightbox-title=\"64d45b8d-f749-4784-8a47-72e1b00d3d74.jpg\" data-e-action-hash=\"#elementor-action%3Aaction%3Dlightbox%26settings%3DeyJpZCI6MTkxMCwidXJsIjoiaHR0cHM6XC9cL3dyaXN0YmFuZGZhY3RvcnkuZXVcL3dwLWNvbnRlbnRcL3VwbG9hZHNcLzIwMjRcLzEwXC82NGQ0NWI4ZC1mNzQ5LTQ3ODQtOGE0Ny03MmUxYjAwZDNkNzQuanBnIiwic2xpZGVzaG93IjoiMDQ2MDM2MyJ9\">\n\t\t\t\t\t<div class=\"e-gallery-image elementor-gallery-item__image\" data-thumbnail=\"https:\/\/wristbandfactory.eu\/wp-content\/uploads\/2024\/10\/64d45b8d-f749-4784-8a47-72e1b00d3d74.jpg\" data-width=\"600\" data-height=\"400\" aria-label=\"\" role=\"img\" ><\/div>\n\t\t\t\t\t\t\t\t\t\t\t<div class=\"elementor-gallery-item__overlay\"><\/div>\n\t\t\t\t\t\t\t\t\t\t\t\t\t\t<\/a>\n\t\t\t\t\t<\/div>\n\t\t\t\t\t<\/div>\n\t\t\t\t<\/div>\n\t\t\t\t<\/div>\n\t\t\t\t\t<\/div>\n\t\t\t\t<\/div>\n\t\t<div class=\"elementor-element elementor-element-7e9d7bb e-flex e-con-boxed e-con e-parent\" data-id=\"7e9d7bb\" data-element_type=\"container\" data-e-type=\"container\" data-settings=\"{&quot;background_background&quot;:&quot;classic&quot;}\">\n\t\t\t\t\t<div class=\"e-con-inner\">\n\t\t<div class=\"elementor-element elementor-element-1f0d6f1 e-con-full e-flex e-con e-child\" data-id=\"1f0d6f1\" data-element_type=\"container\" data-e-type=\"container\" data-settings=\"{&quot;background_background&quot;:&quot;classic&quot;}\">\n\t\t\t\t<div class=\"elementor-element elementor-element-7fdb6ef elementor-widget elementor-widget-heading\" data-id=\"7fdb6ef\" data-element_type=\"widget\" data-e-type=\"widget\" data-widget_type=\"heading.default\">\n\t\t\t\t<div class=\"elementor-widget-container\">\n\t\t\t\t\t<h2 class=\"elementor-heading-title elementor-size-default\">Portf\u00f3lio de pulseiras personalizadas<\/h2>\t\t\t\t<\/div>\n\t\t\t\t<\/div>\n\t\t\t\t<div class=\"elementor-element elementor-element-347263a elementor-arrows-position-outside elementor-pagination-position-outside elementor-widget elementor-widget-image-carousel\" data-id=\"347263a\" data-element_type=\"widget\" data-e-type=\"widget\" data-settings=\"{&quot;slides_to_show&quot;:&quot;6&quot;,&quot;slides_to_show_mobile&quot;:&quot;2&quot;,&quot;navigation&quot;:&quot;both&quot;,&quot;autoplay&quot;:&quot;yes&quot;,&quot;pause_on_hover&quot;:&quot;yes&quot;,&quot;pause_on_interaction&quot;:&quot;yes&quot;,&quot;autoplay_speed&quot;:5000,&quot;infinite&quot;:&quot;yes&quot;,&quot;speed&quot;:500,&quot;image_spacing_custom&quot;:{&quot;unit&quot;:&quot;px&quot;,&quot;size&quot;:20,&quot;sizes&quot;:[]},&quot;image_spacing_custom_tablet&quot;:{&quot;unit&quot;:&quot;px&quot;,&quot;size&quot;:&quot;&quot;,&quot;sizes&quot;:[]},&quot;image_spacing_custom_mobile&quot;:{&quot;unit&quot;:&quot;px&quot;,&quot;size&quot;:&quot;&quot;,&quot;sizes&quot;:[]}}\" data-widget_type=\"image-carousel.default\">\n\t\t\t\t<div class=\"elementor-widget-container\">\n\t\t\t\t\t\t\t<div class=\"elementor-image-carousel-wrapper swiper\" role=\"region\" aria-roledescription=\"carousel\" aria-label=\"Carrossel de Imagens\" dir=\"ltr\">\n\t\t\t<div class=\"elementor-image-carousel swiper-wrapper\" aria-live=\"off\">\n\t\t\t\t\t\t\t\t<div class=\"swiper-slide\" role=\"group\" aria-roledescription=\"slide\" aria-label=\"1 de 13\"><figure class=\"swiper-slide-inner\"><img decoding=\"async\" class=\"swiper-slide-image\" src=\"https:\/\/wristbandfactory.eu\/wp-content\/uploads\/elementor\/thumbs\/tartu-sinine-scaled-rbzlhr29292x6gfgcp68fjcsauctlmjsc52bcxfz0g.png\" alt=\"tartu-sinine\" \/><\/figure><\/div><div class=\"swiper-slide\" role=\"group\" aria-roledescription=\"slide\" aria-label=\"2 de 13\"><figure class=\"swiper-slide-inner\"><img decoding=\"async\" class=\"swiper-slide-image\" src=\"https:\/\/wristbandfactory.eu\/wp-content\/uploads\/elementor\/thumbs\/maamess-kaepael-bambus-kinnitus-1-scaled-rbzlhr29292x6gfgcp68fjcsauctlmjsc52bcxfz0g.png\" alt=\"maamess-kaepael-bambus-kinnitus\" \/><\/figure><\/div><div class=\"swiper-slide\" role=\"group\" aria-roledescription=\"slide\" aria-label=\"3 de 13\"><figure class=\"swiper-slide-inner\"><img decoding=\"async\" class=\"swiper-slide-image\" src=\"https:\/\/wristbandfactory.eu\/wp-content\/uploads\/elementor\/thumbs\/tallink-elastne-kaepael-kiibiga-scaled-rbzlhr29292x6gfgcp68fjcsauctlmjsc52bcxfz0g.png\" alt=\"tallink-elastne-kaepael-kiibiga\" \/><\/figure><\/div><div class=\"swiper-slide\" role=\"group\" aria-roledescription=\"slide\" aria-label=\"4 de 13\"><figure class=\"swiper-slide-inner\"><img decoding=\"async\" class=\"swiper-slide-image\" src=\"https:\/\/wristbandfactory.eu\/wp-content\/uploads\/elementor\/thumbs\/erikujugakaepael-pirita-1-scaled-rbzlhr29292x6gfgcp68fjcsauctlmjsc52bcxfz0g.png\" alt=\"erikujugakaepael-pirita\" \/><\/figure><\/div><div class=\"swiper-slide\" role=\"group\" aria-roledescription=\"slide\" aria-label=\"5 de 13\"><figure class=\"swiper-slide-inner\"><img decoding=\"async\" class=\"swiper-slide-image\" src=\"https:\/\/wristbandfactory.eu\/wp-content\/uploads\/elementor\/thumbs\/korgist-kaepael-metall-kinnitus-1-scaled-rbzlhr29292x6gfgcp68fjcsauctlmjsc52bcxfz0g.png\" alt=\"korgist-kaepael-metall-kinnitus\" \/><\/figure><\/div><div class=\"swiper-slide\" role=\"group\" aria-roledescription=\"slide\" aria-label=\"6 de 13\"><figure class=\"swiper-slide-inner\"><img decoding=\"async\" class=\"swiper-slide-image\" src=\"https:\/\/wristbandfactory.eu\/wp-content\/uploads\/elementor\/thumbs\/tartu-oranz-scaled-rbzlhr29292x6gfgcp68fjcsauctlmjsc52bcxfz0g.png\" alt=\"tartu-oranz\" \/><\/figure><\/div><div class=\"swiper-slide\" role=\"group\" aria-roledescription=\"slide\" aria-label=\"7 de 13\"><figure class=\"swiper-slide-inner\"><img decoding=\"async\" class=\"swiper-slide-image\" src=\"https:\/\/wristbandfactory.eu\/wp-content\/uploads\/elementor\/thumbs\/astu-pardale-kaepael-1-scaled-rbzlhr29292x6gfgcp68fjcsauctlmjsc52bcxfz0g.png\" alt=\"astu-pardale-kaepael\" \/><\/figure><\/div><div class=\"swiper-slide\" role=\"group\" aria-roledescription=\"slide\" aria-label=\"8 de 13\"><figure class=\"swiper-slide-inner\"><img decoding=\"async\" class=\"swiper-slide-image\" src=\"https:\/\/wristbandfactory.eu\/wp-content\/uploads\/elementor\/thumbs\/satiinist-kaepael-plastik-kinnitus-scaled-rbzlhr29292x6gfgcp68fjcsauctlmjsc52bcxfz0g.png\" alt=\"satinista-kaepael-plastik-kinnitus\" \/><\/figure><\/div><div class=\"swiper-slide\" role=\"group\" aria-roledescription=\"slide\" aria-label=\"9 de 13\"><figure class=\"swiper-slide-inner\"><img decoding=\"async\" class=\"swiper-slide-image\" src=\"https:\/\/wristbandfactory.eu\/wp-content\/uploads\/elementor\/thumbs\/linane-kaepael-1-scaled-rbzlhr29292x6gfgcp68fjcsauctlmjsc52bcxfz0g.png\" alt=\"linane-kaepael\" \/><\/figure><\/div><div class=\"swiper-slide\" role=\"group\" aria-roledescription=\"slide\" aria-label=\"10 de 13\"><figure class=\"swiper-slide-inner\"><img decoding=\"async\" class=\"swiper-slide-image\" src=\"https:\/\/wristbandfactory.eu\/wp-content\/uploads\/elementor\/thumbs\/bambusest-kaepael-1-scaled-rbzlhr29292x6gfgcp68fjcsauctlmjsc52bcxfz0g.png\" alt=\"bambusest-kaepael\" \/><\/figure><\/div><div class=\"swiper-slide\" role=\"group\" aria-roledescription=\"slide\" aria-label=\"11 de 13\"><figure class=\"swiper-slide-inner\"><img decoding=\"async\" class=\"swiper-slide-image\" src=\"https:\/\/wristbandfactory.eu\/wp-content\/uploads\/elementor\/thumbs\/eksklusiiv-kuldne-kaepael-kuldmuna-1-scaled-rbzlhr29292x6gfgcp68fjcsauctlmjsc52bcxfz0g.png\" alt=\"eksklusiiv-kuldne-kaepael-kuldmuna\" \/><\/figure><\/div><div class=\"swiper-slide\" role=\"group\" aria-roledescription=\"slide\" aria-label=\"12 de 13\"><figure class=\"swiper-slide-inner\"><img decoding=\"async\" class=\"swiper-slide-image\" src=\"https:\/\/wristbandfactory.eu\/wp-content\/uploads\/elementor\/thumbs\/RFID-kiibiga-taisvarvides-trukiga-kaepael-scaled-rbzlhr29292x6gfgcp68fjcsauctlmjsc52bcxfz0g.png\" alt=\"RFID-kiibiga-taisvarvides-trukiga-kaepael\" \/><\/figure><\/div><div class=\"swiper-slide\" role=\"group\" aria-roledescription=\"slide\" aria-label=\"13 de 13\"><figure class=\"swiper-slide-inner\"><img decoding=\"async\" class=\"swiper-slide-image\" src=\"https:\/\/wristbandfactory.eu\/wp-content\/uploads\/elementor\/thumbs\/trukiga-kinnitusega-kaepael-roosa-scaled-rbzlhr29292x6gfgcp68fjcsauctlmjsc52bcxfz0g.png\" alt=\"trukiga-kinnitusega-kaepael-roosa\" \/><\/figure><\/div>\t\t\t<\/div>\n\t\t\t\t\t\t\t\t\t\t\t\t<div class=\"elementor-swiper-button elementor-swiper-button-prev\" role=\"button\" tabindex=\"0\">\n\t\t\t\t\t\t<svg aria-hidden=\"true\" class=\"e-font-icon-svg e-eicon-chevron-left\" viewbox=\"0 0 1000 1000\" xmlns=\"http:\/\/www.w3.org\/2000\/svg\"><path d=\"M646 125C629 125 613 133 604 142L308 442C296 454 292 471 292 487 292 504 296 521 308 533L604 854C617 867 629 875 646 875 663 875 679 871 692 858 704 846 713 829 713 812 713 796 708 779 692 767L438 487 692 225C700 217 708 204 708 187 708 171 704 154 692 142 675 129 663 125 646 125Z\"><\/path><\/svg>\t\t\t\t\t<\/div>\n\t\t\t\t\t<div class=\"elementor-swiper-button elementor-swiper-button-next\" role=\"button\" tabindex=\"0\">\n\t\t\t\t\t\t<svg aria-hidden=\"true\" class=\"e-font-icon-svg e-eicon-chevron-right\" viewbox=\"0 0 1000 1000\" xmlns=\"http:\/\/www.w3.org\/2000\/svg\"><path d=\"M696 533C708 521 713 504 713 487 713 471 708 454 696 446L400 146C388 133 375 125 354 125 338 125 325 129 313 142 300 154 292 171 292 187 292 204 296 221 308 233L563 492 304 771C292 783 288 800 288 817 288 833 296 850 308 863 321 871 338 875 354 875 371 875 388 867 400 854L696 533Z\"><\/path><\/svg>\t\t\t\t\t<\/div>\n\t\t\t\t\n\t\t\t\t\t\t\t\t\t<div class=\"swiper-pagination\"><\/div>\n\t\t\t\t\t\t\t\t\t<\/div>\n\t\t\t\t\t\t<\/div>\n\t\t\t\t<\/div>\n\t\t\t\t<\/div>\n\t\t\t\t\t<\/div>\n\t\t\t\t<\/div>\n\t\t\t\t<\/div>","protected":false},"excerpt":{"rendered":"<p>Wholesale Wristbands &#8211; Order Custom Wristbands in Bulk From wholesale silicone wristbands to bulk Tyvek wristbands, we offer premium quality at wholesale prices. Our bulk wristbands are perfect for large events, promotional campaigns, or charity fundraisers! Order wristbands in bulk from Wristband Factory for comfortable, durable wristbands at affordable prices. Custom Bulk Wristbands for Events, [&hellip;]<\/p>\n","protected":false},"author":7,"featured_media":1917,"parent":4413,"menu_order":0,"comment_status":"closed","ping_status":"closed","template":"","meta":{"footnotes":""},"class_list":["post-4415","page","type-page","status-publish","has-post-thumbnail","hentry"],"_links":{"self":[{"href":"https:\/\/wristbandfactory.eu\/pt\/wp-json\/wp\/v2\/pages\/4415","targetHints":{"allow":["GET"]}}],"collection":[{"href":"https:\/\/wristbandfactory.eu\/pt\/wp-json\/wp\/v2\/pages"}],"about":[{"href":"https:\/\/wristbandfactory.eu\/pt\/wp-json\/wp\/v2\/types\/page"}],"author":[{"embeddable":true,"href":"https:\/\/wristbandfactory.eu\/pt\/wp-json\/wp\/v2\/users\/7"}],"replies":[{"embeddable":true,"href":"https:\/\/wristbandfactory.eu\/pt\/wp-json\/wp\/v2\/comments?post=4415"}],"version-history":[{"count":12,"href":"https:\/\/wristbandfactory.eu\/pt\/wp-json\/wp\/v2\/pages\/4415\/revisions"}],"predecessor-version":[{"id":5363,"href":"https:\/\/wristbandfactory.eu\/pt\/wp-json\/wp\/v2\/pages\/4415\/revisions\/5363"}],"up":[{"embeddable":true,"href":"https:\/\/wristbandfactory.eu\/pt\/wp-json\/wp\/v2\/pages\/4413"}],"wp:featuredmedia":[{"embeddable":true,"href":"https:\/\/wristbandfactory.eu\/pt\/wp-json\/wp\/v2\/media\/1917"}],"wp:attachment":[{"href":"https:\/\/wristbandfactory.eu\/pt\/wp-json\/wp\/v2\/media?parent=4415"}],"curies":[{"name":"wp","href":"https:\/\/api.w.org\/{rel}","templated":true}]}}