{"id":7107,"date":"2026-05-13T23:16:10","date_gmt":"2026-05-13T20:16:10","guid":{"rendered":"https:\/\/wristbandfactory.eu\/?post_type=product&#038;p=7107"},"modified":"2026-05-13T23:16:10","modified_gmt":"2026-05-13T20:16:10","slug":"custom-shaped-synthetic-paper-wristbands","status":"publish","type":"product","link":"https:\/\/wristbandfactory.eu\/et\/p\/custom-shaped-synthetic-paper-wristbands\/","title":{"rendered":"Tr\u00fckiga erikujulised s\u00fcnteetilisest paberist k\u00e4epaelad"},"content":{"rendered":"<p data-path-to-node=\"8\">Vormitud s\u00fcnteetilisest paberist k\u00e4epaelad pakuvad struktuurilist uuendust tavalistele lineaarsetele ligip\u00e4\u00e4sukontrolli lahendustele. T\u00e4iustatud stantsimistehnikate abil saab k\u00e4epaela profiili muuta, et lisada laiendatud keskosasid \u2013 n\u00e4iteks kella sihverplaate, geomeetrilisi kujundeid v\u00f5i br\u00e4ndi kontuure \u2013, luues nii m\u00f5jusa ja koheselt \u00e4ratuntava visuaalse identifikaatori. Kvaliteetsetest s\u00fcnteetilistest materjalidest valmistatud k\u00e4epaelad \u00fchendavad paberi kulut\u00f5husa paindlikkuse tippkvaliteediga plastide rebenemiskindluse ja veekindlusega, muutes need ideaalseks suuremahulisteks B2B-rakendusteks.<\/p>\n<h2 data-path-to-node=\"9\">Peamised omadused<\/h2>\n<ul data-path-to-node=\"10\">\n<li>\n<p data-path-to-node=\"10,0,0\"><b data-path-to-node=\"10,0,0\" data-index-in-node=\"0\">T\u00e4ppisl\u00f5ikamine:<\/b> Kohandatavad kontuurid ulatuvad tavalistest sirgetest ribadest kaugemale, v\u00f5imaldades spetsiaalseid funktsionaalseid kujundeid, mis parandavad v\u00e4rava turvalisust kohese visuaalse kontrolli abil.<\/p>\n<\/li>\n<li>\n<p data-path-to-node=\"10,1,0\"><b data-path-to-node=\"10,1,0\" data-index-in-node=\"0\">T\u00e4iustatud s\u00fcnteetiline aluspind:<\/b> Mitmekihiline materjal on t\u00e4iesti veekindel ja venituskindel, tagades t\u00f6\u00f6kindluse m\u00e4rgades tingimustes v\u00f5i aktiivse f\u00fc\u00fcsilise kasutamise ajal.<\/p>\n<\/li>\n<li>\n<p data-path-to-node=\"10,2,0\"><b data-path-to-node=\"10,2,0\" data-index-in-node=\"0\">K\u00f5rgkvaliteetne CMYK-tr\u00fckk:<\/b> Sile pind toetab servast servani t\u00e4isv\u00e4rvides printimist, tagades keerukate gradientide, sponsorite logode ja selgete visuaalsete kategooriate t\u00e4pse taasesituse.<\/p>\n<\/li>\n<li>\n<p data-path-to-node=\"10,3,0\"><b data-path-to-node=\"10,3,0\" data-index-in-node=\"0\">K\u00f5rge turvalisusega liim:<\/b> Igal seadmel on standardne stantsitud turvakork, mis puruneb j\u00f5uga eemaldamisel j\u00e4\u00e4davalt, v\u00e4listades t\u00f5husalt volitamata jagamise.<\/p>\n<\/li>\n<\/ul>\n<h2 data-path-to-node=\"11\">Spetsifikatsioonid<\/h2>\n<ul data-path-to-node=\"12\">\n<li>\n<p data-path-to-node=\"12,0,0\"><b data-path-to-node=\"12,0,0\" data-index-in-node=\"0\">Materjal:<\/b> Kvaliteetne veekindel s\u00fcnteetiline paber<\/p>\n<\/li>\n<li>\n<p data-path-to-node=\"12,1,0\"><b data-path-to-node=\"12,1,0\" data-index-in-node=\"0\">Kuju konfiguratsioon:<\/b> Kliendi spetsifikatsioonide j\u00e4rgi t\u00e4pselt stantsitud (nt laiendatud keskosa)<\/p>\n<\/li>\n<li>\n<p data-path-to-node=\"12,2,0\"><b data-path-to-node=\"12,2,0\" data-index-in-node=\"0\">Printimisv\u00f5imalus:<\/b> T\u00e4isv\u00e4rviline CMYK eridisainiga br\u00e4nding<\/p>\n<\/li>\n<li>\n<p data-path-to-node=\"12,3,0\"><b data-path-to-node=\"12,3,0\" data-index-in-node=\"0\">Sulgemise t\u00fc\u00fcp:<\/b> Avatud kleepriba<\/p>\n<\/li>\n<li>\n<p data-path-to-node=\"12,4,0\"><b data-path-to-node=\"12,4,0\" data-index-in-node=\"0\">Pakend:<\/b> Tarnitakse j\u00e4rjestikku nummerdatud lehtedena kiireks ja organiseeritud jaotamiseks sissep\u00e4\u00e4supunktides<\/p>\n<\/li>\n<\/ul>\n<h2 data-path-to-node=\"13\">Kasutusjuhud<\/h2>\n<ul data-path-to-node=\"14\">\n<li>\n<p data-path-to-node=\"14,0,0\"><b data-path-to-node=\"14,0,0\" data-index-in-node=\"0\">Laste meelelahutuskeskused:<\/b> Temaatiliste v\u00e4ljal\u00f5igatud kujundite (nt kellad, maskotid) kasutamine nooremate k\u00fclaliste n\u00e4htavuse parandamiseks ja kaasahaarava juurdep\u00e4\u00e4sukontrolli tagamiseks.<\/p>\n<\/li>\n<li>\n<p data-path-to-node=\"14,1,0\"><b data-path-to-node=\"14,1,0\" data-index-in-node=\"0\">Teemapargid ja kuurordid:<\/b> Mitmep\u00e4evaste sissep\u00e4\u00e4suribade juurutamine, mis taluvad pidevat vee k\u00e4es viibimist, pakkudes samal ajal premium-pakettidele unikaalseid identifikaatoreid.<\/p>\n<\/li>\n<li>\n<p data-path-to-node=\"14,2,0\"><b data-path-to-node=\"14,2,0\" data-index-in-node=\"0\">K\u00f5rge profiiliga br\u00e4ndide aktiveerimine:<\/b> Eristuvate visuaalsete vormingute loomine, mis toimivad nii range juurdep\u00e4\u00e4sukontrolli kui ka meeldej\u00e4\u00e4va reklaamkaubana.<\/p>\n<\/li>\n<li>\n<p data-path-to-node=\"14,3,0\"><b data-path-to-node=\"14,3,0\" data-index-in-node=\"0\">VIP- ja eris\u00fcndmuste ligip\u00e4\u00e4s:<\/b> Eraldab premium-pileti omanikud koheselt tavapileti omanikest selgelt eristatava f\u00fc\u00fcsilise k\u00e4epaela abil.<\/p>\n<\/li>\n<\/ul>","protected":false},"excerpt":{"rendered":"<ul>\n<li>\n<p data-path-to-node=\"7,0,0\">T\u00e4ppisstantsimistehnoloogia v\u00f5imaldab luua unikaalseid konstruktsiooniprofiile (nt laiendatud keskdetaile), et suurendada visuaalset turvalisust ja br\u00e4ndi tuntust.<\/p>\n<\/li>\n<li>\n<p data-path-to-node=\"7,1,0\">Valmistatud v\u00e4ga vastupidavast ja veekindlast s\u00fcnteetilisest paberist, mis on loodud mitmep\u00e4evaste \u00fcrituste jaoks.<\/p>\n<\/li>\n<li>\n<p data-path-to-node=\"7,2,0\">Laiendatud pinnad pakuvad maksimaalset ruumi k\u00f5rglahutusega ettev\u00f5tte logode, v\u00f6\u00f6tkoodide ja muutuvandmete jaoks.<\/p>\n<\/li>\n<li>\n<p data-path-to-node=\"7,3,0\">Varustatud avamiskindla liimkorgiga, et tagada range \u00fchekordse kasutamise n\u00f5uetele vastavus ja v\u00e4ltida \u00fclekandumist.<\/p>\n<\/li>\n<\/ul>","protected":false},"featured_media":7108,"comment_status":"closed","ping_status":"closed","template":"","meta":[],"product_brand":[],"product_cat":[41],"product_tag":[],"class_list":{"0":"post-7107","1":"product","2":"type-product","3":"status-publish","4":"has-post-thumbnail","6":"product_cat-tyvek","8":"first","9":"instock","10":"shipping-taxable","11":"product-type-simple"},"_links":{"self":[{"href":"https:\/\/wristbandfactory.eu\/et\/wp-json\/wp\/v2\/product\/7107","targetHints":{"allow":["GET"]}}],"collection":[{"href":"https:\/\/wristbandfactory.eu\/et\/wp-json\/wp\/v2\/product"}],"about":[{"href":"https:\/\/wristbandfactory.eu\/et\/wp-json\/wp\/v2\/types\/product"}],"replies":[{"embeddable":true,"href":"https:\/\/wristbandfactory.eu\/et\/wp-json\/wp\/v2\/comments?post=7107"}],"wp:featuredmedia":[{"embeddable":true,"href":"https:\/\/wristbandfactory.eu\/et\/wp-json\/wp\/v2\/media\/7108"}],"wp:attachment":[{"href":"https:\/\/wristbandfactory.eu\/et\/wp-json\/wp\/v2\/media?parent=7107"}],"wp:term":[{"taxonomy":"product_brand","embeddable":true,"href":"https:\/\/wristbandfactory.eu\/et\/wp-json\/wp\/v2\/product_brand?post=7107"},{"taxonomy":"product_cat","embeddable":true,"href":"https:\/\/wristbandfactory.eu\/et\/wp-json\/wp\/v2\/product_cat?post=7107"},{"taxonomy":"product_tag","embeddable":true,"href":"https:\/\/wristbandfactory.eu\/et\/wp-json\/wp\/v2\/product_tag?post=7107"}],"curies":[{"name":"t\u00f6\u00f6leht","href":"https:\/\/api.w.org\/{rel}","templated":true}]}}