{"id":7105,"date":"2026-05-13T22:59:02","date_gmt":"2026-05-13T19:59:02","guid":{"rendered":"https:\/\/wristbandfactory.eu\/?post_type=product&#038;p=7105"},"modified":"2026-05-13T22:59:02","modified_gmt":"2026-05-13T19:59:02","slug":"custom-synthetic-paper-wristbands-with-tear-off-coupons","status":"publish","type":"product","link":"https:\/\/wristbandfactory.eu\/et\/p\/custom-synthetic-paper-wristbands-with-tear-off-coupons\/","title":{"rendered":"Tr\u00fckiga s\u00fcnteetilisest paberist k\u00e4epaelad rebimiskupongidega"},"content":{"rendered":"<p data-path-to-node=\"6\">S\u00fcnteetilisest paberist k\u00e4epaelad rebitavate kupongidega pakuvad suuremahuliste \u00fcrituste jaoks vastupidavat ja k\u00f5ikeh\u00f5lmavat ligip\u00e4\u00e4sukontrolli ja lunastuslahendust. Erinevalt tavalisest paberist pakuvad t\u00e4iustatud s\u00fcnteetilised materjalid t\u00e4ielikku veekindlust ja suurt t\u00f5mbetugevust, tagades k\u00e4epaela puutumatuse kogu aktiivse v\u00f5i mitmep\u00e4evase kasutamise v\u00e4ltel. Integreeritud perforeeritud sakid v\u00f5imaldavad \u00fcrituste toimumiskohtadel sujuvalt \u00fchendada sissep\u00e4\u00e4su ettemakstud toodete v\u00f5i teenustega, ilma et peaksite lootma eraldi piletis\u00fcsteemidele.<\/p>\n<h2 data-path-to-node=\"7\">Peamised omadused<\/h2>\n<ul data-path-to-node=\"8\">\n<li>\n<p data-path-to-node=\"8,0,0\"><b data-path-to-node=\"8,0,0\" data-index-in-node=\"0\">Integreeritud perforeeritud sakid:<\/b> Valige \u00fche v\u00f5i kahe rebitava kupongi vahel, mis on konstrueeritud nii, et need eralduvad t\u00f6\u00f6tajate vajaduse korral puhtalt, j\u00e4\u00e4des samal ajal kandmise ajal kindlalt paigale.<\/p>\n<\/li>\n<li>\n<p data-path-to-node=\"8,1,0\"><b data-path-to-node=\"8,1,0\" data-index-in-node=\"0\">K\u00f5rge vastupidavusega aluspind:<\/b> S\u00fcnteetiline paberist konstruktsioon on t\u00e4iesti veekindel ja v\u00e4ga vastupidav venimisele, mist\u00f5ttu sobib see ideaalselt nii sise- kui ka v\u00e4listingimustes kasutamiseks.<\/p>\n<\/li>\n<li>\n<p data-path-to-node=\"8,2,0\"><b data-path-to-node=\"8,2,0\" data-index-in-node=\"0\">Esmaklassiline prindikvaliteet:<\/b> Sile pind toetab k\u00f5rgresolutsiooniga CMYK-printimist, v\u00f5imaldades keerukaid logosid, v\u00f6\u00f6tkoode ja erksaid sponsorbr\u00e4ndinguid.<\/p>\n<\/li>\n<li>\n<p data-path-to-node=\"8,3,0\"><b data-path-to-node=\"8,3,0\" data-index-in-node=\"0\">V\u00f5ltsimiskindel turvalisus:<\/b> Igal ribal on stantsitud liimkinnitus, mis j\u00f5uga eemaldamisel puruneb, tagades range juurdep\u00e4\u00e4su turvalisuse.<\/p>\n<\/li>\n<\/ul>\n<h2 data-path-to-node=\"9\">Spetsifikatsioonid<\/h2>\n<ul data-path-to-node=\"10\">\n<li>\n<p data-path-to-node=\"10,0,0\"><b data-path-to-node=\"10,0,0\" data-index-in-node=\"0\">Materjal:<\/b> Kvaliteetne s\u00fcnteetiline paber (veekindel ja rebenemiskindel)<\/p>\n<\/li>\n<li>\n<p data-path-to-node=\"10,1,0\"><b data-path-to-node=\"10,1,0\" data-index-in-node=\"0\">Konfiguratsioon:<\/b> 1 v\u00f5i 2 rebitavat kupongi k\u00e4epaela kohta<\/p>\n<\/li>\n<li>\n<p data-path-to-node=\"10,2,0\"><b data-path-to-node=\"10,2,0\" data-index-in-node=\"0\">Sulgemise t\u00fc\u00fcp:<\/b> Avatud kleepriba<\/p>\n<\/li>\n<li>\n<p data-path-to-node=\"10,3,0\"><b data-path-to-node=\"10,3,0\" data-index-in-node=\"0\">Printimisv\u00f5imalus:<\/b> T\u00e4isv\u00e4rviline CMYK eridisainiga br\u00e4nding<\/p>\n<\/li>\n<li>\n<p data-path-to-node=\"10,4,0\"><b data-path-to-node=\"10,4,0\" data-index-in-node=\"0\">Pakend:<\/b> Tarnitakse j\u00e4rjestikku nummerdatud lehtedena organiseeritud vastuv\u00f5tu haldamiseks<\/p>\n<\/li>\n<\/ul>\n<h2 data-path-to-node=\"11\">Kasutusjuhud<\/h2>\n<ul data-path-to-node=\"12\">\n<li>\n<p data-path-to-node=\"12,0,0\"><b data-path-to-node=\"12,0,0\" data-index-in-node=\"0\">Festivalid ja kontserdid:<\/b> Sissep\u00e4\u00e4sukaartide kombineerimine eelnevalt ostetud joogivaut\u0161erite v\u00f5i VIP-soodustustega.<\/p>\n<\/li>\n<li>\n<p data-path-to-node=\"12,1,0\"><b data-path-to-node=\"12,1,0\" data-index-in-node=\"0\">\u00d6\u00f6klubid ja peopaigad:<\/b> Toimingute sujuvamaks muutmine kaanetaasu ja tasuta jookide kombinatsioonidega.<\/p>\n<\/li>\n<li>\n<p data-path-to-node=\"12,2,0\"><b data-path-to-node=\"12,2,0\" data-index-in-node=\"0\">Firma\u00fcritused:<\/b> Riiete parkimist\u0161ekkide m\u00fc\u00fcgi ja toitlustusega toidu jagamise t\u00f5hus haldamine.<\/p>\n<\/li>\n<li>\n<p data-path-to-node=\"12,3,0\"><b data-path-to-node=\"12,3,0\" data-index-in-node=\"0\">Kuurordid ja veepargid:<\/b> Mitmep\u00e4evase ligip\u00e4\u00e4su jagamine koos varustuse rentimise v\u00f5i mugavuskaartidega.<\/p>\n<\/li>\n<\/ul>","protected":false},"excerpt":{"rendered":"<ul data-path-to-node=\"5\">\n<li>\n<p data-path-to-node=\"5,0,0\">Valmistatud rebenemiskindlast ja veekindlast s\u00fcnteetilisest paberist pikaajaliseks mitmep\u00e4evaseks kasutamiseks.<\/p>\n<\/li>\n<li>\n<p data-path-to-node=\"5,1,0\">Sisaldab 1 v\u00f5i 2 perforeeritud rebitavat sakki toidu, joogi v\u00f5i garderoobi lunastamise integreeritud v\u00f5imaluse jaoks.<\/p>\n<\/li>\n<li>\n<p data-path-to-node=\"5,2,0\">T\u00e4isv\u00e4rviline, servast servani eridisainiga tr\u00fckkimine on saadaval nii k\u00e4epaela kui ka kupongide osas.<\/p>\n<\/li>\n<li>\n<p data-path-to-node=\"5,3,0\">Kinnitatud rikkumiskindla kleepribaga, et v\u00e4ltida volitamata \u00fcleandmist ja tagada \u00fchekordseks kasutamiseks vastavus.<\/p>\n<\/li>\n<\/ul>","protected":false},"featured_media":7106,"comment_status":"closed","ping_status":"closed","template":"","meta":[],"product_brand":[],"product_cat":[41],"product_tag":[],"class_list":{"0":"post-7105","1":"product","2":"type-product","3":"status-publish","4":"has-post-thumbnail","6":"product_cat-tyvek","8":"first","9":"instock","10":"shipping-taxable","11":"product-type-simple"},"_links":{"self":[{"href":"https:\/\/wristbandfactory.eu\/et\/wp-json\/wp\/v2\/product\/7105","targetHints":{"allow":["GET"]}}],"collection":[{"href":"https:\/\/wristbandfactory.eu\/et\/wp-json\/wp\/v2\/product"}],"about":[{"href":"https:\/\/wristbandfactory.eu\/et\/wp-json\/wp\/v2\/types\/product"}],"replies":[{"embeddable":true,"href":"https:\/\/wristbandfactory.eu\/et\/wp-json\/wp\/v2\/comments?post=7105"}],"wp:featuredmedia":[{"embeddable":true,"href":"https:\/\/wristbandfactory.eu\/et\/wp-json\/wp\/v2\/media\/7106"}],"wp:attachment":[{"href":"https:\/\/wristbandfactory.eu\/et\/wp-json\/wp\/v2\/media?parent=7105"}],"wp:term":[{"taxonomy":"product_brand","embeddable":true,"href":"https:\/\/wristbandfactory.eu\/et\/wp-json\/wp\/v2\/product_brand?post=7105"},{"taxonomy":"product_cat","embeddable":true,"href":"https:\/\/wristbandfactory.eu\/et\/wp-json\/wp\/v2\/product_cat?post=7105"},{"taxonomy":"product_tag","embeddable":true,"href":"https:\/\/wristbandfactory.eu\/et\/wp-json\/wp\/v2\/product_tag?post=7105"}],"curies":[{"name":"t\u00f6\u00f6leht","href":"https:\/\/api.w.org\/{rel}","templated":true}]}}