{"id":7098,"date":"2026-05-11T11:20:35","date_gmt":"2026-05-11T08:20:35","guid":{"rendered":"https:\/\/wristbandfactory.eu\/?post_type=product&#038;p=7098"},"modified":"2026-05-11T11:32:05","modified_gmt":"2026-05-11T08:32:05","slug":"custom-rechargeable-led-wristbands","status":"publish","type":"product","link":"https:\/\/wristbandfactory.eu\/et\/p\/custom-rechargeable-led-wristbands\/","title":{"rendered":"Laetavad LED k\u00e4epaelad logoga"},"content":{"rendered":"<p data-path-to-node=\"5\">Laetav LED-k\u00e4epael on t\u00e4iustatud rahvahulga kontrollimise valgustuslahendus, mis on loodud suuremahuliste firma\u00fcrituste, festivalide ja kontsertide jaoks. M-kujulise ergonoomilise profiiliga helendavad k\u00e4epaelad pakuvad pidevat ja h\u00e4sti n\u00e4htavat valgustust. Varustatud sisemise laetava mooduliga, pakuvad need j\u00e4tkusuutlikku alternatiivi traditsioonilistele \u00fchekordselt kasutatavatele patareidega t\u00f6\u00f6tavatele helendavatele k\u00e4epaeltele.<\/p>\n<h2 data-path-to-node=\"6\">Peamised omadused<\/h2>\n<ul data-path-to-node=\"7\">\n<li>\n<p data-path-to-node=\"7,0,0\"><b data-path-to-node=\"7,0,0\" data-index-in-node=\"0\">Mitmeprotokolliline kontroll:<\/b> Integreerub sujuvalt professionaalsetesse valgustuss\u00fcsteemidesse, kasutades DMX512, RF 2.4G sagedusi v\u00f5i tsentraliseeritud rakenduse juhtimist.<\/p>\n<\/li>\n<li>\n<p data-path-to-node=\"7,1,0\"><b data-path-to-node=\"7,1,0\" data-index-in-node=\"0\">Pikamaaoperatsioonid:<\/b> S\u00e4ilitage t\u00e4ielik kontroll valgusefektide \u00fcle kuni 1000 meetri kauguselt, tagades usaldusv\u00e4\u00e4rse s\u00fcnkroniseerimise suurtes \u00fcritustepaikades.<\/p>\n<\/li>\n<li>\n<p data-path-to-node=\"7,2,0\"><b data-path-to-node=\"7,2,0\" data-index-in-node=\"0\">D\u00fcnaamiline s\u00fcnkroniseerimine:<\/b> Sisaldab ulatuslikke grupi s\u00fcnkroonimise v\u00f5imalusi, mis v\u00f5imaldavad k\u00e4epaeladel reageerida muusikale, helisignaalidele v\u00f5i eelnevalt m\u00e4\u00e4ratletud s\u00fcndmuste j\u00e4rjestustele.<\/p>\n<\/li>\n<li>\n<p data-path-to-node=\"7,3,0\"><b data-path-to-node=\"7,3,0\" data-index-in-node=\"0\">Laetav toide:<\/b> Sisaldab vastupidavat sisseehitatud laetavat akut, mis minimeerib seisakuid ja tegevuskulusid mitmep\u00e4evaste \u00fcrituste korral.<\/p>\n<\/li>\n<\/ul>\n<h2 data-path-to-node=\"8\">Spetsifikatsioonid<\/h2>\n<ul data-path-to-node=\"9\">\n<li>\n<p data-path-to-node=\"9,0,0\"><b data-path-to-node=\"9,0,0\" data-index-in-node=\"0\">Materjal:<\/b> Vastupidav plastkorpus integreeritud LED-valgusmooduliga.<\/p>\n<\/li>\n<li>\n<p data-path-to-node=\"9,1,0\"><b data-path-to-node=\"9,1,0\" data-index-in-node=\"0\">Valgustus:<\/b> T\u00e4ielik RGB v\u00e4rvispekter mitme reguleeritava valgusre\u017eiimi ja efektiga.<\/p>\n<\/li>\n<li>\n<p data-path-to-node=\"9,2,0\"><b data-path-to-node=\"9,2,0\" data-index-in-node=\"0\">Juhtimisvahemik:<\/b> Kuni 1000 meetrini.<\/p>\n<\/li>\n<li>\n<p data-path-to-node=\"9,3,0\"><b data-path-to-node=\"9,3,0\" data-index-in-node=\"0\">Toiteallikas:<\/b> Sisemine laetav aku.<\/p>\n<\/li>\n<li>\n<p data-path-to-node=\"9,4,0\"><b data-path-to-node=\"9,4,0\" data-index-in-node=\"0\">Juhtimiss\u00fcsteemid:<\/b> DMX512, RF 2.4G, rakenduse juhtimine, eridisainiga keskkontroller.<\/p>\n<\/li>\n<li>\n<p data-path-to-node=\"9,5,0\"><b data-path-to-node=\"9,5,0\" data-index-in-node=\"0\">Kujundus:<\/b> Ergonoomiline M-kujuline k\u00e4epael.<\/p>\n<\/li>\n<\/ul>\n<h2 data-path-to-node=\"10\">Kasutusjuhud<\/h2>\n<ul data-path-to-node=\"11\">\n<li>\n<p data-path-to-node=\"11,0,0\"><b data-path-to-node=\"11,0,0\" data-index-in-node=\"0\">Kontserdid ja festivalid:<\/b> Looge kaasahaaravaid rahvahulgaelamusi s\u00fcnkroniseeritud valgusshow&#039;dega tuhandete osalejate seas.<\/p>\n<\/li>\n<li>\n<p data-path-to-node=\"11,1,0\"><b data-path-to-node=\"11,1,0\" data-index-in-node=\"0\">Firma\u00fcritused ja tooteesitlused:<\/b> Kasutage ettev\u00f5tte br\u00e4ndinguga sobitamiseks v\u00f5i osalejate r\u00fchmitamise t\u00e4histamiseks spetsiifilisi RGB-v\u00e4rve.<\/p>\n<\/li>\n<li>\n<p data-path-to-node=\"11,2,0\"><b data-path-to-node=\"11,2,0\" data-index-in-node=\"0\">\u00d6\u00f6klubid ja lavaesinemised:<\/b> D\u00fcnaamiliste keskkonnaefektide loomiseks integreerige k\u00e4epaela valgustus otse DJ v\u00f5i VJ DMX-valgustuss\u00fcsteemi.<\/p>\n<\/li>\n<\/ul>","protected":false},"excerpt":{"rendered":"<p data-path-to-node=\"3\">Professionaalse kvaliteediga laetavad LED-k\u00e4epaelad, mis on loodud rahvahulga s\u00fcnkroniseerimiseks ja suuremahuliste \u00fcrituste valgustamiseks.<\/p>\n<ul data-path-to-node=\"4\">\n<li>\n<p data-path-to-node=\"4,0,0\">Tsentraliseeritud juhtimine DMX512, RF 2.4G ja spetsiaalse rakenduse kaudu.<\/p>\n<\/li>\n<li>\n<p data-path-to-node=\"4,1,0\">Laiendatud tegevusraadius kuni 1000 meetrini areenide ja festivalide katmiseks.<\/p>\n<\/li>\n<li>\n<p data-path-to-node=\"4,2,0\">Sisseehitatud laetav akus\u00fcsteem v\u00e4hendab \u00fchekordselt kasutatavate akude j\u00e4\u00e4tmeid.<\/p>\n<\/li>\n<li>\n<p data-path-to-node=\"4,3,0\">T\u00e4ielik RGB v\u00e4rvispekter koos muusika ja s\u00fcndmuste s\u00fcnkroniseerimise v\u00f5imalustega.<\/p>\n<\/li>\n<\/ul>","protected":false},"featured_media":7099,"comment_status":"closed","ping_status":"closed","template":"","meta":[],"product_brand":[],"product_cat":[80],"product_tag":[],"class_list":{"0":"post-7098","1":"product","2":"type-product","3":"status-publish","4":"has-post-thumbnail","6":"product_cat-led-wristbands","8":"first","9":"instock","10":"shipping-taxable","11":"purchasable","12":"product-type-simple"},"_links":{"self":[{"href":"https:\/\/wristbandfactory.eu\/et\/wp-json\/wp\/v2\/product\/7098","targetHints":{"allow":["GET"]}}],"collection":[{"href":"https:\/\/wristbandfactory.eu\/et\/wp-json\/wp\/v2\/product"}],"about":[{"href":"https:\/\/wristbandfactory.eu\/et\/wp-json\/wp\/v2\/types\/product"}],"replies":[{"embeddable":true,"href":"https:\/\/wristbandfactory.eu\/et\/wp-json\/wp\/v2\/comments?post=7098"}],"wp:featuredmedia":[{"embeddable":true,"href":"https:\/\/wristbandfactory.eu\/et\/wp-json\/wp\/v2\/media\/7099"}],"wp:attachment":[{"href":"https:\/\/wristbandfactory.eu\/et\/wp-json\/wp\/v2\/media?parent=7098"}],"wp:term":[{"taxonomy":"product_brand","embeddable":true,"href":"https:\/\/wristbandfactory.eu\/et\/wp-json\/wp\/v2\/product_brand?post=7098"},{"taxonomy":"product_cat","embeddable":true,"href":"https:\/\/wristbandfactory.eu\/et\/wp-json\/wp\/v2\/product_cat?post=7098"},{"taxonomy":"product_tag","embeddable":true,"href":"https:\/\/wristbandfactory.eu\/et\/wp-json\/wp\/v2\/product_tag?post=7098"}],"curies":[{"name":"t\u00f6\u00f6leht","href":"https:\/\/api.w.org\/{rel}","templated":true}]}}