{"id":7096,"date":"2026-05-06T13:36:28","date_gmt":"2026-05-06T10:36:28","guid":{"rendered":"https:\/\/wristbandfactory.eu\/?post_type=product&#038;p=7096"},"modified":"2026-05-06T13:36:29","modified_gmt":"2026-05-06T10:36:29","slug":"custom-printed-cardboard-fan-horns","status":"publish","type":"product","link":"https:\/\/wristbandfactory.eu\/et\/p\/custom-printed-cardboard-fan-horns\/","title":{"rendered":"Logoga papist f\u00e4nnipasunad"},"content":{"rendered":"<p data-path-to-node=\"5\">Papist f\u00e4nnipasunad pakuvad \u00fclit\u00f5husat akustilist ja visuaalset reklaamilahendust massilistele spordi\u00fcritustele, ettev\u00f5tete kokkutulekutele ja avalikele meeleavaldustele. Kombineerides k\u00f5lava pol\u00fcst\u00fcreenist vile laia, t\u00e4ielikult prinditava papist koonusega, integreerivad need m\u00fcratekitajad osalejaid aktiivselt \u00fcrituse kogemusesse, toimides samal ajal kontrastse struktuurse reklaamtahvlina ettev\u00f5tete sponsoritele.<\/p>\n<h2 data-path-to-node=\"6\">Peamised omadused<\/h2>\n<ul data-path-to-node=\"7\">\n<li>\n<p data-path-to-node=\"7,0,0\"><b data-path-to-node=\"7,0,0\" data-index-in-node=\"0\">J\u00e4tkusuutlik ehitus:<\/b> Akustiline koonus on valmistatud kvaliteetsest 275 g\/m\u00b2 FSC\u00ae-sertifitseeritud ofsettpaberist (Accurate). See spetsiifiline materjalitihedus tagab konstruktsiooni j\u00e4ikuse, mis on vajalik heli v\u00f5imendamiseks ilma pikaajalise kasutamise ajal kokku varisemata.<\/p>\n<\/li>\n<li>\n<p data-path-to-node=\"7,1,0\"><b data-path-to-node=\"7,1,0\" data-index-in-node=\"0\">Sertifitseeritud avalik turvalisus:<\/b> Tootmises kasutatakse rangelt spetsiaalseid tinte, mis vastavad standarditele ISO 2846-1 ja ISO 12647-2. Need tindid vastavad Euroopa m\u00e4nguasjade ohutuse direktiivile (2009\/48\/E\u00dc) ja standardile EN 71-3 kahjulike ainete migratsiooni piirnormide osas, mis kinnitab nende ohutust ja ohutust erinevate sihtr\u00fchmade piiranguteta k\u00e4sitsemisel.<\/p>\n<\/li>\n<li>\n<p data-path-to-node=\"7,2,0\"><b data-path-to-node=\"7,2,0\" data-index-in-node=\"0\">Suuremahuline akustika:<\/b> Iga seade on kindlalt kinnitatud vastupidava pol\u00fcst\u00fcreenist vilega. See komponent on loodud genereerima teravat ja t\u00e4helepanu k\u00f6itvat sagedust, mis suudab l\u00e4bi murda staadionide ja vaba\u00f5hufestivalide \u00fcmbritsevast m\u00fcrast.<\/p>\n<\/li>\n<\/ul>\n<h2 data-path-to-node=\"8\">Spetsifikatsioonid<\/h2>\n<ul data-path-to-node=\"9\">\n<li>\n<p data-path-to-node=\"9,0,0\"><b data-path-to-node=\"9,0,0\" data-index-in-node=\"0\">Materjali alus:<\/b> 275 g\/m\u00b2 FSC\u00ae-sertifitseeritud ofsettpapp suure tihedusega pol\u00fcst\u00fcreenist vilega.<\/p>\n<\/li>\n<li>\n<p data-path-to-node=\"9,1,0\"><b data-path-to-node=\"9,1,0\" data-index-in-node=\"0\">Saadaval olevad pikkused:<\/b> 19 cm ja 33 cm.<\/p>\n<\/li>\n<li>\n<p data-path-to-node=\"9,2,0\"><b data-path-to-node=\"9,2,0\" data-index-in-node=\"0\">Vile v\u00e4rvivalikud:<\/b> Valge, sinine, kollane, roheline, oran\u017e, must v\u00f5i segatud v\u00e4rvid, et see vastaks br\u00e4ndijuhistele.<\/p>\n<\/li>\n<li>\n<p data-path-to-node=\"9,3,0\"><b data-path-to-node=\"9,3,0\" data-index-in-node=\"0\">Printimise konfiguratsioon:<\/b> V\u00e4lispapi pinnale servast servani CMYK t\u00e4isv\u00e4rviline v\u00f5i PMS ofsettr\u00fckk.<\/p>\n<\/li>\n<li>\n<p data-path-to-node=\"9,4,0\"><b data-path-to-node=\"9,4,0\" data-index-in-node=\"0\">Minimaalne tellimuse kogus (MOQ):<\/b> 100 t\u00fckki.<\/p>\n<\/li>\n<li>\n<p data-path-to-node=\"9,5,0\"><b data-path-to-node=\"9,5,0\" data-index-in-node=\"0\">Pakendite logistika:<\/b> 19 cm \u00fchikud on s\u00fcstemaatiliselt pakitud 500 t\u00fckki karpi; 33 cm \u00fchikud on pakitud 250 t\u00fckki karpi. Kogu v\u00e4lispakend vastab ELi pakendidirektiivile (94\/62\/E\u00dc) ja on REACH-m\u00e4\u00e4rusele vastav.<\/p>\n<\/li>\n<\/ul>\n<h2 data-path-to-node=\"10\">Kasutusjuhud<\/h2>\n<ul data-path-to-node=\"11\">\n<li>\n<p data-path-to-node=\"11,0,0\">Staadioni\u00fclesed sponsorlused jalgpallimat\u0161idele, motospordile ja riiklikele jalgrattav\u00f5istlustele.<\/p>\n<\/li>\n<li>\n<p data-path-to-node=\"11,1,0\">Akustilised t\u00f6\u00f6riistad ettev\u00f5tete n\u00e4htavuse suurendamiseks avalikel meeleavaldustel, ameti\u00fchingute miitingul ja avatud uste \u00fcritustel.<\/p>\n<\/li>\n<li>\n<p data-path-to-node=\"11,2,0\">H\u00e4sti n\u00e4htavad reklaamkaubad massiliste spordi\u00fcrituste ja munitsipaal\u00fcrituste jaoks.<\/p>\n<\/li>\n<\/ul>","protected":false},"excerpt":{"rendered":"<ul>\n<li>\n<p data-path-to-node=\"4,0,0\">Valmistatud 275 g\/m\u00b2 FSC\u00ae-sertifitseeritud ofsettpapist usaldusv\u00e4\u00e4rse konstruktsiooni vastupidavuse tagamiseks.<\/p>\n<\/li>\n<li>\n<p data-path-to-node=\"4,1,0\">Varustatud suure resonantsiga pol\u00fcst\u00fcreenist vilega, et tagada maksimaalne akustiline ulatus v\u00e4listingimustes.<\/p>\n<\/li>\n<li>\n<p data-path-to-node=\"4,2,0\">Tr\u00fckitud ISO ja EN 71-3 ohutussertifikaadiga tintidega, mis vastavad t\u00e4ielikult Euroopa direktiividele ohutu avaliku levitamise kohta.<\/p>\n<\/li>\n<li>\n<p data-path-to-node=\"4,3,0\">Saadaval kahes erinevas suuruses (19 cm ja 33 cm), et optimeerida sponsorite n\u00e4htavust ja mahtu massi\u00fcritustel.<\/p>\n<\/li>\n<\/ul>","protected":false},"featured_media":7097,"comment_status":"closed","ping_status":"closed","template":"","meta":[],"product_brand":[],"product_cat":[123],"product_tag":[],"class_list":{"0":"post-7096","1":"product","2":"type-product","3":"status-publish","4":"has-post-thumbnail","6":"product_cat-fan-cheering-items","8":"first","9":"instock","10":"shipping-taxable","11":"purchasable","12":"product-type-simple"},"_links":{"self":[{"href":"https:\/\/wristbandfactory.eu\/et\/wp-json\/wp\/v2\/product\/7096","targetHints":{"allow":["GET"]}}],"collection":[{"href":"https:\/\/wristbandfactory.eu\/et\/wp-json\/wp\/v2\/product"}],"about":[{"href":"https:\/\/wristbandfactory.eu\/et\/wp-json\/wp\/v2\/types\/product"}],"replies":[{"embeddable":true,"href":"https:\/\/wristbandfactory.eu\/et\/wp-json\/wp\/v2\/comments?post=7096"}],"wp:featuredmedia":[{"embeddable":true,"href":"https:\/\/wristbandfactory.eu\/et\/wp-json\/wp\/v2\/media\/7097"}],"wp:attachment":[{"href":"https:\/\/wristbandfactory.eu\/et\/wp-json\/wp\/v2\/media?parent=7096"}],"wp:term":[{"taxonomy":"product_brand","embeddable":true,"href":"https:\/\/wristbandfactory.eu\/et\/wp-json\/wp\/v2\/product_brand?post=7096"},{"taxonomy":"product_cat","embeddable":true,"href":"https:\/\/wristbandfactory.eu\/et\/wp-json\/wp\/v2\/product_cat?post=7096"},{"taxonomy":"product_tag","embeddable":true,"href":"https:\/\/wristbandfactory.eu\/et\/wp-json\/wp\/v2\/product_tag?post=7096"}],"curies":[{"name":"t\u00f6\u00f6leht","href":"https:\/\/api.w.org\/{rel}","templated":true}]}}