{"id":7089,"date":"2026-05-06T13:18:55","date_gmt":"2026-05-06T10:18:55","guid":{"rendered":"https:\/\/wristbandfactory.eu\/?post_type=product&#038;p=7089"},"modified":"2026-05-06T13:18:56","modified_gmt":"2026-05-06T10:18:56","slug":"custom-printed-promotional-pinwheels","status":"publish","type":"product","link":"https:\/\/wristbandfactory.eu\/et\/p\/custom-printed-promotional-pinwheels\/","title":{"rendered":"Logoga tuulerattad"},"content":{"rendered":"<p data-path-to-node=\"5\">Reklaamkingitused pakuvad kaasahaaravat ja d\u00fcnaamilist br\u00e4ndinguvahendit firma\u00fcritusteks, peredele suunatud turunduskampaaniateks ja suuremahulisteks vaba\u00f5hufestivalideks. Need funktsionaalsed reklaamtooted, mis on loodud nii hea n\u00e4htavuse saavutamiseks kui ka Euroopa ohutusstandardite range j\u00e4rgimiseks, k\u00f6idavad publiku t\u00e4helepanu, s\u00e4ilitades samal ajal range br\u00e4ndij\u00e4rjepidevuse tiheda liiklusega keskkondades.<\/p>\n<h2 data-path-to-node=\"6\">Peamised omadused<\/h2>\n<ul data-path-to-node=\"7\">\n<li>\n<p data-path-to-node=\"7,0,0\"><b data-path-to-node=\"7,0,0\" data-index-in-node=\"0\">Materjali valik:<\/b> Saadaval standardse FSC\u00ae-sertifikaadiga 200 g\/m\u00b2 MC satiinviimistlusega ofsettpaberina \u00fcldiseks sise-\/kuivkasutuseks v\u00f5i 116 g\/m\u00b2 YUPO s\u00fcnteetilise paberina, mis tagab suurep\u00e4rase vee- ja rebenemiskindluse n\u00f5udlikes v\u00e4listingimustes.<\/p>\n<\/li>\n<li>\n<p data-path-to-node=\"7,1,0\"><b data-path-to-node=\"7,1,0\" data-index-in-node=\"0\">Sertifitseeritud m\u00e4nguasjade ohutus:<\/b> K\u00f5ikides tr\u00fckiprotsessides kasutatakse rangelt ISO 2846-1 ja ISO 12647-2 n\u00f5uetele vastavaid tinte. Materjalid ja tindid vastavad Euroopa m\u00e4nguasjade ohutuse direktiivile (2009\/48\/E\u00dc) ja standardile EN 71-3 kahjulike ainete migratsiooni piirnormide osas, tagades avaliku levitamise absoluutse ohutuse.<\/p>\n<\/li>\n<li>\n<p data-path-to-node=\"7,2,0\"><b data-path-to-node=\"7,2,0\" data-index-in-node=\"0\">Konstruktsiooniriistvara:<\/b> Kokkupanekul kasutatakse vastupidavaid, T\u00dcV-testitud PP (pol\u00fcprop\u00fcleen) \u00fchendusi. Kliendid saavad valida standardsete 400 mm PP-pulkade v\u00f5i keskkonnas\u00f5bralike 320 mm paberpulkade vahel, millele on saadaval lisavarustusena keskmised rosetid.<\/p>\n<\/li>\n<\/ul>\n<h2 data-path-to-node=\"8\">Spetsifikatsioonid<\/h2>\n<ul data-path-to-node=\"9\">\n<li>\n<p data-path-to-node=\"9,0,0\"><b data-path-to-node=\"9,0,0\" data-index-in-node=\"0\">Geomeetriad ja m\u00f5\u00f5tmed:<\/b><\/p>\n<ul data-path-to-node=\"9,0,1\">\n<li>\n<p data-path-to-node=\"9,0,1,0,0\">Kuju A: 4 tera, \u00d8 18 cm<\/p>\n<\/li>\n<li>\n<p data-path-to-node=\"9,0,1,1,0\">Kuju B: 6 tera, \u00d8 21 cm<\/p>\n<\/li>\n<li>\n<p data-path-to-node=\"9,0,1,2,0\">Kuju C: 4 tera, \u00d8 33 cm<\/p>\n<\/li>\n<\/ul>\n<\/li>\n<li>\n<p data-path-to-node=\"9,1,0\"><b data-path-to-node=\"9,1,0\" data-index-in-node=\"0\">Printimisparameetrid:<\/b> Kahepoolne nihutatud CMYK t\u00e4isv\u00e4rviline v\u00f5i PMS spotv\u00e4rvid, mis v\u00f5imaldavad suure kontrastsusega servast servani ettev\u00f5tte br\u00e4ndingut.<\/p>\n<\/li>\n<li>\n<p data-path-to-node=\"9,2,0\"><b data-path-to-node=\"9,2,0\" data-index-in-node=\"0\">Minimaalne tellimuse kogus (MOQ):<\/b> 100 t\u00fckki.<\/p>\n<\/li>\n<li>\n<p data-path-to-node=\"9,3,0\"><b data-path-to-node=\"9,3,0\" data-index-in-node=\"0\">Pakendite logistika:<\/b> Standardne B2B tarne toimub laos (monteerimata kujul) 1000 \u00fchiku kaupa kastides, et minimeerida laopinda ja saatmiskulusid. (YUPO variantide eelmonteeritud tarne on saadaval spetsiaalse taotluse korral).<\/p>\n<\/li>\n<\/ul>\n<h2 data-path-to-node=\"10\">Kasutusjuhud<\/h2>\n<ul data-path-to-node=\"11\">\n<li>\n<p data-path-to-node=\"11,0,0\">Peredele suunatud ettev\u00f5tete sponsorlus ja interaktiivsed br\u00e4ndiaktiveerimised.<\/p>\n<\/li>\n<li>\n<p data-path-to-node=\"11,1,0\">Vaba\u00f5hu munitsipaalfestivalid, vaba\u00f5hureklaamid ja messid.<\/p>\n<\/li>\n<li>\n<p data-path-to-node=\"11,2,0\">M\u00fc\u00fcgikohas toimuvad jaem\u00fc\u00fcgi kingitused ja ulatuslikud teadlikkuse t\u00f5stmise kampaaniad.<\/p>\n<\/li>\n<\/ul>","protected":false},"excerpt":{"rendered":"<ul>\n<li>\n<p data-path-to-node=\"4,0,0\">Valmistatud FSC\u00ae-sertifitseeritud 200 g\/m\u00b2 MC-paberist v\u00f5i v\u00e4ga vastupidavast ja ilmastikukindlast 116 g\/m\u00b2 YUPO s\u00fcnteetilisest paberist.<\/p>\n<\/li>\n<li>\n<p data-path-to-node=\"4,1,0\">T\u00f6\u00f6deldud ISO ja EN 71-3 ohutussertifikaadiga tintidega, mis vastavad t\u00e4ielikult Euroopa m\u00e4nguasjade ohutuse direktiivile (2009\/48\/E\u00dc).<\/p>\n<\/li>\n<li>\n<p data-path-to-node=\"4,2,0\">Valmistatud T\u00dcV-testitud PP-pistikutega ja saadaval mitmes konstruktsioonikonfiguratsioonis (4- ja 6-haruga variandid).<\/p>\n<\/li>\n<li>\n<p data-path-to-node=\"4,3,0\">Tarnitakse optimeeritud kaubaveologistika tagamiseks lahtiselt pakendatuna, mahu t\u00f5hus skaleerimine alates 100 \u00fchikust.<\/p>\n<\/li>\n<\/ul>","protected":false},"featured_media":7090,"comment_status":"closed","ping_status":"closed","template":"","meta":[],"product_brand":[],"product_cat":[123],"product_tag":[],"class_list":{"0":"post-7089","1":"product","2":"type-product","3":"status-publish","4":"has-post-thumbnail","6":"product_cat-fan-cheering-items","8":"first","9":"instock","10":"shipping-taxable","11":"purchasable","12":"product-type-simple"},"_links":{"self":[{"href":"https:\/\/wristbandfactory.eu\/et\/wp-json\/wp\/v2\/product\/7089","targetHints":{"allow":["GET"]}}],"collection":[{"href":"https:\/\/wristbandfactory.eu\/et\/wp-json\/wp\/v2\/product"}],"about":[{"href":"https:\/\/wristbandfactory.eu\/et\/wp-json\/wp\/v2\/types\/product"}],"replies":[{"embeddable":true,"href":"https:\/\/wristbandfactory.eu\/et\/wp-json\/wp\/v2\/comments?post=7089"}],"wp:featuredmedia":[{"embeddable":true,"href":"https:\/\/wristbandfactory.eu\/et\/wp-json\/wp\/v2\/media\/7090"}],"wp:attachment":[{"href":"https:\/\/wristbandfactory.eu\/et\/wp-json\/wp\/v2\/media?parent=7089"}],"wp:term":[{"taxonomy":"product_brand","embeddable":true,"href":"https:\/\/wristbandfactory.eu\/et\/wp-json\/wp\/v2\/product_brand?post=7089"},{"taxonomy":"product_cat","embeddable":true,"href":"https:\/\/wristbandfactory.eu\/et\/wp-json\/wp\/v2\/product_cat?post=7089"},{"taxonomy":"product_tag","embeddable":true,"href":"https:\/\/wristbandfactory.eu\/et\/wp-json\/wp\/v2\/product_tag?post=7089"}],"curies":[{"name":"t\u00f6\u00f6leht","href":"https:\/\/api.w.org\/{rel}","templated":true}]}}