{"id":7083,"date":"2026-05-06T13:04:55","date_gmt":"2026-05-06T10:04:55","guid":{"rendered":"https:\/\/wristbandfactory.eu\/?post_type=product&#038;p=7083"},"modified":"2026-05-06T13:05:22","modified_gmt":"2026-05-06T10:05:22","slug":"custom-printed-paper-plates","status":"publish","type":"product","link":"https:\/\/wristbandfactory.eu\/et\/p\/custom-printed-paper-plates\/","title":{"rendered":"Eridisainiga tr\u00fckitud pabertaldrikud"},"content":{"rendered":"<p data-path-to-node=\"5\">Tr\u00fckitud pabertaldrikud pakuvad \u00fclifunktsionaalset ja vastupidavat serveerimislahendust \u00e4ritoitlustusele, suuremahulistele firma\u00fcritustele ja laiemale HoReCa sektorile. Need toiduohutud taldrikud on loodud taluma raskeid, kuumasid v\u00f5i rasvaseid toite ilma konstruktsiooni terviklikkust kahjustamata, tagades usaldusv\u00e4\u00e4rse serveerimise, muutes samal ajal tavalised \u00fchekordsed n\u00f5ud h\u00e4sti n\u00e4htavaks br\u00e4ndinguelemendiks.<\/p>\n<h2 data-path-to-node=\"6\">Peamised omadused<\/h2>\n<ul data-path-to-node=\"7\">\n<li>\n<p data-path-to-node=\"7,0,0\"><b data-path-to-node=\"7,0,0\" data-index-in-node=\"0\">T\u00e4iustatud materjalitehnika:<\/b> Valmistatud esmaklassilisest 275 g\/m\u00b2 FSC\u00ae-sertifitseeritud ofsettpapist (Accurate). Materjalil on spetsiaalne \u201cTop Strong Freeze\u201d barj\u00e4\u00e4r, mis tagab erakordse vastupidavuse rasva ja niiskuse l\u00e4bitungimisele kasutamise ajal.<\/p>\n<\/li>\n<li>\n<p data-path-to-node=\"7,1,0\"><b data-path-to-node=\"7,1,0\" data-index-in-node=\"0\">P\u00f5hjalik toiduohutus:<\/b> Toode vastab rangetele rahvusvahelistele regulatiivsetele standarditele, sh LFGB\/Bfr toiduohutussertifikaadile ja halal-sertifikaadile (nr 01201\/19\/1). Papist alus on t\u00e4ielikult biolagunev vastavalt standardile EN 13432.<\/p>\n<\/li>\n<li>\n<p data-path-to-node=\"7,2,0\"><b data-path-to-node=\"7,2,0\" data-index-in-node=\"0\">Ohutussertifikaadiga tindid:<\/b> Kogu tr\u00fckis kasutatakse ISO 2846-1 ja ISO 12647-2 standarditele vastavaid tinti. Need tindid vastavad ka Euroopa m\u00e4nguasjade ohutuse direktiivile (2009\/48\/E\u00dc) ja kahjulike ainete migratsiooni k\u00e4sitlevale standardile EN 71-3, sertifitseerides need ohutuks nii kaudse kui ka otsese toidu l\u00e4heduses viibimise korral.<\/p>\n<\/li>\n<li>\n<p data-path-to-node=\"7,3,0\"><b data-path-to-node=\"7,3,0\" data-index-in-node=\"0\">T\u00e4ppisviimistlus:<\/b> Iga plaat on professionaalselt stantsitud ja reljeefne, et tagada puhas ja \u00fchtlane serv ning suurem j\u00e4ikus.<\/p>\n<\/li>\n<\/ul>\n<h2 data-path-to-node=\"8\">Spetsifikatsioonid<\/h2>\n<ul data-path-to-node=\"9\">\n<li>\n<p data-path-to-node=\"9,0,0\"><b data-path-to-node=\"9,0,0\" data-index-in-node=\"0\">Saadaval olevad m\u00f5\u00f5tmed ja kujundid:<\/b><\/p>\n<ul data-path-to-node=\"9,0,1\">\n<li>\n<p data-path-to-node=\"9,0,1,0,0\">\u00dcmmargune: 17 cm l\u00e4bim\u00f5\u00f5t<\/p>\n<\/li>\n<li>\n<p data-path-to-node=\"9,0,1,1,0\">\u00dcmmargune: 23 cm l\u00e4bim\u00f5\u00f5t<\/p>\n<\/li>\n<li>\n<p data-path-to-node=\"9,0,1,2,0\">Ruut: 20 x 20 cm<\/p>\n<\/li>\n<li>\n<p data-path-to-node=\"9,0,1,3,0\">Ristk\u00fclikukujuline: 13 x 24 cm<\/p>\n<\/li>\n<\/ul>\n<\/li>\n<li>\n<p data-path-to-node=\"9,1,0\"><b data-path-to-node=\"9,1,0\" data-index-in-node=\"0\">Printimisparameetrid:<\/b> \u00dchepoolne tr\u00fckk ilma l\u00f5ikevaruta standardmustas v\u00f5i CMYK t\u00e4isv\u00e4rvides. (T\u00e4isv\u00e4ljatr\u00fckk on saadaval soovi korral.).<\/p>\n<\/li>\n<li>\n<p data-path-to-node=\"9,2,0\"><b data-path-to-node=\"9,2,0\" data-index-in-node=\"0\">Minimaalne tellimuse kogus (MOQ):<\/b> 100 t\u00fckki.<\/p>\n<\/li>\n<li>\n<p data-path-to-node=\"9,3,0\"><b data-path-to-node=\"9,3,0\" data-index-in-node=\"0\">Pakendite logistika:<\/b> T\u00f5husalt pakendatud, 50 t\u00fckki suletud PE-kilepakendis ja 10 pakki pappkarbis. Kogu v\u00e4lispakend vastab ELi pakendidirektiivile (94\/62\/E\u00dc) ja on REACH-m\u00e4\u00e4rusele vastav.<\/p>\n<\/li>\n<\/ul>\n<h2 data-path-to-node=\"10\">Kasutusjuhud<\/h2>\n<ul data-path-to-node=\"11\">\n<li>\n<p data-path-to-node=\"11,0,0\">Suuremahuline \u00e4riline toitlustus, sh v\u00e4libuffet ja ettev\u00f5tete hommikus\u00f6\u00f6gid.<\/p>\n<\/li>\n<li>\n<p data-path-to-node=\"11,1,0\">Spetsiaalsed toiduk\u00e4rud ja vaba\u00f5hufestivalid, mis vajavad usaldusv\u00e4\u00e4rseid ja rasvakindlaid serveerimisn\u00f5usid.<\/p>\n<\/li>\n<li>\n<p data-path-to-node=\"11,2,0\">Institutsiooniline toitlustustegevus, sealhulgas koolil\u00f5unad ja kogukonna\u00fcritused.<\/p>\n<\/li>\n<li>\n<p data-path-to-node=\"11,3,0\">Br\u00e4ndi aktiveerimine ja reklaamide proovimisjaamad messidel.<\/p>\n<\/li>\n<\/ul>","protected":false},"excerpt":{"rendered":"<ul>\n<li>\n<p data-path-to-node=\"4,0,0\">Valmistatud 275 g\/m\u00b2 FSC\u00ae-sertifitseeritud, toiduohutusega kaetud ofsettr\u00fckis papist, mis tagab tugeva konstruktsiooni stabiilsuse.<\/p>\n<\/li>\n<li>\n<p data-path-to-node=\"4,1,0\">Varustatud spetsiaalse rasva- ja niiskuskindla barj\u00e4\u00e4riga, et hoida kuuma toitu ja suupisteid kindlalt.<\/p>\n<\/li>\n<li>\n<p data-path-to-node=\"4,2,0\">T\u00e4ielikult vastab rangetele Euroopa toiduohutusstandarditele (LFGB\/Bfr, EN 13432 biolagunev, halal-sertifitseeritud).<\/p>\n<\/li>\n<li>\n<p data-path-to-node=\"4,3,0\">Saadaval nelja erineva geomeetriaga (\u00fcmmargune, ruudukujuline ja ristk\u00fclikukujuline), et rahuldada erinevaid \u00e4rilise toitlustuse vajadusi.<\/p>\n<\/li>\n<\/ul>","protected":false},"featured_media":7084,"comment_status":"closed","ping_status":"closed","template":"","meta":[],"product_brand":[],"product_cat":[135],"product_tag":[],"class_list":{"0":"post-7083","1":"product","2":"type-product","3":"status-publish","4":"has-post-thumbnail","6":"product_cat-catering-accessories","8":"first","9":"instock","10":"shipping-taxable","11":"purchasable","12":"product-type-simple"},"_links":{"self":[{"href":"https:\/\/wristbandfactory.eu\/et\/wp-json\/wp\/v2\/product\/7083","targetHints":{"allow":["GET"]}}],"collection":[{"href":"https:\/\/wristbandfactory.eu\/et\/wp-json\/wp\/v2\/product"}],"about":[{"href":"https:\/\/wristbandfactory.eu\/et\/wp-json\/wp\/v2\/types\/product"}],"replies":[{"embeddable":true,"href":"https:\/\/wristbandfactory.eu\/et\/wp-json\/wp\/v2\/comments?post=7083"}],"wp:featuredmedia":[{"embeddable":true,"href":"https:\/\/wristbandfactory.eu\/et\/wp-json\/wp\/v2\/media\/7084"}],"wp:attachment":[{"href":"https:\/\/wristbandfactory.eu\/et\/wp-json\/wp\/v2\/media?parent=7083"}],"wp:term":[{"taxonomy":"product_brand","embeddable":true,"href":"https:\/\/wristbandfactory.eu\/et\/wp-json\/wp\/v2\/product_brand?post=7083"},{"taxonomy":"product_cat","embeddable":true,"href":"https:\/\/wristbandfactory.eu\/et\/wp-json\/wp\/v2\/product_cat?post=7083"},{"taxonomy":"product_tag","embeddable":true,"href":"https:\/\/wristbandfactory.eu\/et\/wp-json\/wp\/v2\/product_tag?post=7083"}],"curies":[{"name":"t\u00f6\u00f6leht","href":"https:\/\/api.w.org\/{rel}","templated":true}]}}