{"id":7079,"date":"2026-05-06T12:57:15","date_gmt":"2026-05-06T09:57:15","guid":{"rendered":"https:\/\/wristbandfactory.eu\/?post_type=product&#038;p=7079"},"modified":"2026-05-06T12:57:42","modified_gmt":"2026-05-06T09:57:42","slug":"custom-printed-popcorn-boxes","status":"publish","type":"product","link":"https:\/\/wristbandfactory.eu\/et\/p\/custom-printed-popcorn-boxes\/","title":{"rendered":"Logoga popkornitopsid"},"content":{"rendered":"<p data-path-to-node=\"5\">Eritellimusel tr\u00fckitud popkornikarbid pakuvad \u00fclifunktsionaalset ja turvalist serveerimislahendust \u00e4ritoitlustusele, kinodele, staadionidele ja suuremahuliste \u00fcrituste toitlustamiseks. Kuigi traditsiooniliselt kasutatakse neid anumaid popkorni jaoks, muudab nende vastupidav ja rasvakindel konstruktsioon need v\u00f5rdselt sobivaks ka friikartulite, kanatiibade ja muude n\u00f5udlike toiduainete serveerimiseks. T\u00e4nu t\u00e4ispinna tr\u00fckkimise v\u00f5imalustele muudavad need toidu\u00e4mbrid tavalise funktsionaalse pakendi majutus- ja toitlustusettev\u00f5tetele v\u00e4ga n\u00e4htavaks kaubam\u00e4rgiks.<\/p>\n<h2 data-path-to-node=\"6\">Peamised omadused<\/h2>\n<ul data-path-to-node=\"7\">\n<li>\n<p data-path-to-node=\"7,0,0\"><b data-path-to-node=\"7,0,0\" data-index-in-node=\"0\">T\u00e4iustatud materjalitehnika:<\/b> Valmistatud esmaklassilisest 235 g\/m\u00b2 FSC\u00ae-sertifitseeritud ofsettpapist (t\u00e4pne). Materjalil on spetsiaalne \u201cTop Strong Freeze\u201d barj\u00e4\u00e4r, mis muudab selle erakordselt vastupidavaks rasva ja niiskuse l\u00e4bitungimisele.<\/p>\n<\/li>\n<li>\n<p data-path-to-node=\"7,1,0\"><b data-path-to-node=\"7,1,0\" data-index-in-node=\"0\">P\u00f5hjalik toiduohutus:<\/b> Toode vastab rangetele rahvusvahelistele standarditele, sh LFGB\/Bfr toidusertifikaadile ja halal-sertifikaadile (nr 01201\/19\/1). Lisaks on papp t\u00e4ielikult biolagunev vastavalt standardile EN 13432.<\/p>\n<\/li>\n<li>\n<p data-path-to-node=\"7,2,0\"><b data-path-to-node=\"7,2,0\" data-index-in-node=\"0\">Ohutussertifikaadiga tindid:<\/b> Tr\u00fckkimisel kasutatakse ISO 2846-1 ja ISO 12647-2 standarditele vastavaid tinte. Lisaks vastavad need tindid Euroopa m\u00e4nguasjade ohutuse direktiivile (2009\/48\/E\u00dc) ja kahjulike ainete migratsiooni k\u00e4sitlevale standardile EN 71-3, tagades nende t\u00e4ieliku ohutuse toidupakendite jaoks.<\/p>\n<\/li>\n<li>\n<p data-path-to-node=\"7,3,0\"><b data-path-to-node=\"7,3,0\" data-index-in-node=\"0\">Tegevuse efektiivsus:<\/b> Karbid on t\u00e4pselt stantsitud ja eelnevalt liimitud, mis v\u00f5imaldab t\u00f6\u00f6tajatel need kiiretel teenindusperioodidel koheselt kokku panna.<\/p>\n<\/li>\n<\/ul>\n<h2 data-path-to-node=\"8\">Spetsifikatsioonid<\/h2>\n<ul data-path-to-node=\"9\">\n<li>\n<p data-path-to-node=\"9,0,0\"><b data-path-to-node=\"9,0,0\" data-index-in-node=\"0\">Saadaval olevad mahud:<\/b><\/p>\n<ul data-path-to-node=\"9,0,1\">\n<li>\n<p data-path-to-node=\"9,0,1,0,0\">XS \u2013 umbes 0,5 liitrit<\/p>\n<\/li>\n<li>\n<p data-path-to-node=\"9,0,1,1,0\">S \u2013 umbes 1,0 liitrit<\/p>\n<\/li>\n<li>\n<p data-path-to-node=\"9,0,1,2,0\">M \u2013 umbes 1,5 liitrit<\/p>\n<\/li>\n<li>\n<p data-path-to-node=\"9,0,1,3,0\">L \u2013 umbes 3,0 liitrit<\/p>\n<\/li>\n<\/ul>\n<\/li>\n<li>\n<p data-path-to-node=\"9,1,0\"><b data-path-to-node=\"9,1,0\" data-index-in-node=\"0\">Printimisparameetrid:<\/b> \u00dchepoolne ofsettr\u00fckk CMYK t\u00e4isv\u00e4rvides v\u00f5i PMS t\u00e4ppv\u00e4rvides.<\/p>\n<\/li>\n<li>\n<p data-path-to-node=\"9,2,0\"><b data-path-to-node=\"9,2,0\" data-index-in-node=\"0\">Minimaalne tellimuse kogus (MOQ):<\/b> 100 t\u00fckki.<\/p>\n<\/li>\n<li>\n<p data-path-to-node=\"9,3,0\"><b data-path-to-node=\"9,3,0\" data-index-in-node=\"0\">Pakendite logistika:<\/b> Tarnitakse laos kokkupanduna 500 \u00fchiku kaupa \u00fclit\u00f5husates karpides, et minimeerida laopinda. Kogu v\u00e4lispakend vastab ELi pakendidirektiivile (94\/62\/E\u00dc) ja on REACH-m\u00e4\u00e4rusele vastav.<\/p>\n<\/li>\n<\/ul>\n<h2 data-path-to-node=\"10\">Kasutusjuhud<\/h2>\n<ul data-path-to-node=\"11\">\n<li>\n<p data-path-to-node=\"11,0,0\">Soodusm\u00fc\u00fcgipunktid asuvad kommertskinodes, areenidel ja spordistaadionidel.<\/p>\n<\/li>\n<li>\n<p data-path-to-node=\"11,1,0\">Suuremahulised kiirtoidum\u00fc\u00fcjad ja spetsialiseeritud toiduk\u00e4rud, mis vajavad rasvakindlaid konteinereid.<\/p>\n<\/li>\n<li>\n<p data-path-to-node=\"11,2,0\">Firma\u00fcrituste toitlustus ja messide reklaamtoidupunktid.<\/p>\n<\/li>\n<li>\n<p data-path-to-node=\"11,3,0\">Mitmeotstarbeline \u201ctoidu\u00e4mber\u201d mitmesuguste suupistete jaoks, mis ei ole tavalisest popkornist maitsvad.<\/p>\n<\/li>\n<\/ul>","protected":false},"excerpt":{"rendered":"<ul>\n<li>\n<p data-path-to-node=\"4,0,0\">Valmistatud 235 g\/m\u00b2 FSC\u00ae-sertifitseeritud, toiduohutust ofsettpapist, millel on k\u00f5rge struktuuriline stabiilsus.<\/p>\n<\/li>\n<li>\n<p data-path-to-node=\"4,1,0\">Valmistatud v\u00e4ga rasva- ja niiskuskindla pinnaga, sobib kuumade ja praetud toitude jaoks.<\/p>\n<\/li>\n<li>\n<p data-path-to-node=\"4,2,0\">T\u00e4ielikult vastab rangetele toiduohutusn\u00f5uetele (LFGB\/Bfr, EN 13432 biolagunev, halal-sertifitseeritud).<\/p>\n<\/li>\n<li>\n<p data-path-to-node=\"4,3,0\">Tarnitakse laoruumi optimeerimiseks kokkupanduna, kiireks kokkupanekuks eelnevalt liimitud.<\/p>\n<\/li>\n<\/ul>","protected":false},"featured_media":7080,"comment_status":"closed","ping_status":"closed","template":"","meta":[],"product_brand":[],"product_cat":[135],"product_tag":[],"class_list":{"0":"post-7079","1":"product","2":"type-product","3":"status-publish","4":"has-post-thumbnail","6":"product_cat-catering-accessories","8":"first","9":"instock","10":"shipping-taxable","11":"purchasable","12":"product-type-simple"},"_links":{"self":[{"href":"https:\/\/wristbandfactory.eu\/et\/wp-json\/wp\/v2\/product\/7079","targetHints":{"allow":["GET"]}}],"collection":[{"href":"https:\/\/wristbandfactory.eu\/et\/wp-json\/wp\/v2\/product"}],"about":[{"href":"https:\/\/wristbandfactory.eu\/et\/wp-json\/wp\/v2\/types\/product"}],"replies":[{"embeddable":true,"href":"https:\/\/wristbandfactory.eu\/et\/wp-json\/wp\/v2\/comments?post=7079"}],"wp:featuredmedia":[{"embeddable":true,"href":"https:\/\/wristbandfactory.eu\/et\/wp-json\/wp\/v2\/media\/7080"}],"wp:attachment":[{"href":"https:\/\/wristbandfactory.eu\/et\/wp-json\/wp\/v2\/media?parent=7079"}],"wp:term":[{"taxonomy":"product_brand","embeddable":true,"href":"https:\/\/wristbandfactory.eu\/et\/wp-json\/wp\/v2\/product_brand?post=7079"},{"taxonomy":"product_cat","embeddable":true,"href":"https:\/\/wristbandfactory.eu\/et\/wp-json\/wp\/v2\/product_cat?post=7079"},{"taxonomy":"product_tag","embeddable":true,"href":"https:\/\/wristbandfactory.eu\/et\/wp-json\/wp\/v2\/product_tag?post=7079"}],"curies":[{"name":"t\u00f6\u00f6leht","href":"https:\/\/api.w.org\/{rel}","templated":true}]}}