{"id":7077,"date":"2026-05-06T12:53:47","date_gmt":"2026-05-06T09:53:47","guid":{"rendered":"https:\/\/wristbandfactory.eu\/?post_type=product&#038;p=7077"},"modified":"2026-05-06T12:54:08","modified_gmt":"2026-05-06T09:54:08","slug":"custom-printed-bamboo-skewers","status":"publish","type":"product","link":"https:\/\/wristbandfactory.eu\/et\/p\/custom-printed-bamboo-skewers\/","title":{"rendered":"Logoga bambusest suupistetikud"},"content":{"rendered":"<p data-path-to-node=\"5\">Eritellimusel tr\u00fckitud bambusvardad pakuvad funktsionaalset ja h\u00e4sti n\u00e4htavat br\u00e4ndilahendust restoranidele, suurtele toitlustusettev\u00f5tetele ja spetsialiseeritud toidum\u00fc\u00fcjatele. Ergonoomilise labaprofiiliga vardad pakuvad laiendatud ja lamedat k\u00e4epidet, mis tagab kindla haarde, pakkudes samal ajal ideaalset pinda ettev\u00f5tte br\u00e4ndingu jaoks. Teritatud ots l\u00e4bistab pingutuseta mitmekihilisi kulinaarseid esemeid, kinnitades struktuurilt keerulisi roogasid, kahjustamata toidu struktuurilist terviklikkust.<\/p>\n<h2 data-path-to-node=\"6\">Peamised omadused<\/h2>\n<ul data-path-to-node=\"7\">\n<li>\n<p data-path-to-node=\"7,0,0\"><b data-path-to-node=\"7,0,0\" data-index-in-node=\"0\">J\u00e4tkusuutlik ehitus:<\/b> Valmistatud ainult FSC\u00ae-sertifitseeritud bambusest. Bambus pakub suurt t\u00f5mbetugevust ja kildudekindlat viimistlust, olles esmaklassiline ja taastuv alternatiiv \u00fchekordselt kasutatavatele plastidele majutussektoris.<\/p>\n<\/li>\n<li>\n<p data-path-to-node=\"7,1,0\"><b data-path-to-node=\"7,1,0\" data-index-in-node=\"0\">Toiduohutuse n\u00f5uetele vastavus:<\/b> K\u00f5ik eritellimusel tr\u00fckitud tooted kasutavad spetsiaalseid tinti, mis vastavad standarditele ISO 2846-1 ja ISO 12647-2. Need tindid vastavad rangelt ka Euroopa m\u00e4nguasjade ohutuse direktiivile (2009\/48\/E\u00dc) ja kahjulike ainete migratsiooni k\u00e4sitlevale standardile EN 71-3, tagades absoluutse toiduohutuse.<\/p>\n<\/li>\n<li>\n<p data-path-to-node=\"7,2,0\"><b data-path-to-node=\"7,2,0\" data-index-in-node=\"0\">Optimeeritud operatiivne disain:<\/b> Lai \u00fclaosa toimib konstruktsiooniankruna, mis hoiab \u00e4ra koostisosade libisemise serveerimise ajal, standardiseerides t\u00f5husalt esitlemist suuremahulistes s\u00f6\u00f6gikohtades ja kiire tempoga \u00fcritustel.<\/p>\n<\/li>\n<\/ul>\n<h2 data-path-to-node=\"8\">Spetsifikatsioonid<\/h2>\n<ul data-path-to-node=\"9\">\n<li>\n<p data-path-to-node=\"9,0,0\"><b data-path-to-node=\"9,0,0\" data-index-in-node=\"0\">Standardpikkused:<\/b> 90 mm, 120 mm, 150 mm, 180 mm ja 250 mm.<\/p>\n<\/li>\n<li>\n<p data-path-to-node=\"9,1,0\"><b data-path-to-node=\"9,1,0\" data-index-in-node=\"0\">Materjali koostis:<\/b> 100% FSC\u00ae-sertifitseeritud naturaalne bambus.<\/p>\n<\/li>\n<li>\n<p data-path-to-node=\"9,2,0\"><b data-path-to-node=\"9,2,0\" data-index-in-node=\"0\">Printimisparameetrid:<\/b> \u00dchev\u00e4rviline t\u00e4ppistr\u00fckk on saadaval \u00fchele v\u00f5i m\u00f5lemale poolele. Tindi standardv\u00e4rvide valikud on must, sinine, roheline, pruun ja punane. (Kahepoolne tr\u00fckk erinevate kujundustega on saadaval soovi korral.).<\/p>\n<\/li>\n<li>\n<p data-path-to-node=\"9,3,0\"><b data-path-to-node=\"9,3,0\" data-index-in-node=\"0\">Minimaalne tellimuse kogus (MOQ):<\/b> 100 t\u00fckki.<\/p>\n<\/li>\n<li>\n<p data-path-to-node=\"9,4,0\"><b data-path-to-node=\"9,4,0\" data-index-in-node=\"0\">Pakendite logistika:<\/b> T\u00f5husalt pakendatud 1000 t\u00fckki karbis. Kogu v\u00e4lispakend vastab ELi pakendidirektiivile (94\/62\/E\u00dc) ja on REACH-m\u00e4\u00e4rusele vastav.<\/p>\n<\/li>\n<\/ul>\n<h2 data-path-to-node=\"10\">Kasutusjuhud<\/h2>\n<ul data-path-to-node=\"11\">\n<li>\n<p data-path-to-node=\"11,0,0\">Gurmeeburgerite, klubiv\u00f5ileibade ja wrapide struktuuriline terviklikkus ja br\u00e4ndipaigutus.<\/p>\n<\/li>\n<li>\n<p data-path-to-node=\"11,1,0\">Professionaalsed ja h\u00fcgieenilised serveerimisriistad ettev\u00f5tete buffet&#039;de, v\u00f5rgumikserite ja \u00e4ritoitlustusliinide jaoks.<\/p>\n<\/li>\n<li>\n<p data-path-to-node=\"11,2,0\">Suuremahuliste teenindustegevuste puhul tuleb toitumisvajadusi selgelt visuaalselt eristada (nt vegan- v\u00f5i allergeenivabad valikud eraldi).<\/p>\n<\/li>\n<li>\n<p data-path-to-node=\"11,3,0\">Keskkonnas\u00f5bralikud reklaampunktid kulinaariafestivalidel, messidel ja toiduk\u00e4rude \u00fcritustel.<\/p>\n<\/li>\n<\/ul>","protected":false},"excerpt":{"rendered":"<ul>\n<li>\n<p data-path-to-node=\"4,0,0\">Valmistatud kiiresti kasvavast FSC\u00ae-sertifitseeritud bambusest j\u00e4tkusuutliku \u00e4rilise toitlustuse jaoks.<\/p>\n<\/li>\n<li>\n<p data-path-to-node=\"4,1,0\">Ergonoomiline labade disain tagab kindla haarde ja optimeeritud, tasase tr\u00fckipinna br\u00e4ndingu jaoks.<\/p>\n<\/li>\n<li>\n<p data-path-to-node=\"4,2,0\">T\u00f6\u00f6deldud ISO ja EN 71-3 ohutussertifikaadiga tintidega, mis on rangelt heaks kiidetud otseseks kokkupuuteks toiduga.<\/p>\n<\/li>\n<li>\n<p data-path-to-node=\"4,3,0\">Saadaval mitmes pikkuses (90 mm kuni 250 mm) burgerite, wrappide ja mitmesuguste s\u00f5rmetoitude jaoks.<\/p>\n<\/li>\n<\/ul>","protected":false},"featured_media":7078,"comment_status":"closed","ping_status":"closed","template":"","meta":[],"product_brand":[],"product_cat":[135],"product_tag":[],"class_list":{"0":"post-7077","1":"product","2":"type-product","3":"status-publish","4":"has-post-thumbnail","6":"product_cat-catering-accessories","8":"first","9":"instock","10":"shipping-taxable","11":"purchasable","12":"product-type-simple"},"_links":{"self":[{"href":"https:\/\/wristbandfactory.eu\/et\/wp-json\/wp\/v2\/product\/7077","targetHints":{"allow":["GET"]}}],"collection":[{"href":"https:\/\/wristbandfactory.eu\/et\/wp-json\/wp\/v2\/product"}],"about":[{"href":"https:\/\/wristbandfactory.eu\/et\/wp-json\/wp\/v2\/types\/product"}],"replies":[{"embeddable":true,"href":"https:\/\/wristbandfactory.eu\/et\/wp-json\/wp\/v2\/comments?post=7077"}],"wp:featuredmedia":[{"embeddable":true,"href":"https:\/\/wristbandfactory.eu\/et\/wp-json\/wp\/v2\/media\/7078"}],"wp:attachment":[{"href":"https:\/\/wristbandfactory.eu\/et\/wp-json\/wp\/v2\/media?parent=7077"}],"wp:term":[{"taxonomy":"product_brand","embeddable":true,"href":"https:\/\/wristbandfactory.eu\/et\/wp-json\/wp\/v2\/product_brand?post=7077"},{"taxonomy":"product_cat","embeddable":true,"href":"https:\/\/wristbandfactory.eu\/et\/wp-json\/wp\/v2\/product_cat?post=7077"},{"taxonomy":"product_tag","embeddable":true,"href":"https:\/\/wristbandfactory.eu\/et\/wp-json\/wp\/v2\/product_tag?post=7077"}],"curies":[{"name":"t\u00f6\u00f6leht","href":"https:\/\/api.w.org\/{rel}","templated":true}]}}