{"id":7073,"date":"2026-05-06T12:38:43","date_gmt":"2026-05-06T09:38:43","guid":{"rendered":"https:\/\/wristbandfactory.eu\/?post_type=product&#038;p=7073"},"modified":"2026-05-06T12:38:43","modified_gmt":"2026-05-06T09:38:43","slug":"custom-printed-bicycle-flags","status":"publish","type":"product","link":"https:\/\/wristbandfactory.eu\/et\/p\/custom-printed-bicycle-flags\/","title":{"rendered":"Logoga jalgrattalipud"},"content":{"rendered":"<p data-path-to-node=\"5\">Jalgrattalipud pakuvad \u00fclit\u00f5husat mobiilset br\u00e4ndingulahendust ettev\u00f5tete reklaamimiseks, avaliku julgeoleku kampaaniateks ja suuremahulisteks jalgratta\u00fcritusteks. Need vimplid, mis on loodud maksimaalse n\u00e4htavuse tagamiseks linnakeskkonnas ja liikluses, muudavad tavalised jalgrattad liikuvateks reklaamvahenditeks, toimides samal ajal s\u00f5itjatele t\u00e4iendava ohutusindikaatorina.<\/p>\n<h2 data-path-to-node=\"6\">Peamised omadused<\/h2>\n<ul data-path-to-node=\"7\">\n<li>\n<p data-path-to-node=\"7,0,0\"><b data-path-to-node=\"7,0,0\" data-index-in-node=\"0\">T\u00e4iustatud materjal:<\/b> Valmistatud 116 g\/m\u00b2 Yupo s\u00fcnteetilisest paberist, mis on spetsiaalne suure tihedusega materjal, mis on t\u00e4iesti veekindel, rebenemiskindel ja loodud vastu pidama n\u00f5udlikele ilmastikutingimustele.<\/p>\n<\/li>\n<li>\n<p data-path-to-node=\"7,1,0\"><b data-path-to-node=\"7,1,0\" data-index-in-node=\"0\">Ohutussertifikaadiga tr\u00fckkimine:<\/b> Tr\u00fckitud tintidega, mis vastavad rangelt standardite ISO 2846-1 ja ISO 12647-2 n\u00f5uetele. Lisaks vastavad tindid Euroopa m\u00e4nguasjade ohutuse direktiivile (2009\/48\/E\u00dc) ja standarditele EN 71-3 kahjulike ainete migratsiooni osas.<\/p>\n<\/li>\n<li>\n<p data-path-to-node=\"7,2,0\"><b data-path-to-node=\"7,2,0\" data-index-in-node=\"0\">Tugev konstruktsioon:<\/b> Iga lipp on kindlalt viimistletud eelnevalt valmistatud 1 meetri pikkuse valge pol\u00fcesterlindiga, et see jalgratta raamile stabiilselt ja usaldusv\u00e4\u00e4rselt kinnitataks.<\/p>\n<\/li>\n<\/ul>\n<h2 data-path-to-node=\"8\">Spetsifikatsioonid<\/h2>\n<ul data-path-to-node=\"9\">\n<li>\n<p data-path-to-node=\"9,0,0\"><b data-path-to-node=\"9,0,0\" data-index-in-node=\"0\">Lipu m\u00f5\u00f5tmed:<\/b> 15 x 21 cm lipu kohta.<\/p>\n<\/li>\n<li>\n<p data-path-to-node=\"9,1,0\"><b data-path-to-node=\"9,1,0\" data-index-in-node=\"0\">Materjali kaal:<\/b> 116 g\/m\u00b2 s\u00fcnteetiline Yupo paber.<\/p>\n<\/li>\n<li>\n<p data-path-to-node=\"9,2,0\"><b data-path-to-node=\"9,2,0\" data-index-in-node=\"0\">Printimisparameetrid:<\/b> Kahepoolne ofsettr\u00fckk CMYK t\u00e4isv\u00e4rvides v\u00f5i PMS spotv\u00e4rvides. V\u00f5imaldab lipu m\u00f5lemale k\u00fcljele erinevaid kujundusi v\u00f5i s\u00f5numeid.<\/p>\n<\/li>\n<li>\n<p data-path-to-node=\"9,3,0\"><b data-path-to-node=\"9,3,0\" data-index-in-node=\"0\">Minimaalne tellimuse kogus (MOQ):<\/b> 100 t\u00fckki.<\/p>\n<\/li>\n<li>\n<p data-path-to-node=\"9,4,0\"><b data-path-to-node=\"9,4,0\" data-index-in-node=\"0\">Pakendite logistika:<\/b> S\u00fcstemaatiliselt pakendatud 50 \u00fchiku kaupa kimpudesse, 10 kimpu REACH-n\u00f5uetele vastavas (direktiiv 94\/62\/E\u00dc) pappkarbis.<\/p>\n<\/li>\n<\/ul>\n<h2 data-path-to-node=\"10\">Kasutusjuhud<\/h2>\n<ul data-path-to-node=\"11\">\n<li>\n<p data-path-to-node=\"11,0,0\">Munitsipaal- ja riiklikud jalgrattas\u00f5idu ohutuskampaaniad.<\/p>\n<\/li>\n<li>\n<p data-path-to-node=\"11,1,0\">Linnade jalgrattajagamisprogrammide ja rendiautoparkide br\u00e4nding.<\/p>\n<\/li>\n<li>\n<p data-path-to-node=\"11,2,0\">Massilised jalgratta\u00fcritused, v\u00f5idus\u00f5idud ja heategevuslikud s\u00f5idud.<\/p>\n<\/li>\n<li>\n<p data-path-to-node=\"11,3,0\">Ettev\u00f5tete sponsorlus ja \u00f5ues elustiili reklaamiv turundus.<\/p>\n<\/li>\n<\/ul>","protected":false},"excerpt":{"rendered":"<ul>\n<li>\n<p data-path-to-node=\"4,0,0\">H\u00e4sti n\u00e4htavad reklaamlipud, mis on loodud jalgratta\u00fcrituste, munitsipaalkampaaniate ja jalgrattalaenutusparkide jaoks.<\/p>\n<\/li>\n<li>\n<p data-path-to-node=\"4,1,0\">Valmistatud \u00fclivastupidavast, rebenemis- ja veekindlast 116 g\/m\u00b2 Yupo s\u00fcnteetilisest paberist.<\/p>\n<\/li>\n<li>\n<p data-path-to-node=\"4,2,0\">Tr\u00fckitud ISO ja EN 71-3 ohutussertifikaadiga tintidega, mis tagavad vastavuse Euroopa direktiividele.<\/p>\n<\/li>\n<li>\n<p data-path-to-node=\"4,3,0\">T\u00f5hus hulgitootmine alates minimaalsest tellimuse kogusest 100 \u00fchikut.<\/p>\n<\/li>\n<\/ul>","protected":false},"featured_media":7074,"comment_status":"closed","ping_status":"closed","template":"","meta":[],"product_brand":[],"product_cat":[118],"product_tag":[],"class_list":{"0":"post-7073","1":"product","2":"type-product","3":"status-publish","4":"has-post-thumbnail","6":"product_cat-sports-fitness","8":"first","9":"instock","10":"shipping-taxable","11":"purchasable","12":"product-type-simple"},"_links":{"self":[{"href":"https:\/\/wristbandfactory.eu\/et\/wp-json\/wp\/v2\/product\/7073","targetHints":{"allow":["GET"]}}],"collection":[{"href":"https:\/\/wristbandfactory.eu\/et\/wp-json\/wp\/v2\/product"}],"about":[{"href":"https:\/\/wristbandfactory.eu\/et\/wp-json\/wp\/v2\/types\/product"}],"replies":[{"embeddable":true,"href":"https:\/\/wristbandfactory.eu\/et\/wp-json\/wp\/v2\/comments?post=7073"}],"wp:featuredmedia":[{"embeddable":true,"href":"https:\/\/wristbandfactory.eu\/et\/wp-json\/wp\/v2\/media\/7074"}],"wp:attachment":[{"href":"https:\/\/wristbandfactory.eu\/et\/wp-json\/wp\/v2\/media?parent=7073"}],"wp:term":[{"taxonomy":"product_brand","embeddable":true,"href":"https:\/\/wristbandfactory.eu\/et\/wp-json\/wp\/v2\/product_brand?post=7073"},{"taxonomy":"product_cat","embeddable":true,"href":"https:\/\/wristbandfactory.eu\/et\/wp-json\/wp\/v2\/product_cat?post=7073"},{"taxonomy":"product_tag","embeddable":true,"href":"https:\/\/wristbandfactory.eu\/et\/wp-json\/wp\/v2\/product_tag?post=7073"}],"curies":[{"name":"t\u00f6\u00f6leht","href":"https:\/\/api.w.org\/{rel}","templated":true}]}}