{"id":7066,"date":"2026-05-06T12:12:11","date_gmt":"2026-05-06T09:12:11","guid":{"rendered":"https:\/\/wristbandfactory.eu\/?post_type=product&#038;p=7066"},"modified":"2026-05-06T12:12:11","modified_gmt":"2026-05-06T09:12:11","slug":"custom-printed-punch-balloons-18","status":"publish","type":"product","link":"https:\/\/wristbandfactory.eu\/et\/p\/custom-printed-punch-balloons-18\/","title":{"rendered":"Tr\u00fckiga kummipaelaga \u00f5hupallid"},"content":{"rendered":"<p data-path-to-node=\"6\">Need 45 cm (18-tollised) tr\u00fckitud perforeeritud \u00f5hupallid pakuvad h\u00e4sti n\u00e4htavat ja interaktiivset reklaammaterjali messidele, v\u00e4li\u00fcritustele ja suuremahulistele turunduskampaaniatele. Valmistatud 100% naturaalsest lateksist ja kindlalt kinnitatud tugeva elastse ribaga, pakuvad need konstruktsioonilist vastupidavust, mis on m\u00f5eldud pikaajaliseks kasutamiseks. Spetsiaalselt B2B reklaamjaotuseks loodud need suuremahulised \u00f5hupallid kuvavad t\u00f5husalt ettev\u00f5tete logosid ja s\u00f5numeid, j\u00e4rgides samal ajal \u00e4rikvaliteedi ja ohutusstandardeid.<\/p>\n<h2 data-path-to-node=\"7\">Peamised omadused<\/h2>\n<ul data-path-to-node=\"8\">\n<li>\n<p data-path-to-node=\"8,0,0\"><b data-path-to-node=\"8,0,0\" data-index-in-node=\"0\">Materjali konstruktsioon:<\/b> Valmistatud 100% naturaalsest lateksist (plastivaba) ja varustatud tugeva t\u00f6\u00f6stusliku elastse ribaga.<\/p>\n<\/li>\n<li>\n<p data-path-to-node=\"8,1,0\"><b data-path-to-node=\"8,1,0\" data-index-in-node=\"0\">M\u00f5\u00f5tmed:<\/b> Suur 45 cm (18 tolli) l\u00e4bim\u00f5\u00f5t pakub ulatuslikku tr\u00fckipinda. \u00dcmberm\u00f5\u00f5t j\u00e4\u00e4b vahemikku 120\u2013130 cm.<\/p>\n<\/li>\n<li>\n<p data-path-to-node=\"8,2,0\"><b data-path-to-node=\"8,2,0\" data-index-in-node=\"0\">Printimise konfiguratsioon:<\/b> \u00dchev\u00e4rviline tr\u00fckk on saadaval \u00fche- v\u00f5i kahepoolselt. Suuremate tellimuste puhul on saadaval kahev\u00e4rviline tr\u00fckk. Mitmev\u00e4rviliste tr\u00fckiste puhul on enne tootmist soovitatav logo hindamine.<\/p>\n<\/li>\n<li>\n<p data-path-to-node=\"8,3,0\"><b data-path-to-node=\"8,3,0\" data-index-in-node=\"0\">Standardne v\u00e4rvide sobitamine:<\/b> Standardsete PMS-tr\u00fckiv\u00e4rvide hulka kuuluvad must, valge, protsesssinine, reflekssinine, protsesskollane, protsessmagenta, 032 punane, 362 roheline, 021 oran\u017e ja 527 sirelililla.<\/p>\n<\/li>\n<\/ul>\n<h2 data-path-to-node=\"9\">Spetsifikatsioonid<\/h2>\n<ul data-path-to-node=\"10\">\n<li>\n<p data-path-to-node=\"10,0,0\"><b data-path-to-node=\"10,0,0\" data-index-in-node=\"0\">Minimaalne tellimuse kogus (MOQ):<\/b> 100 t\u00fckki standardse \u00fchev\u00e4rvilise tr\u00fcki puhul; 2000 t\u00fckki kahev\u00e4rvilise tr\u00fcki puhul.<\/p>\n<\/li>\n<li>\n<p data-path-to-node=\"10,1,0\"><b data-path-to-node=\"10,1,0\" data-index-in-node=\"0\">Pakendi \u00fcksikasjad:<\/b> Hulgipakendis, 100 \u00fchikut PE-kotis, et \u00fcrituste levitamine ja varude haldamine oleks sujuvam.<\/p>\n<\/li>\n<li>\n<p data-path-to-node=\"10,2,0\"><b data-path-to-node=\"10,2,0\" data-index-in-node=\"0\">Toote eluiga:<\/b> Soovitatav maksimaalne s\u00e4ilivusaeg on 1 aasta standardsete laotingimuste korral.<\/p>\n<\/li>\n<\/ul>\n<h2 data-path-to-node=\"11\">Kasutusjuhud<\/h2>\n<ul data-path-to-node=\"12\">\n<li>\n<p data-path-to-node=\"12,0,0\"><b data-path-to-node=\"12,0,0\" data-index-in-node=\"0\">\u00dcrituste turundus:<\/b> Suuremahuline levitamine messidel, festivalidel ja firma\u00fcritustel, et maksimeerida br\u00e4ndiinteraktsiooni ja n\u00e4htavust.<\/p>\n<\/li>\n<li>\n<p data-path-to-node=\"12,1,0\"><b data-path-to-node=\"12,1,0\" data-index-in-node=\"0\">Toote turuletoomised:<\/b> Skaleeritavad kingitused jaem\u00fc\u00fcgi reklaamimiseks, toote aktiveerimiseks ja rohujuuretasandi teadlikkuse t\u00f5stmise kampaaniateks.<\/p>\n<\/li>\n<li>\n<p data-path-to-node=\"12,2,0\"><b data-path-to-node=\"12,2,0\" data-index-in-node=\"0\">Ettev\u00f5tte sponsorlus:<\/b> T\u00f5hus struktuuriline reklaamivahend heategevusjooksude, kogukonna\u00fcrituste ja perekesksete firma\u00fcrituste jaoks.<\/p>\n<\/li>\n<\/ul>","protected":false},"excerpt":{"rendered":"<ul data-path-to-node=\"5\">\n<li>\n<p data-path-to-node=\"5,0,0\">Valmistatud naturaalsest lateksist 100% ja varustatud vastupidava elastse ribaga interaktiivseks kasutamiseks.<\/p>\n<\/li>\n<li>\n<p data-path-to-node=\"5,1,0\">H\u00e4sti n\u00e4htav 45 cm (18-tolline) l\u00e4bim\u00f5\u00f5t, mis on optimeeritud ettev\u00f5tte br\u00e4ndingu ja \u00fcrituste reklaamimiseks<\/p>\n<\/li>\n<li>\n<p data-path-to-node=\"5,2,0\">Professionaalne \u00fchev\u00e4rviline v\u00f5i kahev\u00e4rviline tr\u00fckkimine saadaval standardsetes PMS-v\u00e4rvides<\/p>\n<\/li>\n<li>\n<p data-path-to-node=\"5,3,0\">Paindlik tarneahela logistika minimaalse tellimiskogusega (MOQ) alates 100 \u00fchikust<\/p>\n<\/li>\n<\/ul>","protected":false},"featured_media":7067,"comment_status":"closed","ping_status":"closed","template":"","meta":[],"product_brand":[],"product_cat":[122],"product_tag":[],"class_list":{"0":"post-7066","1":"product","2":"type-product","3":"status-publish","4":"has-post-thumbnail","6":"product_cat-promotional-accessories","8":"first","9":"instock","10":"shipping-taxable","11":"purchasable","12":"product-type-simple"},"_links":{"self":[{"href":"https:\/\/wristbandfactory.eu\/et\/wp-json\/wp\/v2\/product\/7066","targetHints":{"allow":["GET"]}}],"collection":[{"href":"https:\/\/wristbandfactory.eu\/et\/wp-json\/wp\/v2\/product"}],"about":[{"href":"https:\/\/wristbandfactory.eu\/et\/wp-json\/wp\/v2\/types\/product"}],"replies":[{"embeddable":true,"href":"https:\/\/wristbandfactory.eu\/et\/wp-json\/wp\/v2\/comments?post=7066"}],"wp:featuredmedia":[{"embeddable":true,"href":"https:\/\/wristbandfactory.eu\/et\/wp-json\/wp\/v2\/media\/7067"}],"wp:attachment":[{"href":"https:\/\/wristbandfactory.eu\/et\/wp-json\/wp\/v2\/media?parent=7066"}],"wp:term":[{"taxonomy":"product_brand","embeddable":true,"href":"https:\/\/wristbandfactory.eu\/et\/wp-json\/wp\/v2\/product_brand?post=7066"},{"taxonomy":"product_cat","embeddable":true,"href":"https:\/\/wristbandfactory.eu\/et\/wp-json\/wp\/v2\/product_cat?post=7066"},{"taxonomy":"product_tag","embeddable":true,"href":"https:\/\/wristbandfactory.eu\/et\/wp-json\/wp\/v2\/product_tag?post=7066"}],"curies":[{"name":"t\u00f6\u00f6leht","href":"https:\/\/api.w.org\/{rel}","templated":true}]}}