{"id":7062,"date":"2026-05-06T12:07:51","date_gmt":"2026-05-06T09:07:51","guid":{"rendered":"https:\/\/wristbandfactory.eu\/?post_type=product&#038;p=7062"},"modified":"2026-05-06T12:07:51","modified_gmt":"2026-05-06T09:07:51","slug":"custom-printed-heart-shaped-balloons-11","status":"publish","type":"product","link":"https:\/\/wristbandfactory.eu\/et\/p\/custom-printed-heart-shaped-balloons-11\/","title":{"rendered":"Tr\u00fckiga s\u00fcdamekujulised \u00f5hupallid"},"content":{"rendered":"<p data-path-to-node=\"11\">Need 33 cm (11-tollised) tr\u00fckitud s\u00fcdamekujulised \u00f5hupallid pakuvad usaldusv\u00e4\u00e4rset ja h\u00e4sti n\u00e4htavat br\u00e4ndilahendust firma\u00fcritusteks, jaem\u00fc\u00fcgikampaaniateks ja teadlikkuse t\u00f5stmise kampaaniateks. Need on valmistatud Euroopas 100% naturaalsest lateksist ning vastavad rangetele keskkonna- ja kaubandusohutuse standarditele, sealhulgas CE m\u00e4nguasjade ohutuse direktiivile ja REACH-m\u00e4\u00e4rusele. Need \u00f5hupallid on loodud spetsiaalselt B2B hulgiturustuse jaoks ning pakuvad struktuurilist keskkonda ettev\u00f5tte logode ja reklaams\u00f5numite t\u00f5husaks kuvamiseks.<\/p>\n<h2 data-path-to-node=\"12\">Peamised omadused<\/h2>\n<ul data-path-to-node=\"13\">\n<li>\n<p data-path-to-node=\"13,0,0\"><b data-path-to-node=\"13,0,0\" data-index-in-node=\"0\">Materjal:<\/b> 100% biolagunev naturaalne lateks.<\/p>\n<\/li>\n<li>\n<p data-path-to-node=\"13,1,0\"><b data-path-to-node=\"13,1,0\" data-index-in-node=\"0\">Ohutussertifikaadid:<\/b> T\u00e4ielikult vastab CE m\u00e4nguasjade ohutuse direktiivile 2009\/48\/E\u00dc, standardi EN 71 osadele 1-3, 9, 12 ja REACH-m\u00e4\u00e4rusele. Testitud ja kontrollitud Interteki, SGS Freseniuse ja SLG Instituudi poolt.<\/p>\n<\/li>\n<li>\n<p data-path-to-node=\"13,2,0\"><b data-path-to-node=\"13,2,0\" data-index-in-node=\"0\">Tindi kvaliteet:<\/b> Tr\u00fckitud t\u00f6\u00f6stusliku kvaliteediga tintidega, mis on t\u00e4iesti kaadmiumi-, plii-, ftalaatide- ja pol\u00fcts\u00fckliliste aromaatsete s\u00fcsivesinike vabad.<\/p>\n<\/li>\n<li>\n<p data-path-to-node=\"13,3,0\"><b data-path-to-node=\"13,3,0\" data-index-in-node=\"0\">Standardv\u00e4rvid:<\/b> Saadaval 10 standardses PMS-v\u00e4rvitoonis (must, valge, protsesssinine, reflekssinine, protsesskollane, protsessmagenta, 032 punane, 362 roheline, 021 oran\u017e, 527 sirelililla).<\/p>\n<\/li>\n<li>\n<p data-path-to-node=\"13,4,0\"><b data-path-to-node=\"13,4,0\" data-index-in-node=\"0\">S\u00e4ilivusaeg:<\/b> N\u00f5uetekohaste s\u00e4ilitustingimuste korral garanteeritud konstruktsiooni terviklikkus kuni 1 aasta.<\/p>\n<\/li>\n<\/ul>\n<h2 data-path-to-node=\"14\">Spetsifikatsioonid<\/h2>\n<ul data-path-to-node=\"15\">\n<li>\n<p data-path-to-node=\"15,0,0\"><b data-path-to-node=\"15,0,0\" data-index-in-node=\"0\">M\u00f5\u00f5tmed:<\/b> L\u00e4bim\u00f5\u00f5t 33 cm (11 tolli) \/ \u00fcmberm\u00f5\u00f5t 80\u201395 cm.<\/p>\n<\/li>\n<li>\n<p data-path-to-node=\"15,1,0\"><b data-path-to-node=\"15,1,0\" data-index-in-node=\"0\">Printimisvalikud:<\/b> \u00dche- v\u00f5i kahepoolne, \u00fchev\u00e4rviline printimisv\u00f5imalus.<\/p>\n<\/li>\n<li>\n<p data-path-to-node=\"15,2,0\"><b data-path-to-node=\"15,2,0\" data-index-in-node=\"0\">Minimaalne tellimuse kogus (MOQ):<\/b> 1000 t\u00fckki.<\/p>\n<\/li>\n<li>\n<p data-path-to-node=\"15,3,0\"><b data-path-to-node=\"15,3,0\" data-index-in-node=\"0\">Pakendi \u00fcksikasjad:<\/b> 500 t\u00fckki PE-kotis. Standardpakend sisaldab seadusega n\u00f5utavaid juhiseid, tootmiskoode ja pakkimiskuup\u00e4eva. Pakendi kohandamine ettev\u00f5tte nime ja postiindeksiga on soovi korral saadaval tasuta.<\/p>\n<\/li>\n<\/ul>\n<h2 data-path-to-node=\"16\">Kasutusjuhud<\/h2>\n<ul data-path-to-node=\"17\">\n<li>\n<p data-path-to-node=\"17,0,0\"><b data-path-to-node=\"17,0,0\" data-index-in-node=\"0\">Firma\u00fcritused ja n\u00e4itused:<\/b> Suuremahuline levitamine br\u00e4ndi tugevdamiseks messidel, konverentsidel ja ettev\u00f5tete kokkutulekutel.<\/p>\n<\/li>\n<li>\n<p data-path-to-node=\"17,1,0\"><b data-path-to-node=\"17,1,0\" data-index-in-node=\"0\">Jaem\u00fc\u00fcgipakkumised:<\/b> M\u00fc\u00fcgikoha kaunistamine ja skaleeritavad reklaamkingitused kaupluste avamiste v\u00f5i tooteesitluste puhul.<\/p>\n<\/li>\n<li>\n<p data-path-to-node=\"17,2,0\"><b data-path-to-node=\"17,2,0\" data-index-in-node=\"0\">Teadlikkuse kampaaniad:<\/b> Temaatilised br\u00e4ndimaterjalid mittetulundus\u00fchingutele, tervishoiualgatustele ja kogukonna\u00fcritustele, mis vajavad spetsiifilist visuaalset identiteeti.<\/p>\n<\/li>\n<\/ul>","protected":false},"excerpt":{"rendered":"<ul>\n<li>\n<p data-path-to-node=\"10,0,0\">Valmistatud 100% biolagunevast looduslikust lateksist, mis vastab EL ohutusdirektiividele<\/p>\n<\/li>\n<li>\n<p data-path-to-node=\"10,1,0\">Professionaalne \u00fchev\u00e4rviline \u00fche- v\u00f5i kahepoolne tr\u00fckk, mis on loodud ettev\u00f5tte br\u00e4ndingu n\u00e4htavuse suurendamiseks<\/p>\n<\/li>\n<li>\n<p data-path-to-node=\"10,2,0\">Sertifitseeritud kaadmiumi-, plii-, ftalaatide- ja pol\u00fcts\u00fckliliste aromaatsete s\u00fcsivesinike vaba (REACH-m\u00e4\u00e4rusele vastav)<\/p>\n<\/li>\n<li>\n<p data-path-to-node=\"10,3,0\">Tarnitakse 500 \u00fchiku kaupa lahtiselt pakendites koos seadusega n\u00f5utava ohutus- ja tootmism\u00e4rgistusega<\/p>\n<\/li>\n<\/ul>","protected":false},"featured_media":7063,"comment_status":"closed","ping_status":"closed","template":"","meta":[],"product_brand":[],"product_cat":[122],"product_tag":[],"class_list":{"0":"post-7062","1":"product","2":"type-product","3":"status-publish","4":"has-post-thumbnail","6":"product_cat-promotional-accessories","8":"first","9":"instock","10":"shipping-taxable","11":"purchasable","12":"product-type-simple"},"_links":{"self":[{"href":"https:\/\/wristbandfactory.eu\/et\/wp-json\/wp\/v2\/product\/7062","targetHints":{"allow":["GET"]}}],"collection":[{"href":"https:\/\/wristbandfactory.eu\/et\/wp-json\/wp\/v2\/product"}],"about":[{"href":"https:\/\/wristbandfactory.eu\/et\/wp-json\/wp\/v2\/types\/product"}],"replies":[{"embeddable":true,"href":"https:\/\/wristbandfactory.eu\/et\/wp-json\/wp\/v2\/comments?post=7062"}],"wp:featuredmedia":[{"embeddable":true,"href":"https:\/\/wristbandfactory.eu\/et\/wp-json\/wp\/v2\/media\/7063"}],"wp:attachment":[{"href":"https:\/\/wristbandfactory.eu\/et\/wp-json\/wp\/v2\/media?parent=7062"}],"wp:term":[{"taxonomy":"product_brand","embeddable":true,"href":"https:\/\/wristbandfactory.eu\/et\/wp-json\/wp\/v2\/product_brand?post=7062"},{"taxonomy":"product_cat","embeddable":true,"href":"https:\/\/wristbandfactory.eu\/et\/wp-json\/wp\/v2\/product_cat?post=7062"},{"taxonomy":"product_tag","embeddable":true,"href":"https:\/\/wristbandfactory.eu\/et\/wp-json\/wp\/v2\/product_tag?post=7062"}],"curies":[{"name":"t\u00f6\u00f6leht","href":"https:\/\/api.w.org\/{rel}","templated":true}]}}