{"id":7052,"date":"2026-04-30T16:19:04","date_gmt":"2026-04-30T13:19:04","guid":{"rendered":"https:\/\/wristbandfactory.eu\/?post_type=product&#038;p=7052"},"modified":"2026-04-30T16:19:04","modified_gmt":"2026-04-30T13:19:04","slug":"custom-auto-folding-smart-bags","status":"publish","type":"product","link":"https:\/\/wristbandfactory.eu\/et\/p\/custom-auto-folding-smart-bags\/","title":{"rendered":"Logoga isevolditavad nutikotid"},"content":{"rendered":"<p data-path-to-node=\"6\">Varustage oma kliente ja t\u00f6\u00f6tajaid \u00fcliinnovaatiliste automaatselt kokkuvolditavate nutikottidega. See Hollandis disainitud korduvkasutatav kott sisaldab patenteeritud automaatset voltimismehhanismi, mis kasutab vastupidavaid ja konstrueeritud voldid. See kuju m\u00e4luga tehnoloogia tagab, et kott volditakse p\u00e4rast kasutamist koheselt tagasi minimaalseks taskusuuruseks, v\u00e4listades k\u00e4sitsi voltimise vaeva ja s\u00e4\u00e4stes reisivatele spetsialistidele olulist ruumi.<\/p>\n<p data-path-to-node=\"7\">Spetsiaalsest ja \u00fclitugevast materjalist, mis t\u00f6\u00f6tati algselt v\u00e4lja ekstreemspordi jaoks, pakub kott erakordset pikaajalist vastupidavust ja testitud kandev\u00f5imet kuni 23 kg. Vaatamata sellele, et see on \u00f5hem kui paber, on kangas uskumatult vastupidav ja sellel on h\u00fcdrofoobne kate, mis t\u00f5rjub vett. Koos spetsiaalse ja j\u00e4iga br\u00e4ndingualaga kompaktsel v\u00e4liskesta peal on need taaskasutatavad kotid esmaklassiline ja funktsionaalne reklaammaterjal, mis tagab ettev\u00f5tte j\u00e4rjepideva n\u00e4htavuse igap\u00e4evase \u00e4ritegevuse, pendeldamise ja reisimise ajal.<\/p>\n<h2 data-path-to-node=\"8\">Peamised omadused<\/h2>\n<ul data-path-to-node=\"9\">\n<li>\n<p data-path-to-node=\"9,0,0\"><b data-path-to-node=\"9,0,0\" data-index-in-node=\"0\">Patenteeritud ise kokkupandav disain:<\/b> P\u00fcsivad kuju m\u00e4luvad voldid sunnivad kotti automaatselt kompaktseks ja standardseks kokku voltima, et h\u00f5lbustada hoiustamist.<\/p>\n<\/li>\n<li>\n<p data-path-to-node=\"9,1,0\"><b data-path-to-node=\"9,1,0\" data-index-in-node=\"0\">\u00c4\u00e4rmuslik kandev\u00f5ime:<\/b> K\u00f5rge vastupidavusega tehniline kangas toetab ohutult kuni 23 kg kaaluvaid raskeid t\u00f6\u00f6stus- v\u00f5i isiklikke esemeid ilma konstruktsioonivigadeta.<\/p>\n<\/li>\n<li>\n<p data-path-to-node=\"9,2,0\"><b data-path-to-node=\"9,2,0\" data-index-in-node=\"0\">Ilmastikukindel:<\/b> H\u00fcdrofoobne materjali koostis t\u00f5rjub loomulikult vett ja niiskust.<\/p>\n<\/li>\n<li>\n<p data-path-to-node=\"9,3,0\"><b data-path-to-node=\"9,3,0\" data-index-in-node=\"0\">J\u00e4tkusuutlik ja taaskasutatav:<\/b> Valmistatud taaskasutatavatest materjalidest, et toetada ettev\u00f5tte keskkonnavastutuse n\u00f5udeid.<\/p>\n<\/li>\n<\/ul>\n<h2 data-path-to-node=\"10\">Spetsifikatsioonid<\/h2>\n<ul data-path-to-node=\"11\">\n<li>\n<p data-path-to-node=\"11,0,0\"><b data-path-to-node=\"11,0,0\" data-index-in-node=\"0\">Materjal:<\/b> \u00d5hem kui paber, \u00fclitugev ekstreemspordi kangas<\/p>\n<\/li>\n<li>\n<p data-path-to-node=\"11,1,0\"><b data-path-to-node=\"11,1,0\" data-index-in-node=\"0\">Kokkupandav mehhanism:<\/b> Patenteeritud automaatselt kokkuvajuvad kujum\u00e4luga voldid<\/p>\n<\/li>\n<li>\n<p data-path-to-node=\"11,2,0\"><b data-path-to-node=\"11,2,0\" data-index-in-node=\"0\">Maksimaalne kandev\u00f5ime:<\/b> 23 kg<\/p>\n<\/li>\n<li>\n<p data-path-to-node=\"11,3,0\"><b data-path-to-node=\"11,3,0\" data-index-in-node=\"0\">Pinna omadused:<\/b> H\u00fcdrofoobne (vett t\u00f5rjuv)<\/p>\n<\/li>\n<li>\n<p data-path-to-node=\"11,4,0\"><b data-path-to-node=\"11,4,0\" data-index-in-node=\"0\">Kohandamismeetod:<\/b> Tampotr\u00fckk v\u00f5i digitaal\u00fclekanne integreeritud j\u00e4igale v\u00e4lispaneelile<\/p>\n<\/li>\n<\/ul>\n<h2 data-path-to-node=\"12\">Kasutusjuhud<\/h2>\n<ul data-path-to-node=\"13\">\n<li>\n<p data-path-to-node=\"13,0,0\"><b data-path-to-node=\"13,0,0\" data-index-in-node=\"0\">Premium-klassi ettev\u00f5tte kingitused:<\/b> Pakkuge juhtidele, VIP-klientidele ja partneritele uuenduslikku ja \u00fclimalt kasulikku toodet.<\/p>\n<\/li>\n<li>\n<p data-path-to-node=\"13,1,0\"><b data-path-to-node=\"13,1,0\" data-index-in-node=\"0\">Messid ja konverentsid:<\/b> Jagage osalejatele v\u00e4ga praktiline ja ruumis\u00e4\u00e4stlik kott, mida nad saavad alles hoida ja kasutada ka kaua p\u00e4rast \u00fcrituse l\u00f5ppu.<\/p>\n<\/li>\n<li>\n<p data-path-to-node=\"13,2,0\"><b data-path-to-node=\"13,2,0\" data-index-in-node=\"0\">T\u00f6\u00f6tajate tervituskomplektid:<\/b> Pakkuda t\u00f6\u00f6tajatele vastupidavat ja igap\u00e4evast esmatarbekaupa, mis tugevdab ettev\u00f5tte kaasaegset br\u00e4ndingut ja funktsionaalsust.<\/p>\n<\/li>\n<\/ul>","protected":false},"excerpt":{"rendered":"<ul>\n<li>\n<p data-path-to-node=\"5,0,0\">Patenteeritud kuju m\u00e4lu tehnoloogiaga loodud automaatseks ja iseenesest kokkuvolditavaks kokkuvoldimiseks \u00fclikompaktseks profiiliks<\/p>\n<\/li>\n<li>\n<p data-path-to-node=\"5,1,0\">Valmistatud \u00fclitugevast ekstreemspordiks sobivast kangast, mis kannab kuni 23 kg raskust koormust<\/p>\n<\/li>\n<li>\n<p data-path-to-node=\"5,2,0\">H\u00fcdrofoobse ja vetth\u00fclgava pinnaga, mis kaitseb sisu erinevates \u00e4ri- ja v\u00e4listingimustes<\/p>\n<\/li>\n<li>\n<p data-path-to-node=\"5,3,0\">Pakub volditud v\u00e4lisk\u00fcljel silmapaistvat ja lamedat br\u00e4ndinguala, et ettev\u00f5tte logod oleksid h\u00e4sti n\u00e4htavad.<\/p>\n<\/li>\n<\/ul>","protected":false},"featured_media":7053,"comment_status":"closed","ping_status":"closed","template":"","meta":[],"product_brand":[],"product_cat":[131],"product_tag":[],"class_list":{"0":"post-7052","1":"product","2":"type-product","3":"status-publish","4":"has-post-thumbnail","6":"product_cat-custom-bags-totes","8":"first","9":"instock","10":"shipping-taxable","11":"purchasable","12":"product-type-simple"},"_links":{"self":[{"href":"https:\/\/wristbandfactory.eu\/et\/wp-json\/wp\/v2\/product\/7052","targetHints":{"allow":["GET"]}}],"collection":[{"href":"https:\/\/wristbandfactory.eu\/et\/wp-json\/wp\/v2\/product"}],"about":[{"href":"https:\/\/wristbandfactory.eu\/et\/wp-json\/wp\/v2\/types\/product"}],"replies":[{"embeddable":true,"href":"https:\/\/wristbandfactory.eu\/et\/wp-json\/wp\/v2\/comments?post=7052"}],"wp:featuredmedia":[{"embeddable":true,"href":"https:\/\/wristbandfactory.eu\/et\/wp-json\/wp\/v2\/media\/7053"}],"wp:attachment":[{"href":"https:\/\/wristbandfactory.eu\/et\/wp-json\/wp\/v2\/media?parent=7052"}],"wp:term":[{"taxonomy":"product_brand","embeddable":true,"href":"https:\/\/wristbandfactory.eu\/et\/wp-json\/wp\/v2\/product_brand?post=7052"},{"taxonomy":"product_cat","embeddable":true,"href":"https:\/\/wristbandfactory.eu\/et\/wp-json\/wp\/v2\/product_cat?post=7052"},{"taxonomy":"product_tag","embeddable":true,"href":"https:\/\/wristbandfactory.eu\/et\/wp-json\/wp\/v2\/product_tag?post=7052"}],"curies":[{"name":"t\u00f6\u00f6leht","href":"https:\/\/api.w.org\/{rel}","templated":true}]}}