{"id":7040,"date":"2026-04-30T15:57:27","date_gmt":"2026-04-30T12:57:27","guid":{"rendered":"https:\/\/wristbandfactory.eu\/?post_type=product&#038;p=7040"},"modified":"2026-04-30T15:57:27","modified_gmt":"2026-04-30T12:57:27","slug":"custom-figure-multi-charging-cables","status":"publish","type":"product","link":"https:\/\/wristbandfactory.eu\/et\/p\/custom-figure-multi-charging-cables\/","title":{"rendered":"Logoga mitmiklaadimiskaablid"},"content":{"rendered":"<p data-path-to-node=\"6\">Pakkuge klientidele ja t\u00f6\u00f6tajatele mitmek\u00fclgseid igap\u00e4evaseid laadimislahendusi eridisainiga figuuriga mitmeotstarbeliste laadimiskaablite abil. See laadimisjaam on disainitud silmapaistvaks ja funktsionaalseks lauaarvuti lisatarvikuks ning sellel on selgelt eristuv inimkujuline keha, mis toimib t\u00fchja l\u00f5uendina m\u00f5juka ettev\u00f5tte br\u00e4ndingu jaoks. B2B-kliendid saavad figuuri kohandada, et see esindaks valdkonnap\u00f5hiseid vormiriietust, logistikapersonali, tervishoiut\u00f6\u00f6tajaid v\u00f5i kaubam\u00e4rgiga maskotte. Seade on varustatud oluliste kaasaegsete pistikutega \u2013 sealhulgas Type-C ja Lightning-v\u00e4ljundid koos standardse USB-sisendiga \u2013, mis tagab laialdase \u00fchilduvuse kaasaegsete nutitelefonide ja lisaseadmetega.<\/p>\n<p data-path-to-node=\"7\">Keskkonnas\u00f5bralikkust silmas pidades valmistatud korpus sisaldab 30% taaskasutatud plastikut, mis sobib sujuvalt t\u00e4nap\u00e4evaste ettev\u00f5tete j\u00e4tkusuutlikkuse eesm\u00e4rkidega. Venitav spiraalkaabel pikeneb mugavaks kasutamiseks, samas t\u00f5mbub see loomulikult kokku, et s\u00e4ilitada kontorilaual v\u00f5i t\u00f6\u00f6jaamas kena ja kompaktne v\u00e4limus.<\/p>\n<h2 data-path-to-node=\"8\">Peamised omadused<\/h2>\n<ul data-path-to-node=\"9\">\n<li>\n<p data-path-to-node=\"9,0,0\"><b data-path-to-node=\"9,0,0\" data-index-in-node=\"0\">Universaalse seadme tugi:<\/b> Integreeritud Type-C, Lightning ja standardsed USB-A pistikud sobivad enamiku professionaalses keskkonnas kasutatava mobiilse riistvara jaoks.<\/p>\n<\/li>\n<li>\n<p data-path-to-node=\"9,1,0\"><b data-path-to-node=\"9,1,0\" data-index-in-node=\"0\">Eridisainiga br\u00e4ndingupind:<\/b> Figuuri torso ja j\u00e4semed saab t\u00e4ielikult tr\u00fckkida spetsiifiliste vormiriietuse kujunduste, ettev\u00f5tte v\u00e4rvide ja logodega.<\/p>\n<\/li>\n<li>\n<p data-path-to-node=\"9,2,0\"><b data-path-to-node=\"9,2,0\" data-index-in-node=\"0\">Keskkonnateadlikud materjalid:<\/b> Sisaldab 30% taaskasutatud plastikut, pakkudes vastutustundlikku valikut hulgim\u00fc\u00fcgi reklaammaterjalide hankimiseks.<\/p>\n<\/li>\n<li>\n<p data-path-to-node=\"9,3,0\"><b data-path-to-node=\"9,3,0\" data-index-in-node=\"0\">Sasipuntravaba arhitektuur:<\/b> Vastupidav spiraalpaela disain venib vastavalt vajadusele ja t\u00f5mbub kokku, et v\u00e4ltida s\u00f5lme minemist ja ruumi kokkuhoidu.<\/p>\n<\/li>\n<\/ul>\n<h2 data-path-to-node=\"10\">Spetsifikatsioonid<\/h2>\n<ul data-path-to-node=\"11\">\n<li>\n<p data-path-to-node=\"11,0,0\"><b data-path-to-node=\"11,0,0\" data-index-in-node=\"0\">Pistikud:<\/b> Sisend: USB-A \/ V\u00e4ljund: USB Type-C, Apple Lightning<\/p>\n<\/li>\n<li>\n<p data-path-to-node=\"11,1,0\"><b data-path-to-node=\"11,1,0\" data-index-in-node=\"0\">Materjali koostis:<\/b> ABS\/silikoonsegu, mis sisaldab 30% taaskasutatud plastikut<\/p>\n<\/li>\n<li>\n<p data-path-to-node=\"11,2,0\"><b data-path-to-node=\"11,2,0\" data-index-in-node=\"0\">Kaabli stiil:<\/b> Spiraal \/ sisset\u00f5mmatav<\/p>\n<\/li>\n<li>\n<p data-path-to-node=\"11,3,0\"><b data-path-to-node=\"11,3,0\" data-index-in-node=\"0\">Kohandamismeetod:<\/b> T\u00e4isv\u00e4rviline tampotr\u00fckk v\u00f5i digitaalne UV-tr\u00fckk figuuri kehale<\/p>\n<\/li>\n<li>\n<p data-path-to-node=\"11,4,0\"><b data-path-to-node=\"11,4,0\" data-index-in-node=\"0\">Pakend:<\/b> Tarnitakse j\u00e4tkusuutlikes jaem\u00fc\u00fcgistiilis papp\u00fcmbristes, millel on \u00f6kos\u00f5num.<\/p>\n<\/li>\n<\/ul>\n<h2 data-path-to-node=\"12\">Kasutusjuhud<\/h2>\n<ul data-path-to-node=\"13\">\n<li>\n<p data-path-to-node=\"13,0,0\"><b data-path-to-node=\"13,0,0\" data-index-in-node=\"0\">Ettev\u00f5tte kingitused ja t\u00f6\u00f6tajate sisseelamine:<\/b> Oluline tehnikatarvik, mis pakub t\u00f6\u00f6tajatele igap\u00e4evast mugavust ja tugevdab samal ajal br\u00e4ndi identiteeti.<\/p>\n<\/li>\n<li>\n<p data-path-to-node=\"13,1,0\"><b data-path-to-node=\"13,1,0\" data-index-in-node=\"0\">T\u00f6\u00f6stusmessid:<\/b> V\u00e4ga kaasahaarav temaatiline loosimine, mida saab kohandada vastavalt konkreetsetele ametitele (nt ehitust\u00f6\u00f6lised, kullerid v\u00f5i sportlased).<\/p>\n<\/li>\n<li>\n<p data-path-to-node=\"13,2,0\"><b data-path-to-node=\"13,2,0\" data-index-in-node=\"0\">Tehnoloogiasektori kampaaniad:<\/b> Praktiline B2B reklaamivahend, mis tagab pikaajalise n\u00e4htavuse klientide laual.<\/p>\n<\/li>\n<\/ul>","protected":false},"excerpt":{"rendered":"<ul data-path-to-node=\"5\">\n<li>\n<p data-path-to-node=\"5,0,0\">Mitme pistiku funktsionaalsus (Type-C, Lightning ja USB-A), mis tagab universaalse \u00fchilduvuse kaasaegsete seadmetega<\/p>\n<\/li>\n<li>\n<p data-path-to-node=\"5,1,0\">T\u00e4ielikult kohandatav inimkujuline korpus v\u00f5imaldab ettev\u00f5tte vormiriietuse v\u00f5i br\u00e4ndi maskoti t\u00e4pset kopeerimist<\/p>\n<\/li>\n<li>\n<p data-path-to-node=\"5,2,0\">Valmistatud 30% taaskasutatud plastist, et toetada ettev\u00f5tte j\u00e4tkusuutlikkust ja CSR-i algatusi<\/p>\n<\/li>\n<li>\n<p data-path-to-node=\"5,3,0\">Ruumis\u00e4\u00e4stlik spiraalkaabli disain hoiab \u00e4ra laua segaduse ja juhtmete sassimineku<\/p>\n<\/li>\n<\/ul>","protected":false},"featured_media":7051,"comment_status":"closed","ping_status":"closed","template":"","meta":[],"product_brand":[],"product_cat":[128],"product_tag":[],"class_list":{"0":"post-7040","1":"product","2":"type-product","3":"status-publish","4":"has-post-thumbnail","6":"product_cat-mobile-tech-accessories","8":"first","9":"instock","10":"shipping-taxable","11":"product-type-simple"},"_links":{"self":[{"href":"https:\/\/wristbandfactory.eu\/et\/wp-json\/wp\/v2\/product\/7040","targetHints":{"allow":["GET"]}}],"collection":[{"href":"https:\/\/wristbandfactory.eu\/et\/wp-json\/wp\/v2\/product"}],"about":[{"href":"https:\/\/wristbandfactory.eu\/et\/wp-json\/wp\/v2\/types\/product"}],"replies":[{"embeddable":true,"href":"https:\/\/wristbandfactory.eu\/et\/wp-json\/wp\/v2\/comments?post=7040"}],"wp:featuredmedia":[{"embeddable":true,"href":"https:\/\/wristbandfactory.eu\/et\/wp-json\/wp\/v2\/media\/7051"}],"wp:attachment":[{"href":"https:\/\/wristbandfactory.eu\/et\/wp-json\/wp\/v2\/media?parent=7040"}],"wp:term":[{"taxonomy":"product_brand","embeddable":true,"href":"https:\/\/wristbandfactory.eu\/et\/wp-json\/wp\/v2\/product_brand?post=7040"},{"taxonomy":"product_cat","embeddable":true,"href":"https:\/\/wristbandfactory.eu\/et\/wp-json\/wp\/v2\/product_cat?post=7040"},{"taxonomy":"product_tag","embeddable":true,"href":"https:\/\/wristbandfactory.eu\/et\/wp-json\/wp\/v2\/product_tag?post=7040"}],"curies":[{"name":"t\u00f6\u00f6leht","href":"https:\/\/api.w.org\/{rel}","templated":true}]}}