{"id":7034,"date":"2026-04-30T15:43:51","date_gmt":"2026-04-30T12:43:51","guid":{"rendered":"https:\/\/wristbandfactory.eu\/?post_type=product&#038;p=7034"},"modified":"2026-04-30T15:43:51","modified_gmt":"2026-04-30T12:43:51","slug":"custom-printed-cardboard-cutouts","status":"publish","type":"product","link":"https:\/\/wristbandfactory.eu\/et\/p\/custom-printed-cardboard-cutouts\/","title":{"rendered":"Tr\u00fckiga papist inimese kujud"},"content":{"rendered":"<p data-path-to-node=\"11\">Kasutage h\u00e4sti n\u00e4htavaid p\u00f5randadispleisid eridisainiga tr\u00fckitud papist v\u00e4ljal\u00f5igetega. Need stendid on loodud messidele, jaem\u00fc\u00fcgikeskkondadesse ja reklaamikampaaniatesse ning pakuvad t\u00e4pset 1:1 skaalas visuaalset esitust, et k\u00f6ita \u00e4ripindadel t\u00e4helepanu. Iga v\u00e4ljal\u00f5ige on valmistatud pidevast t\u00f6\u00f6stusliku kvaliteediga 5-kihilisest lainepapist, mis tagab vajaliku vastupidavuse ja stabiilsuse. Displeid viimistletakse kaitsva l\u00e4ikiva lamineerimisega, mis tugevdab materjali, suurendades samal ajal UV-tr\u00fckitud ettev\u00f5tte graafika erksust ja selgust.<\/p>\n<h2 data-path-to-node=\"12\">Peamised omadused<\/h2>\n<ul data-path-to-node=\"13\">\n<li>\n<p data-path-to-node=\"13,0,0\">\u00dcheosaline viiekihiline papist konstruktsioon tagab pikaajalise konstruktsiooni terviklikkuse ilma paindumiseta.<\/p>\n<\/li>\n<li>\n<p data-path-to-node=\"13,1,0\">T\u00e4iustatud UV-tr\u00fckitehnoloogia tagab terava ja pleekimiskindla ettev\u00f5tte graafika ning t\u00e4psed br\u00e4ndiv\u00e4rvid.<\/p>\n<\/li>\n<li>\n<p data-path-to-node=\"13,2,0\">L\u00e4ikiv laminaatkate pakub olulist kaitset pinna kulumise, rebenemise ja keskkonna niiskuse eest.<\/p>\n<\/li>\n<li>\n<p data-path-to-node=\"13,3,0\">Integreeritud eraldiseisev seljatugi v\u00f5imaldab kohest paigaldamist ilma t\u00e4iendavate kinnitusdetailideta.<\/p>\n<\/li>\n<\/ul>\n<h2 data-path-to-node=\"14\">Spetsifikatsioonid<\/h2>\n<ul data-path-to-node=\"15\">\n<li>\n<p data-path-to-node=\"15,0,0\">Maksimaalne k\u00f5rgus: Kuni 210 cm<\/p>\n<\/li>\n<li>\n<p data-path-to-node=\"15,1,0\">Materjal: 5-kihiline vastupidav lainepapp<\/p>\n<\/li>\n<li>\n<p data-path-to-node=\"15,2,0\">Printimismeetod: t\u00e4isv\u00e4rviline UV-printimine<\/p>\n<\/li>\n<li>\n<p data-path-to-node=\"15,3,0\">Viimistlus: l\u00e4ikiv lamineerimine<\/p>\n<\/li>\n<li>\n<p data-path-to-node=\"15,4,0\">Kohandamine: Eritellimusel kontuuride l\u00f5ikamine esitatud kujunduse p\u00f5hjal ja valikulised integreeritud bro\u0161\u00fc\u00fcritaskud<\/p>\n<\/li>\n<\/ul>\n<h2 data-path-to-node=\"16\">Kasutusjuhud<\/h2>\n<ul data-path-to-node=\"17\">\n<li>\n<p data-path-to-node=\"17,0,0\"><b data-path-to-node=\"17,0,0\" data-index-in-node=\"0\">Jaem\u00fc\u00fcgi m\u00fc\u00fcgipunkt:<\/b> Suunake kliendiliiklust ja t\u00f5stke esile konkreetseid tootesarju v\u00f5i kampaaniaid \u00e4ripindadel.<\/p>\n<\/li>\n<li>\n<p data-path-to-node=\"17,1,0\"><b data-path-to-node=\"17,1,0\" data-index-in-node=\"0\">Firma\u00fcritused:<\/b> Pakkuda konverentsidel ja messidel br\u00e4nditud teejuhiseid, infov\u00e4ljapanekuid v\u00f5i visuaalseid kaasamise elemente.<\/p>\n<\/li>\n<li>\n<p data-path-to-node=\"17,2,0\"><b data-path-to-node=\"17,2,0\" data-index-in-node=\"0\">N\u00e4itused:<\/b> Jaga turundusmaterjale otse v\u00e4ljapaneku\u00fcksusest, kasutades valikulisi integreeritud voldikute taskuid.<\/p>\n<\/li>\n<\/ul>\n<p data-path-to-node=\"18\">","protected":false},"excerpt":{"rendered":"<ul>\n<li>\n<p data-path-to-node=\"10,0,0\">Valmistatud vastupidavast 5-kihilisest lainepapist, et tagada konstruktsiooni stabiilsus suure liiklusega aladel<\/p>\n<\/li>\n<li>\n<p data-path-to-node=\"10,1,0\">T\u00e4pne 1:1 skaalas elusuuruses reproduktsioon eridisainiga k\u00f5rgresolutsiooniga UV-printimisega<\/p>\n<\/li>\n<li>\n<p data-path-to-node=\"10,2,0\">Sobib kuni 210 cm k\u00f5rgustele eridisainiga konstruktsioonidele, valikuliselt integreeritud voldikute jaoturid<\/p>\n<\/li>\n<li>\n<p data-path-to-node=\"10,3,0\">Viimistletud kaitsva l\u00e4ikiva laminaadiga, et v\u00e4ltida pinna kulumist ja niiskuskahjustusi<\/p>\n<\/li>\n<\/ul>","protected":false},"featured_media":7035,"comment_status":"closed","ping_status":"closed","template":"","meta":[],"product_brand":[],"product_cat":[68,122],"product_tag":[],"class_list":{"0":"post-7034","1":"product","2":"type-product","3":"status-publish","4":"has-post-thumbnail","6":"product_cat-event-supplies","7":"product_cat-promotional-accessories","9":"first","10":"instock","11":"shipping-taxable","12":"product-type-simple"},"_links":{"self":[{"href":"https:\/\/wristbandfactory.eu\/et\/wp-json\/wp\/v2\/product\/7034","targetHints":{"allow":["GET"]}}],"collection":[{"href":"https:\/\/wristbandfactory.eu\/et\/wp-json\/wp\/v2\/product"}],"about":[{"href":"https:\/\/wristbandfactory.eu\/et\/wp-json\/wp\/v2\/types\/product"}],"replies":[{"embeddable":true,"href":"https:\/\/wristbandfactory.eu\/et\/wp-json\/wp\/v2\/comments?post=7034"}],"wp:featuredmedia":[{"embeddable":true,"href":"https:\/\/wristbandfactory.eu\/et\/wp-json\/wp\/v2\/media\/7035"}],"wp:attachment":[{"href":"https:\/\/wristbandfactory.eu\/et\/wp-json\/wp\/v2\/media?parent=7034"}],"wp:term":[{"taxonomy":"product_brand","embeddable":true,"href":"https:\/\/wristbandfactory.eu\/et\/wp-json\/wp\/v2\/product_brand?post=7034"},{"taxonomy":"product_cat","embeddable":true,"href":"https:\/\/wristbandfactory.eu\/et\/wp-json\/wp\/v2\/product_cat?post=7034"},{"taxonomy":"product_tag","embeddable":true,"href":"https:\/\/wristbandfactory.eu\/et\/wp-json\/wp\/v2\/product_tag?post=7034"}],"curies":[{"name":"t\u00f6\u00f6leht","href":"https:\/\/api.w.org\/{rel}","templated":true}]}}