{"id":7020,"date":"2026-03-12T15:30:31","date_gmt":"2026-03-12T12:30:31","guid":{"rendered":"https:\/\/wristbandfactory.eu\/?post_type=product&#038;p=7020"},"modified":"2026-03-12T15:30:31","modified_gmt":"2026-03-12T12:30:31","slug":"custom-rainbow-rpet-drawstring-bags","status":"publish","type":"product","link":"https:\/\/wristbandfactory.eu\/et\/p\/custom-rainbow-rpet-drawstring-bags\/","title":{"rendered":"Logoga vikerkaarev\u00e4rvides RPET sussikotid"},"content":{"rendered":"<p data-path-to-node=\"5\">Need mitmev\u00e4rvilised pingutuspaelaga kotid pakuvad v\u00e4ga praktilist ja j\u00e4tkusuutlikku reklaamlahendust v\u00e4li\u00fcritustele, ettev\u00f5tete heaoluprogrammidele ja messidele. Valmistatud 210T RPET-ist \u2013 vastupidavast kangast, mis on loodud taaskasutatud plastj\u00e4\u00e4tmetest \u2013, on need kotid koosk\u00f5las t\u00e4nap\u00e4evaste ettev\u00f5tte sotsiaalse vastutuse (CSR) eesm\u00e4rkidega, edendades materjalide taaskasutamist. Kaaludes vaid 35 grammi, kuid millel on professionaalselt \u00f5mmeldud \u00f5mblused ja kvaliteetsed sulgemispaelad, pakub kott suurep\u00e4rast tugevuse ja kaalu suhet, tagades \u00fcrituste materjalide ja igap\u00e4evaste oluliste asjade turvalise transpordi.<\/p>\n<h2 data-path-to-node=\"6\">Peamised omadused<\/h2>\n<ul data-path-to-node=\"7\">\n<li>\n<p data-path-to-node=\"7,0,0\">J\u00e4tkusuutlik RPET-konstruktsioon: valmistatud keskkonnas\u00f5bralikust 210T taaskasutatud pol\u00fcestrist, mis v\u00e4hendab keskkonnam\u00f5ju ja edendab ettev\u00f5tte j\u00e4tkusuutlikkust.<\/p>\n<\/li>\n<li>\n<p data-path-to-node=\"7,1,0\">Kvaliteetne pingutuspaelmehhanism: Paksud ja kvaliteetsed kinnituspaelad tagavad mugava \u00f5lakandmise ja sisemise sisu kindla sulgemise.<\/p>\n<\/li>\n<li>\n<p data-path-to-node=\"7,2,0\"><span class=\"citation-54 citation-end-54\">N\u00e4htavad \u00f6kom\u00e4rgised: V\u00e4line RPET-m\u00e4rgis annab selgelt m\u00e4rku toote taaskasutatud p\u00e4ritolust, tugevdades br\u00e4ndi j\u00e4tkusuutlikkust propageerivat s\u00f5numit.<\/span><\/p>\n<\/li>\n<li>\n<p data-path-to-node=\"7,3,0\">Kerge ja mahukas: Kaaludes vaid 35 grammi ja m\u00f5\u00f5tudega 34 x 42 cm, mahutab see mugavalt A4-formaadis dokumente, veepudeleid ja reklaamkingitusi, lisamata mahutavust.<\/p>\n<\/li>\n<\/ul>\n<h2 data-path-to-node=\"8\">Spetsifikatsioonid<\/h2>\n<ul data-path-to-node=\"9\">\n<li>\n<p data-path-to-node=\"9,0,0\">Materjal: 210T RPET (taaskasutatud pol\u00fcester PET-plastist)<\/p>\n<\/li>\n<li>\n<p data-path-to-node=\"9,1,0\">M\u00f5\u00f5tmed: 34 cm x 42 cm<\/p>\n<\/li>\n<li>\n<p data-path-to-node=\"9,2,0\">Kaal: 35 g<\/p>\n<\/li>\n<li>\n<p data-path-to-node=\"9,3,0\">Sulgemismehhanism: Kvaliteetsed pingutuspaelad<\/p>\n<\/li>\n<li>\n<p data-path-to-node=\"9,4,0\">Sertifitseerimisfunktsioon: V\u00e4line eristav RPET-m\u00e4rgis<\/p>\n<\/li>\n<\/ul>\n<h2 data-path-to-node=\"10\">Kasutusjuhud<\/h2>\n<ul data-path-to-node=\"11\">\n<li>\n<p data-path-to-node=\"11,0,0\"><span class=\"citation-53 citation-end-53\">Keskkonnas\u00f5bralikud \u201cmeiekotid\u201d sponsorkaupade jagamiseks messidel ja ettev\u00f5tete konverentsidel.<\/span><\/p>\n<\/li>\n<li>\n<p data-path-to-node=\"11,1,0\">H\u00e4sti n\u00e4htavad tarbekotid heategevusjooksudeks, vaba\u00f5hufestivalideks ja meeskonnat\u00f6\u00f6 \u00fcritusteks.<\/p>\n<\/li>\n<li>\n<p data-path-to-node=\"11,2,0\">J\u00e4tkusuutlikud reklaamtooted riiklike teadlikkuse t\u00f5stmise kampaaniate ja mitmekesisuse algatuste jaoks.<\/p>\n<\/li>\n<\/ul>","protected":false},"excerpt":{"rendered":"<ul data-path-to-node=\"4\">\n<li>\n<p data-path-to-node=\"4,0,0\">Valmistatud j\u00e4tkusuutlikust 210T RPET-ist (taaskasutatud plast), toetades aktiivselt ettev\u00f5tete keskkonnaalgatusi.<\/p>\n<\/li>\n<li>\n<p data-path-to-node=\"4,1,0\">Praktiliste m\u00f5\u00f5tmetega 34 x 42 cm, mis pakuvad piisavalt ruumi \u00fcrituste materjalidele ja reklaammaterjalidele.<\/p>\n<\/li>\n<li>\n<p data-path-to-node=\"4,2,0\">Varustatud kvaliteetsete ja vastupidavate sulgemispaelade ning \u00f5mblustega, mis tagavad pikaajalise vastupidavuse.<\/p>\n<\/li>\n<li>\n<p data-path-to-node=\"4,3,0\">Sisaldab h\u00e4sti n\u00e4htavat v\u00e4list RPET-materjalist eristavat silti, mis teavitab l\u00f5ppkasutajaid j\u00e4tkusuutlikust hankimisest.<\/p>\n<\/li>\n<\/ul>","protected":false},"featured_media":7021,"comment_status":"closed","ping_status":"closed","template":"","meta":[],"product_brand":[],"product_cat":[134],"product_tag":[],"class_list":{"0":"post-7020","1":"product","2":"type-product","3":"status-publish","4":"has-post-thumbnail","6":"product_cat-awareness-pride-national-event-merchandise","8":"first","9":"instock","10":"shipping-taxable","11":"purchasable","12":"product-type-simple"},"_links":{"self":[{"href":"https:\/\/wristbandfactory.eu\/et\/wp-json\/wp\/v2\/product\/7020","targetHints":{"allow":["GET"]}}],"collection":[{"href":"https:\/\/wristbandfactory.eu\/et\/wp-json\/wp\/v2\/product"}],"about":[{"href":"https:\/\/wristbandfactory.eu\/et\/wp-json\/wp\/v2\/types\/product"}],"replies":[{"embeddable":true,"href":"https:\/\/wristbandfactory.eu\/et\/wp-json\/wp\/v2\/comments?post=7020"}],"wp:featuredmedia":[{"embeddable":true,"href":"https:\/\/wristbandfactory.eu\/et\/wp-json\/wp\/v2\/media\/7021"}],"wp:attachment":[{"href":"https:\/\/wristbandfactory.eu\/et\/wp-json\/wp\/v2\/media?parent=7020"}],"wp:term":[{"taxonomy":"product_brand","embeddable":true,"href":"https:\/\/wristbandfactory.eu\/et\/wp-json\/wp\/v2\/product_brand?post=7020"},{"taxonomy":"product_cat","embeddable":true,"href":"https:\/\/wristbandfactory.eu\/et\/wp-json\/wp\/v2\/product_cat?post=7020"},{"taxonomy":"product_tag","embeddable":true,"href":"https:\/\/wristbandfactory.eu\/et\/wp-json\/wp\/v2\/product_tag?post=7020"}],"curies":[{"name":"t\u00f6\u00f6leht","href":"https:\/\/api.w.org\/{rel}","templated":true}]}}