{"id":7018,"date":"2026-03-12T15:27:44","date_gmt":"2026-03-12T12:27:44","guid":{"rendered":"https:\/\/wristbandfactory.eu\/?post_type=product&#038;p=7018"},"modified":"2026-03-12T15:27:44","modified_gmt":"2026-03-12T12:27:44","slug":"custom-rainbow-stainless-steel-bottles","status":"publish","type":"product","link":"https:\/\/wristbandfactory.eu\/et\/p\/custom-rainbow-stainless-steel-bottles\/","title":{"rendered":"Logoga vikerkaarev\u00e4rvides roostevabast terasest joogipudelid"},"content":{"rendered":"<p data-path-to-node=\"5\">Need mitmev\u00e4rvilised roostevabast terasest veepudelid pakuvad vastupidavat ja h\u00e4sti n\u00e4htavat m\u00fc\u00fcgilahendust ettev\u00f5tete heaolu algatusteks, sisseelamispakettideks ja teadlikkuse t\u00f5stmise kampaaniateks. Need on valmistatud vastupidavast roostevabast terasest ning pakuvad keskkonnas\u00f5bralikku alternatiivi \u00fchekordselt kasutatavatele plastpudelitele, mis on koosk\u00f5las t\u00e4nap\u00e4evaste ettev\u00f5tete j\u00e4tkusuutlikkuse eesm\u00e4rkidega. Mahukas 790 ml maht tagab t\u00f6\u00f6tajatele v\u00f5i \u00fcritustel osalejatele terveks p\u00e4evaks vajaliku vedeliku, samas kui turvaline BPA-vaba keeratav kork tagab ohutu ja lekkekindla transpordi s\u00fclearvutikottides ja seljakottides.<\/p>\n<h2 data-path-to-node=\"6\">Peamised omadused<\/h2>\n<ul data-path-to-node=\"7\">\n<li>\n<p data-path-to-node=\"7,0,0\">Kvaliteetne roostevabast terasest konstruktsioon: V\u00e4ga vastupidav m\u00f5lkidele ja igap\u00e4evasele kulumisele, pikendades reklaamtoote eluiga.<\/p>\n<\/li>\n<li>\n<p data-path-to-node=\"7,1,0\">Optimaalne maht 790 ml: Suur maht on loodud terveks p\u00e4evaks vedeliku tarbimiseks, mist\u00f5ttu on see v\u00e4ga praktiline nii kontorit\u00f6\u00f6ks kui ka v\u00e4li\u00fcritusteks.<\/p>\n<\/li>\n<li>\n<p data-path-to-node=\"7,2,0\">BPA-vaba keeratav kork: tagab terviseohutuse n\u00f5uetele vastavuse ja pakub tihedat ning usaldusv\u00e4\u00e4rset tihendit juhuslike lekete v\u00e4ltimiseks.<\/p>\n<\/li>\n<li>\n<p data-path-to-node=\"7,3,0\">H\u00e4sti n\u00e4htav esteetika: T\u00e4ispikkuses mitmev\u00e4rviline vikerkaaredisain tagab kohese visuaalse \u00e4ratundmise suunatud teadlikkuse t\u00f5stmise kampaaniate puhul.<\/p>\n<\/li>\n<\/ul>\n<h2 data-path-to-node=\"8\">Spetsifikatsioonid<\/h2>\n<ul data-path-to-node=\"9\">\n<li>\n<p data-path-to-node=\"9,0,0\">Materjal: Roostevaba teras<\/p>\n<\/li>\n<li>\n<p data-path-to-node=\"9,1,0\">Mahutavus: 790 ml<\/p>\n<\/li>\n<li>\n<p data-path-to-node=\"9,2,0\">Sulgemismehhanism: Keeratav kork<\/p>\n<\/li>\n<li>\n<p data-path-to-node=\"9,3,0\"><span class=\"citation-47 citation-end-47\">Ohutusstandard: BPA-vabad komponendid<\/span><\/p>\n<\/li>\n<li>\n<p data-path-to-node=\"9,4,0\">Disain: Mitmev\u00e4rviline (Vikerkaaremuster)<\/p>\n<\/li>\n<\/ul>\n<h2 data-path-to-node=\"10\">Kasutusjuhud<\/h2>\n<ul data-path-to-node=\"11\">\n<li>\n<p data-path-to-node=\"11,0,0\">Uutele t\u00f6\u00f6tajatele m\u00f5eldud esmaklassilised sisseelamiskingitused, mis edendavad ettev\u00f5ttesisese heaolu ja mitmekesisuse algatusi.<\/p>\n<\/li>\n<li>\n<p data-path-to-node=\"11,1,0\">K\u00f5rge v\u00e4\u00e4rtusega reklaamtooted vaba\u00f5hufestivalidele, messidele ja heategevuslikele spordi\u00fcritustele.<\/p>\n<\/li>\n<li>\n<p data-path-to-node=\"11,2,0\">J\u00e4tkusuutlik ettev\u00f5tete kingituste tegemine \u00fchekordselt kasutatava plasti tarbimise v\u00e4hendamiseks kontorikeskkonnas.<\/p>\n<\/li>\n<\/ul>","protected":false},"excerpt":{"rendered":"<ul>\n<li>\n<p data-path-to-node=\"4,0,0\">Valmistatud vastupidavast roostevabast terasest, et tagada pikaajaline ja korduv kasutamine nii \u00e4ri- kui ka v\u00e4listingimustes.<\/p>\n<\/li>\n<li>\n<p data-path-to-node=\"4,1,0\">Mahukas 790 ml mahutavus toetab igap\u00e4evaseid vedelikuvajadusi ilma sagedase t\u00e4itmiseta.<\/p>\n<\/li>\n<li>\n<p data-path-to-node=\"4,2,0\"><span class=\"citation-48 citation-end-48\">Varustatud turvalise BPA-vaba keeratava korgiga, et v\u00e4ltida lekkeid transportimise ajal ja kaitsta elektroonikaseadmeid.<\/span><\/p>\n<\/li>\n<li>\n<p data-path-to-node=\"4,3,0\">Erksav\u00e4rviline vikerkaarev\u00e4rviline viimistlus pakub pilkup\u00fc\u00fcdvat tausta m\u00f5jukale ettev\u00f5tte br\u00e4ndingule.<\/p>\n<\/li>\n<\/ul>","protected":false},"featured_media":7019,"comment_status":"closed","ping_status":"closed","template":"","meta":[],"product_brand":[],"product_cat":[134],"product_tag":[],"class_list":{"0":"post-7018","1":"product","2":"type-product","3":"status-publish","4":"has-post-thumbnail","6":"product_cat-awareness-pride-national-event-merchandise","8":"first","9":"instock","10":"shipping-taxable","11":"purchasable","12":"product-type-simple"},"_links":{"self":[{"href":"https:\/\/wristbandfactory.eu\/et\/wp-json\/wp\/v2\/product\/7018","targetHints":{"allow":["GET"]}}],"collection":[{"href":"https:\/\/wristbandfactory.eu\/et\/wp-json\/wp\/v2\/product"}],"about":[{"href":"https:\/\/wristbandfactory.eu\/et\/wp-json\/wp\/v2\/types\/product"}],"replies":[{"embeddable":true,"href":"https:\/\/wristbandfactory.eu\/et\/wp-json\/wp\/v2\/comments?post=7018"}],"wp:featuredmedia":[{"embeddable":true,"href":"https:\/\/wristbandfactory.eu\/et\/wp-json\/wp\/v2\/media\/7019"}],"wp:attachment":[{"href":"https:\/\/wristbandfactory.eu\/et\/wp-json\/wp\/v2\/media?parent=7018"}],"wp:term":[{"taxonomy":"product_brand","embeddable":true,"href":"https:\/\/wristbandfactory.eu\/et\/wp-json\/wp\/v2\/product_brand?post=7018"},{"taxonomy":"product_cat","embeddable":true,"href":"https:\/\/wristbandfactory.eu\/et\/wp-json\/wp\/v2\/product_cat?post=7018"},{"taxonomy":"product_tag","embeddable":true,"href":"https:\/\/wristbandfactory.eu\/et\/wp-json\/wp\/v2\/product_tag?post=7018"}],"curies":[{"name":"t\u00f6\u00f6leht","href":"https:\/\/api.w.org\/{rel}","templated":true}]}}