{"id":7010,"date":"2026-03-12T15:05:40","date_gmt":"2026-03-12T12:05:40","guid":{"rendered":"https:\/\/wristbandfactory.eu\/?post_type=product&#038;p=7010"},"modified":"2026-03-12T15:05:40","modified_gmt":"2026-03-12T12:05:40","slug":"custom-rainbow-grip-ball-pens","status":"publish","type":"product","link":"https:\/\/wristbandfactory.eu\/et\/p\/custom-rainbow-grip-ball-pens\/","title":{"rendered":"Logoga vikerkaarev\u00e4rvides pastapliiatsid"},"content":{"rendered":"<p data-path-to-node=\"5\">Need nupuvajutusega pastakad on praktiline ja h\u00e4sti n\u00e4htav reklaamvahend ettev\u00f5tete keskkondades, messidel ja teadlikkuse t\u00f5stmise kampaaniates. <span class=\"citation-28 citation-end-28\">Pliiatsi puhas valge korpus toimib optimaalse alusena ettev\u00f5tte br\u00e4ndingule, tagades, et logod ja s\u00f5numid j\u00e4\u00e4vad silmapaistvaks ja h\u00f5lpsasti loetavaks.<\/span> Mitmev\u00e4rviline vikerkaarekujuline k\u00e4epide pakub lisaks ergonoomilisele mugavusele igap\u00e4evaste kontorit\u00f6\u00f6de ajal ka kohese visuaalse \u00e4ratundmise, muutes selle \u00fclit\u00f5husaks reklaamtooteks suuremahuliseks levitamiseks.<\/p>\n<h2 data-path-to-node=\"6\">Peamised omadused<\/h2>\n<ul data-path-to-node=\"7\">\n<li>\n<p data-path-to-node=\"7,0,0\">Optimeeritud br\u00e4ndipind: Sile valge korpus on spetsiaalselt loodud mahutama k\u00f5rge eraldusv\u00f5imega ettev\u00f5tte logo ja teksti.<\/p>\n<\/li>\n<li>\n<p data-path-to-node=\"7,1,0\">Ergonoomiline vikerkaarekujuline k\u00e4epide: Kummeeritud mitmev\u00e4rviline k\u00e4epide pakub kombatavat mugavust ja hea n\u00e4htavusega esteetikat.<\/p>\n<\/li>\n<li>\n<p data-path-to-node=\"7,2,0\"><span class=\"citation-27 citation-end-27\">Kvaliteetne riistvarakonstruktsioon: Ehitatud vastupidava nupuvajutusega mehhanismi, turvalise metallklambri ja kroomitud liitmikega professionaalse ja kauakestva viimistluse tagamiseks.<\/span><\/p>\n<\/li>\n<li>\n<p data-path-to-node=\"7,3,0\"><span class=\"citation-26 citation-end-26\">Usaldusv\u00e4\u00e4rne j\u00f5udlus: Sisaldab kvaliteetset sinist tinti, mis sobib standardseks ettev\u00f5tte-, haldus- ja \u00fcrituste registreerimiseks.<\/span><\/p>\n<\/li>\n<\/ul>\n<h2 data-path-to-node=\"8\">Spetsifikatsioonid<\/h2>\n<ul data-path-to-node=\"9\">\n<li>\n<p data-path-to-node=\"9,0,0\">Mehhanism: Nupp<\/p>\n<\/li>\n<li>\n<p data-path-to-node=\"9,1,0\">T\u00fcnni viimistlus: tahke valge<\/p>\n<\/li>\n<li>\n<p data-path-to-node=\"9,2,0\">K\u00e4epideme disain: Mitmev\u00e4rviline (vikerkaaremuster)<\/p>\n<\/li>\n<li>\n<p data-path-to-node=\"9,3,0\">Riistvara: kroomitud liitmikega metallklamber<\/p>\n<\/li>\n<li>\n<p data-path-to-node=\"9,4,0\">Tindi v\u00e4rv: sinine<\/p>\n<\/li>\n<\/ul>\n<h2 data-path-to-node=\"10\">Kasutusjuhud<\/h2>\n<ul data-path-to-node=\"11\">\n<li>\n<p data-path-to-node=\"11,0,0\">Suuremahulised reklaamkingitused messidele, konverentsidele ja ettev\u00f5tete n\u00e4itustele.<\/p>\n<\/li>\n<li>\n<p data-path-to-node=\"11,1,0\">Funktsionaalsed br\u00e4nditud kontoritarbed sisemiste teadlikkuse t\u00f5stmise kampaaniate ja mitmekesisuse algatuste jaoks.<\/p>\n<\/li>\n<li>\n<p data-path-to-node=\"11,2,0\">Praktiline kaup heategevuskampaaniate, registreerimislaudade ja kogukonna teavitusprogrammide jaoks.<\/p>\n<\/li>\n<\/ul>","protected":false},"excerpt":{"rendered":"<ul>\n<li>\n<p data-path-to-node=\"4,0,0\"><span class=\"citation-30 citation-end-30\">Sisaldab kontrastset valget korpust, mis on spetsiaalselt optimeeritud selge ja silmapaistva ettev\u00f5tte logo printimiseks.<\/span><\/p>\n<\/li>\n<li>\n<p data-path-to-node=\"4,1,0\">Varustatud ergonoomilise mitmev\u00e4rvilise vikerkaarev\u00e4rvilise k\u00e4epidemega, et tagada mugavus pikemate kirjutamissessioonide ajal.<\/p>\n<\/li>\n<li>\n<p data-path-to-node=\"4,2,0\"><span class=\"citation-29 citation-end-29\">Valmistatud usaldusv\u00e4\u00e4rse nupuvajutusega mehhanismi, vastupidava metallklambri ja kvaliteetsete kroomitud liitmike abil.<\/span><\/p>\n<\/li>\n<li>\n<p data-path-to-node=\"4,3,0\">Varustatud tavalise sinise tindiga, mis teeb sellest v\u00e4ga praktilise reklaamvahendi ettev\u00f5tete ja \u00fcrituste jaoks.<\/p>\n<\/li>\n<\/ul>","protected":false},"featured_media":7011,"comment_status":"closed","ping_status":"closed","template":"","meta":[],"product_brand":[],"product_cat":[134],"product_tag":[],"class_list":{"0":"post-7010","1":"product","2":"type-product","3":"status-publish","4":"has-post-thumbnail","6":"product_cat-awareness-pride-national-event-merchandise","8":"first","9":"instock","10":"shipping-taxable","11":"purchasable","12":"product-type-simple"},"_links":{"self":[{"href":"https:\/\/wristbandfactory.eu\/et\/wp-json\/wp\/v2\/product\/7010","targetHints":{"allow":["GET"]}}],"collection":[{"href":"https:\/\/wristbandfactory.eu\/et\/wp-json\/wp\/v2\/product"}],"about":[{"href":"https:\/\/wristbandfactory.eu\/et\/wp-json\/wp\/v2\/types\/product"}],"replies":[{"embeddable":true,"href":"https:\/\/wristbandfactory.eu\/et\/wp-json\/wp\/v2\/comments?post=7010"}],"wp:featuredmedia":[{"embeddable":true,"href":"https:\/\/wristbandfactory.eu\/et\/wp-json\/wp\/v2\/media\/7011"}],"wp:attachment":[{"href":"https:\/\/wristbandfactory.eu\/et\/wp-json\/wp\/v2\/media?parent=7010"}],"wp:term":[{"taxonomy":"product_brand","embeddable":true,"href":"https:\/\/wristbandfactory.eu\/et\/wp-json\/wp\/v2\/product_brand?post=7010"},{"taxonomy":"product_cat","embeddable":true,"href":"https:\/\/wristbandfactory.eu\/et\/wp-json\/wp\/v2\/product_cat?post=7010"},{"taxonomy":"product_tag","embeddable":true,"href":"https:\/\/wristbandfactory.eu\/et\/wp-json\/wp\/v2\/product_tag?post=7010"}],"curies":[{"name":"t\u00f6\u00f6leht","href":"https:\/\/api.w.org\/{rel}","templated":true}]}}