{"id":6996,"date":"2026-03-12T12:10:37","date_gmt":"2026-03-12T09:10:37","guid":{"rendered":"https:\/\/wristbandfactory.eu\/?post_type=product&#038;p=6996"},"modified":"2026-03-12T12:15:19","modified_gmt":"2026-03-12T09:15:19","slug":"custom-rainbow-fabric-wristbands","status":"publish","type":"product","link":"https:\/\/wristbandfactory.eu\/et\/p\/custom-rainbow-fabric-wristbands\/","title":{"rendered":"Logoga vikerkaarev\u00e4rvides tekstiilist k\u00e4epaelad"},"content":{"rendered":"<p data-path-to-node=\"4\">Need mitmev\u00e4rvilised kangast k\u00e4epaelad pakuvad turvalist ja h\u00e4sti n\u00e4htavat identifitseerimislahendust festivalidele, firma\u00fcritustele ja teadlikkuse t\u00f5stmise \u00fcritustele. Valmistatud kvaliteetsest pehmest pol\u00fcestrist, pakuvad need \u00fclimat mugavust osalejatele, kes vajavad mitmep\u00e4evaseid p\u00e4\u00e4smeid. Vastupidavate materjalide, tugevdatud konstruktsiooni ja mitmek\u00fclgsete lukustusmehhanismide kombinatsioon tagab, et k\u00e4epaelad j\u00e4\u00e4vad terveks ja turvaliseks kogu \u00fcrituse v\u00e4ltel.<\/p>\n<h2 data-path-to-node=\"5\">Peamised omadused<\/h2>\n<ul data-path-to-node=\"6\">\n<li>\n<p data-path-to-node=\"6,0,0\">Kvaliteetne pol\u00fcesterkonstruktsioon: pehme naha vastu, s\u00e4ilitades samal ajal k\u00f5rge t\u00f5mbetugevuse.<\/p>\n<\/li>\n<li>\n<p data-path-to-node=\"6,1,0\">Kohandatav turvalisus: Saadaval on mitu sulgemisv\u00f5imalust, mis sobivad erinevate juurdep\u00e4\u00e4sukontrolli tasemete ja kiire rakendamise jaoks.<\/p>\n<\/li>\n<li>\n<p data-path-to-node=\"6,2,0\">Tugevdatud \u00f5mblused: K\u00fclje\u00f5mblused on professionaalselt \u00f5mmeldud, et v\u00e4ltida materjali lagunemist v\u00f5i narmendamist.<\/p>\n<\/li>\n<li>\n<p data-path-to-node=\"6,3,0\">H\u00e4sti n\u00e4htav disain: Mitmev\u00e4rviline vikerkaaremuster tagab \u00fcrituse turvat\u00f6\u00f6tajatele kiire visuaalse kontrolli.<\/p>\n<\/li>\n<\/ul>\n<h2 data-path-to-node=\"7\">Spetsifikatsioonid<\/h2>\n<ul data-path-to-node=\"8\">\n<li>\n<p data-path-to-node=\"8,0,0\">Materjal: pehme pol\u00fcester<\/p>\n<\/li>\n<li>\n<p data-path-to-node=\"8,1,0\">Sulgemise t\u00fc\u00fcp: Saadaval on mitu turvalist ja reguleeritavat valikut<\/p>\n<\/li>\n<li>\n<p data-path-to-node=\"8,2,0\">Disain: Mitmev\u00e4rviline (Vikerkaaremuster)<\/p>\n<\/li>\n<li>\n<p data-path-to-node=\"8,3,0\">Suurus: Universaalne sobivus<\/p>\n<\/li>\n<\/ul>\n<h2 data-path-to-node=\"9\">Kasutusjuhud<\/h2>\n<ul data-path-to-node=\"10\">\n<li>\n<p data-path-to-node=\"10,0,0\">Ligip\u00e4\u00e4sukontroll mitmep\u00e4evastele vaba\u00f5hufestivalidele ja kontsertidele.<\/p>\n<\/li>\n<li>\n<p data-path-to-node=\"10,1,0\">Teadlikkuse t\u00f5stmise kampaaniate ja uhkus\u00fcrituste identifitseerimine ja kaubad.<\/p>\n<\/li>\n<li>\n<p data-path-to-node=\"10,2,0\">VIP- ja erip\u00e4\u00e4smed firma\u00fcritustele ja suuremahulistele koosviibimistele.<\/p>\n<\/li>\n<\/ul>","protected":false},"excerpt":{"rendered":"<ul>\n<li>\n<p data-path-to-node=\"3,0,0\">Valmistatud pehmest ja vastupidavast pol\u00fcestrist mugavaks mitmep\u00e4evaseks kandmiseks.<\/p>\n<\/li>\n<li>\n<p data-path-to-node=\"3,1,0\">Saadaval mitme turvalise sulgemisv\u00f5imalusega, et see vastaks konkreetsetele \u00fcrituste turvaprotokollidele.<\/p>\n<\/li>\n<li>\n<p data-path-to-node=\"3,2,0\">Tugevdatud k\u00fclje\u00f5mblus hoiab \u00e4ra narmendamise ja tagab toote pikaealisuse.<\/p>\n<\/li>\n<li>\n<p data-path-to-node=\"3,3,0\">Erksav\u00e4rviline vikerkaarekujundus h\u00f5lbustab kiiret visuaalset tuvastamist.<\/p>\n<\/li>\n<\/ul>","protected":false},"featured_media":6997,"comment_status":"closed","ping_status":"closed","template":"","meta":[],"product_brand":[],"product_cat":[134],"product_tag":[],"class_list":{"0":"post-6996","1":"product","2":"type-product","3":"status-publish","4":"has-post-thumbnail","6":"product_cat-awareness-pride-national-event-merchandise","8":"first","9":"instock","10":"shipping-taxable","11":"purchasable","12":"product-type-simple"},"_links":{"self":[{"href":"https:\/\/wristbandfactory.eu\/et\/wp-json\/wp\/v2\/product\/6996","targetHints":{"allow":["GET"]}}],"collection":[{"href":"https:\/\/wristbandfactory.eu\/et\/wp-json\/wp\/v2\/product"}],"about":[{"href":"https:\/\/wristbandfactory.eu\/et\/wp-json\/wp\/v2\/types\/product"}],"replies":[{"embeddable":true,"href":"https:\/\/wristbandfactory.eu\/et\/wp-json\/wp\/v2\/comments?post=6996"}],"wp:featuredmedia":[{"embeddable":true,"href":"https:\/\/wristbandfactory.eu\/et\/wp-json\/wp\/v2\/media\/6997"}],"wp:attachment":[{"href":"https:\/\/wristbandfactory.eu\/et\/wp-json\/wp\/v2\/media?parent=6996"}],"wp:term":[{"taxonomy":"product_brand","embeddable":true,"href":"https:\/\/wristbandfactory.eu\/et\/wp-json\/wp\/v2\/product_brand?post=6996"},{"taxonomy":"product_cat","embeddable":true,"href":"https:\/\/wristbandfactory.eu\/et\/wp-json\/wp\/v2\/product_cat?post=6996"},{"taxonomy":"product_tag","embeddable":true,"href":"https:\/\/wristbandfactory.eu\/et\/wp-json\/wp\/v2\/product_tag?post=6996"}],"curies":[{"name":"t\u00f6\u00f6leht","href":"https:\/\/api.w.org\/{rel}","templated":true}]}}