{"id":6988,"date":"2026-03-12T10:19:33","date_gmt":"2026-03-12T07:19:33","guid":{"rendered":"https:\/\/wristbandfactory.eu\/?post_type=product&#038;p=6988"},"modified":"2026-03-12T10:19:33","modified_gmt":"2026-03-12T07:19:33","slug":"custom-printed-adjustable-lanyards","status":"publish","type":"product","link":"https:\/\/wristbandfactory.eu\/et\/p\/custom-printed-adjustable-lanyards\/","title":{"rendered":"Logoga reguleeritavad kaelapaelad"},"content":{"rendered":"<p data-path-to-node=\"5\">Eritellimusel tr\u00fckitud reguleeritavad kaelapaelad pakuvad mitmek\u00fclgset ja ergonoomilist identifitseerimislahendust firma\u00fcritusteks, haridusasutusteks ja igap\u00e4evaseks t\u00f6\u00f6kohal kasutamiseks. Sisseehitatud PVC-st liugmehhanismiga disainitud 49 cm pikkuseid kaelapaelasid saab kiiresti muuta igale kasutajale ideaalselt sobivaks, tagades, et ID-kaardid ja volikirjad oleksid alati optimaalsel k\u00f5rgusel. Need on valmistatud vastupidavast pol\u00fcestrist t\u00e4iesti eritellimusel ning neid saab kohandada t\u00e4pselt ettev\u00f5tte br\u00e4ndingun\u00f5uetega ja tr\u00fckkida kvaliteetsete logodega.<\/p>\n<h2 data-path-to-node=\"6\">Peamised omadused<\/h2>\n<ul data-path-to-node=\"7\">\n<li>\n<p data-path-to-node=\"7,0,0\">Libistatav PVC pikkuse regulaator universaalseks sobivuseks ja maksimaalseks mugavuseks<\/p>\n<\/li>\n<li>\n<p data-path-to-node=\"7,1,0\">Eridisainiga eritellimusel tootmine vastavalt konkreetsetele br\u00e4ndijuhistele<\/p>\n<\/li>\n<li>\n<p data-path-to-node=\"7,2,0\">Kvaliteetne printimine teravate ja vastupidavate ettev\u00f5tte logode ja tekstide jaoks<\/p>\n<\/li>\n<li>\n<p data-path-to-node=\"7,3,0\">Usaldusv\u00e4\u00e4rne metallraam, mis on loodud igap\u00e4evaseks ja korduvaks kasutamiseks<\/p>\n<\/li>\n<\/ul>\n<h2 data-path-to-node=\"8\">Spetsifikatsioonid<\/h2>\n<ul data-path-to-node=\"9\">\n<li>\n<p data-path-to-node=\"9,0,0\">M\u00f5\u00f5tmed: 2 x 49 cm<\/p>\n<\/li>\n<li>\n<p data-path-to-node=\"9,1,0\">Materjal: vastupidav esmaklassiline pol\u00fcester PVC-regulaatoriga<\/p>\n<\/li>\n<li>\n<p data-path-to-node=\"9,2,0\">Minimaalne tellimuse kogus (MOQ): 100 \u00fchikut (m\u00fc\u00fcgil 100 kaupa)<\/p>\n<\/li>\n<li>\n<p data-path-to-node=\"9,3,0\">Standardkinnitus: Tugev metallkonks (alternatiivsed klambrid on saadaval soovi korral)<\/p>\n<\/li>\n<li>\n<p data-path-to-node=\"9,4,0\">Tr\u00fckivalikud: siiditr\u00fckk v\u00f5i \u00fclekandetr\u00fckk<\/p>\n<\/li>\n<\/ul>\n<h2 data-path-to-node=\"10\">Kasutusjuhud<\/h2>\n<ul data-path-to-node=\"11\">\n<li>\n<p data-path-to-node=\"11,0,0\">Standardiseeritud ettev\u00f5tte ID- ja ligip\u00e4\u00e4sukaardihoidjad mitmekesisele t\u00f6\u00f6j\u00f5ule<\/p>\n<\/li>\n<li>\n<p data-path-to-node=\"11,1,0\">T\u00f6\u00f6tajate ja osalejate volikirjad suuremahulistele konverentsidele ja messidele<\/p>\n<\/li>\n<li>\n<p data-path-to-node=\"11,2,0\">\u00dcli\u00f5pilaste ja \u00f5ppej\u00f5udude identifitseerimine koolides ja \u00fclikoolides<\/p>\n<\/li>\n<li>\n<p data-path-to-node=\"11,3,0\">Kohandatavad reklaamkaubad br\u00e4ndi aktiveerimiseks<\/p>\n<\/li>\n<\/ul>","protected":false},"excerpt":{"rendered":"<ul data-path-to-node=\"4\">\n<li>\n<p data-path-to-node=\"4,0,0\">Integreeritud PVC-st liugregulaator tagab mugava ja kindla sobivuse k\u00f5igile kasutajatele.<\/p>\n<\/li>\n<li>\n<p data-path-to-node=\"4,1,0\">Valmistatud vastupidavast pol\u00fcestrist, standardm\u00f5\u00f5tmetega 2 x 49 cm.<\/p>\n<\/li>\n<li>\n<p data-path-to-node=\"4,2,0\">Varustatud usaldusv\u00e4\u00e4rse metallkonksuga ID-kaartide, p\u00e4\u00e4smete ja v\u00f5tmete jaoks.<\/p>\n<\/li>\n<li>\n<p data-path-to-node=\"4,3,0\">T\u00f5hus B2B hange minimaalse tellimiskogusega (MOQ) 100 \u00fchikut.<\/p>\n<\/li>\n<\/ul>\n<p data-path-to-node=\"5\">","protected":false},"featured_media":6989,"comment_status":"closed","ping_status":"closed","template":"","meta":[],"product_brand":[],"product_cat":[104,108],"product_tag":[],"class_list":{"0":"post-6988","1":"product","2":"type-product","3":"status-publish","4":"has-post-thumbnail","6":"product_cat-custom-printed-lanyards","7":"product_cat-multifunctional-lanyards","9":"first","10":"instock","11":"shipping-taxable","12":"purchasable","13":"product-type-simple"},"_links":{"self":[{"href":"https:\/\/wristbandfactory.eu\/et\/wp-json\/wp\/v2\/product\/6988","targetHints":{"allow":["GET"]}}],"collection":[{"href":"https:\/\/wristbandfactory.eu\/et\/wp-json\/wp\/v2\/product"}],"about":[{"href":"https:\/\/wristbandfactory.eu\/et\/wp-json\/wp\/v2\/types\/product"}],"replies":[{"embeddable":true,"href":"https:\/\/wristbandfactory.eu\/et\/wp-json\/wp\/v2\/comments?post=6988"}],"wp:featuredmedia":[{"embeddable":true,"href":"https:\/\/wristbandfactory.eu\/et\/wp-json\/wp\/v2\/media\/6989"}],"wp:attachment":[{"href":"https:\/\/wristbandfactory.eu\/et\/wp-json\/wp\/v2\/media?parent=6988"}],"wp:term":[{"taxonomy":"product_brand","embeddable":true,"href":"https:\/\/wristbandfactory.eu\/et\/wp-json\/wp\/v2\/product_brand?post=6988"},{"taxonomy":"product_cat","embeddable":true,"href":"https:\/\/wristbandfactory.eu\/et\/wp-json\/wp\/v2\/product_cat?post=6988"},{"taxonomy":"product_tag","embeddable":true,"href":"https:\/\/wristbandfactory.eu\/et\/wp-json\/wp\/v2\/product_tag?post=6988"}],"curies":[{"name":"t\u00f6\u00f6leht","href":"https:\/\/api.w.org\/{rel}","templated":true}]}}