{"id":6982,"date":"2026-03-10T12:57:13","date_gmt":"2026-03-10T09:57:13","guid":{"rendered":"https:\/\/wristbandfactory.eu\/?post_type=product&#038;p=6982"},"modified":"2026-03-10T12:57:13","modified_gmt":"2026-03-10T09:57:13","slug":"custom-felt-protective-slippers-with-logo","status":"publish","type":"product","link":"https:\/\/wristbandfactory.eu\/et\/p\/custom-felt-protective-slippers-with-logo\/","title":{"rendered":"Logoga vildist kattesussid"},"content":{"rendered":"<p data-path-to-node=\"9\">Need esmaklassilised vildist jalan\u00f5ukatted pakuvad olulist ja korduvkasutatavat p\u00f5randakaitselahendust muinsuskaitsealustele objektidele, esmaklassilistele esindussaalidele ja \u00e4rihoonetele. Erinevalt \u00f5hukestest \u00fchekordselt kasutatavatest plastist jalan\u00f5ukatetest pakuvad need vastupidavad vildist alternatiivid suurep\u00e4rast vastupidavust, professionaalset v\u00e4limust ja usaldusv\u00e4\u00e4rset kaitset kriimustuste eest v\u00e4\u00e4rtuslikel p\u00f5randakatetel. Need on spetsiaalselt loodud nii, et need libisevad h\u00f5lpsalt k\u00fclastajate igap\u00e4evaste v\u00e4lisjalan\u00f5ude peal, tagades sujuva juurdep\u00e4\u00e4su rajatistele ilma puhtust ohverdamata.<\/p>\n<h2 data-path-to-node=\"10\">Peamised omadused<\/h2>\n<ul data-path-to-node=\"11\">\n<li>\n<p data-path-to-node=\"11,0,0\"><b data-path-to-node=\"11,0,0\" data-index-in-node=\"0\">T\u00f6\u00f6stusliku kvaliteediga materjal:<\/b> Valmistatud 3 mm paksusest pol\u00fcestriga immutatud vildist, mis \u00fchendab vildi pehmed ja mitteabrasiivsed omadused pidevaks \u00e4riliseks kasutamiseks vajaliku struktuurilise terviklikkusega.<\/p>\n<\/li>\n<li>\n<p data-path-to-node=\"11,1,0\"><b data-path-to-node=\"11,1,0\" data-index-in-node=\"0\">Kannarihma disain:<\/b> Et kalossid k\u00f5ndimise ajal jalast ei libiseks, on iga paar varustatud funktsionaalse kannapaelaga, mis kinnitab vildist katte jalan\u00f5u tagaosa \u00fcmber.<\/p>\n<\/li>\n<li>\n<p data-path-to-node=\"11,2,0\"><b data-path-to-node=\"11,2,0\" data-index-in-node=\"0\">Kohandamisvalikud:<\/b> Asutused saavad oma vapi, ettev\u00f5tte logo v\u00f5i suunava teksti integreerida suure kontrastsusega siiditr\u00fcki v\u00f5i v\u00e4ga vastupidava lasergraveeringu abil.<\/p>\n<\/li>\n<\/ul>\n<h2 data-path-to-node=\"12\">Spetsifikatsioonid<\/h2>\n<ul data-path-to-node=\"13\">\n<li>\n<p data-path-to-node=\"13,0,0\"><b data-path-to-node=\"13,0,0\" data-index-in-node=\"0\">Alusmaterjal:<\/b> 3 mm pol\u00fcestriga immutatud vilt<\/p>\n<\/li>\n<li>\n<p data-path-to-node=\"13,1,0\"><b data-path-to-node=\"13,1,0\" data-index-in-node=\"0\">Kinnitus:<\/b> Integreeritud kannapael<\/p>\n<\/li>\n<li>\n<p data-path-to-node=\"13,2,0\"><b data-path-to-node=\"13,2,0\" data-index-in-node=\"0\">Suurus:<\/b> XL\/XXL (\u00fclisuur suurus, et mahutada tavalisi t\u00e4iskasvanute \u00f5uejalatseid)<\/p>\n<\/li>\n<li>\n<p data-path-to-node=\"13,3,0\"><b data-path-to-node=\"13,3,0\" data-index-in-node=\"0\">MITTEKOHUSTUS:<\/b> 50 paari<\/p>\n<\/li>\n<\/ul>\n<h2 data-path-to-node=\"14\">Kasutusjuhud<\/h2>\n<ul data-path-to-node=\"15\">\n<li>\n<p data-path-to-node=\"15,0,0\"><b data-path-to-node=\"15,0,0\" data-index-in-node=\"0\">Kinnisvara ja m\u00fc\u00fcgisalongid:<\/b> Hoiab luksuslike n\u00e4idismajade, jahtide ja butiikide p\u00f5randaid klientide vaatamiste ja avatud uste p\u00e4evade ajal laitmatuna.<\/p>\n<\/li>\n<li>\n<p data-path-to-node=\"15,1,0\"><b data-path-to-node=\"15,1,0\" data-index-in-node=\"0\">Muuseumid ja ajaloolised m\u00f5isad:<\/b> Kaitseb antiikseid puitp\u00f5randaid ja \u00f5rnu vaipu suure k\u00fclastajate hulga eest.<\/p>\n<\/li>\n<li>\n<p data-path-to-node=\"15,2,0\"><b data-path-to-node=\"15,2,0\" data-index-in-node=\"0\">Kunstigaleriid ja n\u00e4itused:<\/b> Professionaalne ja br\u00e4nditud alternatiiv \u00fchekordselt kasutatavatele sinistele plastmassist kingakatetele VIP-n\u00e4ituste ekskursioonideks.<\/p>\n<\/li>\n<\/ul>","protected":false},"excerpt":{"rendered":"<p data-path-to-node=\"7\">Vastupidavad vildist pealisjalatsid, mis on loodud kaitsma \u00f5rnu p\u00f5randaid m\u00fc\u00fcgisalongides, kinnisvaran\u00e4itustel, galeriides ja ajaloolistes m\u00f5isates. M\u00f5eldud kandmiseks otse k\u00fclaliste v\u00e4lisjalatsite peal.<\/p>\n<ul data-path-to-node=\"8\">\n<li>\n<p data-path-to-node=\"8,0,0\"><b data-path-to-node=\"8,0,0\" data-index-in-node=\"0\">Maksimaalne p\u00f5randakaitse:<\/b> Valmistatud vastupidavast 3 mm pol\u00fcesteriga immutatud vildist, mis hoiab \u00e4ra kriimustuste, kriimustuste ja mustuse nakkumise puit- v\u00f5i marmorp\u00f5randatele.<\/p>\n<\/li>\n<li>\n<p data-path-to-node=\"8,1,0\"><b data-path-to-node=\"8,1,0\" data-index-in-node=\"0\">Turvaline ja universaalne sobivus:<\/b> Saabastel on lai XL\/XXL suuruste muster, mis sobib erinevatele jalan\u00f5usuurustele, ning sisseehitatud kannapael kindla haarde tagamiseks.<\/p>\n<\/li>\n<li>\n<p data-path-to-node=\"8,2,0\"><b data-path-to-node=\"8,2,0\" data-index-in-node=\"0\">Korduvkasutatav ja vastupidav:<\/b> Impregneeritud vildist struktuur tagab pikaajalise kulumise suure k\u00fclastatavusega avalikes ja \u00e4riruumides.<\/p>\n<\/li>\n<li>\n<p data-path-to-node=\"8,3,0\"><b data-path-to-node=\"8,3,0\" data-index-in-node=\"0\">Ettev\u00f5tte br\u00e4nding:<\/b> Kohandatav vastupidava siiditr\u00fcki v\u00f5i t\u00e4pse lasergraveerimise abil, et s\u00e4ilitada asutuse br\u00e4nding.<\/p>\n<\/li>\n<li>\n<p data-path-to-node=\"8,4,0\"><b data-path-to-node=\"8,4,0\" data-index-in-node=\"0\">Madal miinimumtellimus:<\/b> Saadaval koheseks integreerimiseks tehasega minimaalse tellimiskogusega (MOQ) 50 paari.<\/p>\n<\/li>\n<\/ul>","protected":false},"featured_media":6983,"comment_status":"closed","ping_status":"closed","template":"","meta":[],"product_brand":[],"product_cat":[132],"product_tag":[],"class_list":{"0":"post-6982","1":"product","2":"type-product","3":"status-publish","4":"has-post-thumbnail","6":"product_cat-hotel-spa-amenities","8":"first","9":"instock","10":"shipping-taxable","11":"product-type-simple"},"_links":{"self":[{"href":"https:\/\/wristbandfactory.eu\/et\/wp-json\/wp\/v2\/product\/6982","targetHints":{"allow":["GET"]}}],"collection":[{"href":"https:\/\/wristbandfactory.eu\/et\/wp-json\/wp\/v2\/product"}],"about":[{"href":"https:\/\/wristbandfactory.eu\/et\/wp-json\/wp\/v2\/types\/product"}],"replies":[{"embeddable":true,"href":"https:\/\/wristbandfactory.eu\/et\/wp-json\/wp\/v2\/comments?post=6982"}],"wp:featuredmedia":[{"embeddable":true,"href":"https:\/\/wristbandfactory.eu\/et\/wp-json\/wp\/v2\/media\/6983"}],"wp:attachment":[{"href":"https:\/\/wristbandfactory.eu\/et\/wp-json\/wp\/v2\/media?parent=6982"}],"wp:term":[{"taxonomy":"product_brand","embeddable":true,"href":"https:\/\/wristbandfactory.eu\/et\/wp-json\/wp\/v2\/product_brand?post=6982"},{"taxonomy":"product_cat","embeddable":true,"href":"https:\/\/wristbandfactory.eu\/et\/wp-json\/wp\/v2\/product_cat?post=6982"},{"taxonomy":"product_tag","embeddable":true,"href":"https:\/\/wristbandfactory.eu\/et\/wp-json\/wp\/v2\/product_tag?post=6982"}],"curies":[{"name":"t\u00f6\u00f6leht","href":"https:\/\/api.w.org\/{rel}","templated":true}]}}