{"id":6980,"date":"2026-03-10T12:49:44","date_gmt":"2026-03-10T09:49:44","guid":{"rendered":"https:\/\/wristbandfactory.eu\/?post_type=product&#038;p=6980"},"modified":"2026-03-10T12:49:44","modified_gmt":"2026-03-10T09:49:44","slug":"custom-wool-felt-slippers-with-logo","status":"publish","type":"product","link":"https:\/\/wristbandfactory.eu\/et\/p\/custom-wool-felt-slippers-with-logo\/","title":{"rendered":"Logoga vildist sussid"},"content":{"rendered":"<p data-path-to-node=\"7\">T\u00f5stke oma k\u00fclaliste kogemus k\u00f5rgemale tasemele esmaklassiliste villavildist sussidega, mis on loodud spetsiaalselt t\u00e4nap\u00e4evase k\u00fclalislahkussektori ja juhtivt\u00f6\u00f6tajate kingituste k\u00f5rgete standardite j\u00e4rgi. Erinevalt \u00fchekordselt kasutatavatest hotellisussidest pakuvad need vastupidavad vildist alternatiivid suurep\u00e4rast mugavust, suuremat vastupidavust ja selget p\u00fchendumust s\u00e4\u00e4stvatele, keskkonnas\u00f5bralikele materjalidele. Villa loomulik hingavus tagab kliimakontrollitud mugavuse, muutes need ideaalseks aastaringseks siseruumides kasutamiseks.<\/p>\n<h2 data-path-to-node=\"8\">Peamised omadused<\/h2>\n<ul data-path-to-node=\"9\">\n<li>\n<p data-path-to-node=\"9,0,0\"><b data-path-to-node=\"9,0,0\" data-index-in-node=\"0\">Materjali koostis:<\/b> Valmistatud kvaliteetsest 3 mm villavildist, millel on spetsiaalne libisemisvastane aluskiht maksimaalse ohutuse tagamiseks lehtpuu-, plaat- ja marmorpindadel.<\/p>\n<\/li>\n<li>\n<p data-path-to-node=\"9,1,0\"><b data-path-to-node=\"9,1,0\" data-index-in-node=\"0\">Kohandamise tehnikad:<\/b> Br\u00e4ndi oma k\u00fclaliste jalan\u00f5ud, kasutades peent lasergraveeringut (luues keeruka reljeefse efekti), kvaliteetset tikandit tekstuurse ilme saavutamiseks v\u00f5i erksat siiditr\u00fckki.<\/p>\n<\/li>\n<li>\n<p data-path-to-node=\"9,2,0\"><b data-path-to-node=\"9,2,0\" data-index-in-node=\"0\">Ergonoomiline disain:<\/b> Struktureeritud, kuid paindliku l\u00f5ikega, mis kohandub kandja jalaga, pakkudes olulist edasiminekut tavaliste lamedate mugavussussidega v\u00f5rreldes.<\/p>\n<\/li>\n<\/ul>\n<h2 data-path-to-node=\"10\">Spetsifikatsioonid<\/h2>\n<ul data-path-to-node=\"11\">\n<li>\n<p data-path-to-node=\"11,0,0\"><b data-path-to-node=\"11,0,0\" data-index-in-node=\"0\">Alusmaterjal:<\/b> 3 mm villavilt<\/p>\n<\/li>\n<li>\n<p data-path-to-node=\"11,1,0\"><b data-path-to-node=\"11,1,0\" data-index-in-node=\"0\">Tald:<\/b> Integreeritud libisemisvastane kiht<\/p>\n<\/li>\n<li>\n<p data-path-to-node=\"11,2,0\"><b data-path-to-node=\"11,2,0\" data-index-in-node=\"0\">MITTEKOHUSTUS:<\/b> 50 paari<\/p>\n<\/li>\n<li>\n<p data-path-to-node=\"11,3,0\"><b data-path-to-node=\"11,3,0\" data-index-in-node=\"0\">Saadaval olevad suurused:<\/b><\/p>\n<ul data-path-to-node=\"11,3,1\">\n<li>\n<p data-path-to-node=\"11,3,1,0,0\"><b data-path-to-node=\"11,3,1,0,0\" data-index-in-node=\"0\">M:<\/b> 28 cm (sobib umbes suurusele EU 38-40)<\/p>\n<\/li>\n<li>\n<p data-path-to-node=\"11,3,1,1,0\"><b data-path-to-node=\"11,3,1,1,0\" data-index-in-node=\"0\">L:<\/b> 30 cm (sobib umbes suurusele EU 41-43)<\/p>\n<\/li>\n<li>\n<p data-path-to-node=\"11,3,1,2,0\"><b data-path-to-node=\"11,3,1,2,0\" data-index-in-node=\"0\">XL-suurus:<\/b> 32 cm (sobib umbes suurusele EU 44-46)<\/p>\n<\/li>\n<\/ul>\n<\/li>\n<\/ul>\n<h2 data-path-to-node=\"12\">Kasutusjuhud<\/h2>\n<ul data-path-to-node=\"13\">\n<li>\n<p data-path-to-node=\"13,0,0\"><b data-path-to-node=\"13,0,0\" data-index-in-node=\"0\">Butiikhotellid ja kuurordid:<\/b> Tipptasemel toamugavus, mis tugevdab br\u00e4ndi kvaliteeti ja suurendab k\u00fclaliste \u00fcldist rahulolu.<\/p>\n<\/li>\n<li>\n<p data-path-to-node=\"13,1,0\"><b data-path-to-node=\"13,1,0\" data-index-in-node=\"0\">Luksuslikud spaad ja tervisekeskused:<\/b> Ohutud, mugavad ja libisemiskindlad jalatsid k\u00fclalistele, kes liiguvad m\u00e4rgades v\u00f5i siledates protseduuripiirkondades.<\/p>\n<\/li>\n<li>\n<p data-path-to-node=\"13,2,0\"><b data-path-to-node=\"13,2,0\" data-index-in-node=\"0\">Ettev\u00f5tte retriidid ja kingituste jagamine:<\/b> Erakordne ja k\u00f5rgelt hinnatud firmakingitus talvisteks tippkohtumisteks, juhtide sisseelamiseks v\u00f5i puhkusepakettideks.<\/p>\n<\/li>\n<\/ul>","protected":false},"excerpt":{"rendered":"<p data-path-to-node=\"5\">Kvaliteetsed 3 mm villavildist k\u00fclaliste sussid, mis on loodud butiikhotellidele, luksusspaadele ja tipptasemel ettev\u00f5tetele. Mugavuse ja ohutuse tagamiseks loodud integreeritud libisemisvastase tallaga.<\/p>\n<ul data-path-to-node=\"6\">\n<li>\n<p data-path-to-node=\"6,0,0\"><b data-path-to-node=\"6,0,0\" data-index-in-node=\"0\">Kvaliteetne materjal:<\/b> Valmistatud tihedast 3 mm villavildist, mis tagab suurep\u00e4rase soojusisolatsiooni, hingavuse ja luksusliku puutetundlikkuse.<\/p>\n<\/li>\n<li>\n<p data-path-to-node=\"6,1,0\"><b data-path-to-node=\"6,1,0\" data-index-in-node=\"0\">Ohutus ennek\u00f5ike:<\/b> Spetsiaalne libisemisvastane alumine kiht tagab kindla jalgealuse siledal hotelli- ja spaap\u00f5randal.<\/p>\n<\/li>\n<li>\n<p data-path-to-node=\"6,2,0\"><b data-path-to-node=\"6,2,0\" data-index-in-node=\"0\">Universaalne suurus:<\/b> Saadaval kolmes mitmek\u00fclgses suuruses (M, L, XL), mis sobivad Euroopa jalan\u00f5ude suurustele 38\u201346.<\/p>\n<\/li>\n<li>\n<p data-path-to-node=\"6,3,0\"><b data-path-to-node=\"6,3,0\" data-index-in-node=\"0\">Elegantne br\u00e4nding:<\/b> Toetab \u00fclit\u00e4pset lasergraveerimist, detailset tikandit ja klassikalist printimist, mis sobivad teie majutusbr\u00e4ndi identiteediga.<\/p>\n<\/li>\n<li>\n<p data-path-to-node=\"6,4,0\"><b data-path-to-node=\"6,4,0\" data-index-in-node=\"0\">Ligip\u00e4\u00e4setav tellimuste maht:<\/b> Skaleeritav butiikidele ja firma\u00fcritustele minimaalse tellimiskogusega (MOQ) 50 paari.<\/p>\n<\/li>\n<\/ul>","protected":false},"featured_media":6981,"comment_status":"closed","ping_status":"closed","template":"","meta":[],"product_brand":[],"product_cat":[132],"product_tag":[],"class_list":{"0":"post-6980","1":"product","2":"type-product","3":"status-publish","4":"has-post-thumbnail","6":"product_cat-hotel-spa-amenities","8":"first","9":"instock","10":"shipping-taxable","11":"product-type-simple"},"_links":{"self":[{"href":"https:\/\/wristbandfactory.eu\/et\/wp-json\/wp\/v2\/product\/6980","targetHints":{"allow":["GET"]}}],"collection":[{"href":"https:\/\/wristbandfactory.eu\/et\/wp-json\/wp\/v2\/product"}],"about":[{"href":"https:\/\/wristbandfactory.eu\/et\/wp-json\/wp\/v2\/types\/product"}],"replies":[{"embeddable":true,"href":"https:\/\/wristbandfactory.eu\/et\/wp-json\/wp\/v2\/comments?post=6980"}],"wp:featuredmedia":[{"embeddable":true,"href":"https:\/\/wristbandfactory.eu\/et\/wp-json\/wp\/v2\/media\/6981"}],"wp:attachment":[{"href":"https:\/\/wristbandfactory.eu\/et\/wp-json\/wp\/v2\/media?parent=6980"}],"wp:term":[{"taxonomy":"product_brand","embeddable":true,"href":"https:\/\/wristbandfactory.eu\/et\/wp-json\/wp\/v2\/product_brand?post=6980"},{"taxonomy":"product_cat","embeddable":true,"href":"https:\/\/wristbandfactory.eu\/et\/wp-json\/wp\/v2\/product_cat?post=6980"},{"taxonomy":"product_tag","embeddable":true,"href":"https:\/\/wristbandfactory.eu\/et\/wp-json\/wp\/v2\/product_tag?post=6980"}],"curies":[{"name":"t\u00f6\u00f6leht","href":"https:\/\/api.w.org\/{rel}","templated":true}]}}