{"id":6978,"date":"2026-03-10T12:45:47","date_gmt":"2026-03-10T09:45:47","guid":{"rendered":"https:\/\/wristbandfactory.eu\/?post_type=product&#038;p=6978"},"modified":"2026-03-10T12:45:47","modified_gmt":"2026-03-10T09:45:47","slug":"custom-washable-paper-lanyards-with-logo","status":"publish","type":"product","link":"https:\/\/wristbandfactory.eu\/et\/p\/custom-washable-paper-lanyards-with-logo\/","title":{"rendered":"Logoga pestavast paberist kaelapaelad"},"content":{"rendered":"<p data-path-to-node=\"7\">Pestav paberist kaelapael toob ettev\u00f5tete identifitseerimise ja \u00fcrituste meenete turule tipptasemel materjali. 45 cm pikkune ja mugava 20 mm laiune kaelapael on valmistatud spetsiaalsest paberikomposiitmaterjalist, mis on t\u00e4iesti rebenemiskindel, painduv ja niiskuskindel. Pestav paber, mida sageli nimetatakse ka &quot;vegan nahaks&quot;, pakub eristuvat ja moodsat esteetikat, mis meeldib edumeelsetele br\u00e4ndidele, kes soovivad traditsioonilisi s\u00fcnteetilisi \u00fcrituste rihmasid asendada v\u00e4ga j\u00e4tkusuutliku alternatiiviga.<\/p>\n<h2 data-path-to-node=\"8\">Peamised omadused<\/h2>\n<ul data-path-to-node=\"9\">\n<li>\n<p data-path-to-node=\"9,0,0\"><b data-path-to-node=\"9,0,0\" data-index-in-node=\"0\">Materjaliuuendus:<\/b> Valmistatud pestavast kraftpaberi komposiitmaterjalist. See on kerge, erakordselt vastupidav ja regulaarsel kasutamisel omandab sellele ainulaadse pehme patina.<\/p>\n<\/li>\n<li>\n<p data-path-to-node=\"9,1,0\"><b data-path-to-node=\"9,1,0\" data-index-in-node=\"0\">Turvaline manus:<\/b> Igal kaelapaelal on vastupidav metallist karabiinikonks, mis tagab universaalse \u00fchilduvuse tavaliste ettev\u00f5tte m\u00e4rgihoidjate ja VIP-tunnistustega.<\/p>\n<\/li>\n<li>\n<p data-path-to-node=\"9,2,0\"><b data-path-to-node=\"9,2,0\" data-index-in-node=\"0\">Kohandatavus:<\/b> Pestava paberi sile ja vastupidav pind sobib ideaalselt suure kontrastsusega siiditr\u00fckiks ja detailseks lasergraveerimiseks, mille tulemuseks on puhas ja professionaalne br\u00e4ndiesitlus.<\/p>\n<\/li>\n<\/ul>\n<h2 data-path-to-node=\"10\">Spetsifikatsioonid<\/h2>\n<ul data-path-to-node=\"11\">\n<li>\n<p data-path-to-node=\"11,0,0\"><b data-path-to-node=\"11,0,0\" data-index-in-node=\"0\">Tilga pikkus:<\/b> ~45 cm<\/p>\n<\/li>\n<li>\n<p data-path-to-node=\"11,1,0\"><b data-path-to-node=\"11,1,0\" data-index-in-node=\"0\">Laius:<\/b> ~20 mm<\/p>\n<\/li>\n<li>\n<p data-path-to-node=\"11,2,0\"><b data-path-to-node=\"11,2,0\" data-index-in-node=\"0\">MITTEKOHUSTUS:<\/b> 50 t\u00fckki<\/p>\n<\/li>\n<li>\n<p data-path-to-node=\"11,3,0\"><b data-path-to-node=\"11,3,0\" data-index-in-node=\"0\">Riistvara:<\/b> Metallist karabiinikonks<\/p>\n<\/li>\n<li>\n<p data-path-to-node=\"11,4,0\"><b data-path-to-node=\"11,4,0\" data-index-in-node=\"0\">Materjal:<\/b> Pestav paber (vegannahast komposiit)<\/p>\n<\/li>\n<\/ul>\n<h2 data-path-to-node=\"12\">Kasutusjuhud<\/h2>\n<ul data-path-to-node=\"13\">\n<li>\n<p data-path-to-node=\"13,0,0\"><b data-path-to-node=\"13,0,0\" data-index-in-node=\"0\">Tehnoloogia- ja innovatsioonikonverentsid:<\/b> Silmatorkav ja moodne alternatiiv tavalistele kaupadele tippkohtumistel, h\u00e4katonidel ja idufirmade \u00fcritustel.<\/p>\n<\/li>\n<li>\n<p data-path-to-node=\"13,1,0\"><b data-path-to-node=\"13,1,0\" data-index-in-node=\"0\">Loomingulised agentuurid:<\/b> Sobib ideaalselt disainistuudiote, arhitektuurib\u00fcroode ja turundusagentuuride br\u00e4ndiidentiteediga.<\/p>\n<\/li>\n<li>\n<p data-path-to-node=\"13,2,0\"><b data-path-to-node=\"13,2,0\" data-index-in-node=\"0\">Keskkonnateadliku ettev\u00f5tte ID:<\/b> Pakub t\u00f6\u00f6tajatele mugavat, kerget ja v\u00e4ga j\u00e4tkusuutlikku lahendust igap\u00e4evaseks kaardihoidmiseks.<\/p>\n<\/li>\n<\/ul>","protected":false},"excerpt":{"rendered":"<p data-path-to-node=\"5\">Innovatiivne 45 cm pikkune kaelapael, mis on valmistatud vastupidavast, rebenemiskindlast ja pestavast paberist. Loodud kaasaegseks ettev\u00f5tte identiteedi haldamiseks ja keskkonnas\u00f5bralikeks \u00fcritusteks.<\/p>\n<ul data-path-to-node=\"6\">\n<li>\n<p data-path-to-node=\"6,0,0\"><b data-path-to-node=\"6,0,0\" data-index-in-node=\"0\">T\u00e4iustatud \u00f6komaterjal:<\/b> Valmistatud vastupidavast pestavast paberist, millel on ainulaadne, nahktaoline tekstuur, mis on nii vegan kui ka v\u00e4ga j\u00e4tkusuutlik.<\/p>\n<\/li>\n<li>\n<p data-path-to-node=\"6,1,0\"><b data-path-to-node=\"6,1,0\" data-index-in-node=\"0\">K\u00f5rge vastupidavus:<\/b> Loodud taluma igap\u00e4evast kulumist, s\u00e4ilitades konstruktsiooni terviklikkuse ilma rebenemise v\u00f5i narmendamiseta.<\/p>\n<\/li>\n<li>\n<p data-path-to-node=\"6,2,0\"><b data-path-to-node=\"6,2,0\" data-index-in-node=\"0\">Professionaalne riistvara:<\/b> Varustatud usaldusv\u00e4\u00e4rse metallkarabiinkonksuga ID-kaartide ja \u00fcrituste p\u00e4\u00e4smete turvaliseks kinnitamiseks.<\/p>\n<\/li>\n<li>\n<p data-path-to-node=\"6,3,0\"><b data-path-to-node=\"6,3,0\" data-index-in-node=\"0\">Kaasaegsed br\u00e4ndinguv\u00f5imalused:<\/b> V\u00e4ga vastuv\u00f5tlik t\u00e4psele lasergraveerimisele ja teravale siiditr\u00fckile, et teie ettev\u00f5tte logo selgelt kuvada.<\/p>\n<\/li>\n<li>\n<p data-path-to-node=\"6,4,0\"><b data-path-to-node=\"6,4,0\" data-index-in-node=\"0\">Madal miinimumtellimus:<\/b> Saadaval sihtotstarbelisteks ettev\u00f5ttekampaaniateks ja butiik\u00fcritusteks, minimaalne kogus 50 t\u00fckki.<\/p>\n<\/li>\n<\/ul>","protected":false},"featured_media":6979,"comment_status":"closed","ping_status":"closed","template":"","meta":[],"product_brand":[],"product_cat":[107],"product_tag":[],"class_list":{"0":"post-6978","1":"product","2":"type-product","3":"status-publish","4":"has-post-thumbnail","6":"product_cat-eco-friendly-lanyards","8":"first","9":"instock","10":"shipping-taxable","11":"product-type-simple"},"_links":{"self":[{"href":"https:\/\/wristbandfactory.eu\/et\/wp-json\/wp\/v2\/product\/6978","targetHints":{"allow":["GET"]}}],"collection":[{"href":"https:\/\/wristbandfactory.eu\/et\/wp-json\/wp\/v2\/product"}],"about":[{"href":"https:\/\/wristbandfactory.eu\/et\/wp-json\/wp\/v2\/types\/product"}],"replies":[{"embeddable":true,"href":"https:\/\/wristbandfactory.eu\/et\/wp-json\/wp\/v2\/comments?post=6978"}],"wp:featuredmedia":[{"embeddable":true,"href":"https:\/\/wristbandfactory.eu\/et\/wp-json\/wp\/v2\/media\/6979"}],"wp:attachment":[{"href":"https:\/\/wristbandfactory.eu\/et\/wp-json\/wp\/v2\/media?parent=6978"}],"wp:term":[{"taxonomy":"product_brand","embeddable":true,"href":"https:\/\/wristbandfactory.eu\/et\/wp-json\/wp\/v2\/product_brand?post=6978"},{"taxonomy":"product_cat","embeddable":true,"href":"https:\/\/wristbandfactory.eu\/et\/wp-json\/wp\/v2\/product_cat?post=6978"},{"taxonomy":"product_tag","embeddable":true,"href":"https:\/\/wristbandfactory.eu\/et\/wp-json\/wp\/v2\/product_tag?post=6978"}],"curies":[{"name":"t\u00f6\u00f6leht","href":"https:\/\/api.w.org\/{rel}","templated":true}]}}