{"id":6976,"date":"2026-03-10T12:42:09","date_gmt":"2026-03-10T09:42:09","guid":{"rendered":"https:\/\/wristbandfactory.eu\/?post_type=product&#038;p=6976"},"modified":"2026-03-10T12:42:10","modified_gmt":"2026-03-10T09:42:10","slug":"custom-recycled-leather-lanyards-with-logo","status":"publish","type":"product","link":"https:\/\/wristbandfactory.eu\/et\/p\/custom-recycled-leather-lanyards-with-logo\/","title":{"rendered":"Logoga taaskasutatud nahast kaelapaelad"},"content":{"rendered":"<p data-path-to-node=\"7\">Taaskasutatud nahast kaelapaelade seeria pakub kompromissitut luksuse ja j\u00e4tkusuutlikkuse kombinatsiooni ettev\u00f5tte ID-de haldamiseks. See esmaklassiline rihm, mille standardpikkus on 45 cm ja laius 20 mm, asendab tavap\u00e4rase pol\u00fcestri kvaliteetse ja kombatava materjaliga. See on spetsiaalselt loodud organisatsioonidele, mis vajavad keerukat ja juhtivt\u00f6\u00f6tajatele suunatud esitlust, j\u00e4rgides samal ajal kaasaegseid ettev\u00f5tte j\u00e4tkusuutlikkuse eesm\u00e4rke.<\/p>\n<h2 data-path-to-node=\"8\">Peamised omadused<\/h2>\n<ul data-path-to-node=\"9\">\n<li>\n<p data-path-to-node=\"9,0,0\"><b data-path-to-node=\"9,0,0\" data-index-in-node=\"0\">Materjali tipptase:<\/b> Valmistatud t\u00e4ielikult vastupidavast taaskasutatud nahast, pakkudes siledat viimistlust, suurt t\u00f5mbetugevust ja esmaklassilist esteetikat, mis vananeb kasutamise k\u00e4igus graatsiliselt.<\/p>\n<\/li>\n<li>\n<p data-path-to-node=\"9,1,0\"><b data-path-to-node=\"9,1,0\" data-index-in-node=\"0\">Riistvara integreerimine:<\/b> Igal seadmel on vastupidav metallist karabiinkonks, mis tagab turvalise ja universaalse \u00fchilduvuse tavaliste ettev\u00f5tte kaardihoidjate ja \u00fcrituste p\u00e4\u00e4smetega.<\/p>\n<\/li>\n<li>\n<p data-path-to-node=\"9,2,0\"><b data-path-to-node=\"9,2,0\" data-index-in-node=\"0\">T\u00e4iustatud kohandamine:<\/b> T\u00f5sta oma br\u00e4ndi identiteeti tipptasemel m\u00e4rgistustehnikate abil. Nahkpind on erakordselt vastuv\u00f5tlik traditsioonilisele reljeeftr\u00fckile, efektsele metallikfooliumtr\u00fckile (kuld\/h\u00f5be) ja t\u00e4psele lasergraveerimisele.<\/p>\n<\/li>\n<\/ul>\n<h2 data-path-to-node=\"10\">Spetsifikatsioonid<\/h2>\n<ul data-path-to-node=\"11\">\n<li>\n<p data-path-to-node=\"11,0,0\"><b data-path-to-node=\"11,0,0\" data-index-in-node=\"0\">Tilga pikkus:<\/b> ~45 cm<\/p>\n<\/li>\n<li>\n<p data-path-to-node=\"11,1,0\"><b data-path-to-node=\"11,1,0\" data-index-in-node=\"0\">Laius:<\/b> ~20 mm<\/p>\n<\/li>\n<li>\n<p data-path-to-node=\"11,2,0\"><b data-path-to-node=\"11,2,0\" data-index-in-node=\"0\">MITTEKOHUSTUS:<\/b> 50 t\u00fckki<\/p>\n<\/li>\n<li>\n<p data-path-to-node=\"11,3,0\"><b data-path-to-node=\"11,3,0\" data-index-in-node=\"0\">Riistvara:<\/b> Metallist karabiinikonks<\/p>\n<\/li>\n<li>\n<p data-path-to-node=\"11,4,0\"><b data-path-to-node=\"11,4,0\" data-index-in-node=\"0\">Materjal:<\/b> Taaskasutatud nahk<\/p>\n<\/li>\n<\/ul>\n<h2 data-path-to-node=\"12\">Kasutusjuhud<\/h2>\n<ul data-path-to-node=\"13\">\n<li>\n<p data-path-to-node=\"13,0,0\"><b data-path-to-node=\"13,0,0\" data-index-in-node=\"0\">Juhtide ja VIP-\u00fcritused:<\/b> Kindel valik p\u00e4\u00e4smete soetamiseks eksklusiivsetele tooteesitlustele, gala\u00f5htus\u00f6\u00f6kidele ja k\u00f5rgetasemelistele ettev\u00f5tete tippkohtumistele.<\/p>\n<\/li>\n<li>\n<p data-path-to-node=\"13,1,0\"><b data-path-to-node=\"13,1,0\" data-index-in-node=\"0\">Auto- ja luksusbr\u00e4ndid:<\/b> Sujuvalt sobitub autoesinduste, luksuskinnisvarafirmade ja tipptasemel majutussektori esmaklassiliste kaubam\u00e4rkide identiteetidega.<\/p>\n<\/li>\n<li>\n<p data-path-to-node=\"13,2,0\"><b data-path-to-node=\"13,2,0\" data-index-in-node=\"0\">Ettev\u00f5tte ID-de haldus:<\/b> Pakub juhtkondadele ja klientidega suhtlevatele t\u00f6\u00f6tajatele keerukat ja vastupidavat igap\u00e4evast kaardihoidjate hoidmise lahendust.<\/p>\n<\/li>\n<\/ul>","protected":false},"excerpt":{"rendered":"<p data-path-to-node=\"5\">Kvaliteetne 45 cm pikkune kaelapael, mis on valmistatud j\u00e4tkusuutlikust taaskasutatud nahast ja on loodud juhtide identifitseerimiseks, VIP-\u00fcritusteks ja luksuslikeks firmakingitusteks.<\/p>\n<ul data-path-to-node=\"6\">\n<li>\n<p data-path-to-node=\"6,0,0\"><b data-path-to-node=\"6,0,0\" data-index-in-node=\"0\">Kvaliteetne j\u00e4tkusuutlik materjal:<\/b> Valmistatud kvaliteetsest taaskasutatud nahast, pakkudes traditsioonilise naha peent v\u00e4limust ja kombatavat tunnet, v\u00e4hendades samal ajal keskkonnajalaj\u00e4lge.<\/p>\n<\/li>\n<li>\n<p data-path-to-node=\"6,1,0\"><b data-path-to-node=\"6,1,0\" data-index-in-node=\"0\">Luksusbr\u00e4ndingu valikud:<\/b> \u00c4\u00e4rmiselt optimeeritud esmaklassiliseks kohandamiseks, sh elegantne kuld- v\u00f5i h\u00f5befooliumist reljeeftr\u00fckk, lasergraveerimine ja siiditr\u00fckk.<\/p>\n<\/li>\n<li>\n<p data-path-to-node=\"6,2,0\"><b data-path-to-node=\"6,2,0\" data-index-in-node=\"0\">Professionaalne riistvara:<\/b> Varustatud vastupidava metallist karabiiniga VIP-volituste, ID-kaartide v\u00f5i juurdep\u00e4\u00e4suv\u00f5tmete turvaliseks hoidmiseks.<\/p>\n<\/li>\n<li>\n<p data-path-to-node=\"6,3,0\"><b data-path-to-node=\"6,3,0\" data-index-in-node=\"0\">Madal miinimumtellimus:<\/b> Ideaalselt skaleeritud eksklusiivsete firma\u00fcrituste ja juhtimismeeskondade jaoks, minimaalne tellimiskogus (MOQ) 50 t\u00fckki.<\/p>\n<\/li>\n<\/ul>","protected":false},"featured_media":6977,"comment_status":"closed","ping_status":"closed","template":"","meta":[],"product_brand":[],"product_cat":[107],"product_tag":[],"class_list":{"0":"post-6976","1":"product","2":"type-product","3":"status-publish","4":"has-post-thumbnail","6":"product_cat-eco-friendly-lanyards","8":"first","9":"instock","10":"shipping-taxable","11":"product-type-simple"},"_links":{"self":[{"href":"https:\/\/wristbandfactory.eu\/et\/wp-json\/wp\/v2\/product\/6976","targetHints":{"allow":["GET"]}}],"collection":[{"href":"https:\/\/wristbandfactory.eu\/et\/wp-json\/wp\/v2\/product"}],"about":[{"href":"https:\/\/wristbandfactory.eu\/et\/wp-json\/wp\/v2\/types\/product"}],"replies":[{"embeddable":true,"href":"https:\/\/wristbandfactory.eu\/et\/wp-json\/wp\/v2\/comments?post=6976"}],"wp:featuredmedia":[{"embeddable":true,"href":"https:\/\/wristbandfactory.eu\/et\/wp-json\/wp\/v2\/media\/6977"}],"wp:attachment":[{"href":"https:\/\/wristbandfactory.eu\/et\/wp-json\/wp\/v2\/media?parent=6976"}],"wp:term":[{"taxonomy":"product_brand","embeddable":true,"href":"https:\/\/wristbandfactory.eu\/et\/wp-json\/wp\/v2\/product_brand?post=6976"},{"taxonomy":"product_cat","embeddable":true,"href":"https:\/\/wristbandfactory.eu\/et\/wp-json\/wp\/v2\/product_cat?post=6976"},{"taxonomy":"product_tag","embeddable":true,"href":"https:\/\/wristbandfactory.eu\/et\/wp-json\/wp\/v2\/product_tag?post=6976"}],"curies":[{"name":"t\u00f6\u00f6leht","href":"https:\/\/api.w.org\/{rel}","templated":true}]}}