{"id":6963,"date":"2026-03-10T12:33:24","date_gmt":"2026-03-10T09:33:24","guid":{"rendered":"https:\/\/wristbandfactory.eu\/?post_type=product&#038;p=6963"},"modified":"2026-03-10T12:33:24","modified_gmt":"2026-03-10T09:33:24","slug":"custom-shaped-felt-keychains-with-logo","status":"publish","type":"product","link":"https:\/\/wristbandfactory.eu\/et\/p\/custom-shaped-felt-keychains-with-logo\/","title":{"rendered":"Logoga erikujulised vildist v\u00f5tmehoidjad"},"content":{"rendered":"<p data-path-to-node=\"7\">Need lamedad ja h\u00f5lpsasti kohandatavad v\u00f5tmehoidjad on t\u00f5hus ja kombatav br\u00e4ndinguvahend \u00e4riklientidele, majutussektorile ja reklaami\u00fcritustele. Erinevalt tavalistest riistvaralistest v\u00f5tmehoidjatest pakuvad need kerged ripatsid f\u00fc\u00fcsilise vormi osas laia paindlikkust, v\u00f5imaldades br\u00e4ndidel materjali l\u00f5igata eridisainiga kujunditeks, mis peegeldavad nende logo v\u00f5i kampaania teemat. T\u00e4ielikult j\u00e4tkusuutlikest materjalidest valmistatud v\u00f5tmehoidjad pakuvad professionaalset ja keskkonnas\u00f5bralikku kaubalahendust.<\/p>\n<h2 data-path-to-node=\"8\">Peamised omadused<\/h2>\n<ul data-path-to-node=\"9\">\n<li>\n<p data-path-to-node=\"9,0,0\"><b data-path-to-node=\"9,0,0\" data-index-in-node=\"0\">Materjali valik:<\/b> P\u00f5hivalikus on kvaliteetne villavilt ja taaskasutatud PET-vilt (rPET). Alternatiivsete j\u00e4tkusuutlike valikute hulka kuuluvad taaskasutatud nahk ja pestav paber, mis pakuvad eristuvaid tekstuure ja viimistlusi.<\/p>\n<\/li>\n<li>\n<p data-path-to-node=\"9,1,0\"><b data-path-to-node=\"9,1,0\" data-index-in-node=\"0\">Konstruktsiooniline disain:<\/b> Saadaval voolujoonelise \u00fchekihilise konfiguratsioonina v\u00f5i esmaklassilise kahekihilise disainina, millel on tugevdatud perimeetri\u00f5mblus.<\/p>\n<\/li>\n<li>\n<p data-path-to-node=\"9,2,0\"><b data-path-to-node=\"9,2,0\" data-index-in-node=\"0\">Manuse standard:<\/b> Igal v\u00f5tmehoidjal on vastupidav metallaas ja turvaline spiraalne r\u00f5ngas v\u00f5tme usaldusv\u00e4\u00e4rseks hoidmiseks.<\/p>\n<\/li>\n<li>\n<p data-path-to-node=\"9,3,0\"><b data-path-to-node=\"9,3,0\" data-index-in-node=\"0\">T\u00e4iustatud br\u00e4nding:<\/b> Logosid ja teksti saab peale kanda \u00fclit\u00e4pse lasergraveerimise, traditsioonilise reljeeftr\u00fcki, erksa siiditr\u00fcki v\u00f5i detailse tikandi abil.<\/p>\n<\/li>\n<\/ul>\n<h2 data-path-to-node=\"10\">Spetsifikatsioonid<\/h2>\n<ul data-path-to-node=\"11\">\n<li>\n<p data-path-to-node=\"11,0,0\"><b data-path-to-node=\"11,0,0\" data-index-in-node=\"0\">Standardsuurused:<\/b> 4 \u00d7 8 cm ja 4 \u00d7 10 cm (ristk\u00fclikukujulised valikud)<\/p>\n<\/li>\n<li>\n<p data-path-to-node=\"11,1,0\"><b data-path-to-node=\"11,1,0\" data-index-in-node=\"0\">Eridisainiga suurused:<\/b> T\u00e4ielikult eridisainiga stantsitud m\u00f5\u00f5tmed on saadaval soovi korral.<\/p>\n<\/li>\n<li>\n<p data-path-to-node=\"11,2,0\"><b data-path-to-node=\"11,2,0\" data-index-in-node=\"0\">MITTEKOHUSTUS:<\/b> 50 t\u00fckki<\/p>\n<\/li>\n<li>\n<p data-path-to-node=\"11,3,0\"><b data-path-to-node=\"11,3,0\" data-index-in-node=\"0\">Kujundusvalikud:<\/b> \u00dchekihiline standardne v\u00f5i kahekihiline perimeetri\u00f5mblusega. Saadaval laias valikus standardsete geomeetriliste kujundite v\u00f5i 100% eridisainiga kontuuridega.<\/p>\n<\/li>\n<\/ul>\n<h2 data-path-to-node=\"12\">Kasutusjuhud<\/h2>\n<ul data-path-to-node=\"13\">\n<li>\n<p data-path-to-node=\"13,0,0\"><b data-path-to-node=\"13,0,0\" data-index-in-node=\"0\">Loominguline firmakingitus:<\/b> Eritellimusel valmistatud v\u00f5tmehoidjad (nt majakujuline kinnisvara jaoks, autokujuline autot\u00f6\u00f6stuse jaoks) loovad reklaamtooteid, millel on suur klientide arv.<\/p>\n<\/li>\n<li>\n<p data-path-to-node=\"13,1,0\"><b data-path-to-node=\"13,1,0\" data-index-in-node=\"0\">Majutus ja kinnisvara:<\/b> Kerged, vaiksed ja esmaklassilised v\u00f5tmekaardid hotellitubadesse, butiikkuurortidesse ja \u00fc\u00fcripindadele.<\/p>\n<\/li>\n<li>\n<p data-path-to-node=\"13,2,0\"><b data-path-to-node=\"13,2,0\" data-index-in-node=\"0\">\u00dcrituse kaubad:<\/b> Pilkup\u00fc\u00fcdvad ja keskkonnas\u00f5bralikud kotisildid v\u00f5i VIP-\u00fcrituste ripatsid.<\/p>\n<\/li>\n<\/ul>","protected":false},"excerpt":{"rendered":"<p data-path-to-node=\"5\">Mitmek\u00fclgne lame v\u00f5tmehoidja ja ripats, mis on loodud ettev\u00f5tte kaupade ja majutuse ligip\u00e4\u00e4su haldamiseks. Kuju, materjali ja konstruktsiooni poolest on see teie br\u00e4ndi identiteedi kajastamiseks v\u00e4ga kohandatav.<\/p>\n<ul data-path-to-node=\"6\">\n<li>\n<p data-path-to-node=\"6,0,0\"><b data-path-to-node=\"6,0,0\" data-index-in-node=\"0\">Paindlikud eridisainiga kujundid:<\/b> Saadaval standardsete ristk\u00fclikukujuliste l\u00f5igetena v\u00f5i t\u00e4ielikult eridisainiga stantskujudena (nt logod, loomad, geomeetrilised vormid), et see sobiks konkreetsete kampaaniavajadustega.<\/p>\n<\/li>\n<li>\n<p data-path-to-node=\"6,1,0\"><b data-path-to-node=\"6,1,0\" data-index-in-node=\"0\">Keskkonnateadlikud materjalid:<\/b> Valmistatud esmaklassilisest 3 mm villavildist, rPET-vildist, taaskasutatud nahast v\u00f5i vastupidavast pestavast paberist.<\/p>\n<\/li>\n<li>\n<p data-path-to-node=\"6,2,0\"><b data-path-to-node=\"6,2,0\" data-index-in-node=\"0\">Premium-klassi ehitusv\u00f5imalused:<\/b> Vastupidavuse suurendamiseks valige elegantse \u00fchekihilise profiili v\u00f5i vastupidava kahekihilise \u00f5mblusega disaini vahel.<\/p>\n<\/li>\n<li>\n<p data-path-to-node=\"6,3,0\"><b data-path-to-node=\"6,3,0\" data-index-in-node=\"0\">Madal miinimumtellimus:<\/b> Saadaval B2B-\u00fcritusteks ja firmakingitusteks minimaalse tellimuse kogusega (MOQ) vaid 50 t\u00fckki.<\/p>\n<\/li>\n<\/ul>","protected":false},"featured_media":6964,"comment_status":"closed","ping_status":"closed","template":"","meta":[],"product_brand":[],"product_cat":[94],"product_tag":[],"class_list":{"0":"post-6963","1":"product","2":"type-product","3":"status-publish","4":"has-post-thumbnail","6":"product_cat-keychains","8":"first","9":"instock","10":"shipping-taxable","11":"product-type-simple"},"_links":{"self":[{"href":"https:\/\/wristbandfactory.eu\/et\/wp-json\/wp\/v2\/product\/6963","targetHints":{"allow":["GET"]}}],"collection":[{"href":"https:\/\/wristbandfactory.eu\/et\/wp-json\/wp\/v2\/product"}],"about":[{"href":"https:\/\/wristbandfactory.eu\/et\/wp-json\/wp\/v2\/types\/product"}],"replies":[{"embeddable":true,"href":"https:\/\/wristbandfactory.eu\/et\/wp-json\/wp\/v2\/comments?post=6963"}],"wp:featuredmedia":[{"embeddable":true,"href":"https:\/\/wristbandfactory.eu\/et\/wp-json\/wp\/v2\/media\/6964"}],"wp:attachment":[{"href":"https:\/\/wristbandfactory.eu\/et\/wp-json\/wp\/v2\/media?parent=6963"}],"wp:term":[{"taxonomy":"product_brand","embeddable":true,"href":"https:\/\/wristbandfactory.eu\/et\/wp-json\/wp\/v2\/product_brand?post=6963"},{"taxonomy":"product_cat","embeddable":true,"href":"https:\/\/wristbandfactory.eu\/et\/wp-json\/wp\/v2\/product_cat?post=6963"},{"taxonomy":"product_tag","embeddable":true,"href":"https:\/\/wristbandfactory.eu\/et\/wp-json\/wp\/v2\/product_tag?post=6963"}],"curies":[{"name":"t\u00f6\u00f6leht","href":"https:\/\/api.w.org\/{rel}","templated":true}]}}