{"id":6935,"date":"2026-03-02T14:37:52","date_gmt":"2026-03-02T11:37:52","guid":{"rendered":"https:\/\/wristbandfactory.eu\/?post_type=product&#038;p=6935"},"modified":"2026-03-02T14:37:53","modified_gmt":"2026-03-02T11:37:53","slug":"custom-length-tyvek-wristbands","status":"publish","type":"product","link":"https:\/\/wristbandfactory.eu\/et\/p\/custom-length-tyvek-wristbands\/","title":{"rendered":"Erim\u00f5\u00f5dus Tyvek k\u00e4epaelad tr\u00fckiga"},"content":{"rendered":"<p data-path-to-node=\"6\">Kas vajate midagi standardm\u00f5\u00f5tmetest suuremat? Meie eritellimusel valmistatud Tyveki k\u00e4epaelad pakuvad \u00fcrituste korraldajatele, festivalidele ja ettev\u00f5tete juurdep\u00e4\u00e4sukontrollile \u00fclimat paindlikkust. Kuigi t\u00f6\u00f6stusharu standardpikkus on 255 mm, m\u00f5istame, et teatud \u00fcritused, meditsiiniasutused v\u00f5i ainulaadsed reklaamlahendused vajavad spetsiifilist suurust. Olenemata sellest, kas vajate pikemaid k\u00e4epaelu, mis sobivad mugavalt paksude talvejopede peale, v\u00f5i l\u00fchemaid k\u00e4epaelu spetsiaalseks m\u00e4rgistamiseks, saame valmistada t\u00e4pselt teie projekti vajadustele vastavad.<\/p>\n<h2 data-path-to-node=\"7\">Peamised omadused<\/h2>\n<ul data-path-to-node=\"8\">\n<li>\n<p data-path-to-node=\"8,0,0\"><b data-path-to-node=\"8,0,0\" data-index-in-node=\"0\">Eritellimusel suurus:<\/b> M\u00e4\u00e4rake oma t\u00e4psed pikkusen\u00f5uded, mis \u00fcletavad standardset 255 mm suurust, et see sobiks iga k\u00fclalise v\u00f5i konkreetse kasutusjuhtumi jaoks.<\/p>\n<\/li>\n<li>\n<p data-path-to-node=\"8,1,0\"><b data-path-to-node=\"8,1,0\" data-index-in-node=\"0\">Avatud uste sulgemine:<\/b> Sisaldab meie ainulaadset stantsitud liimi, mis eemaldamisel puruneb, hoides \u00e4ra volitamata \u00fcleandmise ja tulude v\u00e4henemise.<\/p>\n<\/li>\n<li>\n<p data-path-to-node=\"8,2,0\"><b data-path-to-node=\"8,2,0\" data-index-in-node=\"0\">Ehtne DuPont\u2122 Tyvek\u00ae:<\/b> Kerge, t\u00e4ielikult veekindel ja v\u00e4ga vastupidav mitmep\u00e4evaseks kasutamiseks ilma rebenemiseta.<\/p>\n<\/li>\n<li>\n<p data-path-to-node=\"8,3,0\"><b data-path-to-node=\"8,3,0\" data-index-in-node=\"0\">J\u00e4rjestikune nummerdamine:<\/b> Sisseehitatud seerianumbrid igal k\u00e4epaelal piletite auditeerimise, turvakontrollide ja mahutavuse haldamise sujuvamaks muutmiseks.<\/p>\n<\/li>\n<\/ul>\n<h2 data-path-to-node=\"9\">Spetsifikatsioonid<\/h2>\n<ul data-path-to-node=\"10\">\n<li>\n<p data-path-to-node=\"10,0,0\"><b data-path-to-node=\"10,0,0\" data-index-in-node=\"0\">Materjal:<\/b> 100% DuPont\u2122 Tyvek\u00ae (k\u00f5rge tihedusega pol\u00fcet\u00fcleen, taaskasutatav).<\/p>\n<\/li>\n<li>\n<p data-path-to-node=\"10,1,0\"><b data-path-to-node=\"10,1,0\" data-index-in-node=\"0\">Suurus:<\/b> Eridisainiga pikkus vastavalt teie vajadustele (standard on 255 mm) x laius 19 mm v\u00f5i 25 mm.<\/p>\n<\/li>\n<li>\n<p data-path-to-node=\"10,2,0\"><b data-path-to-node=\"10,2,0\" data-index-in-node=\"0\">Printimisvalikud:<\/b> Saadaval on \u00fchev\u00e4rviline siiditr\u00fckk (must\/valge standard) v\u00f5i t\u00e4isv\u00e4rviline eritellimusel tr\u00fckk.<\/p>\n<\/li>\n<li>\n<p data-path-to-node=\"10,3,0\"><b data-path-to-node=\"10,3,0\" data-index-in-node=\"0\">Sulgemine:<\/b> \u00dchekordselt kasutatav, purustatav ja avamist tuvastav kleepriba.<\/p>\n<\/li>\n<li>\n<p data-path-to-node=\"10,4,0\"><b data-path-to-node=\"10,4,0\" data-index-in-node=\"0\">Vastupidavus:<\/b> Veekindel ja rebenemiskindel, sobib 1-5 p\u00e4evaks.<\/p>\n<\/li>\n<\/ul>\n<h2 data-path-to-node=\"11\">Kasutusjuhud<\/h2>\n<ul data-path-to-node=\"12\">\n<li>\n<p data-path-to-node=\"12,0,0\"><b data-path-to-node=\"12,0,0\" data-index-in-node=\"0\">Talvised spordi- ja vaba\u00f5hufestivalid:<\/b> Pikemad rihmad on loodud mugavaks kandmiseks paksude talveriiete, suusajopede v\u00f5i raske varustuse peal.<\/p>\n<\/li>\n<li>\n<p data-path-to-node=\"12,1,0\"><b data-path-to-node=\"12,1,0\" data-index-in-node=\"0\">Spetsiaalsed firma\u00fcritused:<\/b> Eridisainiga pikkused unikaalsete ID-siltide, pagasi j\u00e4lgimise v\u00f5i mittestandardsete VIP-juurdep\u00e4\u00e4su n\u00f5uete jaoks.<\/p>\n<\/li>\n<li>\n<p data-path-to-node=\"12,2,0\"><b data-path-to-node=\"12,2,0\" data-index-in-node=\"0\">Meditsiin ja tervishoid:<\/b> Eridisainiga suurused erinevate patsientide demograafiliste r\u00fchmade jaoks, kes vajavad turvalist ja pikaajalist tuvastamist.<\/p>\n<\/li>\n<li>\n<p data-path-to-node=\"12,3,0\"><b data-path-to-node=\"12,3,0\" data-index-in-node=\"0\">L\u00f5bustuspargid ja kuurordid:<\/b> Usaldusv\u00e4\u00e4rsed ja eridisainiga rihmad mitmep\u00e4evaseks k\u00fclaliste ligip\u00e4\u00e4su kontrollimiseks ja gruppide j\u00e4lgimiseks.<\/p>\n<\/li>\n<\/ul>","protected":false},"excerpt":{"rendered":"<ul>\n<li>\n<p data-path-to-node=\"5,0,0\"><b data-path-to-node=\"5,0,0\" data-index-in-node=\"0\">Eridisainiga m\u00f5\u00f5tmed:<\/b> Mine kaugemale standardsest 255 mm pikkusest. Telli eritellimusel valmistatud suurused (pikemad v\u00f5i l\u00fchemad), et need sobiksid konkreetse \u00fcrituse vajaduste v\u00f5i \u00fclisuurte talveriiete jaoks.<\/p>\n<\/li>\n<li>\n<p data-path-to-node=\"5,1,0\"><b data-path-to-node=\"5,1,0\" data-index-in-node=\"0\">K\u00f5rge turvalisus ja j\u00e4lgimine:<\/b> Igal k\u00e4epaelal on eelnevalt nummerdatud seerianumbrid ja v\u00f5ltsimiskindel isekleepuv sulgur.<\/p>\n<\/li>\n<li>\n<p data-path-to-node=\"5,2,0\"><b data-path-to-node=\"5,2,0\" data-index-in-node=\"0\">Vastupidav ja veekindel:<\/b> Valmistatud ehtsast DuPont\u2122 Tyvek\u00ae materjalist, mis tagab rebenemiskindla ja veekindla kandmise kuni 5 p\u00e4eva.<\/p>\n<\/li>\n<li>\n<p data-path-to-node=\"5,3,0\"><b data-path-to-node=\"5,3,0\" data-index-in-node=\"0\">Eridisainiga B2B br\u00e4nding:<\/b> Lisage oma ettev\u00f5tte logo, \u00fcrituse nimi v\u00f5i eridisainiga tekst selge ja h\u00e4sti n\u00e4htava tr\u00fckiga, et publiku seast oleks lihtne \u00e4ra tunda.<\/p>\n<\/li>\n<\/ul>","protected":false},"featured_media":6936,"comment_status":"closed","ping_status":"closed","template":"","meta":[],"product_brand":[],"product_cat":[41],"product_tag":[],"class_list":{"0":"post-6935","1":"product","2":"type-product","3":"status-publish","4":"has-post-thumbnail","6":"product_cat-tyvek","8":"first","9":"instock","10":"shipping-taxable","11":"product-type-simple"},"_links":{"self":[{"href":"https:\/\/wristbandfactory.eu\/et\/wp-json\/wp\/v2\/product\/6935","targetHints":{"allow":["GET"]}}],"collection":[{"href":"https:\/\/wristbandfactory.eu\/et\/wp-json\/wp\/v2\/product"}],"about":[{"href":"https:\/\/wristbandfactory.eu\/et\/wp-json\/wp\/v2\/types\/product"}],"replies":[{"embeddable":true,"href":"https:\/\/wristbandfactory.eu\/et\/wp-json\/wp\/v2\/comments?post=6935"}],"wp:featuredmedia":[{"embeddable":true,"href":"https:\/\/wristbandfactory.eu\/et\/wp-json\/wp\/v2\/media\/6936"}],"wp:attachment":[{"href":"https:\/\/wristbandfactory.eu\/et\/wp-json\/wp\/v2\/media?parent=6935"}],"wp:term":[{"taxonomy":"product_brand","embeddable":true,"href":"https:\/\/wristbandfactory.eu\/et\/wp-json\/wp\/v2\/product_brand?post=6935"},{"taxonomy":"product_cat","embeddable":true,"href":"https:\/\/wristbandfactory.eu\/et\/wp-json\/wp\/v2\/product_cat?post=6935"},{"taxonomy":"product_tag","embeddable":true,"href":"https:\/\/wristbandfactory.eu\/et\/wp-json\/wp\/v2\/product_tag?post=6935"}],"curies":[{"name":"t\u00f6\u00f6leht","href":"https:\/\/api.w.org\/{rel}","templated":true}]}}