{"id":6933,"date":"2026-03-02T12:30:07","date_gmt":"2026-03-02T09:30:07","guid":{"rendered":"https:\/\/wristbandfactory.eu\/?post_type=product&#038;p=6933"},"modified":"2026-03-02T12:30:16","modified_gmt":"2026-03-02T09:30:16","slug":"custom-printed-wide-packing-ribbons","status":"publish","type":"product","link":"https:\/\/wristbandfactory.eu\/et\/p\/custom-printed-wide-packing-ribbons\/","title":{"rendered":"Laiad logoga pakkepaelad"},"content":{"rendered":"<p data-path-to-node=\"8\">T\u00f5stke oma br\u00e4ndi pakkekogemus uuele tasemele meie professionaalse kvaliteediga tr\u00fckitud laiade pakkepaeltega. Need paelad on spetsiaalselt loodud suuremate pakkide puhul silma paistma, muutes need luksusbr\u00e4ndide, \u00e4riklientide ja \u00fcrituste korraldajate esitluses oluliseks osaks. Vastupidavust ja esteetilist atraktiivsust silmas pidades on need sujuvalt loodud teie ettev\u00f5tte identiteedi lisamiseks suurematesse saadetistesse ja kingitustesse.<\/p>\n<h2 data-path-to-node=\"9\">Peamised omadused<\/h2>\n<ul data-path-to-node=\"10\">\n<li>\n<p data-path-to-node=\"10,0,0\"><b data-path-to-node=\"10,0,0\" data-index-in-node=\"0\">Premium siiditr\u00fckk:<\/b> Kasutame t\u00e4ppis-siiditr\u00fcki tehnikaid, et tagada teie logo teravus, vastupidavus ja pleekimiskindlus.<\/p>\n<\/li>\n<li>\n<p data-path-to-node=\"10,1,0\"><b data-path-to-node=\"10,1,0\" data-index-in-node=\"0\">Kahepoolne n\u00e4htavus:<\/b> \u00dchev\u00e4rviline tr\u00fckk kantakse lindi m\u00f5lemale k\u00fcljele, tagades, et teie br\u00e4nd on silmapaistvalt n\u00e4htav olenemata sellest, kuidas lint on seotud v\u00f5i suurte pakkide peale asetatud.<\/p>\n<\/li>\n<li>\n<p data-path-to-node=\"10,2,0\"><b data-path-to-node=\"10,2,0\" data-index-in-node=\"0\">Suure tihedusega alusmaterjal:<\/b> Valmistatud esmaklassilisest kangast, mis s\u00e4ilitab oma kuju ja pinge, mist\u00f5ttu sobib see ideaalselt nii automatiseeritud pakkimisliinidele kui ka k\u00e4sitsi sidumiseks \u00fclegabariidiliste kastide puhul.<\/p>\n<\/li>\n<\/ul>\n<h2 data-path-to-node=\"11\">Spetsifikatsioonid<\/h2>\n<ul data-path-to-node=\"12\">\n<li>\n<p data-path-to-node=\"12,0,0\"><b data-path-to-node=\"12,0,0\" data-index-in-node=\"0\">Laiuse vahemik:<\/b> Saadaval ka eriti laiades professionaalsetes formaatides (50 mm ja 63 mm).<\/p>\n<\/li>\n<li>\n<p data-path-to-node=\"12,1,0\"><b data-path-to-node=\"12,1,0\" data-index-in-node=\"0\">Rulli pikkus:<\/b> Tarnitakse standardsetes hulgim\u00fc\u00fcgirullides 100 m ja 200 m.<\/p>\n<\/li>\n<li>\n<p data-path-to-node=\"12,2,0\"><b data-path-to-node=\"12,2,0\" data-index-in-node=\"0\">Tr\u00fckitehnika:<\/b> Kvaliteetne \u00fchev\u00e4rviline siiditr\u00fckk (kahepoolne).<\/p>\n<\/li>\n<li>\n<p data-path-to-node=\"12,3,0\"><b data-path-to-node=\"12,3,0\" data-index-in-node=\"0\">Tootmise ettevalmistusaeg:<\/b> Masstootmise puhul 6\u20139 t\u00f6\u00f6p\u00e4eva.<\/p>\n<\/li>\n<li>\n<p data-path-to-node=\"12,4,0\"><b data-path-to-node=\"12,4,0\" data-index-in-node=\"0\">Seadistamine:<\/b> Minimaalne vormimistasu 20 USD eritellimusel disainide puhul.<\/p>\n<\/li>\n<\/ul>\n<h2 data-path-to-node=\"13\">Kasutusjuhud<\/h2>\n<ul data-path-to-node=\"14\">\n<li>\n<p data-path-to-node=\"14,0,0\"><b data-path-to-node=\"14,0,0\" data-index-in-node=\"0\">Luksuskaupade e-kaubandus ja jaem\u00fc\u00fck:<\/b> Ideaalne luksuslike butiikide, juveelipoodide ja suurte esemete jaoks.<\/p>\n<\/li>\n<li>\n<p data-path-to-node=\"14,1,0\"><b data-path-to-node=\"14,1,0\" data-index-in-node=\"0\">Firma\u00fcritused:<\/b> Ideaalne suurte VIP-kinkekarpide, galakorvide ja auhinnatseremooniate kaunistuste pakkimiseks.<\/p>\n<\/li>\n<li>\n<p data-path-to-node=\"14,2,0\"><b data-path-to-node=\"14,2,0\" data-index-in-node=\"0\">T\u00f6\u00f6stus- ja hulgim\u00fc\u00fcgipakendid:<\/b> Kasutavad tootmis- ja logistikaettev\u00f5tted, et lisada suuremahulistele tootetarnetele br\u00e4nditud ja esmaklassiline ilme.<\/p>\n<\/li>\n<\/ul>","protected":false},"excerpt":{"rendered":"<p data-path-to-node=\"6\">Kvaliteetsed laiformaadilised eridisainiga pakkimislindid, mis on loodud tipptasemel jaem\u00fc\u00fcgipakenditeks, firmakingitusteks ja t\u00f6\u00f6stuslikuks br\u00e4ndinguks. Kvaliteetse kahepoolse tr\u00fckiga, et tagada professionaalne n\u00e4htavus suurematel kastidel ja kinkekorvidel.<\/p>\n<ul data-path-to-node=\"7\">\n<li>\n<p data-path-to-node=\"7,0,0\"><b data-path-to-node=\"7,0,0\" data-index-in-node=\"0\">Hulgim\u00fc\u00fcgilahendused:<\/b> Kulut\u00f5hus ja skaleeritav hinnakujundus hulgitellimuste ja suuremahuliste pakkimisvajaduste jaoks.<\/p>\n<\/li>\n<li>\n<p data-path-to-node=\"7,1,0\"><b data-path-to-node=\"7,1,0\" data-index-in-node=\"0\">Kahepoolne br\u00e4nding:<\/b> Maksimaalse visuaalse efekti saavutamiseks on m\u00f5lemal k\u00fcljel \u00fchev\u00e4rviline siiditr\u00fckk.<\/p>\n<\/li>\n<li>\n<p data-path-to-node=\"7,2,0\"><b data-path-to-node=\"7,2,0\" data-index-in-node=\"0\">Kiire B2B kohaletoimetamine:<\/b> Professionaalne masstootmine valmib 6-9 p\u00e4eva jooksul.<\/p>\n<\/li>\n<li>\n<p data-path-to-node=\"7,3,0\"><b data-path-to-node=\"7,3,0\" data-index-in-node=\"0\">Ekstra lai formaat:<\/b> Spetsiaalselt loodud suuremahuliste pakendite jaoks, pakkudes luksuslikku viimistlust.<\/p>\n<\/li>\n<\/ul>","protected":false},"featured_media":6934,"comment_status":"closed","ping_status":"closed","template":"","meta":[],"product_brand":[],"product_cat":[96],"product_tag":[],"class_list":{"0":"post-6933","1":"product","2":"type-product","3":"status-publish","4":"has-post-thumbnail","6":"product_cat-ribbons","8":"first","9":"instock","10":"shipping-taxable","11":"purchasable","12":"product-type-simple"},"_links":{"self":[{"href":"https:\/\/wristbandfactory.eu\/et\/wp-json\/wp\/v2\/product\/6933","targetHints":{"allow":["GET"]}}],"collection":[{"href":"https:\/\/wristbandfactory.eu\/et\/wp-json\/wp\/v2\/product"}],"about":[{"href":"https:\/\/wristbandfactory.eu\/et\/wp-json\/wp\/v2\/types\/product"}],"replies":[{"embeddable":true,"href":"https:\/\/wristbandfactory.eu\/et\/wp-json\/wp\/v2\/comments?post=6933"}],"wp:featuredmedia":[{"embeddable":true,"href":"https:\/\/wristbandfactory.eu\/et\/wp-json\/wp\/v2\/media\/6934"}],"wp:attachment":[{"href":"https:\/\/wristbandfactory.eu\/et\/wp-json\/wp\/v2\/media?parent=6933"}],"wp:term":[{"taxonomy":"product_brand","embeddable":true,"href":"https:\/\/wristbandfactory.eu\/et\/wp-json\/wp\/v2\/product_brand?post=6933"},{"taxonomy":"product_cat","embeddable":true,"href":"https:\/\/wristbandfactory.eu\/et\/wp-json\/wp\/v2\/product_cat?post=6933"},{"taxonomy":"product_tag","embeddable":true,"href":"https:\/\/wristbandfactory.eu\/et\/wp-json\/wp\/v2\/product_tag?post=6933"}],"curies":[{"name":"t\u00f6\u00f6leht","href":"https:\/\/api.w.org\/{rel}","templated":true}]}}