{"id":6930,"date":"2026-02-27T15:11:45","date_gmt":"2026-02-27T12:11:45","guid":{"rendered":"https:\/\/wristbandfactory.eu\/?post_type=product&#038;p=6930"},"modified":"2026-02-27T15:16:24","modified_gmt":"2026-02-27T12:16:24","slug":"custom-printed-glasses-pouches","status":"publish","type":"product","link":"https:\/\/wristbandfactory.eu\/et\/p\/custom-printed-glasses-pouches\/","title":{"rendered":"Tr\u00fckiga prillikotid"},"content":{"rendered":"<p data-path-to-node=\"6\">Muutke praktiline ja igap\u00e4evane aksessuaar pidevaks br\u00e4ndinguv\u00f5imaluseks meie eritellimusel tr\u00fckitud pol\u00fcesterprillikottidega. Need kvaliteetsed prillikotid on spetsiaalselt loodud hulgim\u00fc\u00fcgi reklaamikampaaniate, jaem\u00fc\u00fcgi ja ettev\u00f5tete kingituste jaoks ning pakuvad suurep\u00e4rast kaitset, tuues samal ajal teie logo esile. Olenemata sellest, kas sisustate optikakliinikute ketti, loote kaubam\u00e4rgiga tooteid muusikafestivalile v\u00f5i valmistate ette ettev\u00f5tte t\u00f6\u00f6tajate tervituskomplekte, pakuvad need kotid silmapaistvat reklaamiv\u00e4\u00e4rtust.<\/p>\n<h2 data-path-to-node=\"7\">Peamised omadused<\/h2>\n<ul data-path-to-node=\"8\">\n<li>\n<p data-path-to-node=\"8,0,0\"><b data-path-to-node=\"8,0,0\" data-index-in-node=\"0\">Piiramatu kohandamine:<\/b> Saavuta maksimaalne visuaalne efekt t\u00e4isv\u00e4rvilise, servast servani tr\u00fckiga 100%. Ettev\u00f5tte br\u00e4ndingu rangeks r\u00f5hutamiseks pakume Pantone&#039;i v\u00e4rvitoonidega sobivaid kangavalikuid.<\/p>\n<\/li>\n<li>\n<p data-path-to-node=\"8,1,0\"><b data-path-to-node=\"8,1,0\" data-index-in-node=\"0\">Eridisainiga viimistlusdetailid:<\/b> Suurenda oma kauba tajutavat v\u00e4\u00e4rtust, valides elegantsete valgete v\u00f5i mustade sulgemispaelade vahel.<\/p>\n<\/li>\n<li>\n<p data-path-to-node=\"8,2,0\"><b data-path-to-node=\"8,2,0\" data-index-in-node=\"0\">Eridisainiga kootud sildid:<\/b> T\u00f5sta oma br\u00e4ndi n\u00e4htavust, lisades v\u00e4lisele kootud sildile (kohandatav kuni kahe v\u00e4rviga), mis annab kottidele esmaklassilise ja jaem\u00fc\u00fcgivalmis v\u00e4limuse.<\/p>\n<\/li>\n<li>\n<p data-path-to-node=\"8,3,0\"><b data-path-to-node=\"8,3,0\" data-index-in-node=\"0\">Pehme ja kaitsev materjal:<\/b> Valmistatud kvaliteetsest pol\u00fcestrist, mis kaitseb l\u00e4\u00e4tsi kriimustuste, tolmu ja plekkide eest nii transportimise kui ka igap\u00e4evase kasutamise ajal.<\/p>\n<\/li>\n<\/ul>\n<h2 data-path-to-node=\"9\">Spetsifikatsioonid<\/h2>\n<ul data-path-to-node=\"10\">\n<li>\n<p data-path-to-node=\"10,0,0\"><b data-path-to-node=\"10,0,0\" data-index-in-node=\"0\">Materjal:<\/b> Premium pol\u00fcester<\/p>\n<\/li>\n<li>\n<p data-path-to-node=\"10,1,0\"><b data-path-to-node=\"10,1,0\" data-index-in-node=\"0\">M\u00f5\u00f5tmed:<\/b> 18 x 9 cm<\/p>\n<\/li>\n<li>\n<p data-path-to-node=\"10,2,0\"><b data-path-to-node=\"10,2,0\" data-index-in-node=\"0\">Sulgemiss\u00fcsteem:<\/b> Pingutuspaelad (saadaval valge v\u00f5i musta v\u00e4rvi)<\/p>\n<\/li>\n<li>\n<p data-path-to-node=\"10,3,0\"><b data-path-to-node=\"10,3,0\" data-index-in-node=\"0\">Peamine br\u00e4nding:<\/b> 100% T\u00e4isv\u00e4rviline tr\u00fckk (Pantone&#039;i v\u00e4rvide sobitamine saadaval)<\/p>\n<\/li>\n<li>\n<p data-path-to-node=\"10,4,0\"><b data-path-to-node=\"10,4,0\" data-index-in-node=\"0\">Teisene br\u00e4nding (valikuline):<\/b> V\u00e4limine kootud silt (kuni 2 v\u00e4rvi)<\/p>\n<\/li>\n<\/ul>\n<h2 data-path-to-node=\"11\">Kasutusjuhud<\/h2>\n<ul data-path-to-node=\"12\">\n<li>\n<p data-path-to-node=\"12,0,0\"><b data-path-to-node=\"12,0,0\" data-index-in-node=\"0\">Optika kliinikud ja prillibr\u00e4ndid:<\/b> Varusta iga m\u00fc\u00fcdava prillide v\u00f5i p\u00e4ikeseprillidega eritellimusel valmistatud kaitse\u00fcmbrised.<\/p>\n<\/li>\n<li>\n<p data-path-to-node=\"12,1,0\"><b data-path-to-node=\"12,1,0\" data-index-in-node=\"0\">Ettev\u00f5tte heaolu komplektid:<\/b> Lisage t\u00f6\u00f6tajate hoolduskomplektidesse arvutiprillide v\u00f5i sinise valguse blokeerijate jaoks kaubam\u00e4rgiga prillikotid.<\/p>\n<\/li>\n<li>\n<p data-path-to-node=\"12,2,0\"><b data-path-to-node=\"12,2,0\" data-index-in-node=\"0\">Messid ja \u00fcrituste auhinnad:<\/b> Jagage kergeid ja kasulikke reklaamtooteid, mida osalejad saavad iga p\u00e4ev alles hoida ja kasutada.<\/p>\n<\/li>\n<\/ul>","protected":false},"excerpt":{"rendered":"<ul data-path-to-node=\"5\">\n<li>\n<p data-path-to-node=\"5,0,0\"><b data-path-to-node=\"5,0,0\" data-index-in-node=\"0\">T\u00e4isv\u00e4rviline br\u00e4ndi l\u00f5uend:<\/b> 100% on kohandatav erksav\u00e4rvilise tr\u00fcki ja valikulise Pantone&#039;i v\u00e4rvitoonidega kangaga, et see sobiks ideaalselt teie ettev\u00f5tte identiteediga.<\/p>\n<\/li>\n<li>\n<p data-path-to-node=\"5,1,0\"><b data-path-to-node=\"5,1,0\" data-index-in-node=\"0\">Premium-klassi detailimine:<\/b> Sisaldab turvalisi sulgemispaele (saadaval valge v\u00f5i musta v\u00e4rvi) ja v\u00f5imalust lisada eridisainiga v\u00e4limine kootud silt (kuni kahes v\u00e4rvitoonis) tipptasemel reklaamviimistluse saavutamiseks.<\/p>\n<\/li>\n<li>\n<p data-path-to-node=\"5,2,0\"><b data-path-to-node=\"5,2,0\" data-index-in-node=\"0\">Hulgi- ja \u00fcrituste jaoks valmis:<\/b> Kerge ja vastupidav 18 x 9 cm pol\u00fcesterdisain muudab need kotid v\u00e4ga kulut\u00f5husaks suuremahuliste kingituste, messide v\u00f5i firmakingituste jaoks.<\/p>\n<\/li>\n<li>\n<p data-path-to-node=\"5,3,0\"><b data-path-to-node=\"5,3,0\" data-index-in-node=\"0\">Mitmek\u00fclgne kaubandus:<\/b> Oluline kaitsetarvik optikutele, p\u00e4ikeseprillide jaem\u00fc\u00fcjatele ja ettev\u00f5tete heaoluprogrammide korraldajatele, kes soovivad oma br\u00e4ndi n\u00e4htavust maksimeerida.<\/p>\n<\/li>\n<\/ul>","protected":false},"featured_media":6931,"comment_status":"closed","ping_status":"closed","template":"","meta":[],"product_brand":[],"product_cat":[122],"product_tag":[],"class_list":{"0":"post-6930","1":"product","2":"type-product","3":"status-publish","4":"has-post-thumbnail","6":"product_cat-promotional-accessories","8":"first","9":"instock","10":"shipping-taxable","11":"purchasable","12":"product-type-simple"},"_links":{"self":[{"href":"https:\/\/wristbandfactory.eu\/et\/wp-json\/wp\/v2\/product\/6930","targetHints":{"allow":["GET"]}}],"collection":[{"href":"https:\/\/wristbandfactory.eu\/et\/wp-json\/wp\/v2\/product"}],"about":[{"href":"https:\/\/wristbandfactory.eu\/et\/wp-json\/wp\/v2\/types\/product"}],"replies":[{"embeddable":true,"href":"https:\/\/wristbandfactory.eu\/et\/wp-json\/wp\/v2\/comments?post=6930"}],"wp:featuredmedia":[{"embeddable":true,"href":"https:\/\/wristbandfactory.eu\/et\/wp-json\/wp\/v2\/media\/6931"}],"wp:attachment":[{"href":"https:\/\/wristbandfactory.eu\/et\/wp-json\/wp\/v2\/media?parent=6930"}],"wp:term":[{"taxonomy":"product_brand","embeddable":true,"href":"https:\/\/wristbandfactory.eu\/et\/wp-json\/wp\/v2\/product_brand?post=6930"},{"taxonomy":"product_cat","embeddable":true,"href":"https:\/\/wristbandfactory.eu\/et\/wp-json\/wp\/v2\/product_cat?post=6930"},{"taxonomy":"product_tag","embeddable":true,"href":"https:\/\/wristbandfactory.eu\/et\/wp-json\/wp\/v2\/product_tag?post=6930"}],"curies":[{"name":"t\u00f6\u00f6leht","href":"https:\/\/api.w.org\/{rel}","templated":true}]}}