{"id":6928,"date":"2026-02-27T15:02:46","date_gmt":"2026-02-27T12:02:46","guid":{"rendered":"https:\/\/wristbandfactory.eu\/?post_type=product&#038;p=6928"},"modified":"2026-02-27T15:02:47","modified_gmt":"2026-02-27T12:02:47","slug":"custom-printed-rectangular-wall-clocks","status":"publish","type":"product","link":"https:\/\/wristbandfactory.eu\/et\/p\/custom-printed-rectangular-wall-clocks\/","title":{"rendered":"Tr\u00fckiga nelinurksed seinakellad"},"content":{"rendered":"<p data-path-to-node=\"6\">Muutke t\u00f6\u00f6ruumid pidevateks br\u00e4ndinguv\u00f5imalusteks meie eritellimusel tr\u00fckitud ristk\u00fclikukujuliste seinakelladega. Spetsiaalselt ettev\u00f5tete kingituste ja reklaamkaubakampaaniate jaoks loodud kellad \u00fchendavad igap\u00e4evase praktilisuse silmapaistva reklaampinnaga. Olenemata sellest, kas sisustate mitut uut ettev\u00f5tte filiaali, loote t\u00f6\u00f6tajate tervituskomplekte v\u00f5i saadate lojaalsetele klientidele esmaklassilisi hulgikingitusi, tagavad need kerged, kuid vastupidavad kellad teie br\u00e4ndi esiplaanile j\u00e4\u00e4mise.<\/p>\n<h2 data-path-to-node=\"7\">Peamised omadused<\/h2>\n<ul data-path-to-node=\"8\">\n<li>\n<p data-path-to-node=\"8,0,0\"><b data-path-to-node=\"8,0,0\" data-index-in-node=\"0\">Elav vormisisene m\u00e4rgistus:<\/b> Teie eridisainiga disain liidetakse j\u00e4\u00e4davalt kella materjaliga, mis tagab terava, pleekimiskindla ja erksav\u00e4rvilise br\u00e4ndingu, mis aja jooksul ei kooru ega kriimustu.<\/p>\n<\/li>\n<li>\n<p data-path-to-node=\"8,1,0\"><b data-path-to-node=\"8,1,0\" data-index-in-node=\"0\">J\u00e4tkusuutlik disain:<\/b> Meie jaoks on keskkonnateadlik tootmine esmat\u00e4htis. Kella sihverplaadid on valmistatud v\u00e4hemalt 97% taaskasutatud plastist ja lamineeritud paberist, mis teeb neist suurep\u00e4rase valiku keskkonnateadlikele ettev\u00f5tetele.<\/p>\n<\/li>\n<li>\n<p data-path-to-node=\"8,2,0\"><b data-path-to-node=\"8,2,0\" data-index-in-node=\"0\">Elegantne ja moodne esteetika:<\/b> Must ristk\u00fclikukujuline alus pakub professionaalset raami, mis t\u00e4iendab iga ettev\u00f5tte v\u00f5i t\u00f6\u00f6stusliku sisekujundust.<\/p>\n<\/li>\n<\/ul>\n<h2 data-path-to-node=\"9\">Spetsifikatsioonid<\/h2>\n<ul data-path-to-node=\"10\">\n<li>\n<p data-path-to-node=\"10,0,0\"><b data-path-to-node=\"10,0,0\" data-index-in-node=\"0\">Artikli number:<\/b> 21053100<\/p>\n<\/li>\n<li>\n<p data-path-to-node=\"10,1,0\"><b data-path-to-node=\"10,1,0\" data-index-in-node=\"0\">P\u00f5hiv\u00e4rv:<\/b> Must<\/p>\n<\/li>\n<li>\n<p data-path-to-node=\"10,2,0\"><b data-path-to-node=\"10,2,0\" data-index-in-node=\"0\">Materjalid:<\/b> Taaskasutatud plast, lamineeritud paber<\/p>\n<\/li>\n<li>\n<p data-path-to-node=\"10,3,0\"><b data-path-to-node=\"10,3,0\" data-index-in-node=\"0\">M\u00f5\u00f5tmed (kella kohta):<\/b> Pikkus: 24,00 cm | Laius: 19,00 cm | K\u00f5rgus: 0,19 cm<\/p>\n<\/li>\n<li>\n<p data-path-to-node=\"10,4,0\"><b data-path-to-node=\"10,4,0\" data-index-in-node=\"0\">Kaal (kella kohta):<\/b> 265 grammi<\/p>\n<\/li>\n<li>\n<p data-path-to-node=\"10,5,0\"><b data-path-to-node=\"10,5,0\" data-index-in-node=\"0\">Br\u00e4ndingu meetod:<\/b> T\u00e4ispinna vormisisene m\u00e4rgistamine (IML)<\/p>\n<\/li>\n<\/ul>\n<h2 data-path-to-node=\"11\">Kasutusjuhud<\/h2>\n<ul data-path-to-node=\"12\">\n<li>\n<p data-path-to-node=\"12,0,0\"><b data-path-to-node=\"12,0,0\" data-index-in-node=\"0\">Ettev\u00f5tte kingitused ja klientide tunnustamine:<\/b> Pakkuge praktilisi ja kauakestvaid kingitusi, mis hoiavad teie ettev\u00f5tte identiteedi kliendi kontori seintel n\u00e4htaval.<\/p>\n<\/li>\n<li>\n<p data-path-to-node=\"12,1,0\"><b data-path-to-node=\"12,1,0\" data-index-in-node=\"0\">Frantsiisi ja jaem\u00fc\u00fcgi br\u00e4nding:<\/b> Standardiseerige mitme filiaali v\u00f5i jaem\u00fc\u00fcgikaupluse v\u00e4limust eridisainiga kaubam\u00e4rgiga kellade abil.<\/p>\n<\/li>\n<li>\n<p data-path-to-node=\"12,2,0\"><b data-path-to-node=\"12,2,0\" data-index-in-node=\"0\">T\u00f6\u00f6tajate verstapostid ja sisseelamine:<\/b> Suurep\u00e4rased t\u00e4iendused premium-klassi tervituspakettidele v\u00f5i kontorilaua lahendustele kasvavatele meeskondadele.<\/p>\n<\/li>\n<\/ul>","protected":false},"excerpt":{"rendered":"<ul>\n<li>\n<p data-path-to-node=\"5,0,0\"><b data-path-to-node=\"5,0,0\" data-index-in-node=\"0\">Suure m\u00f5juga br\u00e4ndi n\u00e4htavus:<\/b> Nendel kelladel on servast servani ulatuv erksav\u00e4rviline vormisisene etikett, mis esitleb teie ettev\u00f5tte logo v\u00f5i reklaams\u00f5numit silmapaistvalt igas kontoris.<\/p>\n<\/li>\n<li>\n<p data-path-to-node=\"5,1,0\"><b data-path-to-node=\"5,1,0\" data-index-in-node=\"0\">Keskkonnas\u00f5bralik ehitus:<\/b> Kella sihverplaadid on valmistatud v\u00e4hemalt 97% taaskasutatud materjalidest (taaskasutatud plast ja lamineeritud paber), toetades teie ettev\u00f5tte j\u00e4tkusuutlikkuse eesm\u00e4rke.<\/p>\n<\/li>\n<li>\n<p data-path-to-node=\"5,2,0\"><b data-path-to-node=\"5,2,0\" data-index-in-node=\"0\">Hulgipakend ja kerge:<\/b> Kaaludes vaid 265 grammi ja olles \u00f5hukese profiiliga vaid 0,19 cm, on need v\u00e4ga kulut\u00f5husad saata ja levitada suuremahuliste ettev\u00f5tete kingituste kampaaniate jaoks.<\/p>\n<\/li>\n<li>\n<p data-path-to-node=\"5,3,0\"><b data-path-to-node=\"5,3,0\" data-index-in-node=\"0\">Mitmek\u00fclgsed kontoritarbed:<\/b> \u00c4\u00e4rmiselt praktilised br\u00e4ndiesemed, mis tagavad teie br\u00e4ndi igap\u00e4evase n\u00e4htavuse t\u00f6\u00f6ruumides, koosolekuruumides ja kliendikontorites.<\/p>\n<\/li>\n<\/ul>","protected":false},"featured_media":6929,"comment_status":"closed","ping_status":"closed","template":"","meta":[],"product_brand":[],"product_cat":[128,122],"product_tag":[],"class_list":{"0":"post-6928","1":"product","2":"type-product","3":"status-publish","4":"has-post-thumbnail","6":"product_cat-mobile-tech-accessories","7":"product_cat-promotional-accessories","9":"first","10":"instock","11":"shipping-taxable","12":"purchasable","13":"product-type-simple"},"_links":{"self":[{"href":"https:\/\/wristbandfactory.eu\/et\/wp-json\/wp\/v2\/product\/6928","targetHints":{"allow":["GET"]}}],"collection":[{"href":"https:\/\/wristbandfactory.eu\/et\/wp-json\/wp\/v2\/product"}],"about":[{"href":"https:\/\/wristbandfactory.eu\/et\/wp-json\/wp\/v2\/types\/product"}],"replies":[{"embeddable":true,"href":"https:\/\/wristbandfactory.eu\/et\/wp-json\/wp\/v2\/comments?post=6928"}],"wp:featuredmedia":[{"embeddable":true,"href":"https:\/\/wristbandfactory.eu\/et\/wp-json\/wp\/v2\/media\/6929"}],"wp:attachment":[{"href":"https:\/\/wristbandfactory.eu\/et\/wp-json\/wp\/v2\/media?parent=6928"}],"wp:term":[{"taxonomy":"product_brand","embeddable":true,"href":"https:\/\/wristbandfactory.eu\/et\/wp-json\/wp\/v2\/product_brand?post=6928"},{"taxonomy":"product_cat","embeddable":true,"href":"https:\/\/wristbandfactory.eu\/et\/wp-json\/wp\/v2\/product_cat?post=6928"},{"taxonomy":"product_tag","embeddable":true,"href":"https:\/\/wristbandfactory.eu\/et\/wp-json\/wp\/v2\/product_tag?post=6928"}],"curies":[{"name":"t\u00f6\u00f6leht","href":"https:\/\/api.w.org\/{rel}","templated":true}]}}