{"id":6926,"date":"2026-02-26T16:52:05","date_gmt":"2026-02-26T13:52:05","guid":{"rendered":"https:\/\/wristbandfactory.eu\/?post_type=product&#038;p=6926"},"modified":"2026-02-26T16:52:06","modified_gmt":"2026-02-26T13:52:06","slug":"custom-printed-large-polyester-flags","status":"publish","type":"product","link":"https:\/\/wristbandfactory.eu\/et\/p\/custom-printed-large-polyester-flags\/","title":{"rendered":"Tr\u00fckiga suured tekstiilist lipud"},"content":{"rendered":"<p data-path-to-node=\"5\">Suurendage oma ettev\u00f5tte n\u00e4htavust ja \u00fcrituste kohalolekut meie hulgim\u00fc\u00fcgis saadaolevate tr\u00fckitud suurte pol\u00fcesterlippudega. Need lipud on loodud B2B-klientidele, kes vajavad m\u00f5jukat ja laiaulatuslikku br\u00e4ndingut, ning toimivad t\u00f5husa visuaalse ankruna messidel, vaba\u00f5hufestivalidel ja ettev\u00f5tete peakorterites. Pakkudes laia valikut kvaliteetseid kangaid ja professionaalseid viimistlusv\u00f5imalusi, tagame, et teie reklaamtooted peavad vastu ilmastikuoludele, esindades samal ajal teie br\u00e4ndi absoluutse selguse ja erksate v\u00e4rvidega.<\/p>\n<h2 data-path-to-node=\"6\">Peamised omadused<\/h2>\n<ul data-path-to-node=\"7\">\n<li>\n<p data-path-to-node=\"7,0,0\"><b data-path-to-node=\"7,0,0\" data-index-in-node=\"0\">Ulatuslik kohandamine:<\/b> Printige kogu kanga pinnale k\u00f5rglahutusega ettev\u00f5tte logosid, t\u00e4isv\u00e4rvilisi reklaamgraafikat v\u00f5i keerukaid mustreid.<\/p>\n<\/li>\n<li>\n<p data-path-to-node=\"7,1,0\"><b data-path-to-node=\"7,1,0\" data-index-in-node=\"0\">Materjali mitmek\u00fclgsus:<\/b> Kerge ja ajutise \u00fcrituse jaoks vali standardne 68D pol\u00fcester, vastupidavuse suurendamiseks v\u00e4listingimustes \u2013 kvaliteetne kootud pol\u00fcester v\u00f5i luksusliku ja tipptasemel siseruumides kasutamiseks kvaliteetne satiin.<\/p>\n<\/li>\n<li>\n<p data-path-to-node=\"7,2,0\"><b data-path-to-node=\"7,2,0\" data-index-in-node=\"0\">N\u00e4htavuse valikud:<\/b> Valige \u00fchekihiline \u00fchepoolne tr\u00fckk kerge, tuules\u00f5braliku lipu jaoks v\u00f5i kahekihiline kahepoolne tr\u00fckk, et teie s\u00f5num oleks m\u00f5lemast suunast \u00f5igesti loetav.<\/p>\n<\/li>\n<li>\n<p data-path-to-node=\"7,3,0\"><b data-path-to-node=\"7,3,0\" data-index-in-node=\"0\">Professionaalne viimistlus:<\/b> Kohanda oma hulgitellimust usaldusv\u00e4\u00e4rsete kinnitusdetailidega, sh vastupidavate metallklambrite, kiirkinnitusega plastkarabiinide v\u00f5i traditsiooniliste nurgakinnitustega sujuva paigalduse tagamiseks.<\/p>\n<\/li>\n<\/ul>\n<h2 data-path-to-node=\"8\">Spetsifikatsioonid<\/h2>\n<ul data-path-to-node=\"9\">\n<li>\n<p data-path-to-node=\"9,0,0\"><b data-path-to-node=\"9,0,0\" data-index-in-node=\"0\">Standardsuurused:<\/b> 70 x 50 cm, 90 x 60 cm ja 90 x 150 cm<\/p>\n<\/li>\n<li>\n<p data-path-to-node=\"9,1,0\"><b data-path-to-node=\"9,1,0\" data-index-in-node=\"0\">Materjali valikud:<\/b> Standardne 68D pol\u00fcester, esmaklassiline kootud pol\u00fcester, esmaklassiline satiinpol\u00fcester<\/p>\n<\/li>\n<li>\n<p data-path-to-node=\"9,2,0\"><b data-path-to-node=\"9,2,0\" data-index-in-node=\"0\">Printimisvalikud:<\/b> 1 kiht (\u00fchepoolne t\u00e4isv\u00e4rviline) v\u00f5i 2 kihti (kahepoolne t\u00e4isv\u00e4rviline)<\/p>\n<\/li>\n<li>\n<p data-path-to-node=\"9,3,0\"><b data-path-to-node=\"9,3,0\" data-index-in-node=\"0\">Paigaldusv\u00f5imalused:<\/b> Paelad k\u00f5igis neljas nurgas, metallr\u00f5ngad kahes nurgas (\u00fcleval ja all vasakul) v\u00f5i plastkarabiinid kahes nurgas (\u00fcleval ja all vasakul)<\/p>\n<\/li>\n<\/ul>\n<h2 data-path-to-node=\"10\">Kasutusjuhud<\/h2>\n<ul data-path-to-node=\"11\">\n<li>\n<p data-path-to-node=\"11,0,0\"><b data-path-to-node=\"11,0,0\" data-index-in-node=\"0\">Ettev\u00f5tete ja \u00e4ripindade peakorterid:<\/b> Looge kontorihoonete v\u00e4lisk\u00fcljele professionaalne ja k\u00fclalislahke sissep\u00e4\u00e4s, kasutades suuri kaubam\u00e4rgiga lippe.<\/p>\n<\/li>\n<li>\n<p data-path-to-node=\"11,1,0\"><b data-path-to-node=\"11,1,0\" data-index-in-node=\"0\">Vaba\u00f5hufestivalid ja -\u00fcritused:<\/b> M\u00e4rgistage olulised asukohad, lavad v\u00f5i sponsorite alad h\u00e4sti n\u00e4htavate ja ilmastikukindlate siltidega.<\/p>\n<\/li>\n<li>\n<p data-path-to-node=\"11,2,0\"><b data-path-to-node=\"11,2,0\" data-index-in-node=\"0\">Sporditurniirid:<\/b> N\u00e4idake staadionide ja spordiv\u00e4ljakute \u00fcmbruses massiivset toetust meeskondadele v\u00f5i sponsoritele.<\/p>\n<\/li>\n<li>\n<p data-path-to-node=\"11,3,0\"><b data-path-to-node=\"11,3,0\" data-index-in-node=\"0\">Messid ja n\u00e4itused:<\/b> Meelitage oma boksi juurde jalak\u00e4ijaid n\u00e4itusesaali \u00fcleselt erksate ja suurte rippuvate v\u00e4ljapanekutega.<\/p>\n<\/li>\n<\/ul>","protected":false},"excerpt":{"rendered":"<ul>\n<li>\n<p data-path-to-node=\"4,0,0\">Suureformaadilised ja m\u00f5jusad lipud (kuni 90 x 150 cm) sobivad ideaalselt ettev\u00f5tte br\u00e4ndinguks, festivalideks ja v\u00e4likampaaniateks.<\/p>\n<\/li>\n<li>\n<p data-path-to-node=\"4,1,0\">Mitmek\u00fclgsed materjalivalikud, sh standardne 68D pol\u00fcester, esmaklassiline kootud pol\u00fcester ja esmaklassiline satiin, et vastata teie konkreetsetele vastupidavusvajadustele.<\/p>\n<\/li>\n<li>\n<p data-path-to-node=\"4,2,0\">H\u00e4sti n\u00e4htav \u00fche- v\u00f5i kahepoolne t\u00e4isv\u00e4rvitr\u00fckk, mis on loodud t\u00e4helepanu k\u00f6itmiseks juba kaugelt.<\/p>\n<\/li>\n<li>\n<p data-path-to-node=\"4,3,0\">Paindlikud kinnituslahendused hulgim\u00fc\u00fcgitellimuste jaoks, sh metallist r\u00f5ngad, plastkarabiinid v\u00f5i nurgakinnitused.<\/p>\n<\/li>\n<\/ul>","protected":false},"featured_media":6927,"comment_status":"closed","ping_status":"closed","template":"","meta":[],"product_brand":[],"product_cat":[123],"product_tag":[],"class_list":{"0":"post-6926","1":"product","2":"type-product","3":"status-publish","4":"has-post-thumbnail","6":"product_cat-fan-cheering-items","8":"first","9":"instock","10":"shipping-taxable","11":"purchasable","12":"product-type-simple"},"_links":{"self":[{"href":"https:\/\/wristbandfactory.eu\/et\/wp-json\/wp\/v2\/product\/6926","targetHints":{"allow":["GET"]}}],"collection":[{"href":"https:\/\/wristbandfactory.eu\/et\/wp-json\/wp\/v2\/product"}],"about":[{"href":"https:\/\/wristbandfactory.eu\/et\/wp-json\/wp\/v2\/types\/product"}],"replies":[{"embeddable":true,"href":"https:\/\/wristbandfactory.eu\/et\/wp-json\/wp\/v2\/comments?post=6926"}],"wp:featuredmedia":[{"embeddable":true,"href":"https:\/\/wristbandfactory.eu\/et\/wp-json\/wp\/v2\/media\/6927"}],"wp:attachment":[{"href":"https:\/\/wristbandfactory.eu\/et\/wp-json\/wp\/v2\/media?parent=6926"}],"wp:term":[{"taxonomy":"product_brand","embeddable":true,"href":"https:\/\/wristbandfactory.eu\/et\/wp-json\/wp\/v2\/product_brand?post=6926"},{"taxonomy":"product_cat","embeddable":true,"href":"https:\/\/wristbandfactory.eu\/et\/wp-json\/wp\/v2\/product_cat?post=6926"},{"taxonomy":"product_tag","embeddable":true,"href":"https:\/\/wristbandfactory.eu\/et\/wp-json\/wp\/v2\/product_tag?post=6926"}],"curies":[{"name":"t\u00f6\u00f6leht","href":"https:\/\/api.w.org\/{rel}","templated":true}]}}