{"id":6924,"date":"2026-02-26T16:32:51","date_gmt":"2026-02-26T13:32:51","guid":{"rendered":"https:\/\/wristbandfactory.eu\/?post_type=product&#038;p=6924"},"modified":"2026-02-26T16:32:51","modified_gmt":"2026-02-26T13:32:51","slug":"custom-printed-paper-hand-flags","status":"publish","type":"product","link":"https:\/\/wristbandfactory.eu\/et\/p\/custom-printed-paper-hand-flags\/","title":{"rendered":"Tr\u00fckiga paberist k\u00e4silipud"},"content":{"rendered":"<p data-path-to-node=\"5\">Maksimeerige oma br\u00e4ndi n\u00e4htavust igal massi\u00fcritusel meie hulgim\u00fc\u00fcgist tellitud tr\u00fckitud paberist k\u00e4silippudega. Need kerged, kuid pilkup\u00fc\u00fcdvad reklaamvahendid on loodud B2B turundusvajadusi silmas pidades ning sobivad ideaalselt messidele, muusikafestivalidele, paraadidele ja ettev\u00f5tete t\u00e4navakampaaniatele. Pakkudes erksat, k\u00f5rglahutusega tr\u00fckiv\u00e4rvi ja vastupidavat konstruktsiooni, on need paberlipud v\u00e4ga t\u00f5hus viis muuta rahvahulga liikmed aktiivseteks br\u00e4ndisaadikuteks, hoides samal ajal teie turunduseelarvet rangelt kontrolli all.<\/p>\n<h2 data-path-to-node=\"6\">Peamised omadused<\/h2>\n<ul data-path-to-node=\"7\">\n<li>\n<p data-path-to-node=\"7,0,0\"><b data-path-to-node=\"7,0,0\" data-index-in-node=\"0\">Maksimaalne br\u00e4ndi n\u00e4htavus:<\/b> Kahepoolne, servast servani t\u00e4isv\u00e4rviline CMYK-printimine tagab, et teie ettev\u00f5tte logo ja s\u00f5num on n\u00e4htavad igast nurgast.<\/p>\n<\/li>\n<li>\n<p data-path-to-node=\"7,1,0\"><b data-path-to-node=\"7,1,0\" data-index-in-node=\"0\">Professionaalne viimistlus:<\/b> Valmistatud 130 g\/m\u00b2 l\u00e4ikivast kaetud paberist, mis annab esmaklassilise v\u00e4limuse, mis suurendab teie br\u00e4ndi esteetilist atraktiivsust.<\/p>\n<\/li>\n<li>\n<p data-path-to-node=\"7,2,0\"><b data-path-to-node=\"7,2,0\" data-index-in-node=\"0\">Turvaline ehitus:<\/b> Iga lipp on hoolikalt volditud ja liimitud vastupidava kinnitusklapi k\u00fclge, tagades, et paber p\u00fcsib aktiivse kasutamise ajal kindlalt pulga k\u00fcljes.<\/p>\n<\/li>\n<li>\n<p data-path-to-node=\"7,3,0\"><b data-path-to-node=\"7,3,0\" data-index-in-node=\"0\">Mahukas efektiivsus:<\/b> M\u00fc\u00fcakse ainult t\u00e4iskomplektidena, iga partii kohta \u00fcks graafiline kujundus, mis lihtsustab tootmist ja pakub teile k\u00f5ige konkurentsiv\u00f5imelisemaid hulgihindu.<\/p>\n<\/li>\n<\/ul>\n<h2 data-path-to-node=\"8\">Spetsifikatsioonid<\/h2>\n<ul data-path-to-node=\"9\">\n<li>\n<p data-path-to-node=\"9,0,0\"><b data-path-to-node=\"9,0,0\" data-index-in-node=\"0\">Materjal:<\/b> L\u00e4ikiv kaetud paber, 130 g\/m\u00b2<\/p>\n<\/li>\n<li>\n<p data-path-to-node=\"9,1,0\"><b data-path-to-node=\"9,1,0\" data-index-in-node=\"0\">Lipu suurus:<\/b> A5 (152 \u00d7 214 mm \u2013 k\u00f5rgus \u00d7 laius)<\/p>\n<\/li>\n<li>\n<p data-path-to-node=\"9,2,0\"><b data-path-to-node=\"9,2,0\" data-index-in-node=\"0\">Prinditav ala:<\/b> Ligikaudu 148 \u00d7 210 mm (sisaldab 21 mm liimimisvaru)<\/p>\n<\/li>\n<li>\n<p data-path-to-node=\"9,3,0\"><b data-path-to-node=\"9,3,0\" data-index-in-node=\"0\">Prindi t\u00fc\u00fcp:<\/b> Kahepoolne, t\u00e4isv\u00e4rviline (CMYK), ilmastikukindel<\/p>\n<\/li>\n<li>\n<p data-path-to-node=\"9,4,0\"><b data-path-to-node=\"9,4,0\" data-index-in-node=\"0\">K\u00e4epide:<\/b> 38 cm pol\u00fcprop\u00fcleenist pulk<\/p>\n<\/li>\n<li>\n<p data-path-to-node=\"9,5,0\"><b data-path-to-node=\"9,5,0\" data-index-in-node=\"0\">Paigaldus:<\/b> Volditud \u00fcmber pulga ja kindlalt liimitud<\/p>\n<\/li>\n<\/ul>\n<h2 data-path-to-node=\"10\">Kasutusjuhud<\/h2>\n<ul data-path-to-node=\"11\">\n<li>\n<p data-path-to-node=\"11,0,0\"><b data-path-to-node=\"11,0,0\" data-index-in-node=\"0\">Messid ja messid:<\/b> Jagage oma boksis, et suurendada k\u00fclastajate arvu ja levitada oma br\u00e4ndi kogu n\u00e4itusesaalis.<\/p>\n<\/li>\n<li>\n<p data-path-to-node=\"11,1,0\"><b data-path-to-node=\"11,1,0\" data-index-in-node=\"0\">Vaba\u00f5hufestivalid ja kontserdid:<\/b> Kaasake osalejaid visuaalselt silmapaistvate lippidega, mis loovad \u00fchtse ja br\u00e4nditud publikukogemuse.<\/p>\n<\/li>\n<li>\n<p data-path-to-node=\"11,2,0\"><b data-path-to-node=\"11,2,0\" data-index-in-node=\"0\">Reklaamikampaaniad:<\/b> Ideaalne t\u00e4navaturundusmeeskondadele, kes jagavad reklaamkomplekte ja \u00fcrituste vidinaid avalikkusele.<\/p>\n<\/li>\n<li>\n<p data-path-to-node=\"11,3,0\"><b data-path-to-node=\"11,3,0\" data-index-in-node=\"0\">Firma\u00fcritused:<\/b> T\u00f5sta pidulikku atmosf\u00e4\u00e4ri ettev\u00f5tte verstapostidel, kaupluste avamistel v\u00f5i tooteesitlustel.<\/p>\n<\/li>\n<\/ul>","protected":false},"excerpt":{"rendered":"<ul>\n<li>\n<p data-path-to-node=\"4,0,0\">Kulut\u00f5hus ja suuremahuline reklaamit\u00f6\u00f6riist, mis on loodud spetsiaalselt suuremahuliste turunduskampaaniate, messide ja festivalide jaoks.<\/p>\n<\/li>\n<li>\n<p data-path-to-node=\"4,1,0\">Erksav\u00e4rviline kahepoolne t\u00e4isv\u00e4rviline (CMYK) tr\u00fckk kvaliteetsele 130 g\/m\u00b2 l\u00e4ikivale kaetud paberile br\u00e4ndi n\u00e4htavuse maksimeerimiseks.<\/p>\n<\/li>\n<li>\n<p data-path-to-node=\"4,2,0\">Kindlalt kinnitatud vastupidavale 38 cm pikkusele pol\u00fcprop\u00fcleenist vardale usaldusv\u00e4\u00e4rseks ja ilmastikukindlaks kasutamiseks nii v\u00e4lis- kui ka siseruumides.<\/p>\n<\/li>\n<li>\n<p data-path-to-node=\"4,3,0\">Valmistatud ainult hulgim\u00fc\u00fcgitellimuste jaoks, et tagada parim investeeringutasuvus firma\u00fcrituste br\u00e4ndingusse.<\/p>\n<\/li>\n<\/ul>","protected":false},"featured_media":6925,"comment_status":"closed","ping_status":"closed","template":"","meta":[],"product_brand":[],"product_cat":[123],"product_tag":[],"class_list":{"0":"post-6924","1":"product","2":"type-product","3":"status-publish","4":"has-post-thumbnail","6":"product_cat-fan-cheering-items","8":"first","9":"instock","10":"shipping-taxable","11":"purchasable","12":"product-type-simple"},"_links":{"self":[{"href":"https:\/\/wristbandfactory.eu\/et\/wp-json\/wp\/v2\/product\/6924","targetHints":{"allow":["GET"]}}],"collection":[{"href":"https:\/\/wristbandfactory.eu\/et\/wp-json\/wp\/v2\/product"}],"about":[{"href":"https:\/\/wristbandfactory.eu\/et\/wp-json\/wp\/v2\/types\/product"}],"replies":[{"embeddable":true,"href":"https:\/\/wristbandfactory.eu\/et\/wp-json\/wp\/v2\/comments?post=6924"}],"wp:featuredmedia":[{"embeddable":true,"href":"https:\/\/wristbandfactory.eu\/et\/wp-json\/wp\/v2\/media\/6925"}],"wp:attachment":[{"href":"https:\/\/wristbandfactory.eu\/et\/wp-json\/wp\/v2\/media?parent=6924"}],"wp:term":[{"taxonomy":"product_brand","embeddable":true,"href":"https:\/\/wristbandfactory.eu\/et\/wp-json\/wp\/v2\/product_brand?post=6924"},{"taxonomy":"product_cat","embeddable":true,"href":"https:\/\/wristbandfactory.eu\/et\/wp-json\/wp\/v2\/product_cat?post=6924"},{"taxonomy":"product_tag","embeddable":true,"href":"https:\/\/wristbandfactory.eu\/et\/wp-json\/wp\/v2\/product_tag?post=6924"}],"curies":[{"name":"t\u00f6\u00f6leht","href":"https:\/\/api.w.org\/{rel}","templated":true}]}}