{"id":6922,"date":"2026-02-26T16:25:28","date_gmt":"2026-02-26T13:25:28","guid":{"rendered":"https:\/\/wristbandfactory.eu\/?post_type=product&#038;p=6922"},"modified":"2026-02-26T16:25:28","modified_gmt":"2026-02-26T13:25:28","slug":"custom-printed-polyester-hand-flags","status":"publish","type":"product","link":"https:\/\/wristbandfactory.eu\/et\/p\/custom-printed-polyester-hand-flags\/","title":{"rendered":"Tr\u00fckiga tekstiilist k\u00e4silipud"},"content":{"rendered":"<p data-path-to-node=\"3,3,0\">Maksimeeri oma br\u00e4ndi m\u00f5ju rallidel, spordiv\u00f5istlustel ja firma\u00fcritustel meie t\u00e4ielikult kohandatavate pol\u00fcesterk\u00e4eshoitavate lipudega. Spetsiaalselt B2B hulgim\u00fc\u00fcgi vajaduste jaoks loodud k\u00e4eshoitavad lipud pakuvad suurt investeeringutasuvust, muutes \u00fcrituste osalejad aktiivseteks br\u00e4ndisaadikuteks. Tagame selge ja erksa tr\u00fcki ning vastupidava konstruktsiooni, et pakkuda reklaamtooteid, mis paistavad igas massis t\u00f5eliselt silma.<\/p>\n<h2 data-path-to-node=\"4\">Peamised omadused<\/h2>\n<ul data-path-to-node=\"5\">\n<li>\n<p data-path-to-node=\"5,0,0\"><b data-path-to-node=\"5,0,0\" data-index-in-node=\"0\">T\u00e4ielik kohandamine:<\/b> Printige mis tahes logo, muster v\u00f5i ettev\u00f5tte v\u00e4rviskeem k\u00f5rglahutusega t\u00e4psusega, et see vastaks teie br\u00e4ndi juhistele.<\/p>\n<\/li>\n<li>\n<p data-path-to-node=\"5,1,0\"><b data-path-to-node=\"5,1,0\" data-index-in-node=\"0\">Materjali valikud:<\/b> Kerge ja eelarves\u00f5braliku massijaotuse jaoks vali tavaline 68D pol\u00fcester v\u00f5i raskema ja luksuslikuma tunde saamiseks esmaklassiline kootud pol\u00fcester.<\/p>\n<\/li>\n<li>\n<p data-path-to-node=\"5,2,0\"><b data-path-to-node=\"5,2,0\" data-index-in-node=\"0\">Mitmek\u00fclgne tr\u00fckkimine:<\/b> Valige \u00fchepoolne printimine kulut\u00f5husate hulgitellimuste jaoks v\u00f5i kahepoolne printimine 360-kraadise br\u00e4ndin\u00e4htavuse saavutamiseks.<\/p>\n<\/li>\n<li>\n<p data-path-to-node=\"5,3,0\"><b data-path-to-node=\"5,3,0\" data-index-in-node=\"0\">Tugev kokkupanek:<\/b> Iga lipp on kindlalt kinnitatud vastupidavale mustale v\u00f5i valgele mastile, valmis koheseks jagamiseks ja entusiastlikuks lehvitamiseks.<\/p>\n<\/li>\n<\/ul>\n<h2 data-path-to-node=\"6\">Spetsifikatsioonid<\/h2>\n<ul data-path-to-node=\"7\">\n<li>\n<p data-path-to-node=\"7,0,0\"><b data-path-to-node=\"7,0,0\" data-index-in-node=\"0\">Materjal:<\/b> Standardne 68D pol\u00fcesterkangas v\u00f5i esmaklassiline kootud pol\u00fcesterkangas<\/p>\n<\/li>\n<li>\n<p data-path-to-node=\"7,1,0\"><b data-path-to-node=\"7,1,0\" data-index-in-node=\"0\">Standardsuurus:<\/b> 14 x 21 cm (erim\u00f5\u00f5dud saadaval soovi korral)<\/p>\n<\/li>\n<li>\n<p data-path-to-node=\"7,2,0\"><b data-path-to-node=\"7,2,0\" data-index-in-node=\"0\">Tr\u00fckkimine:<\/b> Eridisainiga \u00fche- v\u00f5i kahepoolne printimine<\/p>\n<\/li>\n<li>\n<p data-path-to-node=\"7,3,0\"><b data-path-to-node=\"7,3,0\" data-index-in-node=\"0\">Masti v\u00e4rv:<\/b> Must v\u00f5i valge<\/p>\n<\/li>\n<\/ul>\n<h2 data-path-to-node=\"8\">Kasutusjuhud<\/h2>\n<ul data-path-to-node=\"9\">\n<li>\n<p data-path-to-node=\"9,0,0\"><b data-path-to-node=\"9,0,0\" data-index-in-node=\"0\">Sport ja areenid:<\/b> Kaasake f\u00e4nne ja t\u00f5stke esile meeskonna v\u00f5i sponsori logosid m\u00e4ngude ja turniiride ajal.<\/p>\n<\/li>\n<li>\n<p data-path-to-node=\"9,1,0\"><b data-path-to-node=\"9,1,0\" data-index-in-node=\"0\">Ettev\u00f5tte ja reklaami:<\/b> Suurep\u00e4rased kingitused messidel, tooteesitlustel v\u00f5i ettev\u00f5tte\u00fcritustel \u00fchtse br\u00e4ndingu edendamiseks.<\/p>\n<\/li>\n<li>\n<p data-path-to-node=\"9,2,0\"><b data-path-to-node=\"9,2,0\" data-index-in-node=\"0\">Festivalid ja paraadid:<\/b> Looge suurtel avalikel koosviibimistel ja pidustustel tohutu visuaalne efekt.<\/p>\n<\/li>\n<li>\n<p data-path-to-node=\"9,3,0\"><b data-path-to-node=\"9,3,0\" data-index-in-node=\"0\">Valimised ja kampaaniad:<\/b> V\u00e4ga t\u00f5husad ja n\u00e4htavad reklaamivahendid meeleavaldustele ja poliitilistele toetajatele.<\/p>\n<\/li>\n<\/ul>","protected":false},"excerpt":{"rendered":"<ul>\n<li>\n<p data-path-to-node=\"3,0,0\">H\u00e4sti n\u00e4htavad, eritellimusel tr\u00fckitud k\u00e4silipud sobivad ideaalselt suuremahulisteks \u00fcritusteks, kampaaniateks ja ettev\u00f5tte br\u00e4ndinguks.<\/p>\n<\/li>\n<li>\n<p data-path-to-node=\"3,1,0\">Saadaval kulut\u00f5husast standardsest 68D pol\u00fcestrist v\u00f5i maksimaalse vastupidavuse tagamiseks esmaklassilisest kootud kangast.<\/p>\n<\/li>\n<li>\n<p data-path-to-node=\"3,2,0\">Paindlik tootmine \u00fche- v\u00f5i kahepoolse k\u00f5rglahutusega printimisega, mis sobib teie reklaamieelarvega.<\/p>\n<\/li>\n<li>\n<p data-path-to-node=\"3,3,0\">Usaldusv\u00e4\u00e4rne hulgim\u00fc\u00fcgitarne, mis sobib ideaalselt staadionidele, festivalidele ja ettev\u00f5tete kingituste \u00fcritustele.<\/p>\n<\/li>\n<\/ul>","protected":false},"featured_media":6923,"comment_status":"closed","ping_status":"closed","template":"","meta":[],"product_brand":[],"product_cat":[123],"product_tag":[],"class_list":{"0":"post-6922","1":"product","2":"type-product","3":"status-publish","4":"has-post-thumbnail","6":"product_cat-fan-cheering-items","8":"first","9":"instock","10":"shipping-taxable","11":"purchasable","12":"product-type-simple"},"_links":{"self":[{"href":"https:\/\/wristbandfactory.eu\/et\/wp-json\/wp\/v2\/product\/6922","targetHints":{"allow":["GET"]}}],"collection":[{"href":"https:\/\/wristbandfactory.eu\/et\/wp-json\/wp\/v2\/product"}],"about":[{"href":"https:\/\/wristbandfactory.eu\/et\/wp-json\/wp\/v2\/types\/product"}],"replies":[{"embeddable":true,"href":"https:\/\/wristbandfactory.eu\/et\/wp-json\/wp\/v2\/comments?post=6922"}],"wp:featuredmedia":[{"embeddable":true,"href":"https:\/\/wristbandfactory.eu\/et\/wp-json\/wp\/v2\/media\/6923"}],"wp:attachment":[{"href":"https:\/\/wristbandfactory.eu\/et\/wp-json\/wp\/v2\/media?parent=6922"}],"wp:term":[{"taxonomy":"product_brand","embeddable":true,"href":"https:\/\/wristbandfactory.eu\/et\/wp-json\/wp\/v2\/product_brand?post=6922"},{"taxonomy":"product_cat","embeddable":true,"href":"https:\/\/wristbandfactory.eu\/et\/wp-json\/wp\/v2\/product_cat?post=6922"},{"taxonomy":"product_tag","embeddable":true,"href":"https:\/\/wristbandfactory.eu\/et\/wp-json\/wp\/v2\/product_tag?post=6922"}],"curies":[{"name":"t\u00f6\u00f6leht","href":"https:\/\/api.w.org\/{rel}","templated":true}]}}