{"id":6902,"date":"2026-02-25T12:32:38","date_gmt":"2026-02-25T09:32:38","guid":{"rendered":"https:\/\/wristbandfactory.eu\/?post_type=product&#038;p=6902"},"modified":"2026-02-25T14:12:35","modified_gmt":"2026-02-25T11:12:35","slug":"custom-woven-souvenir-wristbands-with-adjustable-knot","status":"publish","type":"product","link":"https:\/\/wristbandfactory.eu\/et\/p\/custom-woven-souvenir-wristbands-with-adjustable-knot\/","title":{"rendered":"Sissekootud logoga suveniirpaelad reguleeritava s\u00f5lmega"},"content":{"rendered":"<p data-path-to-node=\"4,3,0\">J\u00e4\u00e4dvusta oma br\u00e4ndi, riigi v\u00f5i kultuuris\u00fcndmuse olemus meie eritellimusel valmistatud kootud suveniirik\u00e4epaeltega. Traditsiooniliste punutud paelte ja t\u00e4ielikult reguleeritava libiseva s\u00f5lmega k\u00e4epaelad pakuvad esmaklassilist k\u00e4sit\u00f6\u00f6tunnet, millele tavalised \u00fcrituste k\u00e4epaelad lihtsalt vastu ei saa. Erinevalt tr\u00fckitud alternatiividest on teie eridisainiga logo, tekst v\u00f5i muster keerukalt kootud otse kangasse, kasutades kvaliteetseid niite, tagades maksimaalse vastupidavuse ja prestii\u017ese viimistluse. Need on ideaalne valik turismiametitele, jaem\u00fc\u00fcgi kingitustepoodidele, spordimeeskondadele ja festivalide korraldajatele, kes soovivad pakkuda oma publikule meeldej\u00e4\u00e4vat ja kauakestvat suveniir-meenet.<\/p>\n<h2 data-path-to-node=\"5\">Peamised omadused<\/h2>\n<ul data-path-to-node=\"6\">\n<li>\n<p data-path-to-node=\"6,0,0\">K\u00f5rglahutusega kootud tekstiilist disain pakub esmaklassilist tekstuurset viimistlust, mis on pleekimis- ja h\u00f5\u00f5rdumiskindel.<\/p>\n<\/li>\n<li>\n<p data-path-to-node=\"6,1,0\">T\u00e4ielikult reguleeritav libisev s\u00f5lmekinnitus kaunilt punutud sabadega, mis sobivad mugavalt igale randmesuurusele.<\/p>\n<\/li>\n<li>\n<p data-path-to-node=\"6,2,0\">Pehme ja nahas\u00f5bralik pol\u00fcestri ja puuvilla segu, mis on loodud mugavaks ja pikaajaliseks kandmiseks.<\/p>\n<\/li>\n<li>\n<p data-path-to-node=\"6,3,0\">Klassikaline, k\u00e4sit\u00f6\u00f6line esteetika, mis lisab teie kaubavalikule m\u00e4rkimisv\u00e4\u00e4rset jaem\u00fc\u00fcgiv\u00e4\u00e4rtust.<\/p>\n<\/li>\n<\/ul>\n<h2 data-path-to-node=\"7\">Spetsifikatsioonid<\/h2>\n<ul data-path-to-node=\"8\">\n<li>\n<p data-path-to-node=\"8,0,0\"><b data-path-to-node=\"8,0,0\" data-index-in-node=\"0\">Materjal:<\/b> Kvaliteetne kootud pol\u00fcester- ja puuvillal\u00f5nga segu.<\/p>\n<\/li>\n<li>\n<p data-path-to-node=\"8,1,0\"><b data-path-to-node=\"8,1,0\" data-index-in-node=\"0\">Suurus:<\/b> Kootud p\u00f5hirihma pikkus umbes 150\u2013160 mm, lisaks reguleeritavad punutud paelad.<\/p>\n<\/li>\n<li>\n<p data-path-to-node=\"8,2,0\"><b data-path-to-node=\"8,2,0\" data-index-in-node=\"0\">Kohandamine:<\/b> Kuni 8 kootud niidiv\u00e4rvi kujunduse kohta keerukate mustrite ja teksti jaoks.<\/p>\n<\/li>\n<li>\n<p data-path-to-node=\"8,3,0\"><b data-path-to-node=\"8,3,0\" data-index-in-node=\"0\">Sulgemine:<\/b> T\u00e4ielikult reguleeritav libiseva s\u00f5lme mehhanism.<\/p>\n<\/li>\n<li>\n<p data-path-to-node=\"8,4,0\"><b data-path-to-node=\"8,4,0\" data-index-in-node=\"0\">Minimaalne tellimuse kogus (MOQ):<\/b> Optimeeritud hulgim\u00fc\u00fcgi B2B n\u00f5uetele.<\/p>\n<\/li>\n<\/ul>\n<h2 data-path-to-node=\"9\">Kasutusjuhud<\/h2>\n<ul data-path-to-node=\"10\">\n<li>\n<p data-path-to-node=\"10,0,0\"><b data-path-to-node=\"10,0,0\" data-index-in-node=\"0\">Turism ja suveniirid:<\/b> Jaekaubandustooted rahvusparkidele, muuseumidele ja rahvusvahelistele riigibr\u00e4ndingu kampaaniatele.<\/p>\n<\/li>\n<li>\n<p data-path-to-node=\"10,1,0\"><b data-path-to-node=\"10,1,0\" data-index-in-node=\"0\">Spordi- ja f\u00e4nnikaup:<\/b> Kvaliteetsed meeskonnavaimu ansamblid, f\u00e4nnivarustus ja klubi suveniirid.<\/p>\n<\/li>\n<li>\n<p data-path-to-node=\"10,2,0\"><b data-path-to-node=\"10,2,0\" data-index-in-node=\"0\">Kultuuri- ja folkloori\u00fcritused:<\/b> Traditsioonilised festivalid, k\u00e4sit\u00f6\u00f6laadad, p\u00e4randi t\u00e4histamine ja kultuuri\u00fcritused.<\/p>\n<\/li>\n<li>\n<p data-path-to-node=\"10,3,0\"><b data-path-to-node=\"10,3,0\" data-index-in-node=\"0\">Heategevus ja raha kogumine:<\/b> Kvaliteetsed teadlikkuse k\u00e4epaeld vaba\u00fchenduste kampaaniateks ja t\u00e4nukingitused annetajatele.<\/p>\n<\/li>\n<\/ul>","protected":false},"excerpt":{"rendered":"<ul>\n<li>\n<p data-path-to-node=\"4,0,0\">Kvaliteetsest kootud kangast k\u00e4epaelad reguleeritava punutud s\u00f5lmega, mis annab traditsioonilise k\u00e4sit\u00f6\u00f6 ilme.<\/p>\n<\/li>\n<li>\n<p data-path-to-node=\"4,1,0\">Ideaalne riigi br\u00e4ndingu, turismikaupade, kultuuri\u00fcrituste ja kvaliteetsete f\u00e4nnimeenide jaoks.<\/p>\n<\/li>\n<li>\n<p data-path-to-node=\"4,2,0\">Vastupidavad, keerukalt kootud eritellimusel valmistatud kujundused (mitte tr\u00fckitud), mis garanteerivad, et teie logo aja jooksul ei tuhmu ega kulu.<\/p>\n<\/li>\n<li>\n<p data-path-to-node=\"4,3,0\">Saadaval B2B hulgim\u00fc\u00fcgiks koos eritellimusel niidiv\u00e4rvide sobitamisega, et see t\u00e4pselt teie br\u00e4ndi v\u00f5i riigilippu esindaks.<\/p>\n<\/li>\n<\/ul>","protected":false},"featured_media":6903,"comment_status":"closed","ping_status":"closed","template":"","meta":[],"product_brand":[],"product_cat":[47,121],"product_tag":[],"class_list":{"0":"post-6902","1":"product","2":"type-product","3":"status-publish","4":"has-post-thumbnail","6":"product_cat-fabric-wristbands","7":"product_cat-promotional-merchandise","9":"first","10":"instock","11":"shipping-taxable","12":"product-type-simple"},"_links":{"self":[{"href":"https:\/\/wristbandfactory.eu\/et\/wp-json\/wp\/v2\/product\/6902","targetHints":{"allow":["GET"]}}],"collection":[{"href":"https:\/\/wristbandfactory.eu\/et\/wp-json\/wp\/v2\/product"}],"about":[{"href":"https:\/\/wristbandfactory.eu\/et\/wp-json\/wp\/v2\/types\/product"}],"replies":[{"embeddable":true,"href":"https:\/\/wristbandfactory.eu\/et\/wp-json\/wp\/v2\/comments?post=6902"}],"wp:featuredmedia":[{"embeddable":true,"href":"https:\/\/wristbandfactory.eu\/et\/wp-json\/wp\/v2\/media\/6903"}],"wp:attachment":[{"href":"https:\/\/wristbandfactory.eu\/et\/wp-json\/wp\/v2\/media?parent=6902"}],"wp:term":[{"taxonomy":"product_brand","embeddable":true,"href":"https:\/\/wristbandfactory.eu\/et\/wp-json\/wp\/v2\/product_brand?post=6902"},{"taxonomy":"product_cat","embeddable":true,"href":"https:\/\/wristbandfactory.eu\/et\/wp-json\/wp\/v2\/product_cat?post=6902"},{"taxonomy":"product_tag","embeddable":true,"href":"https:\/\/wristbandfactory.eu\/et\/wp-json\/wp\/v2\/product_tag?post=6902"}],"curies":[{"name":"t\u00f6\u00f6leht","href":"https:\/\/api.w.org\/{rel}","templated":true}]}}