{"id":6899,"date":"2026-02-23T17:06:22","date_gmt":"2026-02-23T14:06:22","guid":{"rendered":"https:\/\/wristbandfactory.eu\/?post_type=product&#038;p=6899"},"modified":"2026-02-23T17:06:22","modified_gmt":"2026-02-23T14:06:22","slug":"custom-embossed-and-printed-silicone-wristbands","status":"publish","type":"product","link":"https:\/\/wristbandfactory.eu\/et\/p\/custom-embossed-and-printed-silicone-wristbands\/","title":{"rendered":"Tr\u00fckiga ja k\u00f5rgendatud silikoonist k\u00e4epaelad"},"content":{"rendered":"<p data-path-to-node=\"6\">T\u00f5stke oma reklaamtooteid meie eridisainiga reljeefsete ja tr\u00fckitud silikoonist k\u00e4epaeltega esile. See esmaklassiline k\u00e4epael pakub \u00fclimat kombinatsiooni kombatavast atraktiivsusest ja visuaalsest efektist. Kohandamisprotsess h\u00f5lmab teie teksti v\u00f5i logo vormimist nii, et see t\u00f5useb k\u00e4epaela pinnast k\u00f5rgemale (reljeeftr\u00fckk), millele j\u00e4rgneb vastupidava ja erksa tindikihi pealekandmine reljeefsetele aladele. See tagab, et teie br\u00e4ndis\u00f5num paistab s\u00f5na otseses m\u00f5ttes silma, pakkudes luksuslikku v\u00e4limust ja tunnet, millele tavalised lamedad tr\u00fckitud k\u00e4epaelad ei suuda vastu astuda.<\/p>\n<h2 data-path-to-node=\"7\">Peamised omadused<\/h2>\n<ul data-path-to-node=\"8\">\n<li>\n<p data-path-to-node=\"8,0,0\"><b data-path-to-node=\"8,0,0\" data-index-in-node=\"0\">Taktiilne 3D-efekt:<\/b> Reljeefne tekst ja logod lisavad esmaklassilise, tekstuurse tunde, mis k\u00f6idab kasutajat.<\/p>\n<\/li>\n<li>\n<p data-path-to-node=\"8,1,0\"><b data-path-to-node=\"8,1,0\" data-index-in-node=\"0\">T\u00e4iustatud vastupidavus:<\/b> Valmistatud meditsiinilise kvaliteediga lateksivabast 100% silikoonist, mis tagab veekindluse, kuumakindluse ja venivuse ilma kuju kaotamata.<\/p>\n<\/li>\n<li>\n<p data-path-to-node=\"8,2,0\"><b data-path-to-node=\"8,2,0\" data-index-in-node=\"0\">Suure kontrastsusega n\u00e4htavus:<\/b> Reljeefsetele aladele otse kantud erksav\u00e4rviline ja kulumiskindel tint tagab, et teie br\u00e4ndi logo on koheselt kaugelt \u00e4ratuntav.<\/p>\n<\/li>\n<li>\n<p data-path-to-node=\"8,3,0\"><b data-path-to-node=\"8,3,0\" data-index-in-node=\"0\">T\u00e4ielikult kohandatav:<\/b> Sobita oma ettev\u00f5tte v\u00e4rvid t\u00e4ielikult Pantone v\u00e4rvide sobitamisega nii silikoonp\u00f5hja kui ka tr\u00fckitud tindi puhul.<\/p>\n<\/li>\n<\/ul>\n<h2 data-path-to-node=\"9\">Spetsifikatsioonid<\/h2>\n<ul data-path-to-node=\"10\">\n<li>\n<p data-path-to-node=\"10,0,0\"><b data-path-to-node=\"10,0,0\" data-index-in-node=\"0\">Materjal:<\/b> 100% Keskkonnas\u00f5bralik, nahas\u00f5bralik silikoon.<\/p>\n<\/li>\n<li>\n<p data-path-to-node=\"10,1,0\"><b data-path-to-node=\"10,1,0\" data-index-in-node=\"0\">Standardsuurused:<\/b> T\u00e4iskasvanu (202x12x2mm), noor (180x12x2mm) ja laps (160x12x2mm). Eritellimusel saadaval ka erilaiused.<\/p>\n<\/li>\n<li>\n<p data-path-to-node=\"10,2,0\"><b data-path-to-node=\"10,2,0\" data-index-in-node=\"0\">Kohandamismeetod:<\/b> 3D-reljeefse efekti saavutamiseks on survevalu tehtud, reljeefsetele pindadele on tehtud t\u00e4ppis-siiditr\u00fckk.<\/p>\n<\/li>\n<li>\n<p data-path-to-node=\"10,3,0\"><b data-path-to-node=\"10,3,0\" data-index-in-node=\"0\">Minimaalne tellimuse kogus (MOQ):<\/b> Kehtivad standardsed B2B mahud (tavaliselt alates 100 t\u00fckist).<\/p>\n<\/li>\n<\/ul>\n<h2 data-path-to-node=\"11\">Kasutusjuhud<\/h2>\n<ul data-path-to-node=\"12\">\n<li>\n<p data-path-to-node=\"12,0,0\"><b data-path-to-node=\"12,0,0\" data-index-in-node=\"0\">Firma\u00fcritused ja messid:<\/b> Esmaklassiline kingitus, mida osalejad tegelikult kanda tahavad, hoides teie br\u00e4ndi meeles.<\/p>\n<\/li>\n<li>\n<p data-path-to-node=\"12,1,0\"><b data-path-to-node=\"12,1,0\" data-index-in-node=\"0\">Rahakogumis- ja teadlikkuse t\u00f5stmise kampaaniad:<\/b> Kvaliteetne viimistlus soodustab pikaajalist kandmist, maksimeerides teie heategevusorganisatsiooni v\u00f5i eesm\u00e4rgi n\u00e4htavust.<\/p>\n<\/li>\n<li>\n<p data-path-to-node=\"12,2,0\"><b data-path-to-node=\"12,2,0\" data-index-in-node=\"0\">Festivalid ja VIP-p\u00e4\u00e4s:<\/b> Suurep\u00e4rane lahendus k\u00fclaliste kategoriseerimiseks, pakkudes vastupidavat m\u00e4lestusesemet, mis peab mitmep\u00e4evaste \u00fcrituste ajal vastu kulumisele.<\/p>\n<\/li>\n<li>\n<p data-path-to-node=\"12,3,0\"><b data-path-to-node=\"12,3,0\" data-index-in-node=\"0\">Spordi- ja spordiklubid:<\/b> Higikindlad ja mugavad, mist\u00f5ttu sobivad need ideaalselt spordisaali liikmelisuseks v\u00f5i meeskonna kingituseks.<\/p>\n<\/li>\n<\/ul>\n<p data-path-to-node=\"13\">","protected":false},"excerpt":{"rendered":"<ul>\n<li>\n<p data-path-to-node=\"5,0,0\">Kvaliteetne 3D reljeefne logo koos h\u00e4sti n\u00e4htava v\u00e4rvitr\u00fckiga.<\/p>\n<\/li>\n<li>\n<p data-path-to-node=\"5,1,0\">V\u00e4ga vastupidav, veekindel ja mugav pikaajaliseks kandmiseks.<\/p>\n<\/li>\n<li>\n<p data-path-to-node=\"5,2,0\">Ideaalne ettev\u00f5tte br\u00e4ndinguks, heategevuskampaaniateks ja VIP-\u00fcritustele ligip\u00e4\u00e4suks.<\/p>\n<\/li>\n<li>\n<p data-path-to-node=\"5,3,0\">Saadaval Pantone&#039;i v\u00e4rvidega sobitatud eridisainiga v\u00e4rvides, et tagada br\u00e4ndi maksimaalne t\u00e4psus.<\/p>\n<\/li>\n<\/ul>","protected":false},"featured_media":6900,"comment_status":"closed","ping_status":"closed","template":"","meta":[],"product_brand":[],"product_cat":[49],"product_tag":[],"class_list":{"0":"post-6899","1":"product","2":"type-product","3":"status-publish","4":"has-post-thumbnail","6":"product_cat-silicone","8":"first","9":"instock","10":"shipping-taxable","11":"purchasable","12":"product-type-simple"},"_links":{"self":[{"href":"https:\/\/wristbandfactory.eu\/et\/wp-json\/wp\/v2\/product\/6899","targetHints":{"allow":["GET"]}}],"collection":[{"href":"https:\/\/wristbandfactory.eu\/et\/wp-json\/wp\/v2\/product"}],"about":[{"href":"https:\/\/wristbandfactory.eu\/et\/wp-json\/wp\/v2\/types\/product"}],"replies":[{"embeddable":true,"href":"https:\/\/wristbandfactory.eu\/et\/wp-json\/wp\/v2\/comments?post=6899"}],"wp:featuredmedia":[{"embeddable":true,"href":"https:\/\/wristbandfactory.eu\/et\/wp-json\/wp\/v2\/media\/6900"}],"wp:attachment":[{"href":"https:\/\/wristbandfactory.eu\/et\/wp-json\/wp\/v2\/media?parent=6899"}],"wp:term":[{"taxonomy":"product_brand","embeddable":true,"href":"https:\/\/wristbandfactory.eu\/et\/wp-json\/wp\/v2\/product_brand?post=6899"},{"taxonomy":"product_cat","embeddable":true,"href":"https:\/\/wristbandfactory.eu\/et\/wp-json\/wp\/v2\/product_cat?post=6899"},{"taxonomy":"product_tag","embeddable":true,"href":"https:\/\/wristbandfactory.eu\/et\/wp-json\/wp\/v2\/product_tag?post=6899"}],"curies":[{"name":"t\u00f6\u00f6leht","href":"https:\/\/api.w.org\/{rel}","templated":true}]}}