{"id":6895,"date":"2026-02-23T13:56:33","date_gmt":"2026-02-23T10:56:33","guid":{"rendered":"https:\/\/wristbandfactory.eu\/?post_type=product&#038;p=6895"},"modified":"2026-02-23T13:56:34","modified_gmt":"2026-02-23T10:56:34","slug":"custom-charm-bracelets-with-logo","status":"publish","type":"product","link":"https:\/\/wristbandfactory.eu\/et\/p\/custom-charm-bracelets-with-logo\/","title":{"rendered":"Logoga helmestest k\u00e4epaeld"},"content":{"rendered":"<p data-path-to-node=\"6\">Eristu rahvahulgast just sinu soovide j\u00e4rgi disainitud k\u00e4epaeldega. Turul laia valikut helmeid ja logosid pakkuvad k\u00e4epaeld v\u00f5imaldavad sul oma br\u00e4ndi ainulaadse isiksuse muuta ihaldusv\u00e4\u00e4rseks ja kantavaks aksessuaariks. Olenemata sellest, kas tood turule uue toote, korraldad festivali v\u00f5i lood eksklusiivset kaupa, garanteerivad need eritellimusel valmistatud k\u00e4epaeld kestva mulje.<\/p>\n<h2 data-path-to-node=\"7\">Peamised omadused<\/h2>\n<ul data-path-to-node=\"8\">\n<li>\n<p data-path-to-node=\"8,0,0\"><b data-path-to-node=\"8,0,0\" data-index-in-node=\"0\">Lai helmeste valik:<\/b> Vali laia materjalide, kujundite ja v\u00e4rvide valiku hulgast, et luua ainulaadne disain, mis sobib sinu turunduskampaaniaga.<\/p>\n<\/li>\n<li>\n<p data-path-to-node=\"8,1,0\"><b data-path-to-node=\"8,1,0\" data-index-in-node=\"0\">Eridisainiga s\u00f5najadad:<\/b> Kirjuta nimed, inspireerivad s\u00f5nad v\u00f5i br\u00e4ndisloganid. Lihtsalt lisa oma eelistatud tekst ja helmeste j\u00e4rjestus ning meie \u00e4ratame selle ellu.<\/p>\n<\/li>\n<li>\n<p data-path-to-node=\"8,2,0\"><b data-path-to-node=\"8,2,0\" data-index-in-node=\"0\">Tasemelised premium-valikud:<\/b> Kombineeri tavalisi ja premium-helmeid. Preemium-helmed on v\u00e4rvidega selgelt t\u00e4histatud, et aidata sul eelarvet hallata (lilla madalaima, sinise k\u00f5rgema ja kuldse \u00e4\u00e4rega k\u00f5rgeima t\u00fcki kohta k\u00e4iva lisatasu eest).<\/p>\n<\/li>\n<li>\n<p data-path-to-node=\"8,3,0\"><b data-path-to-node=\"8,3,0\" data-index-in-node=\"0\">Eritellimusel logo integreerimine:<\/b> T\u00e4iustage oma disaini veelgi spetsiaalsete logokaunistuste ja eridisainiga pakendiv\u00f5imalustega.<\/p>\n<\/li>\n<\/ul>\n<h2 data-path-to-node=\"9\">Spetsifikatsioonid<\/h2>\n<ul data-path-to-node=\"10\">\n<li>\n<p data-path-to-node=\"10,0,0\"><b data-path-to-node=\"10,0,0\" data-index-in-node=\"0\">Materjalid:<\/b> Lai valik helmeid, sh klaasist, puidust, akr\u00fc\u00fclist ja premium-metallidest.<\/p>\n<\/li>\n<li>\n<p data-path-to-node=\"10,1,0\"><b data-path-to-node=\"10,1,0\" data-index-in-node=\"0\">Kohandamine:<\/b> T\u00e4ielik kontroll helmeste j\u00e4rjestuse, v\u00e4rvimustrite ja integreeritud teksti\/s\u00f5nade \u00fcle.<\/p>\n<\/li>\n<li>\n<p data-path-to-node=\"10,2,0\"><b data-path-to-node=\"10,2,0\" data-index-in-node=\"0\">Lisatasu indikaatorid:<\/b> Lilla (1. taseme lisatasu), sinine (2. taseme lisatasu), kuldse servaga (3. taseme k\u00f5rgeim lisatasu).<\/p>\n<\/li>\n<li>\n<p data-path-to-node=\"10,3,0\"><b data-path-to-node=\"10,3,0\" data-index-in-node=\"0\">Sobivus:<\/b> Reguleeritav v\u00f5i elastne veniv l\u00f5ige sobib mugavalt igale randmesuurusele.<\/p>\n<\/li>\n<\/ul>\n<h2 data-path-to-node=\"11\">Kasutusjuhud<\/h2>\n<ul data-path-to-node=\"12\">\n<li>\n<p data-path-to-node=\"12,0,0\"><b data-path-to-node=\"12,0,0\" data-index-in-node=\"0\">Turunduskampaaniad:<\/b> Loo trendikaid ja h\u00f5lpsasti jagatavaid materjale sotsiaalmeedia kampaaniate ja m\u00f5jutajate arenduskomplektide jaoks.<\/p>\n<\/li>\n<li>\n<p data-path-to-node=\"12,1,0\"><b data-path-to-node=\"12,1,0\" data-index-in-node=\"0\">Festivalid ja \u00fcritused:<\/b> Jagage eridisainiga s\u00f5nak\u00e4epaelsid ainulaadsete sissep\u00e4\u00e4sukaartide v\u00f5i VIP-meenetena.<\/p>\n<\/li>\n<li>\n<p data-path-to-node=\"12,2,0\"><b data-path-to-node=\"12,2,0\" data-index-in-node=\"0\">Heategevus ja teadlikkus:<\/b> Esitage oma eesm\u00e4rgi toetamiseks m\u00f5jusaid ja toetavaid s\u00f5numeid, et koguda raha ja t\u00f5sta teadlikkust.<\/p>\n<\/li>\n<\/ul>\n<p data-path-to-node=\"13\">","protected":false},"excerpt":{"rendered":"<p data-path-to-node=\"4\">Looge oma publikule t\u00f5eliselt ainulaadne ja kantav kogemus meie t\u00e4ielikult kohandatavate ripatsite ja helmestega k\u00e4epaeldega.<\/p>\n<ul data-path-to-node=\"5\">\n<li>\n<p data-path-to-node=\"5,0,0\"><b data-path-to-node=\"5,0,0\" data-index-in-node=\"0\">L\u00f5putu kohandamine:<\/b> Valige oma br\u00e4ndi identiteeti ideaalselt peegeldavate helmeste mitmekesise kuju, suuruse, materjali ja v\u00e4rvivaliku hulgast.<\/p>\n<\/li>\n<li>\n<p data-path-to-node=\"5,1,0\"><b data-path-to-node=\"5,1,0\" data-index-in-node=\"0\">Eridisainiga s\u00f5numid:<\/b> Lisage soovitud j\u00e4rjestuses eridisainiga t\u00e4hehelmeid kasutades konkreetseid s\u00f5nu, kampaania loosungeid v\u00f5i oma kaubam\u00e4rgi nime.<\/p>\n<\/li>\n<li>\n<p data-path-to-node=\"5,2,0\"><b data-path-to-node=\"5,2,0\" data-index-in-node=\"0\">L\u00e4bipaistev eelarvestamine:<\/b> Hallake oma kampaaniakulusid h\u00f5lpsalt meie selge ja v\u00e4rvikoodidega lisatasus\u00fcsteemiga premium-helmestele.<\/p>\n<\/li>\n<li>\n<p data-path-to-node=\"5,3,0\"><b data-path-to-node=\"5,3,0\" data-index-in-node=\"0\">Meeldej\u00e4\u00e4vad m\u00e4lestusesemed:<\/b> \u00c4\u00e4rmiselt kaasahaaravad reklaamtooted, mis sobivad ideaalselt m\u00f5jutajate komplektide, festivalide ja eksklusiivsete firma\u00fcrituste jaoks.<\/p>\n<\/li>\n<\/ul>","protected":false},"featured_media":6896,"comment_status":"closed","ping_status":"closed","template":"","meta":[],"product_brand":[],"product_cat":[122],"product_tag":[],"class_list":{"0":"post-6895","1":"product","2":"type-product","3":"status-publish","4":"has-post-thumbnail","6":"product_cat-promotional-accessories","8":"first","9":"instock","10":"shipping-taxable","11":"purchasable","12":"product-type-simple"},"_links":{"self":[{"href":"https:\/\/wristbandfactory.eu\/et\/wp-json\/wp\/v2\/product\/6895","targetHints":{"allow":["GET"]}}],"collection":[{"href":"https:\/\/wristbandfactory.eu\/et\/wp-json\/wp\/v2\/product"}],"about":[{"href":"https:\/\/wristbandfactory.eu\/et\/wp-json\/wp\/v2\/types\/product"}],"replies":[{"embeddable":true,"href":"https:\/\/wristbandfactory.eu\/et\/wp-json\/wp\/v2\/comments?post=6895"}],"wp:featuredmedia":[{"embeddable":true,"href":"https:\/\/wristbandfactory.eu\/et\/wp-json\/wp\/v2\/media\/6896"}],"wp:attachment":[{"href":"https:\/\/wristbandfactory.eu\/et\/wp-json\/wp\/v2\/media?parent=6895"}],"wp:term":[{"taxonomy":"product_brand","embeddable":true,"href":"https:\/\/wristbandfactory.eu\/et\/wp-json\/wp\/v2\/product_brand?post=6895"},{"taxonomy":"product_cat","embeddable":true,"href":"https:\/\/wristbandfactory.eu\/et\/wp-json\/wp\/v2\/product_cat?post=6895"},{"taxonomy":"product_tag","embeddable":true,"href":"https:\/\/wristbandfactory.eu\/et\/wp-json\/wp\/v2\/product_tag?post=6895"}],"curies":[{"name":"t\u00f6\u00f6leht","href":"https:\/\/api.w.org\/{rel}","templated":true}]}}