{"id":6893,"date":"2026-02-23T13:49:41","date_gmt":"2026-02-23T10:49:41","guid":{"rendered":"https:\/\/wristbandfactory.eu\/?post_type=product&#038;p=6893"},"modified":"2026-02-23T14:30:31","modified_gmt":"2026-02-23T11:30:31","slug":"custom-velcro-slides-with-logo","status":"publish","type":"product","link":"https:\/\/wristbandfactory.eu\/et\/p\/custom-velcro-slides-with-logo\/","title":{"rendered":"Logoga takjapaelaga pl\u00e4tud"},"content":{"rendered":"<p data-path-to-node=\"5\">Eridisainiga takjapaelaga sandaalid pole lihtsalt j\u00e4rjekordne reklaamvidin; need on elustiili avaldus. Need sandaalid on loodud neile, kes soovivad silma paista, \u00fchendades nostalgilise retro silueti ja kaasaegsed kvaliteedistandardid. Reguleeritav pol\u00fcesterrihm tagab ideaalse sobivuse igale jalalaigusele, samas kui kerge EVA-vahust tald pakub mugavust terveks p\u00e4evaks nii sise- kui ka v\u00e4listingimustes kasutamiseks.<\/p>\n<h2 data-path-to-node=\"6\">Peamised omadused<\/h2>\n<ul data-path-to-node=\"7\">\n<li>\n<p data-path-to-node=\"7,0,0\"><b data-path-to-node=\"7,0,0\" data-index-in-node=\"0\">Reguleeritav mugavus:<\/b> Erip\u00e4rane takjapael v\u00f5imaldab lihtsat reguleerimist, mist\u00f5ttu sobivad need v\u00e4ga erinevatele jalakujudele ja suurustele.<\/p>\n<\/li>\n<li>\n<p data-path-to-node=\"7,1,0\"><b data-path-to-node=\"7,1,0\" data-index-in-node=\"0\">Vastupidavad materjalid:<\/b> Kvaliteetne EVA-vahtmaterjalist tald koos vastupidava pol\u00fcesterrihmaga on loodud pikaajaliseks igap\u00e4evaseks kandmiseks.<\/p>\n<\/li>\n<li>\n<p data-path-to-node=\"7,2,0\"><b data-path-to-node=\"7,2,0\" data-index-in-node=\"0\">Mitmek\u00fclgne br\u00e4nding:<\/b> Vali erksa DTF\/Flex fooliumtr\u00fcki v\u00f5i esmaklassilise tikandi vahel, et saavutada tipptasemel ja professionaalne viimistlus.<\/p>\n<\/li>\n<li>\n<p data-path-to-node=\"7,3,0\"><b data-path-to-node=\"7,3,0\" data-index-in-node=\"0\">Sega ja sobita paindlikkus:<\/b> Tellige \u00fche tootmispartii raames erinevaid suurusi vahemikus 36 kuni 47, et need sobiksid ideaalselt teie meeskonnale v\u00f5i sihtr\u00fchmale.<\/p>\n<\/li>\n<\/ul>\n<h2 data-path-to-node=\"8\">Spetsifikatsioonid<\/h2>\n<ul data-path-to-node=\"9\">\n<li>\n<p data-path-to-node=\"9,0,0\"><b data-path-to-node=\"9,0,0\" data-index-in-node=\"0\">Talla materjal:<\/b> 100% EVA vaht.<\/p>\n<\/li>\n<li>\n<p data-path-to-node=\"9,1,0\"><b data-path-to-node=\"9,1,0\" data-index-in-node=\"0\">Rihma materjal:<\/b> 100% pol\u00fcester.<\/p>\n<\/li>\n<li>\n<p data-path-to-node=\"9,2,0\"><b data-path-to-node=\"9,2,0\" data-index-in-node=\"0\">Keskmine kaal:<\/b> 172 g paari kohta.<\/p>\n<\/li>\n<li>\n<p data-path-to-node=\"9,3,0\"><b data-path-to-node=\"9,3,0\" data-index-in-node=\"0\">Saadaval olevad v\u00e4rvid:<\/b> Must, punane, lilla, tumesinine, sinine, roheline, kollane, oran\u017e.<\/p>\n<\/li>\n<li>\n<p data-path-to-node=\"9,4,0\"><b data-path-to-node=\"9,4,0\" data-index-in-node=\"0\">Br\u00e4ndingu piirkond:<\/b> Eridisainiga logo paigutus rihma \u00fclemisel osal.<\/p>\n<\/li>\n<\/ul>\n<h2 data-path-to-node=\"10\">Kasutusjuhud<\/h2>\n<ul data-path-to-node=\"11\">\n<li>\n<p data-path-to-node=\"11,0,0\"><b data-path-to-node=\"11,0,0\" data-index-in-node=\"0\">Firma\u00fcritused:<\/b> Ainulaadne ja mugav kingitus meeskonnat\u00f6\u00f6 reisideks, retriitideks v\u00f5i suvisteks firmapidudeks.<\/p>\n<\/li>\n<li>\n<p data-path-to-node=\"11,1,0\"><b data-path-to-node=\"11,1,0\" data-index-in-node=\"0\">T\u00f6\u00f6tajate tervituspakid:<\/b> Esmaklassilised sisseelamiskingitused, mida t\u00f6\u00f6tajad oma igap\u00e4evaelus ka tegelikult kasutavad ja hindavad.<\/p>\n<\/li>\n<li>\n<p data-path-to-node=\"11,2,0\"><b data-path-to-node=\"11,2,0\" data-index-in-node=\"0\">Turunduskampaaniad:<\/b> Paista silma messidel ja v\u00e4li\u00fcritustel tootega, mis s\u00fctitab vestlusi ja pakub p\u00fcsivat br\u00e4ndin\u00e4htust.<\/p>\n<\/li>\n<\/ul>","protected":false},"excerpt":{"rendered":"<p data-path-to-node=\"3\">Need ikoonilised takjakinnitusega sangad on ideaalne alternatiiv tavalistele reklaamkingitustele, pakkudes teie klientidele \u00fclimat mugavust ja pikaajalist vastupidavust.<\/p>\n<ul data-path-to-node=\"4\">\n<li>\n<p data-path-to-node=\"4,0,0\"><b data-path-to-node=\"4,0,0\" data-index-in-node=\"0\">K\u00f5rge br\u00e4ndi n\u00e4htavus:<\/b> Praktiline ja stiilne elustiiliese, mis tagab, et teie logo on n\u00e4htav nii kontoris, kodus kui ka \u00f5ues.<\/p>\n<\/li>\n<li>\n<p data-path-to-node=\"4,1,0\"><b data-path-to-node=\"4,1,0\" data-index-in-node=\"0\">T\u00e4ielik kohandamine:<\/b> Saadaval kaheksas erksas p\u00f5hiv\u00e4rvis koos v\u00f5imalusega lisada oma logo vastupidava DTF-tr\u00fcki v\u00f5i esmaklassilise tikandi abil.<\/p>\n<\/li>\n<li>\n<p data-path-to-node=\"4,2,0\"><b data-path-to-node=\"4,2,0\" data-index-in-node=\"0\">Madal miinimumtellimus:<\/b> Alusta oma B2B tellimusi k\u00f5igest 25 paarist, kusjuures suurusi saab omavahel kombineerida (36\u201347).<\/p>\n<\/li>\n<\/ul>","protected":false},"featured_media":6894,"comment_status":"closed","ping_status":"closed","template":"","meta":[],"product_brand":[],"product_cat":[132,129],"product_tag":[],"class_list":{"0":"post-6893","1":"product","2":"type-product","3":"status-publish","4":"has-post-thumbnail","6":"product_cat-hotel-spa-amenities","7":"product_cat-leisure-lifestyle","9":"first","10":"instock","11":"shipping-taxable","12":"purchasable","13":"product-type-simple"},"_links":{"self":[{"href":"https:\/\/wristbandfactory.eu\/et\/wp-json\/wp\/v2\/product\/6893","targetHints":{"allow":["GET"]}}],"collection":[{"href":"https:\/\/wristbandfactory.eu\/et\/wp-json\/wp\/v2\/product"}],"about":[{"href":"https:\/\/wristbandfactory.eu\/et\/wp-json\/wp\/v2\/types\/product"}],"replies":[{"embeddable":true,"href":"https:\/\/wristbandfactory.eu\/et\/wp-json\/wp\/v2\/comments?post=6893"}],"wp:featuredmedia":[{"embeddable":true,"href":"https:\/\/wristbandfactory.eu\/et\/wp-json\/wp\/v2\/media\/6894"}],"wp:attachment":[{"href":"https:\/\/wristbandfactory.eu\/et\/wp-json\/wp\/v2\/media?parent=6893"}],"wp:term":[{"taxonomy":"product_brand","embeddable":true,"href":"https:\/\/wristbandfactory.eu\/et\/wp-json\/wp\/v2\/product_brand?post=6893"},{"taxonomy":"product_cat","embeddable":true,"href":"https:\/\/wristbandfactory.eu\/et\/wp-json\/wp\/v2\/product_cat?post=6893"},{"taxonomy":"product_tag","embeddable":true,"href":"https:\/\/wristbandfactory.eu\/et\/wp-json\/wp\/v2\/product_tag?post=6893"}],"curies":[{"name":"t\u00f6\u00f6leht","href":"https:\/\/api.w.org\/{rel}","templated":true}]}}