{"id":6885,"date":"2026-02-05T16:33:11","date_gmt":"2026-02-05T13:33:11","guid":{"rendered":"https:\/\/wristbandfactory.eu\/?post_type=product&#038;p=6885"},"modified":"2026-02-05T16:33:11","modified_gmt":"2026-02-05T13:33:11","slug":"custom-2-tone-round-cord-bottle-slings-crossbody","status":"publish","type":"product","link":"https:\/\/wristbandfactory.eu\/et\/p\/custom-2-tone-round-cord-bottle-slings-crossbody\/","title":{"rendered":"Kahev\u00e4rviline \u00fcle\u00f5la pudelipael"},"content":{"rendered":"<p data-path-to-node=\"7\">T\u00f5sta oma br\u00e4ndi elustiili atraktiivsust meie kahev\u00e4rviliste \u00fcmarate paeladega pudelikaeltega. Traditsioonilistest lamedatest reklaamkaelapaeladest eemaldudes pakub see toode kaasaegset ja jaem\u00fc\u00fcgikvaliteediga aksessuaari igap\u00e4evaseks kasutamiseks.<\/p>\n<p data-path-to-node=\"8\">Hoidik on varustatud vastupidava 0,7 cm paksuse pol\u00fcesterpaelaga, mis on saadaval pilkup\u00fc\u00fcdvates kahetoonilistes v\u00e4rvikombinatsioonides, mis lisavad igale riietusele tekstuuri ja stiili. Paelale otse tr\u00fckkimise asemel on teie br\u00e4nd esile t\u00f5stetud k\u00f5rglahutusega kootud sildil, mis annab tootele peene ja butiikliku ilme. Ideaalselt matkamiseks, pendeldamiseks v\u00f5i kontoris vedeliku tarbimiseks sobiv painduv silikoonhoidik mahutab kindlalt k\u00f5ike alates poest ostetud veepudelitest kuni raskete korduvkasutatavate klaasideni.<\/p>\n<h2 data-path-to-node=\"9\">Peamised omadused<\/h2>\n<ul data-path-to-node=\"10\">\n<li>\n<p data-path-to-node=\"10,0,0\"><b data-path-to-node=\"10,0,0\" data-index-in-node=\"0\">Premium-konstruktsioon:<\/b> K\u00f6ietaoline pael on pehme, kuid uskumatult tugev, v\u00f5imaldades kanda raskeid isoleeritud pudeleid ilma \u00f5lga kaevumata.<\/p>\n<\/li>\n<li>\n<p data-path-to-node=\"10,1,0\"><b data-path-to-node=\"10,1,0\" data-index-in-node=\"0\">Kootud siltide br\u00e4nding:<\/b> Teie logo on kootud paela k\u00fclge kinnitatud riidest sildile, tagades, et see ei tuhmu ega kulu maha.<\/p>\n<\/li>\n<li>\n<p data-path-to-node=\"10,2,0\"><b data-path-to-node=\"10,2,0\" data-index-in-node=\"0\">Mitmek\u00fclgne silikoonk\u00e4epide:<\/b> 1,2 cm k\u00f5rgune silikoonrihm on loodud umbes 5 cm kaelal\u00e4bim\u00f5\u00f5duga pudelite venitamiseks ja haaramiseks, hoides neid liikumise ajal kindlalt paigal.<\/p>\n<\/li>\n<li>\n<p data-path-to-node=\"10,3,0\"><b data-path-to-node=\"10,3,0\" data-index-in-node=\"0\">Moodne edasiminek:<\/b> Kahev\u00e4rviline kudumine v\u00f5imaldab teil sobitada ettev\u00f5tte v\u00e4rve peenelt ja stiilselt (nt must\/hall, sinine\/valge).<\/p>\n<\/li>\n<\/ul>\n<h2 data-path-to-node=\"11\">Spetsifikatsioonid<\/h2>\n<ul data-path-to-node=\"12\">\n<li>\n<p data-path-to-node=\"12,0,0\"><b data-path-to-node=\"12,0,0\" data-index-in-node=\"0\">Paela materjal:<\/b> Pol\u00fcester (\u00fcmar kudum).<\/p>\n<\/li>\n<li>\n<p data-path-to-node=\"12,1,0\"><b data-path-to-node=\"12,1,0\" data-index-in-node=\"0\">Juhtme m\u00f5\u00f5tmed:<\/b> Pikkus 160 cm | L\u00e4bim\u00f5\u00f5t \u00d8 0,7 cm.<\/p>\n<\/li>\n<li>\n<p data-path-to-node=\"12,2,0\"><b data-path-to-node=\"12,2,0\" data-index-in-node=\"0\">Omanik:<\/b> Paindlik silikoon (1,2 cm k\u00f5rge, \u00d8 5 cm sisediameeter).<\/p>\n<\/li>\n<li>\n<p data-path-to-node=\"12,3,0\"><b data-path-to-node=\"12,3,0\" data-index-in-node=\"0\">Br\u00e4ndingu piirkond:<\/b> Kootud silt (voldituna n\u00e4htav 2,25 x 4 cm).<\/p>\n<\/li>\n<li>\n<p data-path-to-node=\"12,4,0\"><b data-path-to-node=\"12,4,0\" data-index-in-node=\"0\">V\u00e4rvid:<\/b> Saadaval on ka eridisainiga kahev\u00e4rvilised kombinatsioonid.<\/p>\n<\/li>\n<\/ul>\n<h2 data-path-to-node=\"13\">Kasutusjuhud<\/h2>\n<ul data-path-to-node=\"14\">\n<li>\n<p data-path-to-node=\"14,0,0\"><b data-path-to-node=\"14,0,0\" data-index-in-node=\"0\">T\u00f6\u00f6tajate tervituskomplektid:<\/b> K\u00f5rge tajutava v\u00e4\u00e4rtusega kingitus, mis soodustab kontoris vedelikutarbimist ja tervist.<\/p>\n<\/li>\n<li>\n<p data-path-to-node=\"14,1,0\"><b data-path-to-node=\"14,1,0\" data-index-in-node=\"0\">V\u00e4lis- ja matka\u00fcritused:<\/b> K\u00e4ed-vabad lahendus loodusradadele, kus seljakotid v\u00f5ivad olla liiga kohmakad.<\/p>\n<\/li>\n<li>\n<p data-path-to-node=\"14,2,0\"><b data-path-to-node=\"14,2,0\" data-index-in-node=\"0\">J\u00f5usaal ja joogastuudiod:<\/b> Ideaalne liikmetele vee tassimiseks masinate v\u00f5i tundide vahel.<\/p>\n<\/li>\n<li>\n<p data-path-to-node=\"14,3,0\"><b data-path-to-node=\"14,3,0\" data-index-in-node=\"0\">\u00dclikooli kaubad:<\/b> Trendikas aksessuaar, mida tudengid \u00fclikoolilinnakus ka kannavad.<\/p>\n<\/li>\n<\/ul>","protected":false},"excerpt":{"rendered":"<ul>\n<li>\n<p data-path-to-node=\"6,0,0\"><b data-path-to-node=\"6,0,0\" data-index-in-node=\"0\">Trendikas esteetika:<\/b> Vastupidav \u00d8 0,7 cm l\u00e4bim\u00f5\u00f5duga \u00fcmmargune pol\u00fcesterpael stiilses kahetoonilises punutises.<\/p>\n<\/li>\n<li>\n<p data-path-to-node=\"6,1,0\"><b data-path-to-node=\"6,1,0\" data-index-in-node=\"0\">Diskreetne br\u00e4nding:<\/b> Eridisainiga kootud logoga silt (2,25x4 cm), mis on kindlalt juhtme k\u00fclge kinnitatud, et anda esmaklassiline jaem\u00fc\u00fcgiilme.<\/p>\n<\/li>\n<li>\n<p data-path-to-node=\"6,2,0\"><b data-path-to-node=\"6,2,0\" data-index-in-node=\"0\">Universaalne sobivus:<\/b> Paindlik silikoonr\u00f5ngas (\u00d8 5 cm) venib, et hoida kinni korduvkasutatavatest klaasidest, plastpudelitest ja termostest.<\/p>\n<\/li>\n<li>\n<p data-path-to-node=\"6,3,0\"><b data-path-to-node=\"6,3,0\" data-index-in-node=\"0\">Eriti pikk:<\/b> 160 cm pikkus tagab mugava istuvuse igale kehat\u00fc\u00fcbile, isegi \u00fcleriiete peal.<\/p>\n<\/li>\n<\/ul>","protected":false},"featured_media":6886,"comment_status":"closed","ping_status":"closed","template":"","meta":[],"product_brand":[],"product_cat":[108,119],"product_tag":[],"class_list":{"0":"post-6885","1":"product","2":"type-product","3":"status-publish","4":"has-post-thumbnail","6":"product_cat-multifunctional-lanyards","7":"product_cat-drinkware-accessories","9":"first","10":"instock","11":"shipping-taxable","12":"purchasable","13":"product-type-simple"},"_links":{"self":[{"href":"https:\/\/wristbandfactory.eu\/et\/wp-json\/wp\/v2\/product\/6885","targetHints":{"allow":["GET"]}}],"collection":[{"href":"https:\/\/wristbandfactory.eu\/et\/wp-json\/wp\/v2\/product"}],"about":[{"href":"https:\/\/wristbandfactory.eu\/et\/wp-json\/wp\/v2\/types\/product"}],"replies":[{"embeddable":true,"href":"https:\/\/wristbandfactory.eu\/et\/wp-json\/wp\/v2\/comments?post=6885"}],"wp:featuredmedia":[{"embeddable":true,"href":"https:\/\/wristbandfactory.eu\/et\/wp-json\/wp\/v2\/media\/6886"}],"wp:attachment":[{"href":"https:\/\/wristbandfactory.eu\/et\/wp-json\/wp\/v2\/media?parent=6885"}],"wp:term":[{"taxonomy":"product_brand","embeddable":true,"href":"https:\/\/wristbandfactory.eu\/et\/wp-json\/wp\/v2\/product_brand?post=6885"},{"taxonomy":"product_cat","embeddable":true,"href":"https:\/\/wristbandfactory.eu\/et\/wp-json\/wp\/v2\/product_cat?post=6885"},{"taxonomy":"product_tag","embeddable":true,"href":"https:\/\/wristbandfactory.eu\/et\/wp-json\/wp\/v2\/product_tag?post=6885"}],"curies":[{"name":"t\u00f6\u00f6leht","href":"https:\/\/api.w.org\/{rel}","templated":true}]}}