{"id":6883,"date":"2026-02-05T16:27:58","date_gmt":"2026-02-05T13:27:58","guid":{"rendered":"https:\/\/wristbandfactory.eu\/?post_type=product&#038;p=6883"},"modified":"2026-02-05T16:27:58","modified_gmt":"2026-02-05T13:27:58","slug":"custom-crossbody-bottle-straps-adjustable-lanyard","status":"publish","type":"product","link":"https:\/\/wristbandfactory.eu\/et\/p\/custom-crossbody-bottle-straps-adjustable-lanyard\/","title":{"rendered":"\u00dcle\u00f5la pudelirihm (Crossbody)"},"content":{"rendered":"<p data-path-to-node=\"5\">Muuda veejoomine k\u00e4ed-vabad mugavuseks meie eridisainiga \u00f5lakottide abil. Erinevalt tavalistest l\u00fchikestest klambritest toimib see pikk pael (umbes 1260 mm) \u00f5larihmana, v\u00f5imaldades kasutajatel oma veepudeleid mugavalt puusak\u00f5rgusel kanda \u2013 ideaalne matkajatele, festivalik\u00fclastajatele ja pendeldajatele, kes vajavad vabad k\u00e4ed.<\/p>\n<p data-path-to-node=\"6\">Disainil on kvaliteetne silikoonkinnitus, mis libiseb kindlalt tavaliste PET-pudelite (mineraalvesi, limonaad) kaela \u00fcmber. Rihm ise on valmistatud siledast ja laiast pol\u00fcestrist, pakkudes esmaklassilist l\u00f5uendit teie br\u00e4ndi kunstiteostele, tagades samal ajal mugavuse naha v\u00f5i riiete vastas.<\/p>\n<h2 data-path-to-node=\"7\">Peamised omadused<\/h2>\n<ul data-path-to-node=\"8\">\n<li>\n<p data-path-to-node=\"8,0,0\"><b data-path-to-node=\"8,0,0\" data-index-in-node=\"0\">Reguleeritav pikkus:<\/b> Varustatud vastupidava plastliuguriga, mis v\u00f5imaldab rihma l\u00fchendada v\u00f5i pikendada vastavalt kasutaja pikkusele v\u00f5i kandmiseelistuse.<\/p>\n<\/li>\n<li>\n<p data-path-to-node=\"8,1,0\"><b data-path-to-node=\"8,1,0\" data-index-in-node=\"0\">Servast servani printimine:<\/b> Me kasutame teie logo, loosungi v\u00f5i mustri printimiseks kogu rihma pikkuses fotokvaliteedis v\u00e4rvisublimatsiooni.<\/p>\n<\/li>\n<li>\n<p data-path-to-node=\"8,2,0\"><b data-path-to-node=\"8,2,0\" data-index-in-node=\"0\">Turvaline hoidmine:<\/b> Silikoonvormi m\u00f5\u00f5tmed (3,5 \u00d7 5,3 cm) on konstrueeritud nii, et need haaraksid pudelikaela tihedalt \u00fcmbert, takistades selle libisemist isegi aktiivse liikumise ajal.<\/p>\n<\/li>\n<li>\n<p data-path-to-node=\"8,3,0\"><b data-path-to-node=\"8,3,0\" data-index-in-node=\"0\">Pestav:<\/b> Nii pol\u00fcesterrihma kui ka silikoonhoidikut on lihtne puhastada, tagades toote h\u00fcgieenilisuse pikaajalisel kasutamisel.<\/p>\n<\/li>\n<\/ul>\n<h2 data-path-to-node=\"9\">Spetsifikatsioonid<\/h2>\n<ul data-path-to-node=\"10\">\n<li>\n<p data-path-to-node=\"10,0,0\"><b data-path-to-node=\"10,0,0\" data-index-in-node=\"0\">Rihma materjal:<\/b> 100% pol\u00fcester.<\/p>\n<\/li>\n<li>\n<p data-path-to-node=\"10,1,0\"><b data-path-to-node=\"10,1,0\" data-index-in-node=\"0\">Rihma m\u00f5\u00f5tmed:<\/b> Laius 25 mm \u00d7 pikkus 1260 mm.<\/p>\n<\/li>\n<li>\n<p data-path-to-node=\"10,2,0\"><b data-path-to-node=\"10,2,0\" data-index-in-node=\"0\">Hoidiku materjal:<\/b> Paindlik silikoon.<\/p>\n<\/li>\n<li>\n<p data-path-to-node=\"10,3,0\"><b data-path-to-node=\"10,3,0\" data-index-in-node=\"0\">Hoidiku m\u00f5\u00f5tmed:<\/b> 3,5 x 5,3 cm (sisel\u00e4bim\u00f5\u00f5t \u00d8 2,5 cm).<\/p>\n<\/li>\n<li>\n<p data-path-to-node=\"10,4,0\"><b data-path-to-node=\"10,4,0\" data-index-in-node=\"0\">Reguleerija:<\/b> Tugev plastmassist liuguri regulaator.<\/p>\n<\/li>\n<li>\n<p data-path-to-node=\"10,5,0\"><b data-path-to-node=\"10,5,0\" data-index-in-node=\"0\">Tr\u00fckkimine:<\/b> T\u00e4isv\u00e4rviline soojus\u00fclekande sublimatsioon (CMYK).<\/p>\n<\/li>\n<\/ul>\n<h2 data-path-to-node=\"11\">Kasutusjuhud<\/h2>\n<ul data-path-to-node=\"12\">\n<li>\n<p data-path-to-node=\"12,0,0\"><b data-path-to-node=\"12,0,0\" data-index-in-node=\"0\">Muusikafestivalid ja kontserdid:<\/b> Hoiab tantsimise ajal vett kindlalt; hoiab \u00e4ra pudelite kaotamise v\u00f5i maha kukkumise.<\/p>\n<\/li>\n<li>\n<p data-path-to-node=\"12,1,0\"><b data-path-to-node=\"12,1,0\" data-index-in-node=\"0\">Matkamine ja loodusretked:<\/b> Kerge alternatiiv seljakotile ainult vee kaasaskandmiseks.<\/p>\n<\/li>\n<li>\n<p data-path-to-node=\"12,2,0\"><b data-path-to-node=\"12,2,0\" data-index-in-node=\"0\">Linna turism:<\/b> V\u00f5imaldab turistidel mugavalt vett kaasas kanda, samal ajal pildistades v\u00f5i kaarti vaadates.<\/p>\n<\/li>\n<li>\n<p data-path-to-node=\"12,3,0\"><b data-path-to-node=\"12,3,0\" data-index-in-node=\"0\">Kooliekskursioonid:<\/b> Tagab, et lastel oleksid veepudelid kogu ekskursiooni v\u00e4ltel kaasas.<\/p>\n<\/li>\n<\/ul>","protected":false},"excerpt":{"rendered":"<ul>\n<li>\n<p data-path-to-node=\"4,0,0\"><b data-path-to-node=\"4,0,0\" data-index-in-node=\"0\">Ristkere mugavus:<\/b> Eriti pikk 126 cm rihm v\u00f5imaldab mugavat kandmist \u00fcle \u00f5la v\u00f5i risti \u00fcle keha.<\/p>\n<\/li>\n<li>\n<p data-path-to-node=\"4,1,0\"><b data-path-to-node=\"4,1,0\" data-index-in-node=\"0\">Universaalne silikoonk\u00e4epide:<\/b> Vastupidav silikoonist hoidik (sisemine \u00d8 2,5 cm) venib, et see sobiks tavaliste mineraalvee- ja limonaadipudelite kaelaga.<\/p>\n<\/li>\n<li>\n<p data-path-to-node=\"4,2,0\"><b data-path-to-node=\"4,2,0\" data-index-in-node=\"0\">T\u00e4ielikult reguleeritav:<\/b> Varustatud plastmassist liuguriga, mis v\u00f5imaldab pikkust vastavalt t\u00e4iskasvanutele v\u00f5i lastele muuta.<\/p>\n<\/li>\n<li>\n<p data-path-to-node=\"4,3,0\"><b data-path-to-node=\"4,3,0\" data-index-in-node=\"0\">Maksimaalne br\u00e4nding:<\/b> Lai 25 mm pol\u00fcesterlint pakub suurt pinda erksav\u00e4rviliseks sublimatsioonitr\u00fckiks.<\/p>\n<\/li>\n<\/ul>","protected":false},"featured_media":6884,"comment_status":"closed","ping_status":"closed","template":"","meta":[],"product_brand":[],"product_cat":[108,119],"product_tag":[],"class_list":{"0":"post-6883","1":"product","2":"type-product","3":"status-publish","4":"has-post-thumbnail","6":"product_cat-multifunctional-lanyards","7":"product_cat-drinkware-accessories","9":"first","10":"instock","11":"shipping-taxable","12":"purchasable","13":"product-type-simple"},"_links":{"self":[{"href":"https:\/\/wristbandfactory.eu\/et\/wp-json\/wp\/v2\/product\/6883","targetHints":{"allow":["GET"]}}],"collection":[{"href":"https:\/\/wristbandfactory.eu\/et\/wp-json\/wp\/v2\/product"}],"about":[{"href":"https:\/\/wristbandfactory.eu\/et\/wp-json\/wp\/v2\/types\/product"}],"replies":[{"embeddable":true,"href":"https:\/\/wristbandfactory.eu\/et\/wp-json\/wp\/v2\/comments?post=6883"}],"wp:featuredmedia":[{"embeddable":true,"href":"https:\/\/wristbandfactory.eu\/et\/wp-json\/wp\/v2\/media\/6884"}],"wp:attachment":[{"href":"https:\/\/wristbandfactory.eu\/et\/wp-json\/wp\/v2\/media?parent=6883"}],"wp:term":[{"taxonomy":"product_brand","embeddable":true,"href":"https:\/\/wristbandfactory.eu\/et\/wp-json\/wp\/v2\/product_brand?post=6883"},{"taxonomy":"product_cat","embeddable":true,"href":"https:\/\/wristbandfactory.eu\/et\/wp-json\/wp\/v2\/product_cat?post=6883"},{"taxonomy":"product_tag","embeddable":true,"href":"https:\/\/wristbandfactory.eu\/et\/wp-json\/wp\/v2\/product_tag?post=6883"}],"curies":[{"name":"t\u00f6\u00f6leht","href":"https:\/\/api.w.org\/{rel}","templated":true}]}}