{"id":6879,"date":"2026-02-05T16:11:04","date_gmt":"2026-02-05T13:11:04","guid":{"rendered":"https:\/\/wristbandfactory.eu\/?post_type=product&#038;p=6879"},"modified":"2026-02-08T23:24:06","modified_gmt":"2026-02-08T20:24:06","slug":"custom-rpet-screen-printed-lanyards","status":"publish","type":"product","link":"https:\/\/wristbandfactory.eu\/et\/p\/custom-rpet-screen-printed-lanyards\/","title":{"rendered":"Taaskasutatud RPET kaelapaelad siiditr\u00fckiga"},"content":{"rendered":"<p data-path-to-node=\"9\">\u00dchendage j\u00e4tkusuutlikkus rangete br\u00e4ndijuhistega, kasutades meie eridisainiga RPET-siiditr\u00fckiga kaelapaele. Kuigi sublimatsioon pakub fotograafilisi detaile, on siiditr\u00fckk professionaalide valik teravate ja julgete logode ning t\u00e4pse v\u00e4rvit\u00e4psuse saavutamiseks.<\/p>\n<p data-path-to-node=\"10\">Need kaelapaelad on valmistatud taaskasutatud pol\u00fcestrist (rPET), andes plastj\u00e4\u00e4tmetele uue elu ning pakkudes samal ajal vastupidavat ja mugavat kaelapaela. Siiditr\u00fckitehnika tagab, et teie logo tr\u00fckitakse kanga peale teie valitud Pantone v\u00e4rvides, pakkudes suuremat l\u00e4bipaistmatust ja kontrasti kui digitaaltr\u00fckimeetodid. See teeb need ideaalseks ettev\u00f5ttekeskkondadesse, kus br\u00e4ndi terviklikkus on esmat\u00e4htis.<\/p>\n<h2 data-path-to-node=\"11\">Peamised omadused<\/h2>\n<ul data-path-to-node=\"12\">\n<li>\n<p data-path-to-node=\"12,0,0\"><b data-path-to-node=\"12,0,0\" data-index-in-node=\"0\">Pantone&#039;i vaste:<\/b> Saame nii lindi v\u00e4rvi kui ka tindi v\u00e4rvi teie konkreetsete PMS-koodidega sobitada.<\/p>\n<\/li>\n<li>\n<p data-path-to-node=\"12,1,0\"><b data-path-to-node=\"12,1,0\" data-index-in-node=\"0\">Taktiilne kvaliteet:<\/b> Siiditr\u00fckk loob v\u00f5rreldes lamedate digitaaltr\u00fckkidega veidi k\u00f5rgema ja esmaklassilisema tunde.<\/p>\n<\/li>\n<li>\n<p data-path-to-node=\"12,2,0\"><b data-path-to-node=\"12,2,0\" data-index-in-node=\"0\">Vastupidav ja pestav:<\/b> Tint seondub tugevalt rPET-kiududega, tagades, et logo j\u00e4\u00e4b n\u00e4htavaks ka pikaajalisel kandmisel.<\/p>\n<\/li>\n<li>\n<p data-path-to-node=\"12,3,0\"><b data-path-to-node=\"12,3,0\" data-index-in-node=\"0\">\u00d6kosertifitseeritud:<\/b> K\u00e4egakatsutav p\u00fchendumus j\u00e4tkusuutlikkusele, mida saate oma sidusr\u00fchmadele edastada.<\/p>\n<\/li>\n<\/ul>\n<h2 data-path-to-node=\"13\">Spetsifikatsioonid<\/h2>\n<ul data-path-to-node=\"14\">\n<li>\n<p data-path-to-node=\"14,0,0\"><b data-path-to-node=\"14,0,0\" data-index-in-node=\"0\">Materjal:<\/b> 100% taaskasutatud pol\u00fcester (rPET).<\/p>\n<\/li>\n<li>\n<p data-path-to-node=\"14,1,0\"><b data-path-to-node=\"14,1,0\" data-index-in-node=\"0\">Laius:<\/b> Saadaval laiustes 10 mm, 15 mm, 20 mm ja 25 mm.<\/p>\n<\/li>\n<li>\n<p data-path-to-node=\"14,2,0\"><b data-path-to-node=\"14,2,0\" data-index-in-node=\"0\">Standardpikkus:<\/b> 90 cm (umbes).<\/p>\n<\/li>\n<li>\n<p data-path-to-node=\"14,3,0\"><b data-path-to-node=\"14,3,0\" data-index-in-node=\"0\">Printimismeetod:<\/b> Siiditr\u00fckk (1-4 t\u00e4ppv\u00e4rvi).<\/p>\n<\/li>\n<li>\n<p data-path-to-node=\"14,4,0\"><b data-path-to-node=\"14,4,0\" data-index-in-node=\"0\">K\u00fcljed:<\/b> Saadaval \u00fche- v\u00f5i kahepoolne printimine.<\/p>\n<\/li>\n<li>\n<p data-path-to-node=\"14,5,0\"><b data-path-to-node=\"14,5,0\" data-index-in-node=\"0\">Manused:<\/b> Metallist karabiin (standardne), p\u00e4\u00e4stikklamber, krokodillklamber v\u00f5i ovaalne konks.<\/p>\n<\/li>\n<li>\n<p data-path-to-node=\"14,6,0\"><b data-path-to-node=\"14,6,0\" data-index-in-node=\"0\">Ohutus:<\/b> Lisavarustusena saadaval eemaldatav turvapannal.<\/p>\n<\/li>\n<\/ul>\n<h2 data-path-to-node=\"15\">Kasutusjuhud<\/h2>\n<ul data-path-to-node=\"16\">\n<li>\n<p data-path-to-node=\"16,0,0\"><b data-path-to-node=\"16,0,0\" data-index-in-node=\"0\">Ettev\u00f5tte identiteet:<\/b> Ideaalne pankadele, advokaadib\u00fcroodele ja tehnoloogiaettev\u00f5tetele, kes vajavad t\u00e4pset logov\u00e4rvide kasutamist.<\/p>\n<\/li>\n<li>\n<p data-path-to-node=\"16,1,0\"><b data-path-to-node=\"16,1,0\" data-index-in-node=\"0\">Rohelised s\u00fcndmused:<\/b> Konverentsid, mis keskenduvad j\u00e4tkusuutlikkusele ja keskkonnavastutusele.<\/p>\n<\/li>\n<li>\n<p data-path-to-node=\"16,2,0\"><b data-path-to-node=\"16,2,0\" data-index-in-node=\"0\">Personali vormiriietus:<\/b> Vastupidavad ja professionaalsed ID-hoidjad jaem\u00fc\u00fcgi- ja toitlustust\u00f6\u00f6tajatele.<\/p>\n<\/li>\n<li>\n<p data-path-to-node=\"16,3,0\"><b data-path-to-node=\"16,3,0\" data-index-in-node=\"0\">Valitsus ja avalik sektor:<\/b> J\u00e4tkusuutlike materjalide hanken\u00f5uete t\u00e4itmine kvaliteeti ohverdamata.<\/p>\n<\/li>\n<\/ul>","protected":false},"excerpt":{"rendered":"<ul>\n<li>\n<p data-path-to-node=\"8,0,0\"><b data-path-to-node=\"8,0,0\" data-index-in-node=\"0\">Keskkonnateadlik materjal:<\/b> Valmistatud 100% taaskasutatud PET-plastpudelitest, v\u00e4hendades aktiivselt plastj\u00e4\u00e4tmeid.<\/p>\n<\/li>\n<li>\n<p data-path-to-node=\"8,1,0\"><b data-path-to-node=\"8,1,0\" data-index-in-node=\"0\">T\u00e4pne br\u00e4nding:<\/b> Siiditr\u00fckk v\u00f5imaldab logode ja teksti t\u00e4pset Pantone (PMS) v\u00e4rvisobitamist.<\/p>\n<\/li>\n<li>\n<p data-path-to-node=\"8,2,0\"><b data-path-to-node=\"8,2,0\" data-index-in-node=\"0\">K\u00f5rge kontrastsus:<\/b> Tr\u00fckk asetseb kanga peal, luues karge ja tekstureeritud viimistluse, mis paistab lindi v\u00e4rvi taustal silma.<\/p>\n<\/li>\n<li>\n<p data-path-to-node=\"8,3,0\"><b data-path-to-node=\"8,3,0\" data-index-in-node=\"0\">T\u00e4ielik kohandamine:<\/b> Vali lindi v\u00e4rv, tr\u00fckiv\u00e4rv ja kinnitusviis (karabiin, krokodillklamber, koeraklamber).<\/p>\n<\/li>\n<\/ul>","protected":false},"featured_media":6880,"comment_status":"closed","ping_status":"closed","template":"","meta":[],"product_brand":[],"product_cat":[107],"product_tag":[],"class_list":{"0":"post-6879","1":"product","2":"type-product","3":"status-publish","4":"has-post-thumbnail","6":"product_cat-eco-friendly-lanyards","8":"first","9":"instock","10":"shipping-taxable","11":"purchasable","12":"product-type-simple"},"_links":{"self":[{"href":"https:\/\/wristbandfactory.eu\/et\/wp-json\/wp\/v2\/product\/6879","targetHints":{"allow":["GET"]}}],"collection":[{"href":"https:\/\/wristbandfactory.eu\/et\/wp-json\/wp\/v2\/product"}],"about":[{"href":"https:\/\/wristbandfactory.eu\/et\/wp-json\/wp\/v2\/types\/product"}],"replies":[{"embeddable":true,"href":"https:\/\/wristbandfactory.eu\/et\/wp-json\/wp\/v2\/comments?post=6879"}],"wp:featuredmedia":[{"embeddable":true,"href":"https:\/\/wristbandfactory.eu\/et\/wp-json\/wp\/v2\/media\/6880"}],"wp:attachment":[{"href":"https:\/\/wristbandfactory.eu\/et\/wp-json\/wp\/v2\/media?parent=6879"}],"wp:term":[{"taxonomy":"product_brand","embeddable":true,"href":"https:\/\/wristbandfactory.eu\/et\/wp-json\/wp\/v2\/product_brand?post=6879"},{"taxonomy":"product_cat","embeddable":true,"href":"https:\/\/wristbandfactory.eu\/et\/wp-json\/wp\/v2\/product_cat?post=6879"},{"taxonomy":"product_tag","embeddable":true,"href":"https:\/\/wristbandfactory.eu\/et\/wp-json\/wp\/v2\/product_tag?post=6879"}],"curies":[{"name":"t\u00f6\u00f6leht","href":"https:\/\/api.w.org\/{rel}","templated":true}]}}