{"id":6877,"date":"2026-02-05T16:06:06","date_gmt":"2026-02-05T13:06:06","guid":{"rendered":"https:\/\/wristbandfactory.eu\/?post_type=product&#038;p=6877"},"modified":"2026-02-05T16:06:06","modified_gmt":"2026-02-05T13:06:06","slug":"premium-round-cord-lanyards-with-metal-badge-reel","status":"publish","type":"product","link":"https:\/\/wristbandfactory.eu\/et\/p\/premium-round-cord-lanyards-with-metal-badge-reel\/","title":{"rendered":"\u00dcmara paelaga kaelakaardihoidjad (metallist jojo)"},"content":{"rendered":"<p data-path-to-node=\"5\">T\u00e4iustage oma ettev\u00f5tte identiteeti meie esmaklassiliste \u00fcmarate paelaga kaelapaeladega, millel on integreeritud vastupidav metallist m\u00e4rgirull. See ei ole tavaline \u00fchekordne \u00fcrituste kaelapael; see on tipptasemel organisatsiooniline t\u00f6\u00f6riist, mis on loodud igap\u00e4evaseks kasutamiseks professionaalsetes keskkondades, nagu tehnoloogialinnakud, haiglad ja ettev\u00f5tete peakorterid.<\/p>\n<p data-path-to-node=\"6\">Disain \u00fchendab mugavuse t\u00f6\u00f6stusklassi funktsionaalsusega. Kaelapael on valmistatud pehmest ja paksust \u00d80,6 cm pol\u00fcesterpaelast, mida saab reguleerida dekoratiivse kontrasts\u00f5lmega, mis lisab peene br\u00e4ndiv\u00e4rvi h\u00f5ngu. Keskseks elemendiks on vastupidav tsingisulamist m\u00e4rgirull, mis on plastist alternatiividega v\u00f5rreldes vastupidavam.<\/p>\n<h2 data-path-to-node=\"7\">Peamised omadused<\/h2>\n<ul data-path-to-node=\"8\">\n<li>\n<p data-path-to-node=\"8,0,0\"><b data-path-to-node=\"8,0,0\" data-index-in-node=\"0\">Laiendatud ulatus:<\/b> Sisemine nailonist t\u00f5mbepael ulatub kuni <b data-path-to-node=\"8,0,0\" data-index-in-node=\"59\">90 cm (36 tolli)<\/b>, oluliselt pikemad kui tavalised rullid, v\u00f5imaldades kasutajatel turvakaarte libistada ilma paela eemaldamata v\u00f5i kummardamata.<\/p>\n<\/li>\n<li>\n<p data-path-to-node=\"8,1,0\"><b data-path-to-node=\"8,1,0\" data-index-in-node=\"0\">Projekteeritud t\u00f6\u00f6kindlus:<\/b> Sisemine vedrumehhanism on l\u00e4binud pingetesti <b data-path-to-node=\"8,1,0\" data-index-in-node=\"75\">40 000 tagasiv\u00f5tmist<\/b>, tagades, et juhe kl\u00f5psab iga kord kindlalt tagasi.<\/p>\n<\/li>\n<li>\n<p data-path-to-node=\"8,2,0\"><b data-path-to-node=\"8,2,0\" data-index-in-node=\"0\">Reguleeritav sobivus:<\/b> Libistatava s\u00f5lme disain v\u00f5imaldab kasutajatel kaelapaela riputuspikkust optimaalse mugavuse ja n\u00e4htavuse tagamiseks reguleerida.<\/p>\n<\/li>\n<li>\n<p data-path-to-node=\"8,3,0\"><b data-path-to-node=\"8,3,0\" data-index-in-node=\"0\">Elegantne viimistlus:<\/b> Metallist rullikorpus annab elegantse ja professionaalse v\u00e4limuse, mis sobib juhtivt\u00f6\u00f6tajatele ja klientidega suhtlevatele ametikohtadele.<\/p>\n<\/li>\n<\/ul>\n<h2 data-path-to-node=\"9\">Spetsifikatsioonid<\/h2>\n<ul data-path-to-node=\"10\">\n<li>\n<p data-path-to-node=\"10,0,0\"><b data-path-to-node=\"10,0,0\" data-index-in-node=\"0\">Kaelapaela materjal:<\/b> 100% pol\u00fcester (\u00fcmar pael).<\/p>\n<\/li>\n<li>\n<p data-path-to-node=\"10,1,0\"><b data-path-to-node=\"10,1,0\" data-index-in-node=\"0\">Juhtme m\u00f5\u00f5tmed:<\/b> Pikkus u. 100 cm | Paksus \u00d8 0,6 cm.<\/p>\n<\/li>\n<li>\n<p data-path-to-node=\"10,2,0\"><b data-path-to-node=\"10,2,0\" data-index-in-node=\"0\">Rulli materjal:<\/b> Tsingisulam (korpus) + nailon (t\u00f5mbepael).<\/p>\n<\/li>\n<li>\n<p data-path-to-node=\"10,3,0\"><b data-path-to-node=\"10,3,0\" data-index-in-node=\"0\">Tagasit\u00f5mbumise pikkus:<\/b> Ligikaudu 90 cm \/ 36 tolli.<\/p>\n<\/li>\n<li>\n<p data-path-to-node=\"10,4,0\"><b data-path-to-node=\"10,4,0\" data-index-in-node=\"0\">Kandev\u00f5ime:<\/b> Mahutab umbes 45 grammi (hoiab turvaliselt raskeid ID-kaardihoidjaid v\u00f5i mitut v\u00f5tit).<\/p>\n<\/li>\n<li>\n<p data-path-to-node=\"10,5,0\"><b data-path-to-node=\"10,5,0\" data-index-in-node=\"0\">Lisatud:<\/b> Vastupidav vin\u00fc\u00fclrihm v\u00f5i poolitatud r\u00f5ngas m\u00e4rgihoidjatele.<\/p>\n<\/li>\n<\/ul>\n<h2 data-path-to-node=\"11\">Kasutusjuhud<\/h2>\n<ul data-path-to-node=\"12\">\n<li>\n<p data-path-to-node=\"12,0,0\"><b data-path-to-node=\"12,0,0\" data-index-in-node=\"0\">Ettev\u00f5tte kontorid:<\/b> Ideaalne t\u00f6\u00f6tajatele, kes vajavad pidevat juurdep\u00e4\u00e4su turvalistele ustele ja printeritele.<\/p>\n<\/li>\n<li>\n<p data-path-to-node=\"12,1,0\"><b data-path-to-node=\"12,1,0\" data-index-in-node=\"0\">Meditsiiniasutused:<\/b> V\u00f5imaldab arstidel ja \u00f5dedel ligip\u00e4\u00e4sukaarte kasutada, hoides samal ajal k\u00e4ed vabad ja kaardid h\u00fcgieenilised.<\/p>\n<\/li>\n<li>\n<p data-path-to-node=\"12,2,0\"><b data-path-to-node=\"12,2,0\" data-index-in-node=\"0\">VIP-\u00fcritused:<\/b> V\u00e4\u00e4rtuslik osaleja kingitus, mida delegaadid tegelikult alles hoiavad ja uuesti kasutavad.<\/p>\n<\/li>\n<li>\n<p data-path-to-node=\"12,3,0\"><b data-path-to-node=\"12,3,0\" data-index-in-node=\"0\">\u00dclikooli t\u00f6\u00f6tajad:<\/b> Piisavalt vastupidav, et hoida samaaegselt raskeid peav\u00f5tmeid ja ID-kaarte.<\/p>\n<\/li>\n<\/ul>","protected":false},"excerpt":{"rendered":"<ul>\n<li>\n<p data-path-to-node=\"4,0,0\"><b data-path-to-node=\"4,0,0\" data-index-in-node=\"0\">Tugev tagasit\u00f5mbumine:<\/b> Tsingisulamist rullmehhanism on testitud 40 000 sissekerimisega 90 cm pikendusega.<\/p>\n<\/li>\n<li>\n<p data-path-to-node=\"4,1,0\"><b data-path-to-node=\"4,1,0\" data-index-in-node=\"0\">Esmaklassiline esteetika:<\/b> Paks \u00d80,6 cm pol\u00fcesterpael stiilse kontrastv\u00e4rvi reguleerimiss\u00f5lmega.<\/p>\n<\/li>\n<li>\n<p data-path-to-node=\"4,2,0\"><b data-path-to-node=\"4,2,0\" data-index-in-node=\"0\">Turvaline ja ligip\u00e4\u00e4setav:<\/b> Hoiab ID-kaarte n\u00e4htavuse tagamiseks l\u00e4hedal, kuid avaneb kaardilugejate jaoks pingutuseta.<\/p>\n<\/li>\n<li>\n<p data-path-to-node=\"4,3,0\"><b data-path-to-node=\"4,3,0\" data-index-in-node=\"0\">Ettev\u00f5tte vastupidavus:<\/b> M\u00f5eldud kuni 45 g (umbes 5\u20137 plastkaarti\/v\u00f5tit) hoidmiseks ilma l\u00e4bi vajumata.<\/p>\n<\/li>\n<\/ul>","protected":false},"featured_media":6878,"comment_status":"closed","ping_status":"closed","template":"","meta":[],"product_brand":[],"product_cat":[105],"product_tag":[],"class_list":{"0":"post-6877","1":"product","2":"type-product","3":"status-publish","4":"has-post-thumbnail","6":"product_cat-badge-holder-lanyards","8":"first","9":"instock","10":"shipping-taxable","11":"purchasable","12":"product-type-simple"},"_links":{"self":[{"href":"https:\/\/wristbandfactory.eu\/et\/wp-json\/wp\/v2\/product\/6877","targetHints":{"allow":["GET"]}}],"collection":[{"href":"https:\/\/wristbandfactory.eu\/et\/wp-json\/wp\/v2\/product"}],"about":[{"href":"https:\/\/wristbandfactory.eu\/et\/wp-json\/wp\/v2\/types\/product"}],"replies":[{"embeddable":true,"href":"https:\/\/wristbandfactory.eu\/et\/wp-json\/wp\/v2\/comments?post=6877"}],"wp:featuredmedia":[{"embeddable":true,"href":"https:\/\/wristbandfactory.eu\/et\/wp-json\/wp\/v2\/media\/6878"}],"wp:attachment":[{"href":"https:\/\/wristbandfactory.eu\/et\/wp-json\/wp\/v2\/media?parent=6877"}],"wp:term":[{"taxonomy":"product_brand","embeddable":true,"href":"https:\/\/wristbandfactory.eu\/et\/wp-json\/wp\/v2\/product_brand?post=6877"},{"taxonomy":"product_cat","embeddable":true,"href":"https:\/\/wristbandfactory.eu\/et\/wp-json\/wp\/v2\/product_cat?post=6877"},{"taxonomy":"product_tag","embeddable":true,"href":"https:\/\/wristbandfactory.eu\/et\/wp-json\/wp\/v2\/product_tag?post=6877"}],"curies":[{"name":"t\u00f6\u00f6leht","href":"https:\/\/api.w.org\/{rel}","templated":true}]}}