{"id":6873,"date":"2026-02-05T15:57:47","date_gmt":"2026-02-05T12:57:47","guid":{"rendered":"https:\/\/wristbandfactory.eu\/?post_type=product&#038;p=6873"},"modified":"2026-02-05T15:57:47","modified_gmt":"2026-02-05T12:57:47","slug":"custom-hookless-lanyards-metal-free-badge-attachment","status":"publish","type":"product","link":"https:\/\/wristbandfactory.eu\/et\/p\/custom-hookless-lanyards-metal-free-badge-attachment\/","title":{"rendered":"Metallivabad kaelapaelad otsekinnitusega"},"content":{"rendered":"<p data-path-to-node=\"6\">Sujuvamaks muutke oma \u00fcrituse turvalisus ja v\u00e4hendage kulusid meie eridisainiga konksuta kaelapaeladega. Erinevalt traditsioonilistest kaelapaeladest, mis tuginevad metallkarabiinidele v\u00f5i plastklambritele, kasutab see patenteeritud lahendus lindi otsas t\u00e4pselt l\u00f5igatud pilusid, et standardseid m\u00e4rgihoidjaid kindlalt kinni hoida.<\/p>\n<p data-path-to-node=\"7\">See \u201criistvaravaba\u201d disain muudab kaelapaela erakordselt kergeks ja mugavaks terveks p\u00e4evaks. See on ideaalne valik k\u00f5rge turvalisusega kohtadesse (lennujaamad, valitsuste tippkohtumised), kus kasutatakse metallidetektoreid, aga ka tervishoiuasutustesse (MRI-ruumid). Lisaks lihtsustab see t\u00e4ielikult \u00fchest materjalist (pol\u00fcester) valmistatud olekut p\u00e4rast \u00fcritust ringlussev\u00f5tu protsessi.<\/p>\n<h2 data-path-to-node=\"8\">Peamised omadused<\/h2>\n<ul data-path-to-node=\"9\">\n<li>\n<p data-path-to-node=\"9,0,0\"><b data-path-to-node=\"9,0,0\" data-index-in-node=\"0\">Patenteeritud kinnituss\u00fcsteem:<\/b> Lindi otstes on spetsiaalselt loodud l\u00f5iked, mis keerduvad l\u00e4bi ja lukustuvad standardsete ID-taskute v\u00f5i m\u00e4rgihoidjate k\u00fclge.<\/p>\n<\/li>\n<li>\n<p data-path-to-node=\"9,1,0\"><b data-path-to-node=\"9,1,0\" data-index-in-node=\"0\">Fotorealistlik tr\u00fckkimine:<\/b> Meie sublimatsiooniprotsess v\u00e4rvib kangakiud otse, v\u00f5imaldades piiramatul hulgal v\u00e4rve, gradiente ja fotosid \u00fchel v\u00f5i m\u00f5lemal k\u00fcljel.<\/p>\n<\/li>\n<li>\n<p data-path-to-node=\"9,2,0\"><b data-path-to-node=\"9,2,0\" data-index-in-node=\"0\">Ohutus ja mugavus:<\/b> Ei mingeid kiikuvaid metallosi, mis v\u00f5iksid riideid kahjustada v\u00f5i allergiat esile kutsuda (niklivaba).<\/p>\n<\/li>\n<li>\n<p data-path-to-node=\"9,3,0\"><b data-path-to-node=\"9,3,0\" data-index-in-node=\"0\">Vastupidav kangas:<\/b> Valmistatud peenest ja siledast pol\u00fcestrist, mis tundub naha vastas pehme, kuid ei rebene.<\/p>\n<\/li>\n<\/ul>\n<h2 data-path-to-node=\"10\">Spetsifikatsioonid<\/h2>\n<ul data-path-to-node=\"11\">\n<li>\n<p data-path-to-node=\"11,0,0\"><b data-path-to-node=\"11,0,0\" data-index-in-node=\"0\">Materjal:<\/b> 100% peen pol\u00fcester.<\/p>\n<\/li>\n<li>\n<p data-path-to-node=\"11,1,0\"><b data-path-to-node=\"11,1,0\" data-index-in-node=\"0\">Pikkus:<\/b> Ligikaudu 100 cm (t\u00e4iskasvanu standardsuurus).<\/p>\n<\/li>\n<li>\n<p data-path-to-node=\"11,2,0\"><b data-path-to-node=\"11,2,0\" data-index-in-node=\"0\">Laius:<\/b> Saadaval 15 mm, 20 mm (standardne) v\u00f5i 25 mm l\u00e4bim\u00f5\u00f5duga.<\/p>\n<\/li>\n<li>\n<p data-path-to-node=\"11,3,0\"><b data-path-to-node=\"11,3,0\" data-index-in-node=\"0\">Lisatud:<\/b> Integreeritud stantsitud pesad (metallivabad \/ klambrivabad).<\/p>\n<\/li>\n<li>\n<p data-path-to-node=\"11,4,0\"><b data-path-to-node=\"11,4,0\" data-index-in-node=\"0\">Tr\u00fckkimine:<\/b> T\u00e4isv\u00e4rviline soojus\u00fclekande sublimatsioon (CMYK).<\/p>\n<\/li>\n<li>\n<p data-path-to-node=\"11,5,0\"><b data-path-to-node=\"11,5,0\" data-index-in-node=\"0\">\u00dchilduvus:<\/b> Sobib tavaliste lahtiste kaardihoidjate ja perforeeritud ID-kaartidega.<\/p>\n<\/li>\n<\/ul>\n<h2 data-path-to-node=\"12\">Kasutusjuhud<\/h2>\n<ul data-path-to-node=\"13\">\n<li>\n<p data-path-to-node=\"13,0,0\"><b data-path-to-node=\"13,0,0\" data-index-in-node=\"0\">K\u00f5rge turvalisusega tippkohtumised:<\/b> Kiirem t\u00f6\u00f6tlemine turvakontrollipunktides (metalli pole).<\/p>\n<\/li>\n<li>\n<p data-path-to-node=\"13,1,0\"><b data-path-to-node=\"13,1,0\" data-index-in-node=\"0\">Meditsiinikonverentsid:<\/b> Ohutu kasutada tundlike magnetiliste seadmete l\u00e4heduses.<\/p>\n<\/li>\n<li>\n<p data-path-to-node=\"13,2,0\"><b data-path-to-node=\"13,2,0\" data-index-in-node=\"0\">Suuremahulised festivalid:<\/b> Eelarves\u00f5bralik alternatiiv, mis v\u00e4hendab plasti- ja metallij\u00e4\u00e4tmeid.<\/p>\n<\/li>\n<li>\n<p data-path-to-node=\"13,3,0\"><b data-path-to-node=\"13,3,0\" data-index-in-node=\"0\">Kooliekskursioonid:<\/b> Kerge ja lastele lihtne, ilma purunevate v\u00e4ikeste osadeta.<\/p>\n<\/li>\n<\/ul>","protected":false},"excerpt":{"rendered":"<ul>\n<li>\n<p data-path-to-node=\"5,0,0\"><b data-path-to-node=\"5,0,0\" data-index-in-node=\"0\">Metallivaba disain:<\/b> 100% pol\u00fcesterstruktuur t\u00e4hendab nullmetallist osasid \u2013 ideaalne turvakontrollpunktide ja meditsiinitsoonide jaoks.<\/p>\n<\/li>\n<li>\n<p data-path-to-node=\"5,1,0\"><b data-path-to-node=\"5,1,0\" data-index-in-node=\"0\">Patenteeritud integreeritud k\u00e4epide:<\/b> Unikaalsed stantsitud otsad hoiavad m\u00e4rgihoidjaid kindlalt kinni ilma klambrite v\u00f5i karabiinideta.<\/p>\n<\/li>\n<li>\n<p data-path-to-node=\"5,2,0\"><b data-path-to-node=\"5,2,0\" data-index-in-node=\"0\">T\u00e4ispinna br\u00e4nding:<\/b> K\u00f5rglahutusega sublimatsioonitr\u00fckk (CMYK) kogu 100 cm pikkuses.<\/p>\n<\/li>\n<li>\n<p data-path-to-node=\"5,3,0\"><b data-path-to-node=\"5,3,0\" data-index-in-node=\"0\">Kulut\u00f5hus:<\/b> K\u00f5rvaldab riistvara maksumuse, pakkudes eelarves\u00f5bralikku lahendust suuremahuliste \u00fcrituste jaoks.<\/p>\n<\/li>\n<\/ul>","protected":false},"featured_media":6874,"comment_status":"closed","ping_status":"closed","template":"","meta":[],"product_brand":[],"product_cat":[105],"product_tag":[],"class_list":{"0":"post-6873","1":"product","2":"type-product","3":"status-publish","4":"has-post-thumbnail","6":"product_cat-badge-holder-lanyards","8":"first","9":"instock","10":"shipping-taxable","11":"purchasable","12":"product-type-simple"},"_links":{"self":[{"href":"https:\/\/wristbandfactory.eu\/et\/wp-json\/wp\/v2\/product\/6873","targetHints":{"allow":["GET"]}}],"collection":[{"href":"https:\/\/wristbandfactory.eu\/et\/wp-json\/wp\/v2\/product"}],"about":[{"href":"https:\/\/wristbandfactory.eu\/et\/wp-json\/wp\/v2\/types\/product"}],"replies":[{"embeddable":true,"href":"https:\/\/wristbandfactory.eu\/et\/wp-json\/wp\/v2\/comments?post=6873"}],"wp:featuredmedia":[{"embeddable":true,"href":"https:\/\/wristbandfactory.eu\/et\/wp-json\/wp\/v2\/media\/6874"}],"wp:attachment":[{"href":"https:\/\/wristbandfactory.eu\/et\/wp-json\/wp\/v2\/media?parent=6873"}],"wp:term":[{"taxonomy":"product_brand","embeddable":true,"href":"https:\/\/wristbandfactory.eu\/et\/wp-json\/wp\/v2\/product_brand?post=6873"},{"taxonomy":"product_cat","embeddable":true,"href":"https:\/\/wristbandfactory.eu\/et\/wp-json\/wp\/v2\/product_cat?post=6873"},{"taxonomy":"product_tag","embeddable":true,"href":"https:\/\/wristbandfactory.eu\/et\/wp-json\/wp\/v2\/product_tag?post=6873"}],"curies":[{"name":"t\u00f6\u00f6leht","href":"https:\/\/api.w.org\/{rel}","templated":true}]}}