{"id":6868,"date":"2026-02-05T15:04:54","date_gmt":"2026-02-05T12:04:54","guid":{"rendered":"https:\/\/wristbandfactory.eu\/?post_type=product&#038;p=6868"},"modified":"2026-02-05T15:04:54","modified_gmt":"2026-02-05T12:04:54","slug":"custom-non-slip-grip-socks-pilates-yoga-trampoline","status":"publish","type":"product","link":"https:\/\/wristbandfactory.eu\/et\/p\/custom-non-slip-grip-socks-pilates-yoga-trampoline\/","title":{"rendered":"Libisemisvastase tallaga spordisokid"},"content":{"rendered":"<p data-path-to-node=\"7\">T\u00f5sta oma stuudio br\u00e4ndingut ja ohutusstandardeid meie eridisainiga libisemiskindlate sokkidega. Need sokid on loodud tipptasemel keskkondade, n\u00e4iteks pilatese-stuudiote, joogakeskuste ja batuudiparkide jaoks ning pakuvad ideaalset tasakaalu h\u00fcgieeni, mugavuse ja stabiilsuse vahel.<\/p>\n<p data-path-to-node=\"8\">Professionaalsetest treeningprogrammidest (n\u00e4iteks MyFitness Fusion Pilatese kollektsioon) inspireeritud sokid on loodud t\u00e4psete liigutuste toetamiseks. Libisemisvastane tald tagab olulise haarduvuse pooside hoidmiseks nii trena\u017e\u00f6\u00f6ridel kui ka siledatel stuudiop\u00f5randatel, samas kui pehme puuvillasegu tagab niiskuse juhtimise.<\/p>\n<h2 data-path-to-node=\"9\">Peamised omadused<\/h2>\n<ul data-path-to-node=\"10\">\n<li>\n<p data-path-to-node=\"10,0,0\"><b data-path-to-node=\"10,0,0\" data-index-in-node=\"0\">Eridisainiga haardetehnoloogia:<\/b> Vali standardsete t\u00e4ppmustrite hulgast v\u00f5i loo t\u00e4iesti eritellimusel valmistatud haardekujundus, kasutades tallale oma logo v\u00f5i kaubam\u00e4rgi ikooni.<\/p>\n<\/li>\n<li>\n<p data-path-to-node=\"10,1,0\"><b data-path-to-node=\"10,1,0\" data-index-in-node=\"0\">Keerukas br\u00e4nding:<\/b> Erinevalt tr\u00fckitud sokkidest kootakse teie disain otse kangasse k\u00f5rglahutusega \u017eakaartehnoloogia abil, et anda esmaklassiline v\u00e4limus, mis ei tuhmu.<\/p>\n<\/li>\n<li>\n<p data-path-to-node=\"10,2,0\"><b data-path-to-node=\"10,2,0\" data-index-in-node=\"0\">Toimivuse konstruktsioon:<\/b> Tugevdatud kanna- ja varvasosal ning kitsal soonikkoes randmel, mis hoiab \u00e4ra soki allapoole veeremise treeningu ajal.<\/p>\n<\/li>\n<li>\n<p data-path-to-node=\"10,3,0\"><b data-path-to-node=\"10,3,0\" data-index-in-node=\"0\">Elav esteetika:<\/b> 190 laos oleva l\u00f5ngav\u00e4rviga saame teie ettev\u00f5tte identiteediga ideaalselt sobida \u2013 neoonv\u00e4rvidest kuni pastelltoonideni.<\/p>\n<\/li>\n<\/ul>\n<h2 data-path-to-node=\"11\">Spetsifikatsioonid<\/h2>\n<ul data-path-to-node=\"12\">\n<li>\n<p data-path-to-node=\"12,0,0\"><b data-path-to-node=\"12,0,0\" data-index-in-node=\"0\">Minimaalne tellimus:<\/b> 300 paari (suuremate tellimuste korral on v\u00f5imalik Aasias hulgitootmine).<\/p>\n<\/li>\n<li>\n<p data-path-to-node=\"12,1,0\"><b data-path-to-node=\"12,1,0\" data-index-in-node=\"0\">Materjali koostis:<\/b> 80% puuvill, 20% pol\u00fcamiid\/elastaan (spordiks optimeeritud).<\/p>\n<\/li>\n<li>\n<p data-path-to-node=\"12,2,0\"><b data-path-to-node=\"12,2,0\" data-index-in-node=\"0\">Suurused:<\/b> Saadaval standardsetes unisex suurustes (nt 35\u201338, 39\u201342, 43\u201346) v\u00f5i eritellimusel valmistatud suurustes.<\/p>\n<\/li>\n<li>\n<p data-path-to-node=\"12,3,0\"><b data-path-to-node=\"12,3,0\" data-index-in-node=\"0\">Pakend:<\/b> Stuudiopoodide jaoks lahtiselt pakendatud v\u00f5i individuaalselt jaem\u00fc\u00fcgivalmis pakendid (p\u00e4isekaartidega).<\/p>\n<\/li>\n<\/ul>\n<h2 data-path-to-node=\"13\">Kasutusjuhud<\/h2>\n<ul data-path-to-node=\"14\">\n<li>\n<p data-path-to-node=\"14,0,0\"><b data-path-to-node=\"14,0,0\" data-index-in-node=\"0\">Butiik-fitnessistuudiod:<\/b> K\u00f5rge kasumimarginaaliga jaem\u00fc\u00fcgiartikkel pilatese, barre&#039;i ja jooga harrastajatele.<\/p>\n<\/li>\n<li>\n<p data-path-to-node=\"14,1,0\"><b data-path-to-node=\"14,1,0\" data-index-in-node=\"0\">Batuudi- ja seikluspargid:<\/b> Kohustuslikud turvasokid, mida saab ka koju kaasa v\u00f5tta.<\/p>\n<\/li>\n<li>\n<p data-path-to-node=\"14,2,0\"><b data-path-to-node=\"14,2,0\" data-index-in-node=\"0\">Taastusravikeskused:<\/b> Pakub patsientidele f\u00fcsioteraapia ajal ohutuid ja libisemiskindlaid jalatseid.<\/p>\n<\/li>\n<li>\n<p data-path-to-node=\"14,3,0\"><b data-path-to-node=\"14,3,0\" data-index-in-node=\"0\">Ettev\u00f5tte heaolu:<\/b> Praktiline ja tervist edendav kingitus t\u00f6\u00f6tajate treeningprogrammide jaoks.<\/p>\n<\/li>\n<\/ul>","protected":false},"excerpt":{"rendered":"<ul>\n<li>\n<p data-path-to-node=\"6,0,0\"><b data-path-to-node=\"6,0,0\" data-index-in-node=\"0\">Professionaalne stabiilsus:<\/b> Suure haarduvusega silikoon- v\u00f5i PVC-tald hoiab \u00e4ra libisemise mattidel ja p\u00f5randatel.<\/p>\n<\/li>\n<li>\n<p data-path-to-node=\"6,1,0\"><b data-path-to-node=\"6,1,0\" data-index-in-node=\"0\">Kvaliteetne materjalisegu:<\/b> 80% puuvill, 20% pol\u00fcamiidi segu hingavuse, pehmuse ja vastupidavuse tagamiseks.<\/p>\n<\/li>\n<li>\n<p data-path-to-node=\"6,2,0\"><b data-path-to-node=\"6,2,0\" data-index-in-node=\"0\">T\u00e4ielikult kohandatav:<\/b> Kootud disain (\u017eakaar) enam kui 190 v\u00e4rvitooniga ja eridisainiga haardemustriga (nt teie logo haardena).<\/p>\n<\/li>\n<li>\n<p data-path-to-node=\"6,3,0\"><b data-path-to-node=\"6,3,0\" data-index-in-node=\"0\">Kindel sobivus:<\/b> Tugevdatud soonikkoes mansett tagab, et sokk p\u00fcsib intensiivse liikumise ajal paigal.<\/p>\n<\/li>\n<\/ul>","protected":false},"featured_media":6869,"comment_status":"closed","ping_status":"closed","template":"","meta":[],"product_brand":[],"product_cat":[118],"product_tag":[],"class_list":{"0":"post-6868","1":"product","2":"type-product","3":"status-publish","4":"has-post-thumbnail","6":"product_cat-sports-fitness","8":"first","9":"instock","10":"shipping-taxable","11":"purchasable","12":"product-type-simple"},"_links":{"self":[{"href":"https:\/\/wristbandfactory.eu\/et\/wp-json\/wp\/v2\/product\/6868","targetHints":{"allow":["GET"]}}],"collection":[{"href":"https:\/\/wristbandfactory.eu\/et\/wp-json\/wp\/v2\/product"}],"about":[{"href":"https:\/\/wristbandfactory.eu\/et\/wp-json\/wp\/v2\/types\/product"}],"replies":[{"embeddable":true,"href":"https:\/\/wristbandfactory.eu\/et\/wp-json\/wp\/v2\/comments?post=6868"}],"wp:featuredmedia":[{"embeddable":true,"href":"https:\/\/wristbandfactory.eu\/et\/wp-json\/wp\/v2\/media\/6869"}],"wp:attachment":[{"href":"https:\/\/wristbandfactory.eu\/et\/wp-json\/wp\/v2\/media?parent=6868"}],"wp:term":[{"taxonomy":"product_brand","embeddable":true,"href":"https:\/\/wristbandfactory.eu\/et\/wp-json\/wp\/v2\/product_brand?post=6868"},{"taxonomy":"product_cat","embeddable":true,"href":"https:\/\/wristbandfactory.eu\/et\/wp-json\/wp\/v2\/product_cat?post=6868"},{"taxonomy":"product_tag","embeddable":true,"href":"https:\/\/wristbandfactory.eu\/et\/wp-json\/wp\/v2\/product_tag?post=6868"}],"curies":[{"name":"t\u00f6\u00f6leht","href":"https:\/\/api.w.org\/{rel}","templated":true}]}}