{"id":6866,"date":"2026-02-05T15:00:32","date_gmt":"2026-02-05T12:00:32","guid":{"rendered":"https:\/\/wristbandfactory.eu\/?post_type=product&#038;p=6866"},"modified":"2026-02-05T15:00:32","modified_gmt":"2026-02-05T12:00:32","slug":"custom-printed-jigsaw-puzzles-bulk-wholesale","status":"publish","type":"product","link":"https:\/\/wristbandfactory.eu\/et\/p\/custom-printed-jigsaw-puzzles-bulk-wholesale\/","title":{"rendered":"Erikujundusega pusle"},"content":{"rendered":"<p data-path-to-node=\"7\">Muutke oma br\u00e4ndi ajalugu, kunstiteos v\u00f5i ettev\u00f5tte visioon interaktiivseks kogemuseks meie eritellimusel tr\u00fckitud puslede abil. Erinevalt tavalistest reklaamtoodetest n\u00f5uab eritellimusel pusle t\u00e4helepanu ja pakub pikaajalist kaasatust, mist\u00f5ttu on see ideaalne valik muuseumipoodide, turismimeenete ja eksklusiivsete firmakingituste jaoks.<\/p>\n<p data-path-to-node=\"8\">Tuginedes meie edukale koost\u00f6\u00f6le Tallinna Linnamuuseumiga (1000-osaline projekt \u201cLyndanise Reval Tallinn\u201d), pakume t\u00e4isteenust pakkuvat tootmist, kus iga detail esindab kvaliteeti. Olenemata sellest, kas vajate keerukat ajaloolist kaarti suveniiripoodi v\u00f5i loomingulist meeskonnat\u00f6\u00f6 kingitust, meie pusled on valmistatud jaem\u00fc\u00fcgistandardite j\u00e4rgi.<\/p>\n<h2 data-path-to-node=\"9\">Peamised omadused<\/h2>\n<ul data-path-to-node=\"10\">\n<li>\n<p data-path-to-node=\"10,0,0\"><b data-path-to-node=\"10,0,0\" data-index-in-node=\"0\">100% eridisainiga disain:<\/b> Tr\u00fckime teie k\u00f5rge eraldusv\u00f5imega foto, kunstiteose v\u00f5i graafika kogu pusle pinnale.<\/p>\n<\/li>\n<li>\n<p data-path-to-node=\"10,1,0\"><b data-path-to-node=\"10,1,0\" data-index-in-node=\"0\">Luksuslik viimistlus:<\/b> Valige rafineeritud mati viimistluse (v\u00e4hendab kuma, h\u00f5lbustab kokkupanekut) v\u00f5i erksa l\u00e4ikiva viimistluse vahel.<\/p>\n<\/li>\n<li>\n<p data-path-to-node=\"10,2,0\"><b data-path-to-node=\"10,2,0\" data-index-in-node=\"0\">Vastupidavad materjalid:<\/b> T\u00fckid on valmistatud 1,5 mm paksusest papist, mis tagab, et need kl\u00f5psavad omavahel mugavalt kokku ja taluvad korduvat kasutamist.<\/p>\n<\/li>\n<li>\n<p data-path-to-node=\"10,3,0\"><b data-path-to-node=\"10,3,0\" data-index-in-node=\"0\">Turvaline pakend:<\/b> K\u00f5ik puslet\u00fckid on karbis korduvkasutatavas lukuga kotis, tagades, et \u00fckski t\u00fckk kunagi kaduma ei l\u00e4he.<\/p>\n<\/li>\n<\/ul>\n<h2 data-path-to-node=\"11\">Spetsifikatsioonid ja kasti valikud<\/h2>\n<p data-path-to-node=\"12\">Pakume kolme pakenditasandit, et see sobiks teie eelarve ja eesm\u00e4rgiga:<\/p>\n<ul data-path-to-node=\"13\">\n<li>\n<p data-path-to-node=\"13,0,0\"><b data-path-to-node=\"13,0,0\" data-index-in-node=\"0\">Standardkarp (\u00f6konoomne):<\/b> 320 \u00d7 220 \u00d7 40 mm. 270 g karastatud papist. Tr\u00fckitud ainult \u00fclemisele kaanele. Kerge ja kulut\u00f5hus suurte kampaaniate jaoks.<\/p>\n<\/li>\n<li>\n<p data-path-to-node=\"13,1,0\"><b data-path-to-node=\"13,1,0\" data-index-in-node=\"0\">Premium Box (jaem\u00fc\u00fcgiks valmis):<\/b> 330 \u00d7 230 \u00d7 50 mm. Tugev 1,5 mm papist alus. \u00dclemine ja alumine k\u00fclg kaetud 150 g tr\u00fckitud kunstipaberiga ja lamineeritud kaitsega.<\/p>\n<\/li>\n<li>\n<p data-path-to-node=\"13,2,0\"><b data-path-to-node=\"13,2,0\" data-index-in-node=\"0\">Luksuslik magnetkarp (Executive):<\/b> 250 \u00d7 200 \u00d7 70 mm. Eriti paks 2 mm papist konstruktsioon magnetilise sulguriga. T\u00e4isv\u00e4rviline tr\u00fckk nii v\u00e4lis- kui ka sisepinnal esmaklassilise lahtipakkimiskogemuse tagamiseks.<\/p>\n<\/li>\n<\/ul>\n<h2 data-path-to-node=\"14\">Kasutusjuhud<\/h2>\n<ul data-path-to-node=\"15\">\n<li>\n<p data-path-to-node=\"15,0,0\"><b data-path-to-node=\"15,0,0\" data-index-in-node=\"0\">Muuseumid ja galeriid:<\/b> Paljunda kuulsaid maale v\u00f5i ajaloolisi kaarte k\u00f5rge kasumimarginaaliga suveniiridena (nt 1000-osalised komplektid).<\/p>\n<\/li>\n<li>\n<p data-path-to-node=\"15,1,0\"><b data-path-to-node=\"15,1,0\" data-index-in-node=\"0\">Ettev\u00f5tte aastap\u00e4evad:<\/b> T\u00e4histage verstaposte puslega, mis kujutab ettev\u00f5tte ajajoont v\u00f5i saavutusi.<\/p>\n<\/li>\n<li>\n<p data-path-to-node=\"15,2,0\"><b data-path-to-node=\"15,2,0\" data-index-in-node=\"0\">Turism ja sihtkohad:<\/b> Kohalike vaatamisv\u00e4\u00e4rsuste maalilised m\u00f5istatused turismiinfokeskuste ja kingitustepoodide jaoks.<\/p>\n<\/li>\n<li>\n<p data-path-to-node=\"15,3,0\"><b data-path-to-node=\"15,3,0\" data-index-in-node=\"0\">T\u00f6\u00f6tajate kingitused:<\/b> Ekraanivaba tegevus, mis soodustab l\u00f5\u00f5gastumist ja kvaliteetaega perega.<\/p>\n<\/li>\n<\/ul>","protected":false},"excerpt":{"rendered":"<ul>\n<li>\n<p data-path-to-node=\"6,0,0\"><b data-path-to-node=\"6,0,0\" data-index-in-node=\"0\">Suure kaasatusega br\u00e4nding:<\/b> Saaja veedab tunde teie eridisainiga pildi v\u00f5i br\u00e4ndis\u00f5numiga suheldes.<\/p>\n<\/li>\n<li>\n<p data-path-to-node=\"6,1,0\"><b data-path-to-node=\"6,1,0\" data-index-in-node=\"0\">Tippkvaliteet:<\/b> 1,5 mm paksused vastupidavad papist t\u00fckid peegeldusvastase mati v\u00f5i l\u00e4ikiva viimistlusega.<\/p>\n<\/li>\n<li>\n<p data-path-to-node=\"6,2,0\"><b data-path-to-node=\"6,2,0\" data-index-in-node=\"0\">T\u00e4ielikult kohandatav:<\/b> Alates 100% eridisainiga puslepildist kuni kaubam\u00e4rgiga kastideni (Standard, Premium, Magnetic).<\/p>\n<\/li>\n<li>\n<p data-path-to-node=\"6,3,0\"><b data-path-to-node=\"6,3,0\" data-index-in-node=\"0\">T\u00e4ielik jaem\u00fc\u00fcgilahendus:<\/b> Sisaldab haardega suletavat kilekotti osade kaotsimineku v\u00e4ltimiseks; valmis edasim\u00fc\u00fcmiseks v\u00f5i kinkimiseks.<\/p>\n<\/li>\n<\/ul>","protected":false},"featured_media":6867,"comment_status":"closed","ping_status":"closed","template":"","meta":[],"product_brand":[],"product_cat":[121],"product_tag":[],"class_list":{"0":"post-6866","1":"product","2":"type-product","3":"status-publish","4":"has-post-thumbnail","6":"product_cat-promotional-merchandise","8":"first","9":"instock","10":"shipping-taxable","11":"purchasable","12":"product-type-simple"},"_links":{"self":[{"href":"https:\/\/wristbandfactory.eu\/et\/wp-json\/wp\/v2\/product\/6866","targetHints":{"allow":["GET"]}}],"collection":[{"href":"https:\/\/wristbandfactory.eu\/et\/wp-json\/wp\/v2\/product"}],"about":[{"href":"https:\/\/wristbandfactory.eu\/et\/wp-json\/wp\/v2\/types\/product"}],"replies":[{"embeddable":true,"href":"https:\/\/wristbandfactory.eu\/et\/wp-json\/wp\/v2\/comments?post=6866"}],"wp:featuredmedia":[{"embeddable":true,"href":"https:\/\/wristbandfactory.eu\/et\/wp-json\/wp\/v2\/media\/6867"}],"wp:attachment":[{"href":"https:\/\/wristbandfactory.eu\/et\/wp-json\/wp\/v2\/media?parent=6866"}],"wp:term":[{"taxonomy":"product_brand","embeddable":true,"href":"https:\/\/wristbandfactory.eu\/et\/wp-json\/wp\/v2\/product_brand?post=6866"},{"taxonomy":"product_cat","embeddable":true,"href":"https:\/\/wristbandfactory.eu\/et\/wp-json\/wp\/v2\/product_cat?post=6866"},{"taxonomy":"product_tag","embeddable":true,"href":"https:\/\/wristbandfactory.eu\/et\/wp-json\/wp\/v2\/product_tag?post=6866"}],"curies":[{"name":"t\u00f6\u00f6leht","href":"https:\/\/api.w.org\/{rel}","templated":true}]}}