{"id":6863,"date":"2026-01-30T13:59:47","date_gmt":"2026-01-30T10:59:47","guid":{"rendered":"https:\/\/wristbandfactory.eu\/?post_type=product&#038;p=6863"},"modified":"2026-01-30T13:59:47","modified_gmt":"2026-01-30T10:59:47","slug":"custom-printed-plastic-trolley-tokens-abs","status":"publish","type":"product","link":"https:\/\/wristbandfactory.eu\/et\/p\/custom-printed-plastic-trolley-tokens-abs\/","title":{"rendered":"Logoga plastist ostuk\u00e4rum\u00fcndid"},"content":{"rendered":"<p data-path-to-node=\"7\">Maksimeeri oma br\u00e4ndi haaret meie eritellimusel tr\u00fckitud plastmassist ostuk\u00e4ru \u017eetoonide abil. Neid praktilisi vahendeid kasutatakse igap\u00e4evaelus korduvalt, tagades, et teie logo j\u00e4\u00e4b kliendi k\u00e4tte iga supermarketi k\u00fclastuse ajal. Vastupidavast ABS-plastist valmistatud \u017eetoonid pakuvad kerget, kuid vastupidavat alternatiivi metallm\u00fcntidele.<\/p>\n<p data-path-to-node=\"8\">Need \u017eetoonid on ideaalne lahendus massturunduskampaaniate, messide jagamiste ja jaem\u00fc\u00fcgi reklaamide jaoks. V\u00f5imalus printida detailseid logosid \u2013 sealhulgas t\u00e4isv\u00e4rvilisi tr\u00fckiseid valgetele \u017eetoonidele \u2013 muudab need mitmek\u00fclgseks kasutamiseks iga ettev\u00f5tte identiteedi loomisel.<\/p>\n<h2 data-path-to-node=\"9\">Peamised omadused<\/h2>\n<ul data-path-to-node=\"10\">\n<li>\n<p data-path-to-node=\"10,0,0\"><b data-path-to-node=\"10,0,0\" data-index-in-node=\"0\">Universaalne sobivus:<\/b> T\u00e4ppisvormimise teel valmistatud sujuvaks toimimiseks standardsete 1-eurose ja 2-zloti suuruste ostuk\u00e4rude mehhanismides.<\/p>\n<\/li>\n<li>\n<p data-path-to-node=\"10,1,0\"><b data-path-to-node=\"10,1,0\" data-index-in-node=\"0\">Elav br\u00e4nding:<\/b> Valige tampoontr\u00fckk t\u00e4ppv\u00e4rvide jaoks v\u00f5i UV-tr\u00fckk keerukate kujunduste jaoks.<\/p>\n<\/li>\n<li>\n<p data-path-to-node=\"10,2,0\"><b data-path-to-node=\"10,2,0\" data-index-in-node=\"0\">Kohandamispaindlikkus:<\/b> Standardsed p\u00f5hiv\u00e4rvid on kohe saadaval; suuremate tootmispartiide jaoks on saadaval ka Pantone\/RAL v\u00e4rvid.<\/p>\n<\/li>\n<li>\n<p data-path-to-node=\"10,3,0\"><b data-path-to-node=\"10,3,0\" data-index-in-node=\"0\">Materjali kvaliteet:<\/b> Valmistatud vastupidavast ABS-plastist, mis on vastupidav pragunemisele ja pleekimisele.<\/p>\n<\/li>\n<\/ul>\n<h2 data-path-to-node=\"11\">Spetsifikatsioonid<\/h2>\n<ul data-path-to-node=\"12\">\n<li>\n<p data-path-to-node=\"12,0,0\"><b data-path-to-node=\"12,0,0\" data-index-in-node=\"0\">Materjal:<\/b> Kvaliteetne ABS-plastik.<\/p>\n<\/li>\n<li>\n<p data-path-to-node=\"12,1,0\"><b data-path-to-node=\"12,1,0\" data-index-in-node=\"0\">M\u00fcndi suurused:<\/b> Euro (suurus 1 \u20ac) ja Poola zlott (suurus 2 PLN).<\/p>\n<\/li>\n<li>\n<p data-path-to-node=\"12,2,0\"><b data-path-to-node=\"12,2,0\" data-index-in-node=\"0\">Tr\u00fckitehnika:<\/b> Tampotr\u00fckk (1-4 v\u00e4rvi) v\u00f5i UV-digitr\u00fckk.<\/p>\n<\/li>\n<li>\n<p data-path-to-node=\"12,3,0\"><b data-path-to-node=\"12,3,0\" data-index-in-node=\"0\">Prinditav ala:<\/b> Standardne \u00fchepoolne; kahepoolne saadaval lisatasu eest.<\/p>\n<\/li>\n<li>\n<p data-path-to-node=\"12,4,0\"><b data-path-to-node=\"12,4,0\" data-index-in-node=\"0\">V\u00e4rvipiirangud:<\/b> T\u00e4isv\u00e4rviline pealetr\u00fckk on saadaval <b data-path-to-node=\"12,4,0\" data-index-in-node=\"57\">ainult valged m\u00e4rgid<\/b>. V\u00e4rvilised m\u00e4rgid toetavad t\u00e4ppv\u00e4rvides tr\u00fckkimist.<\/p>\n<\/li>\n<li>\n<p data-path-to-node=\"12,5,0\"><b data-path-to-node=\"12,5,0\" data-index-in-node=\"0\">Minimaalne tellimuse kogus:<\/b> Palun p\u00f6\u00f6rduge m\u00fc\u00fcgiesindaja poole, et saada teavet praeguse minimaalse tellimuse kohta.<\/p>\n<\/li>\n<\/ul>\n<h2 data-path-to-node=\"13\">Kasutusjuhud<\/h2>\n<ul data-path-to-node=\"14\">\n<li>\n<p data-path-to-node=\"14,0,0\"><b data-path-to-node=\"14,0,0\" data-index-in-node=\"0\">Jaekaubandus ja supermarketid:<\/b> Kliendi lojaalsusprogrammi kingitused, mida antakse kassas.<\/p>\n<\/li>\n<li>\n<p data-path-to-node=\"14,1,0\"><b data-path-to-node=\"14,1,0\" data-index-in-node=\"0\">Otsepostituse kampaaniad:<\/b> Piisavalt kerge, et panna \u00fcmbrikesse ilma postikulusid suurendamata.<\/p>\n<\/li>\n<li>\n<p data-path-to-node=\"14,2,0\"><b data-path-to-node=\"14,2,0\" data-index-in-node=\"0\">Rahakogumine:<\/b> Soodsad esemed heategevuseks edasim\u00fc\u00fcgiks v\u00f5i annetuste soodustamiseks.<\/p>\n<\/li>\n<li>\n<p data-path-to-node=\"14,3,0\"><b data-path-to-node=\"14,3,0\" data-index-in-node=\"0\">Autot\u00f6\u00f6stus:<\/b> Praktilised v\u00f5tmehoidjad autoesindustele ja teeninduskeskustele.<\/p>\n<\/li>\n<\/ul>","protected":false},"excerpt":{"rendered":"<ul data-path-to-node=\"6\">\n<li>\n<p data-path-to-node=\"6,0,0\">Vastupidavast ABS-plastist ostuk\u00e4ru m\u00fcndid, mis sobivad 1 \u20ac ja 2 PLN pesadega.<\/p>\n<\/li>\n<li>\n<p data-path-to-node=\"6,1,0\">Kulut\u00f5hus reklaamkingitus, mis tagab br\u00e4ndi hea n\u00e4htavuse p\u00e4evas.<\/p>\n<\/li>\n<li>\n<p data-path-to-node=\"6,2,0\">Saadaval standardv\u00e4rvides v\u00f5i hulgitellimuste korral eritellimusel RAL-v\u00e4rvides.<\/p>\n<\/li>\n<li>\n<p data-path-to-node=\"6,3,0\">Kvaliteetsed UV- v\u00f5i tampotr\u00fcki valikud (\u00fche- v\u00f5i kahepoolsed).<\/p>\n<\/li>\n<\/ul>","protected":false},"featured_media":6864,"comment_status":"closed","ping_status":"closed","template":"","meta":[],"product_brand":[],"product_cat":[122],"product_tag":[],"class_list":{"0":"post-6863","1":"product","2":"type-product","3":"status-publish","4":"has-post-thumbnail","6":"product_cat-promotional-accessories","8":"first","9":"instock","10":"shipping-taxable","11":"purchasable","12":"product-type-simple"},"_links":{"self":[{"href":"https:\/\/wristbandfactory.eu\/et\/wp-json\/wp\/v2\/product\/6863","targetHints":{"allow":["GET"]}}],"collection":[{"href":"https:\/\/wristbandfactory.eu\/et\/wp-json\/wp\/v2\/product"}],"about":[{"href":"https:\/\/wristbandfactory.eu\/et\/wp-json\/wp\/v2\/types\/product"}],"replies":[{"embeddable":true,"href":"https:\/\/wristbandfactory.eu\/et\/wp-json\/wp\/v2\/comments?post=6863"}],"wp:featuredmedia":[{"embeddable":true,"href":"https:\/\/wristbandfactory.eu\/et\/wp-json\/wp\/v2\/media\/6864"}],"wp:attachment":[{"href":"https:\/\/wristbandfactory.eu\/et\/wp-json\/wp\/v2\/media?parent=6863"}],"wp:term":[{"taxonomy":"product_brand","embeddable":true,"href":"https:\/\/wristbandfactory.eu\/et\/wp-json\/wp\/v2\/product_brand?post=6863"},{"taxonomy":"product_cat","embeddable":true,"href":"https:\/\/wristbandfactory.eu\/et\/wp-json\/wp\/v2\/product_cat?post=6863"},{"taxonomy":"product_tag","embeddable":true,"href":"https:\/\/wristbandfactory.eu\/et\/wp-json\/wp\/v2\/product_tag?post=6863"}],"curies":[{"name":"t\u00f6\u00f6leht","href":"https:\/\/api.w.org\/{rel}","templated":true}]}}