{"id":6861,"date":"2026-01-29T16:06:16","date_gmt":"2026-01-29T13:06:16","guid":{"rendered":"https:\/\/wristbandfactory.eu\/?post_type=product&#038;p=6861"},"modified":"2026-01-29T16:06:16","modified_gmt":"2026-01-29T13:06:16","slug":"custom-printed-pasante-condoms-foil-pack-50x50mm","status":"publish","type":"product","link":"https:\/\/wristbandfactory.eu\/et\/p\/custom-printed-pasante-condoms-foil-pack-50x50mm\/","title":{"rendered":"Logoga kondoomid Pasante fooliumpakendis"},"content":{"rendered":"<p data-path-to-node=\"4\">T\u00f5sta oma br\u00e4ndi tuntust vastutustundliku ja m\u00f5jusa reklaamtootega. Meie <b data-path-to-node=\"4\" data-index-in-node=\"109\">Eridisainiga tr\u00fckitud Pasante kondoomid<\/b> \u00dchendage terviseohutus n\u00e4htava turundusega. Need kondoomid sobivad ideaalselt rahvatervise kampaaniateks, \u00f6\u00f6klubidesse, festivalidele, tudengi\u00fcritustele ja majutuskohtadesse ning pakuvad ainulaadset viisi oma s\u00f5numi sihtr\u00fchmani viimiseks.<\/p>\n<p data-path-to-node=\"5\">Igas karbis on ehtne Pasante Neutral kondoom \u2013 br\u00e4nd, mis on \u00fclemaailmselt tunnustatud oma ohutuse ja kvaliteedi poolest. 50x50 mm fooliumpakend pakub esmaklassilist tr\u00fckipinda. Kasutame k\u00f5rglahutusega ofsettr\u00fckki, et kuvada teie logo, loosungit v\u00f5i kujundust t\u00e4isv\u00e4rvides (CMYK) esik\u00fcljel ning puhast \u00fchev\u00e4rvilist tr\u00fckist juhiste v\u00f5i lisateksti jaoks tagak\u00fcljel.<\/p>\n<h2 data-path-to-node=\"6\">Peamised omadused<\/h2>\n<ul data-path-to-node=\"7\">\n<li>\n<p data-path-to-node=\"7,0,0\"><b data-path-to-node=\"7,0,0\" data-index-in-node=\"0\">Tippkvaliteet:<\/b> Kasutab maksimaalse t\u00f6\u00f6kindluse ja kasutajate usalduse tagamiseks ehtsaid Pasante kondoome.<\/p>\n<\/li>\n<li>\n<p data-path-to-node=\"7,1,0\"><b data-path-to-node=\"7,1,0\" data-index-in-node=\"0\">Suure m\u00f5juga tr\u00fckk:<\/b> Professionaalne ofsettr\u00fckk tagab fooliumil erksad v\u00e4rvid ja teravad detailid.<\/p>\n<\/li>\n<li>\n<p data-path-to-node=\"7,2,0\"><b data-path-to-node=\"7,2,0\" data-index-in-node=\"0\">Kiire p\u00f6\u00f6rdeaeg:<\/b> Vaid 1-2 n\u00e4dala pikkune tootmisaeg muudab selle sobivaks kiireloomuliste \u00fcrituste planeerimiseks.<\/p>\n<\/li>\n<li>\n<p data-path-to-node=\"7,3,0\"><b data-path-to-node=\"7,3,0\" data-index-in-node=\"0\">Mitmek\u00fclgne levitamine:<\/b> V\u00e4ike, kerge ja h\u00f5lpsasti jagatav kinkekottides, lettidel v\u00f5i t\u00e4navameeskondade kaudu.<\/p>\n<\/li>\n<\/ul>\n<h2 data-path-to-node=\"8\">Spetsifikatsioonid<\/h2>\n<ul data-path-to-node=\"9\">\n<li>\n<p data-path-to-node=\"9,0,0\"><b data-path-to-node=\"9,0,0\" data-index-in-node=\"0\">M\u00f5\u00f5tmed:<\/b> 50 mm x 50 mm (fooliumpakend)<\/p>\n<\/li>\n<li>\n<p data-path-to-node=\"9,1,0\"><b data-path-to-node=\"9,1,0\" data-index-in-node=\"0\">Sisu:<\/b> 1x Pasante neutraalne kondoom<\/p>\n<\/li>\n<li>\n<p data-path-to-node=\"9,2,0\"><b data-path-to-node=\"9,2,0\" data-index-in-node=\"0\">Printimismeetod:<\/b> Ofsettr\u00fckk<\/p>\n<\/li>\n<li>\n<p data-path-to-node=\"9,3,0\"><b data-path-to-node=\"9,3,0\" data-index-in-node=\"0\">Tr\u00fcki katvus:<\/b> Esik\u00fclg: T\u00e4isv\u00e4rviline (CMYK) | Tagak\u00fclg: 1 v\u00e4rv<\/p>\n<\/li>\n<li>\n<p data-path-to-node=\"9,4,0\"><b data-path-to-node=\"9,4,0\" data-index-in-node=\"0\">Minimaalne tellimuse kogus (MOQ):<\/b> 100 tk<\/p>\n<\/li>\n<li>\n<p data-path-to-node=\"9,5,0\"><b data-path-to-node=\"9,5,0\" data-index-in-node=\"0\">Tarneaeg:<\/b> 1\u20132 n\u00e4dalat<\/p>\n<\/li>\n<\/ul>\n<h2 data-path-to-node=\"10\">Kasutusjuhud<\/h2>\n<ul data-path-to-node=\"11\">\n<li>\n<p data-path-to-node=\"11,0,0\"><b data-path-to-node=\"11,0,0\" data-index-in-node=\"0\">Terviseteadlikkuse kampaaniad:<\/b> Ideaalne turvaseksi edendavatele vaba\u00fchendustele ja kliinikutele.<\/p>\n<\/li>\n<li>\n<p data-path-to-node=\"11,1,0\"><b data-path-to-node=\"11,1,0\" data-index-in-node=\"0\">\u00d6\u00f6elu ja meelelahutus:<\/b> \u00d6\u00f6klubid, baarid ja festivalid tagavad k\u00fclaliste turvalisuse ja suurendavad br\u00e4ndilojaalsust.<\/p>\n<\/li>\n<li>\n<p data-path-to-node=\"11,2,0\"><b data-path-to-node=\"11,2,0\" data-index-in-node=\"0\">Tudengi\u00fcritused:<\/b> Orientatsioonin\u00e4dalad ja \u00fclikoolide tervisemessid.<\/p>\n<\/li>\n<li>\n<p data-path-to-node=\"11,3,0\"><b data-path-to-node=\"11,3,0\" data-index-in-node=\"0\">Hotellid ja k\u00fclalislahkus:<\/b> L\u00e4bim\u00f5eldud lisa toas leiduvatele mugavuskomplektidele.<\/p>\n<\/li>\n<\/ul>","protected":false},"excerpt":{"rendered":"<ul>\n<li>\n<p data-path-to-node=\"3,0,0\"><b data-path-to-node=\"3,0,0\" data-index-in-node=\"0\">Usaldusv\u00e4\u00e4rne ohutus:<\/b> Sisaldab 1 kvaliteetset, CE-sertifikaadiga Pasante Neutral kondoomi.<\/p>\n<\/li>\n<li>\n<p data-path-to-node=\"3,1,0\"><b data-path-to-node=\"3,1,0\" data-index-in-node=\"0\">T\u00e4ielik br\u00e4nding:<\/b> T\u00e4ielik CMYK t\u00e4isv\u00e4rviline ofsettr\u00fckk fooliumpakendi esik\u00fcljel.<\/p>\n<\/li>\n<li>\n<p data-path-to-node=\"3,2,0\"><b data-path-to-node=\"3,2,0\" data-index-in-node=\"0\">Kompaktne turundus:<\/b> 50x50 mm ruudukujuline fooliumpakend sobib ideaalselt kampaanias\u00f5numite l\u00f5uendiks.<\/p>\n<\/li>\n<li>\n<p data-path-to-node=\"3,3,0\"><b data-path-to-node=\"3,3,0\" data-index-in-node=\"0\">Madal miinimum:<\/b> Tellimused alates 100 t\u00fckist kiire 1-2 n\u00e4dala pikkuse tarnega.<\/p>\n<\/li>\n<\/ul>","protected":false},"featured_media":6862,"comment_status":"closed","ping_status":"closed","template":"","meta":[],"product_brand":[],"product_cat":[122],"product_tag":[],"class_list":{"0":"post-6861","1":"product","2":"type-product","3":"status-publish","4":"has-post-thumbnail","6":"product_cat-promotional-accessories","8":"first","9":"instock","10":"shipping-taxable","11":"purchasable","12":"product-type-simple"},"_links":{"self":[{"href":"https:\/\/wristbandfactory.eu\/et\/wp-json\/wp\/v2\/product\/6861","targetHints":{"allow":["GET"]}}],"collection":[{"href":"https:\/\/wristbandfactory.eu\/et\/wp-json\/wp\/v2\/product"}],"about":[{"href":"https:\/\/wristbandfactory.eu\/et\/wp-json\/wp\/v2\/types\/product"}],"replies":[{"embeddable":true,"href":"https:\/\/wristbandfactory.eu\/et\/wp-json\/wp\/v2\/comments?post=6861"}],"wp:featuredmedia":[{"embeddable":true,"href":"https:\/\/wristbandfactory.eu\/et\/wp-json\/wp\/v2\/media\/6862"}],"wp:attachment":[{"href":"https:\/\/wristbandfactory.eu\/et\/wp-json\/wp\/v2\/media?parent=6861"}],"wp:term":[{"taxonomy":"product_brand","embeddable":true,"href":"https:\/\/wristbandfactory.eu\/et\/wp-json\/wp\/v2\/product_brand?post=6861"},{"taxonomy":"product_cat","embeddable":true,"href":"https:\/\/wristbandfactory.eu\/et\/wp-json\/wp\/v2\/product_cat?post=6861"},{"taxonomy":"product_tag","embeddable":true,"href":"https:\/\/wristbandfactory.eu\/et\/wp-json\/wp\/v2\/product_tag?post=6861"}],"curies":[{"name":"t\u00f6\u00f6leht","href":"https:\/\/api.w.org\/{rel}","templated":true}]}}