{"id":6855,"date":"2026-01-15T15:41:22","date_gmt":"2026-01-15T12:41:22","guid":{"rendered":"https:\/\/wristbandfactory.eu\/?post_type=product&#038;p=6855"},"modified":"2026-01-15T15:41:35","modified_gmt":"2026-01-15T12:41:35","slug":"custom-printed-event-badges-id-cards-pvc-laminated","status":"publish","type":"product","link":"https:\/\/wristbandfactory.eu\/et\/p\/custom-printed-event-badges-id-cards-pvc-laminated\/","title":{"rendered":"Logoga kaelakaardid (PVC ja lamineeritud)"},"content":{"rendered":"<p data-path-to-node=\"6\">Sujuvamaks muutke oma akrediteerimisprotsessi meie mitmek\u00fclgse valikuga <b data-path-to-node=\"6\" data-index-in-node=\"91\">Eridisainiga tr\u00fckitud \u00fcrituste m\u00e4rgid ja ID-kaardid<\/b>. Olenemata sellest, kas korraldate \u00fchep\u00e4evast konverentsi v\u00f5i haldate pikaajalist hoone turvalisust, pakume lahendust, mis sobib teie eelarve ja vastupidavusn\u00f5uetega \u00fches mugavas tellimuses.<\/p>\n<p data-path-to-node=\"7\">Eraldi hoidikute ja vahelehtede ostmise asemel on need m\u00e4rgid t\u00e4ielik \u201ck\u00f5ik-\u00fches\u201d lahendus \u2013 tr\u00fckitud, viimistletud ja riputamiseks valmis.<\/p>\n<h2 data-path-to-node=\"8\">Valige oma materjal<\/h2>\n<ul data-path-to-node=\"9\">\n<li>\n<p data-path-to-node=\"9,0,0\"><b data-path-to-node=\"9,0,0\" data-index-in-node=\"0\">Variant A: J\u00e4ik PVC (Premium):<\/b> Valmistatud tahkest pol\u00fcvin\u00fc\u00fclkloriidist (nagu pangakaart). Need on veekindlad, paindumatud ja \u00e4\u00e4rmiselt vastupidavad. Ideaalsed t\u00f6\u00f6tajate ID-kaartide, VIP-p\u00e4\u00e4smete ja korduvkasutatavate pressikaartide jaoks.<\/p>\n<\/li>\n<li>\n<p data-path-to-node=\"9,1,0\"><b data-path-to-node=\"9,1,0\" data-index-in-node=\"0\">Variant B: Lamineeritud paber (standardne):<\/b> Kvaliteetne paberist vaheleht, mis on kuumlamineerimise abil kapseldatud vastupidavasse plastkotti. See on t\u00f6\u00f6stusstandard messidel, festivalidel ja konverentsidel, kus eelarve ja kiirus on v\u00f5tmet\u00e4htsusega.<\/p>\n<\/li>\n<\/ul>\n<h2 data-path-to-node=\"10\">Saadaval olevad suurused ja formaadid<\/h2>\n<ul data-path-to-node=\"11\">\n<li>\n<p data-path-to-node=\"11,0,0\"><b data-path-to-node=\"11,0,0\" data-index-in-node=\"0\">Standardne CR80 (86 x 54 mm):<\/b> Klassikaline krediitkaardi suurus. Saadaval horisontaal- v\u00f5i vertikaalpaigutuses.<\/p>\n<\/li>\n<li>\n<p data-path-to-node=\"11,1,0\"><b data-path-to-node=\"11,1,0\" data-index-in-node=\"0\">Keskmise suurusega \u00fcritus (100 x 70 mm):<\/b> Pakub 30%-l rohkem pinda p\u00e4evakavade, kaartide v\u00f5i suuremate fotode jaoks.<\/p>\n<\/li>\n<li>\n<p data-path-to-node=\"11,2,0\"><b data-path-to-node=\"11,2,0\" data-index-in-node=\"0\">Suur \/ XL (120 x 80 mm):<\/b> Maksimaalne n\u00e4htavus. Ideaalne \u201cLigip\u00e4\u00e4su k\u00f5ikidele aladele\u201d p\u00e4\u00e4smete ja festivali esinejate ajakavade jaoks.<\/p>\n<\/li>\n<\/ul>\n<h2 data-path-to-node=\"12\">Spetsifikatsioonid<\/h2>\n<ul data-path-to-node=\"13\">\n<li>\n<p data-path-to-node=\"13,0,0\"><b data-path-to-node=\"13,0,0\" data-index-in-node=\"0\">Tr\u00fckitehnoloogia:<\/b> T\u00e4isv\u00e4rviline digitaalne v\u00f5i ofsettr\u00fckk<\/p>\n<\/li>\n<li>\n<p data-path-to-node=\"13,1,0\"><b data-path-to-node=\"13,1,0\" data-index-in-node=\"0\">PVC paksus:<\/b> 0,76 mm (tavaline krediitkaart)<\/p>\n<\/li>\n<li>\n<p data-path-to-node=\"13,2,0\"><b data-path-to-node=\"13,2,0\" data-index-in-node=\"0\">Lamineeritud paksus:<\/b> Paks paber + 150\u2013250 mikroni laminaat<\/p>\n<\/li>\n<li>\n<p data-path-to-node=\"13,3,0\"><b data-path-to-node=\"13,3,0\" data-index-in-node=\"0\">Viimistlus:<\/b> Stantsitud \u00fcmardatud nurgad + auguraua (ring v\u00f5i pilu)<\/p>\n<\/li>\n<li>\n<p data-path-to-node=\"13,4,0\"><b data-path-to-node=\"13,4,0\" data-index-in-node=\"0\">Minimaalne tellimus:<\/b> 50 t\u00fckki<\/p>\n<\/li>\n<\/ul>\n<h2 data-path-to-node=\"14\">Kasutusjuhud<\/h2>\n<ul data-path-to-node=\"15\">\n<li>\n<p data-path-to-node=\"15,0,0\"><b data-path-to-node=\"15,0,0\" data-index-in-node=\"0\">Konverentsid ja messid:<\/b> Kulut\u00f5husad lamineeritud m\u00e4rgid tuhandetele osalejatele.<\/p>\n<\/li>\n<li>\n<p data-path-to-node=\"15,1,0\"><b data-path-to-node=\"15,1,0\" data-index-in-node=\"0\">Muusikafestivalid:<\/b> Suureformaadilised XL-p\u00e4\u00e4smed artistidele ja meeskonnale (kaugelt kergesti m\u00e4rgatavad).<\/p>\n<\/li>\n<li>\n<p data-path-to-node=\"15,2,0\"><b data-path-to-node=\"15,2,0\" data-index-in-node=\"0\">Ettev\u00f5tte ID:<\/b> Vastupidavad PVC-kaardid igap\u00e4evaseks kontorisse sisenemiseks.<\/p>\n<\/li>\n<li>\n<p data-path-to-node=\"15,3,0\"><b data-path-to-node=\"15,3,0\" data-index-in-node=\"0\">Spordi\u00fcritused:<\/b> Ilmastikukindlad PVC m\u00e4rgid v\u00e4lit\u00f6\u00f6tajatele ja meediale.<\/p>\n<\/li>\n<\/ul>","protected":false},"excerpt":{"rendered":"<ul data-path-to-node=\"5\">\n<li>\n<p data-path-to-node=\"5,0,0\"><b data-path-to-node=\"5,0,0\" data-index-in-node=\"0\">Kaks materjalivalikut:<\/b> Valige j\u00e4ikade <b data-path-to-node=\"5,0,0\" data-index-in-node=\"43\">PVC-plastist<\/b> (vastupidav, krediitkaardilaadne) v\u00f5i kulut\u00f5hus <b data-path-to-node=\"5,0,0\" data-index-in-node=\"101\">Lamineeritud paber<\/b> (kerge, kapseldatud).<\/p>\n<\/li>\n<li>\n<p data-path-to-node=\"5,1,0\"><b data-path-to-node=\"5,1,0\" data-index-in-node=\"0\">Mitmek\u00fclgsed suurused:<\/b> Saadaval standardse krediitkaardi suuruses (86x54mm) ja suurte \u00fcrituste formaadis (100x70mm, 120x80mm).<\/p>\n<\/li>\n<li>\n<p data-path-to-node=\"5,2,0\"><b data-path-to-node=\"5,2,0\" data-index-in-node=\"0\">Servast servani printimine:<\/b> T\u00e4isv\u00e4rviline k\u00f5rglahutusega tr\u00fckk m\u00f5lemal k\u00fcljel tagab teie br\u00e4ndingu v\u00f5i \u00fcrituse graafika silmapaistvaks muutumise.<\/p>\n<\/li>\n<li>\n<p data-path-to-node=\"5,3,0\"><b data-path-to-node=\"5,3,0\" data-index-in-node=\"0\">Valmis kandmiseks:<\/b> K\u00f5ikidel m\u00e4rkidel on standardne auguraud (\u00fcmmargune v\u00f5i ovaalne), et need kohe kaelapaela k\u00fclge kinnitada.<\/p>\n<\/li>\n<\/ul>","protected":false},"featured_media":6856,"comment_status":"closed","ping_status":"closed","template":"","meta":[],"product_brand":[],"product_cat":[90],"product_tag":[],"class_list":{"0":"post-6855","1":"product","2":"type-product","3":"status-publish","4":"has-post-thumbnail","6":"product_cat-laminated-cards","8":"first","9":"instock","10":"shipping-taxable","11":"purchasable","12":"product-type-simple"},"_links":{"self":[{"href":"https:\/\/wristbandfactory.eu\/et\/wp-json\/wp\/v2\/product\/6855","targetHints":{"allow":["GET"]}}],"collection":[{"href":"https:\/\/wristbandfactory.eu\/et\/wp-json\/wp\/v2\/product"}],"about":[{"href":"https:\/\/wristbandfactory.eu\/et\/wp-json\/wp\/v2\/types\/product"}],"replies":[{"embeddable":true,"href":"https:\/\/wristbandfactory.eu\/et\/wp-json\/wp\/v2\/comments?post=6855"}],"wp:featuredmedia":[{"embeddable":true,"href":"https:\/\/wristbandfactory.eu\/et\/wp-json\/wp\/v2\/media\/6856"}],"wp:attachment":[{"href":"https:\/\/wristbandfactory.eu\/et\/wp-json\/wp\/v2\/media?parent=6855"}],"wp:term":[{"taxonomy":"product_brand","embeddable":true,"href":"https:\/\/wristbandfactory.eu\/et\/wp-json\/wp\/v2\/product_brand?post=6855"},{"taxonomy":"product_cat","embeddable":true,"href":"https:\/\/wristbandfactory.eu\/et\/wp-json\/wp\/v2\/product_cat?post=6855"},{"taxonomy":"product_tag","embeddable":true,"href":"https:\/\/wristbandfactory.eu\/et\/wp-json\/wp\/v2\/product_tag?post=6855"}],"curies":[{"name":"t\u00f6\u00f6leht","href":"https:\/\/api.w.org\/{rel}","templated":true}]}}