{"id":6853,"date":"2026-01-15T15:29:17","date_gmt":"2026-01-15T12:29:17","guid":{"rendered":"https:\/\/wristbandfactory.eu\/?post_type=product&#038;p=6853"},"modified":"2026-01-15T15:29:30","modified_gmt":"2026-01-15T12:29:30","slug":"custom-printed-eco-friendly-yoga-mats-cork-microfiber-coconut","status":"publish","type":"product","link":"https:\/\/wristbandfactory.eu\/et\/p\/custom-printed-eco-friendly-yoga-mats-cork-microfiber-coconut\/","title":{"rendered":"Logoga joogamatid (korgist ja mikrofiibrist)"},"content":{"rendered":"<p data-path-to-node=\"6\">Muutke oma stuudioruumi v\u00f5i ettev\u00f5tte heaoluprogrammi meie esmaklassiliste toodete ja teenustega. <b data-path-to-node=\"6\" data-index-in-node=\"109\">Eridisainiga tr\u00fckitud keskkonnas\u00f5bralikud joogamatid<\/b>. Need professionaalseks kasutamiseks ja tipptasemel kaubanduseks loodud matid \u00fchendavad j\u00e4tkusuutlikkuse ja suurep\u00e4rase j\u00f5udluse. Erinevalt tavalistest PVC-mattidest kasutab meie kollektsioon naturaalset kummist alust, mis tagab v\u00f5rratu stabiilsuse, ja pakub kolme erinevat pinnamaterjali, et need vastaksid teie br\u00e4ndingu ja funktsionaalsetele vajadustele.<\/p>\n<p data-path-to-node=\"7\">Olenemata sellest, kas vajate higi imavat pinda kuuma jooga jaoks v\u00f5i hea haarduvusega tekstuuri t\u00e4ppispooside jaoks, pakuvad meie kohandatavad matid teie br\u00e4ndile ideaalset l\u00f5uendit.<\/p>\n<h2 data-path-to-node=\"8\">Materjali valikud<\/h2>\n<ul data-path-to-node=\"9\">\n<li>\n<p data-path-to-node=\"9,0,0\"><b data-path-to-node=\"9,0,0\" data-index-in-node=\"0\">Variant A: Seemisnahast mikrokiud:<\/b> Pehme ja sametine pind, mis muutub higistades haarduvamaks. Ideaalne kuuma jooga ja detailsete t\u00e4isv\u00e4rviliste fotode printimiseks.<\/p>\n<\/li>\n<li>\n<p data-path-to-node=\"9,1,0\"><b data-path-to-node=\"9,1,0\" data-index-in-node=\"0\">Variant B: 100% naturaalne kork:<\/b> Antimikroobne ja keskkonnas\u00f5bralik. Pakub naturaalset, orgaanilist v\u00e4limust ja suurep\u00e4rast haarduvust kuivas keskkonnas.<\/p>\n<\/li>\n<li>\n<p data-path-to-node=\"9,2,0\"><b data-path-to-node=\"9,2,0\" data-index-in-node=\"0\">Variant C: kookosp\u00e4hkli PU-kiud:<\/b> \u00dclim valik sooritusv\u00f5imet silmas pidades. PU ja v\u00e4hemalt 10% kookoskiudude segu pakub suurep\u00e4rast haarduvust ja ainulaadset tekstuurilist esteetikat.<\/p>\n<\/li>\n<\/ul>\n<h2 data-path-to-node=\"10\">Spetsifikatsioonid<\/h2>\n<ul data-path-to-node=\"11\">\n<li>\n<p data-path-to-node=\"11,0,0\"><b data-path-to-node=\"11,0,0\" data-index-in-node=\"0\">Alusmaterjal:<\/b> Looduslik kaut\u0161uk (k\u00f5ik mudelid)<\/p>\n<\/li>\n<li>\n<p data-path-to-node=\"11,1,0\"><b data-path-to-node=\"11,1,0\" data-index-in-node=\"0\">Tr\u00fckkimine:<\/b> T\u00e4isv\u00e4rviline CMYK (M\u00e4rkus: materjali neeldumise t\u00f5ttu v\u00f5ib esineda \u00b115% v\u00e4rvitooni erinevusi)<\/p>\n<\/li>\n<li>\n<p data-path-to-node=\"11,2,0\"><b data-path-to-node=\"11,2,0\" data-index-in-node=\"0\">Minimaalne tellimus:<\/b> 12 t\u00fckki (telli 6-kordselt)<\/p>\n<\/li>\n<li>\n<p data-path-to-node=\"11,3,0\"><b data-path-to-node=\"11,3,0\" data-index-in-node=\"0\">Mudel 1 (mikrokiud):<\/b> 183x68cm | Paksus: 0,15cm v\u00f5i 0,4cm | Kaal: ~1,5kg \u2013 3,0kg<\/p>\n<\/li>\n<li>\n<p data-path-to-node=\"11,4,0\"><b data-path-to-node=\"11,4,0\" data-index-in-node=\"0\">Mudel 2 (kork):<\/b> 183x61cm | Paksus: 0,2cm v\u00f5i 0,4cm | Kaal: ~1,4kg \u2013 2,8kg<\/p>\n<\/li>\n<li>\n<p data-path-to-node=\"11,5,0\"><b data-path-to-node=\"11,5,0\" data-index-in-node=\"0\">Mudel 3 (kookosp\u00e4hkli PU):<\/b> 183x68cm | Paksus: 0,2cm v\u00f5i 0,45cm | Kaal: ~1,5kg \u2013 3,0kg | 100% Lateksi-\/PVC-vaba<\/p>\n<\/li>\n<\/ul>\n<h2 data-path-to-node=\"12\">Kasutusjuhud<\/h2>\n<ul data-path-to-node=\"13\">\n<li>\n<p data-path-to-node=\"13,0,0\"><b data-path-to-node=\"13,0,0\" data-index-in-node=\"0\">Joogastuudiod ja spordisaalid:<\/b> Br\u00e4nditud varustus tundideks v\u00f5i jaem\u00fc\u00fcgiks liikmetele.<\/p>\n<\/li>\n<li>\n<p data-path-to-node=\"13,1,0\"><b data-path-to-node=\"13,1,0\" data-index-in-node=\"0\">Ettev\u00f5tte heaolu:<\/b> Lisakingitused t\u00f6\u00f6tajatele, mis edendavad tervist ning t\u00f6\u00f6- ja eraelu tasakaalu.<\/p>\n<\/li>\n<li>\n<p data-path-to-node=\"13,2,0\"><b data-path-to-node=\"13,2,0\" data-index-in-node=\"0\">Retriidid ja spaad:<\/b> Eksklusiivsed tooted luksuslikeks heaolulaatriteks.<\/p>\n<\/li>\n<li>\n<p data-path-to-node=\"13,3,0\"><b data-path-to-node=\"13,3,0\" data-index-in-node=\"0\">M\u00f5jutaja kaup:<\/b> K\u00f5rge v\u00e4\u00e4rtusega eritellimusel valmistatud tooted fitnessim\u00f5jutajatele ja treeneritele.<\/p>\n<\/li>\n<\/ul>","protected":false},"excerpt":{"rendered":"<ul>\n<li>\n<p data-path-to-node=\"5,0,0\"><b data-path-to-node=\"5,0,0\" data-index-in-node=\"0\">Kvaliteetsed \u00f6komaterjalid:<\/b> Vali pehme seemisnahast mikrokiust, looduslikust antimikroobsest korgist v\u00f5i hea haarduvusega kookosp\u00e4hkli pol\u00fcuretaanist segu vahel \u2013 k\u00f5ik looduslikust kummist libisemiskindla alusega.<\/p>\n<\/li>\n<li>\n<p data-path-to-node=\"5,1,0\"><b data-path-to-node=\"5,1,0\" data-index-in-node=\"0\">T\u00e4isv\u00e4rviline br\u00e4nding:<\/b> Servast servani CMYK-printimine v\u00f5imaldab luua fotorealistlikke kujundusi, eridisainiga mustreid v\u00f5i julgeid ettev\u00f5tte logosid.<\/p>\n<\/li>\n<li>\n<p data-path-to-node=\"5,2,0\"><b data-path-to-node=\"5,2,0\" data-index-in-node=\"0\">Vastupidavus \u00e4riliseks kasutamiseks:<\/b> Tugev konstruktsioon, mis on loodud spordisaalidele, joogastuudiotele ja esmaklassilistele ettev\u00f5tte heaolu kingitustele.<\/p>\n<\/li>\n<li>\n<p data-path-to-node=\"5,3,0\"><b data-path-to-node=\"5,3,0\" data-index-in-node=\"0\">Libisemisvastane stabiilsus:<\/b> Naturaalsest kummist p\u00f5hi tagab, et matt p\u00fcsib intensiivsete treeningute ajal kindlalt paigal.<\/p>\n<\/li>\n<\/ul>","protected":false},"featured_media":6854,"comment_status":"closed","ping_status":"closed","template":"","meta":[],"product_brand":[],"product_cat":[118],"product_tag":[],"class_list":{"0":"post-6853","1":"product","2":"type-product","3":"status-publish","4":"has-post-thumbnail","6":"product_cat-sports-fitness","8":"first","9":"instock","10":"shipping-taxable","11":"purchasable","12":"product-type-simple"},"_links":{"self":[{"href":"https:\/\/wristbandfactory.eu\/et\/wp-json\/wp\/v2\/product\/6853","targetHints":{"allow":["GET"]}}],"collection":[{"href":"https:\/\/wristbandfactory.eu\/et\/wp-json\/wp\/v2\/product"}],"about":[{"href":"https:\/\/wristbandfactory.eu\/et\/wp-json\/wp\/v2\/types\/product"}],"replies":[{"embeddable":true,"href":"https:\/\/wristbandfactory.eu\/et\/wp-json\/wp\/v2\/comments?post=6853"}],"wp:featuredmedia":[{"embeddable":true,"href":"https:\/\/wristbandfactory.eu\/et\/wp-json\/wp\/v2\/media\/6854"}],"wp:attachment":[{"href":"https:\/\/wristbandfactory.eu\/et\/wp-json\/wp\/v2\/media?parent=6853"}],"wp:term":[{"taxonomy":"product_brand","embeddable":true,"href":"https:\/\/wristbandfactory.eu\/et\/wp-json\/wp\/v2\/product_brand?post=6853"},{"taxonomy":"product_cat","embeddable":true,"href":"https:\/\/wristbandfactory.eu\/et\/wp-json\/wp\/v2\/product_cat?post=6853"},{"taxonomy":"product_tag","embeddable":true,"href":"https:\/\/wristbandfactory.eu\/et\/wp-json\/wp\/v2\/product_tag?post=6853"}],"curies":[{"name":"t\u00f6\u00f6leht","href":"https:\/\/api.w.org\/{rel}","templated":true}]}}