{"id":6851,"date":"2026-01-15T15:18:22","date_gmt":"2026-01-15T12:18:22","guid":{"rendered":"https:\/\/wristbandfactory.eu\/?post_type=product&#038;p=6851"},"modified":"2026-01-15T15:18:22","modified_gmt":"2026-01-15T12:18:22","slug":"custom-printed-cotton-tea-towels-250gsm-45x70cm","status":"publish","type":"product","link":"https:\/\/wristbandfactory.eu\/et\/p\/custom-printed-cotton-tea-towels-250gsm-45x70cm\/","title":{"rendered":"Tr\u00fckiga puuvillased k\u00f6\u00f6gir\u00e4tikud (250gsm)"},"content":{"rendered":"<p data-path-to-node=\"8\">T\u00f5sta oma br\u00e4ndi kohalolekut kodu v\u00f5i majutuskeskkonna s\u00fcdames meie abil <b data-path-to-node=\"8\" data-index-in-node=\"110\">Eridisainiga tr\u00fckitud puuvillased teer\u00e4tikud<\/b>. Erinevalt tavalistest reklaamtekstiilidest on need r\u00e4tikud valmistatud kvaliteetsest 250 g\/m\u00b2 puuvillast, pakkudes toekat ja esmaklassilist tunnet, mis peegeldab h\u00e4sti teie ettev\u00f5tet. Olenemata sellest, kas neid kasutatakse kiires professionaalses k\u00f6\u00f6gis v\u00f5i stiilse firmakingitusena, \u00fchendavad need igap\u00e4evase otstarbekuse t\u00f5husa br\u00e4ndin\u00e4htusega.<\/p>\n<p data-path-to-node=\"9\">Need k\u00f6\u00f6gir\u00e4tikud on loodud B2B-klientidele, kes otsivad kaupa, mida kasutatakse, mitte ei visata \u00e4ra. Terav siiditr\u00fckiprotsess v\u00f5imaldab luua julgeid ja selgeid logosid v\u00f5i kunstilisi mustreid, muutes need suurep\u00e4raseks valikuks muuseumipoodides, butiikides ja \u00fcrituste kingituste jagamiseks.<\/p>\n<h2 data-path-to-node=\"10\">Peamised omadused<\/h2>\n<ul data-path-to-node=\"11\">\n<li>\n<p data-path-to-node=\"11,0,0\"><b data-path-to-node=\"11,0,0\" data-index-in-node=\"0\">Suure tihedusega kangas:<\/b> 250 g\/m\u00b2 kaaluga puuvill on paksem ja vastupidavam kui tavalised reklaamr\u00e4tikud, tagades pikaealisuse.<\/p>\n<\/li>\n<li>\n<p data-path-to-node=\"11,1,0\"><b data-path-to-node=\"11,1,0\" data-index-in-node=\"0\">Karge siiditr\u00fckk:<\/b> Saame teie konkreetse kujunduse tr\u00fckkida kuni kolmes Pantone&#039;i v\u00e4rvitoonis, tagades teie br\u00e4ndi identiteedi s\u00e4ilimise.<\/p>\n<\/li>\n<li>\n<p data-path-to-node=\"11,2,0\"><b data-path-to-node=\"11,2,0\" data-index-in-node=\"0\">Funktsionaalne suurus:<\/b> 45x70 cm suurus on k\u00f6\u00f6gitarvikute t\u00f6\u00f6stusstandard, pakkudes piisavalt pinda kuivatamiseks ja eksponeerimiseks.<\/p>\n<\/li>\n<li>\n<p data-path-to-node=\"11,3,0\"><b data-path-to-node=\"11,3,0\" data-index-in-node=\"0\">Masinpestav:<\/b> Loodud taluma tavalist pesu, s\u00e4ilitades samal ajal kanga terviklikkuse (tr\u00fcki eluea s\u00e4ilitamiseks on soovitatav pesta madalal temperatuuril).<\/p>\n<\/li>\n<\/ul>\n<h2 data-path-to-node=\"12\">Spetsifikatsioonid<\/h2>\n<ul data-path-to-node=\"13\">\n<li>\n<p data-path-to-node=\"13,0,0\"><b data-path-to-node=\"13,0,0\" data-index-in-node=\"0\">Materjal:<\/b> 100% puuvill<\/p>\n<\/li>\n<li>\n<p data-path-to-node=\"13,1,0\"><b data-path-to-node=\"13,1,0\" data-index-in-node=\"0\">Kaal:<\/b> 250 g\/m\u00b2 (grammi ruutmeetri kohta)<\/p>\n<\/li>\n<li>\n<p data-path-to-node=\"13,2,0\"><b data-path-to-node=\"13,2,0\" data-index-in-node=\"0\">M\u00f5\u00f5tmed:<\/b> 45 cm x 70 cm<\/p>\n<\/li>\n<li>\n<p data-path-to-node=\"13,3,0\"><b data-path-to-node=\"13,3,0\" data-index-in-node=\"0\">Printimismeetod:<\/b> Siiditr\u00fckk (kuni 3 v\u00e4rvi)<\/p>\n<\/li>\n<li>\n<p data-path-to-node=\"13,4,0\"><b data-path-to-node=\"13,4,0\" data-index-in-node=\"0\">Riputusaas:<\/b> Mugavuse huvides integreeritud<\/p>\n<\/li>\n<li>\n<p data-path-to-node=\"13,5,0\"><b data-path-to-node=\"13,5,0\" data-index-in-node=\"0\">Tootmish\u00e4lve:<\/b> Palun arvestage, et j\u00e4tame endale \u00f5iguse tarnida ja arveldada tellitud kogusest +\/- 5% tootmispartiide t\u00f5ttu.<\/p>\n<\/li>\n<\/ul>\n<h2 data-path-to-node=\"14\">Kasutusjuhud<\/h2>\n<ul data-path-to-node=\"15\">\n<li>\n<p data-path-to-node=\"15,0,0\"><b data-path-to-node=\"15,0,0\" data-index-in-node=\"0\">Majutusasutuse br\u00e4nding:<\/b> Hotellide ja restoranide kelnerite, baarit\u00f6\u00f6tajate ja kokkade \u00fchtne aksessuaar.<\/p>\n<\/li>\n<li>\n<p data-path-to-node=\"15,1,0\"><b data-path-to-node=\"15,1,0\" data-index-in-node=\"0\">Ettev\u00f5tte kingitused:<\/b> Praktiline ja keskkonnas\u00f5bralik lisa p\u00fchadekingituste korvidesse v\u00f5i koduteemalistesse PR-pakkidesse.<\/p>\n<\/li>\n<li>\n<p data-path-to-node=\"15,2,0\"><b data-path-to-node=\"15,2,0\" data-index-in-node=\"0\">Jaem\u00fc\u00fcgikaubad:<\/b> K\u00f5rge kasumimarginaaliga edasim\u00fc\u00fcgiartiklid kunstnikele, suveniiripoodidele ja elustiilibr\u00e4ndidele.<\/p>\n<\/li>\n<li>\n<p data-path-to-node=\"15,3,0\"><b data-path-to-node=\"15,3,0\" data-index-in-node=\"0\">\u00dcrituse loosimised:<\/b> meeldej\u00e4\u00e4vad messimaterjalid toidu- ja joogit\u00f6\u00f6stuse \u00fcritustele.<\/p>\n<\/li>\n<\/ul>","protected":false},"excerpt":{"rendered":"<ul>\n<li>\n<p data-path-to-node=\"7,0,0\"><b data-path-to-node=\"7,0,0\" data-index-in-node=\"0\">Kvaliteetne raskekaaluline puuvill:<\/b> Valmistatud vastupidavast 250 g\/m\u00b2 puuvillakangast, mis tagab suurep\u00e4rase imavuse ja kvaliteetse tunde.<\/p>\n<\/li>\n<li>\n<p data-path-to-node=\"7,1,0\"><b data-path-to-node=\"7,1,0\" data-index-in-node=\"0\">Suur br\u00e4ndinguala:<\/b> Suured 45x70 cm m\u00f5\u00f5tmed tagavad teie logo v\u00f5i eridisainiga kujunduse maksimaalse n\u00e4htavuse.<\/p>\n<\/li>\n<li>\n<p data-path-to-node=\"7,2,0\"><b data-path-to-node=\"7,2,0\" data-index-in-node=\"0\">Mitmek\u00fclgne kohandamine:<\/b> Toetab teravate ja vastupidavate kujunduste loomiseks siiditr\u00fckki kuni kolmes erinevas v\u00e4rvitoonis (sh valge).<\/p>\n<\/li>\n<li>\n<p data-path-to-node=\"7,3,0\"><b data-path-to-node=\"7,3,0\" data-index-in-node=\"0\">Ideaalne majutus- ja jaem\u00fc\u00fcgisektorile:<\/b> Ideaalne restoranide, firmakingituste, kaubakollektsioonide ja kodukaunistamise reklaamide jaoks.<\/p>\n<\/li>\n<\/ul>","protected":false},"featured_media":6852,"comment_status":"closed","ping_status":"closed","template":"","meta":[],"product_brand":[],"product_cat":[122],"product_tag":[],"class_list":{"0":"post-6851","1":"product","2":"type-product","3":"status-publish","4":"has-post-thumbnail","6":"product_cat-promotional-accessories","8":"first","9":"instock","10":"shipping-taxable","11":"purchasable","12":"product-type-simple"},"_links":{"self":[{"href":"https:\/\/wristbandfactory.eu\/et\/wp-json\/wp\/v2\/product\/6851","targetHints":{"allow":["GET"]}}],"collection":[{"href":"https:\/\/wristbandfactory.eu\/et\/wp-json\/wp\/v2\/product"}],"about":[{"href":"https:\/\/wristbandfactory.eu\/et\/wp-json\/wp\/v2\/types\/product"}],"replies":[{"embeddable":true,"href":"https:\/\/wristbandfactory.eu\/et\/wp-json\/wp\/v2\/comments?post=6851"}],"wp:featuredmedia":[{"embeddable":true,"href":"https:\/\/wristbandfactory.eu\/et\/wp-json\/wp\/v2\/media\/6852"}],"wp:attachment":[{"href":"https:\/\/wristbandfactory.eu\/et\/wp-json\/wp\/v2\/media?parent=6851"}],"wp:term":[{"taxonomy":"product_brand","embeddable":true,"href":"https:\/\/wristbandfactory.eu\/et\/wp-json\/wp\/v2\/product_brand?post=6851"},{"taxonomy":"product_cat","embeddable":true,"href":"https:\/\/wristbandfactory.eu\/et\/wp-json\/wp\/v2\/product_cat?post=6851"},{"taxonomy":"product_tag","embeddable":true,"href":"https:\/\/wristbandfactory.eu\/et\/wp-json\/wp\/v2\/product_tag?post=6851"}],"curies":[{"name":"t\u00f6\u00f6leht","href":"https:\/\/api.w.org\/{rel}","templated":true}]}}