{"id":6846,"date":"2026-01-15T13:19:07","date_gmt":"2026-01-15T10:19:07","guid":{"rendered":"https:\/\/wristbandfactory.eu\/?post_type=product&#038;p=6846"},"modified":"2026-01-15T13:19:07","modified_gmt":"2026-01-15T10:19:07","slug":"custom-printed-polyester-ski-bibs-race-vests","status":"publish","type":"product","link":"https:\/\/wristbandfactory.eu\/et\/p\/custom-printed-polyester-ski-bibs-race-vests\/","title":{"rendered":"Logoga stardinumbrid ja suusavestid"},"content":{"rendered":"<p data-path-to-node=\"9\">Muutke oma talispordi\u00fcritus, maraton v\u00f5i suusakool professionaalseks meie eritellimusel tr\u00fckitud pol\u00fcesterist suusanukkidega. Spetsiaalselt aktiivseks kasutamiseks loodud v\u00f5istlusvestid on v\u00f5istlejate peamiseks identifikaatoriks, pakkudes samal ajal suurep\u00e4rast n\u00e4htavust sponsoritele.<\/p>\n<p data-path-to-node=\"10\">Erinevalt tavalistest kleebistest v\u00f5i pabernumbritest, mis v\u00f5ivad m\u00e4rja ilmaga rebeneda v\u00f5i lahti tulla, on meie pol\u00fcesterrinnahoidjad loodud taluma lund, tuult ja liikumist. Suurus 33x50 cm on universaalselt disainitud nii t\u00e4iskasvanutele kui ka juunioridele, libisedes kergesti \u00fcle mahukate talveriiete v\u00f5i kergete spordiriiete.<\/p>\n<p data-path-to-node=\"11\"><b data-path-to-node=\"11\" data-index-in-node=\"0\">Peamised omadused<\/b><\/p>\n<ul data-path-to-node=\"12\">\n<li>\n<p data-path-to-node=\"12,0,0\"><b data-path-to-node=\"12,0,0\" data-index-in-node=\"0\">J\u00e4rjestikune nummerdamine:<\/b> Lihtsusta v\u00f5istluste korraldamist. Pakume muutuvandmete printimist (VDP), mis v\u00f5imaldab igal numbril olla disaini integreeritud unikaalne stardinumber, osaleja nimi v\u00f5i QR-kood.<\/p>\n<\/li>\n<li>\n<p data-path-to-node=\"12,1,0\"><b data-path-to-node=\"12,1,0\" data-index-in-node=\"0\">K\u00f5rgelt n\u00e4htav br\u00e4nding:<\/b> T\u00e4iustatud sublimatsioonitr\u00fcki abil saavad teie logod ja sponsorgraafika osaks kangast. See tagab, et v\u00e4rvid p\u00fcsivad erksad ega pragune ega kooru isegi madalatel temperatuuridel.<\/p>\n<\/li>\n<li>\n<p data-path-to-node=\"12,2,0\"><b data-path-to-node=\"12,2,0\" data-index-in-node=\"0\">Mugavus ja liikuvus:<\/b> Avatud k\u00fcljega disain elastsete \u00fchendusribadega tagab suusatajatele ja jooksjatele piiramatu liikumise, hoides samal ajal numbrinumbri kindlalt paigal.<\/p>\n<\/li>\n<li>\n<p data-path-to-node=\"12,3,0\"><b data-path-to-node=\"12,3,0\" data-index-in-node=\"0\">Korduvkasutatav ja pestav:<\/b> 100% pol\u00fcestrist valmistatud veste saab kokku koguda, pesta ja uuesti kasutada mitmep\u00e4evaste \u00fcrituste v\u00f5i korduvate hooaegade jaoks, pakkudes suurep\u00e4rast investeeringutasuvust.<\/p>\n<\/li>\n<\/ul>\n<p data-path-to-node=\"13\"><b data-path-to-node=\"13\" data-index-in-node=\"0\">Spetsifikatsioonid<\/b><\/p>\n<ul data-path-to-node=\"14\">\n<li>\n<p data-path-to-node=\"14,0,0\"><b data-path-to-node=\"14,0,0\" data-index-in-node=\"0\">Materjal:<\/b> 100% vastupidav pol\u00fcester<\/p>\n<\/li>\n<li>\n<p data-path-to-node=\"14,1,0\"><b data-path-to-node=\"14,1,0\" data-index-in-node=\"0\">M\u00f5\u00f5tmed:<\/b> 33 cm (laius) x 50 cm (k\u00f5rgus)<\/p>\n<\/li>\n<li>\n<p data-path-to-node=\"14,2,0\"><b data-path-to-node=\"14,2,0\" data-index-in-node=\"0\">Kinnitus:<\/b> Elastsed k\u00fclgmised rihmad paindliku sobivuse tagamiseks<\/p>\n<\/li>\n<li>\n<p data-path-to-node=\"14,3,0\"><b data-path-to-node=\"14,3,0\" data-index-in-node=\"0\">Printimismeetod:<\/b> T\u00e4isv\u00e4rviline sublimatsioon v\u00f5i soojus\u00fclekanne<\/p>\n<\/li>\n<li>\n<p data-path-to-node=\"14,4,0\"><b data-path-to-node=\"14,4,0\" data-index-in-node=\"0\">Kohandamine:<\/b> Logod, taustad, individuaalsed numbrid (001-999+)<\/p>\n<\/li>\n<\/ul>\n<p data-path-to-node=\"15\"><b data-path-to-node=\"15\" data-index-in-node=\"0\">Kasutusjuhud<\/b><\/p>\n<ul data-path-to-node=\"16\">\n<li>\n<p data-path-to-node=\"16,0,0\"><b data-path-to-node=\"16,0,0\" data-index-in-node=\"0\">Suusa- ja lumelauakoolid:<\/b> Tuvasta n\u00f5lvadel selgelt instruktorid ja \u00f5pilased.<\/p>\n<\/li>\n<li>\n<p data-path-to-node=\"16,1,0\"><b data-path-to-node=\"16,1,0\" data-index-in-node=\"0\">V\u00f5istluss\u00f5idud:<\/b> H\u00e4davajalik laskesuusatamise, maratoni ja triatloni jaoks, mis vajavad eraldi v\u00f5istlejate numeratsiooni.<\/p>\n<\/li>\n<li>\n<p data-path-to-node=\"16,2,0\"><b data-path-to-node=\"16,2,0\" data-index-in-node=\"0\">Firma\u00fcritused:<\/b> Meeskonnat\u00f6\u00f6 harjutused ja firma spordip\u00e4evad.<\/p>\n<\/li>\n<li>\n<p data-path-to-node=\"16,3,0\"><b data-path-to-node=\"16,3,0\" data-index-in-node=\"0\">\u00dcrituse personal:<\/b> H\u00e4stn\u00e4htav identifitseerimine rajakorraldajatele, turvat\u00f6\u00f6tajatele ja meditsiinimeeskondadele.<\/p>\n<\/li>\n<\/ul>\n<p data-path-to-node=\"17\">","protected":false},"excerpt":{"rendered":"<ul data-path-to-node=\"8\">\n<li>\n<p data-path-to-node=\"8,0,0\"><b data-path-to-node=\"8,0,0\" data-index-in-node=\"0\">Universaalne sobivus:<\/b> M\u00f5\u00f5dud 33x50cm, elastsete k\u00fcljepaeltega, disainitud nii, et see sobiks mugavalt suusajopede v\u00f5i spordiriiete peale.<\/p>\n<\/li>\n<li>\n<p data-path-to-node=\"8,1,0\"><b data-path-to-node=\"8,1,0\" data-index-in-node=\"0\">Muutuvate andmete printimine:<\/b> Saame igale rinnanumbrile koos teie \u00fcrituse br\u00e4ndinguga printida unikaalsed j\u00e4rjekorranumbrid v\u00f5i nimed.<\/p>\n<\/li>\n<li>\n<p data-path-to-node=\"8,2,0\"><b data-path-to-node=\"8,2,0\" data-index-in-node=\"0\">Vastupidav pol\u00fcester:<\/b> Kerge ja ilmastikukindel kangas, mis sobib ideaalselt talispordiks ja v\u00e4liv\u00f5istlusteks.<\/p>\n<\/li>\n<li>\n<p data-path-to-node=\"8,3,0\"><b data-path-to-node=\"8,3,0\" data-index-in-node=\"0\">T\u00e4ielik kohandamine:<\/b> Servast servani sublimatsioonitr\u00fcki v\u00f5imalus erksate ja kauakestvate ettev\u00f5tte logode loomiseks.<\/p>\n<\/li>\n<\/ul>","protected":false},"featured_media":6847,"comment_status":"closed","ping_status":"closed","template":"","meta":[],"product_brand":[],"product_cat":[68,118],"product_tag":[],"class_list":{"0":"post-6846","1":"product","2":"type-product","3":"status-publish","4":"has-post-thumbnail","6":"product_cat-event-supplies","7":"product_cat-sports-fitness","9":"first","10":"instock","11":"shipping-taxable","12":"purchasable","13":"product-type-simple"},"_links":{"self":[{"href":"https:\/\/wristbandfactory.eu\/et\/wp-json\/wp\/v2\/product\/6846","targetHints":{"allow":["GET"]}}],"collection":[{"href":"https:\/\/wristbandfactory.eu\/et\/wp-json\/wp\/v2\/product"}],"about":[{"href":"https:\/\/wristbandfactory.eu\/et\/wp-json\/wp\/v2\/types\/product"}],"replies":[{"embeddable":true,"href":"https:\/\/wristbandfactory.eu\/et\/wp-json\/wp\/v2\/comments?post=6846"}],"wp:featuredmedia":[{"embeddable":true,"href":"https:\/\/wristbandfactory.eu\/et\/wp-json\/wp\/v2\/media\/6847"}],"wp:attachment":[{"href":"https:\/\/wristbandfactory.eu\/et\/wp-json\/wp\/v2\/media?parent=6846"}],"wp:term":[{"taxonomy":"product_brand","embeddable":true,"href":"https:\/\/wristbandfactory.eu\/et\/wp-json\/wp\/v2\/product_brand?post=6846"},{"taxonomy":"product_cat","embeddable":true,"href":"https:\/\/wristbandfactory.eu\/et\/wp-json\/wp\/v2\/product_cat?post=6846"},{"taxonomy":"product_tag","embeddable":true,"href":"https:\/\/wristbandfactory.eu\/et\/wp-json\/wp\/v2\/product_tag?post=6846"}],"curies":[{"name":"t\u00f6\u00f6leht","href":"https:\/\/api.w.org\/{rel}","templated":true}]}}