{"id":6842,"date":"2026-01-13T11:51:23","date_gmt":"2026-01-13T08:51:23","guid":{"rendered":"https:\/\/wristbandfactory.eu\/?post_type=product&#038;p=6842"},"modified":"2026-01-13T11:59:47","modified_gmt":"2026-01-13T08:59:47","slug":"numbered-fabric-wristbands","status":"publish","type":"product","link":"https:\/\/wristbandfactory.eu\/et\/p\/numbered-fabric-wristbands\/","title":{"rendered":"Nummerdatud riidest k\u00e4epaelad"},"content":{"rendered":"<p data-path-to-node=\"10\">V\u00f5tke oma \u00fcrituse turvalisus ja logistika kontrolli alla meie j\u00e4rjestikku nummerdatud kangast k\u00e4epaeltega. Kuigi tavalised kaubam\u00e4rgiga k\u00e4epaelad pakuvad visuaalset identifitseerimist, lisavad nummerdatud k\u00e4epaelad professionaalsetele \u00fcrituste korraldajatele olulise funktsionaalsuse. Olenemata sellest, kas korraldate festivali, ettev\u00f5tte konverentsi v\u00f5i piiratud juurdep\u00e4\u00e4suga kohta, lihtsustab iga randme unikaalne identifikaator teie tegevust.<\/p>\n<p data-path-to-node=\"11\">Need k\u00e4epaelad on h\u00e4davajalikud \u00fcritustel, mis n\u00f5uavad rangeid mahutavuse piiranguid v\u00f5i unikaalsete k\u00fclaliste andmete j\u00e4lgimist. Numbri saab tr\u00fckkida otse kangale v\u00f5i laseriga s\u00f6\u00f6vitada liuglukule, tagades selle loetavuse kogu \u00fcrituse v\u00e4ltel. See funktsioon muudab standardse lisatarviku funktsionaalseks t\u00f6\u00f6riistaks rahvahulkade haldamiseks ja andmete koosk\u00f5lastamiseks.<\/p>\n<h2 data-path-to-node=\"12\">Peamised omadused<\/h2>\n<ul data-path-to-node=\"13\">\n<li>\n<p data-path-to-node=\"13,0,0\"><b data-path-to-node=\"13,0,0\" data-index-in-node=\"0\">J\u00e4rjestikuse nummerdamise valikud:<\/b> Valige riba pinnale tr\u00fckitud numbrite v\u00f5i plast-\/metallkinnitusele lasergraveeringu vahel.<\/p>\n<\/li>\n<li>\n<p data-path-to-node=\"13,1,0\"><b data-path-to-node=\"13,1,0\" data-index-in-node=\"0\">K\u00f5rglahutusega br\u00e4nding:<\/b> Saadaval nii sublimatsioonitr\u00fckiga (fotorealistlik viimistlus) kui ka kootud (klassikaline festivaliilme) stiilis.<\/p>\n<\/li>\n<li>\n<p data-path-to-node=\"13,2,0\"><b data-path-to-node=\"13,2,0\" data-index-in-node=\"0\">Vastupidavad materjalid:<\/b> Valmistatud kvaliteetsest pol\u00fcestrist, mis on mugav mitmep\u00e4evaseks kandmiseks ning vee- ja rebenemiskindel.<\/p>\n<\/li>\n<li>\n<p data-path-to-node=\"13,3,0\"><b data-path-to-node=\"13,3,0\" data-index-in-node=\"0\">Eridisainiga seeria:<\/b> Saame teie piletis\u00fcsteemile vastavaks muuta konkreetseid numbrivahemikke (nt 0001\u20131000) v\u00f5i t\u00e4htnumbrilisi koode.<\/p>\n<\/li>\n<\/ul>\n<h2 data-path-to-node=\"14\">Spetsifikatsioonid<\/h2>\n<ul data-path-to-node=\"15\">\n<li>\n<p data-path-to-node=\"15,0,0\"><b data-path-to-node=\"15,0,0\" data-index-in-node=\"0\">Materjal:<\/b> 100% pol\u00fcester (satiin- v\u00f5i kootud viimistlus).<\/p>\n<\/li>\n<li>\n<p data-path-to-node=\"15,1,0\"><b data-path-to-node=\"15,1,0\" data-index-in-node=\"0\">Standardsuurus:<\/b> 15 mm x 350 mm v\u00f5i 20 mm x 350 mm (\u00fcks suurus sobib k\u00f5igile).<\/p>\n<\/li>\n<li>\n<p data-path-to-node=\"15,2,0\"><b data-path-to-node=\"15,2,0\" data-index-in-node=\"0\">Nummerdamistehnika:<\/b> Tindiprits v\u00f5i lasergraveerimine.<\/p>\n<\/li>\n<li>\n<p data-path-to-node=\"15,3,0\"><b data-path-to-node=\"15,3,0\" data-index-in-node=\"0\">Lukustusvalikud:<\/b> \u00dchesuunaline plastmassist liuglukk (turvaline) v\u00f5i korduvkasutatav helmes (reklaam).<\/p>\n<\/li>\n<li>\n<p data-path-to-node=\"15,4,0\"><b data-path-to-node=\"15,4,0\" data-index-in-node=\"0\">Minimaalne tellimus:<\/b> 100 \u00fchikut.<\/p>\n<\/li>\n<\/ul>\n<h2 data-path-to-node=\"16\">Kasutusjuhud<\/h2>\n<ul data-path-to-node=\"17\">\n<li>\n<p data-path-to-node=\"17,0,0\"><b data-path-to-node=\"17,0,0\" data-index-in-node=\"0\">Festivalid ja kontserdid:<\/b> J\u00e4lgige igap\u00e4evaseid k\u00fclastatavusi ja sobitage k\u00e4epaelad m\u00fc\u00fcdud piletite arvuga.<\/p>\n<\/li>\n<li>\n<p data-path-to-node=\"17,1,0\"><b data-path-to-node=\"17,1,0\" data-index-in-node=\"0\">Riietusruum ja pagas:<\/b> Kasutage k\u00e4epaela numbrit registreeritud esemete turvalise k\u00e4ttesaamism\u00e4rgisena.<\/p>\n<\/li>\n<li>\n<p data-path-to-node=\"17,2,0\"><b data-path-to-node=\"17,2,0\" data-index-in-node=\"0\">Loosimised ja v\u00f5istlused:<\/b> Kasutage unikaalset ID-d juhuslike auhindade loosimiseks otse lavalt.<\/p>\n<\/li>\n<li>\n<p data-path-to-node=\"17,3,0\"><b data-path-to-node=\"17,3,0\" data-index-in-node=\"0\">VIP-ligip\u00e4\u00e4su kontroll:<\/b> Kontrollige konkreetseid k\u00fclalisi p\u00f5hik\u00fclaliste nimekirja alusel, kasutades nende unikaalset numbrit.<\/p>\n<\/li>\n<\/ul>","protected":false},"excerpt":{"rendered":"<ul>\n<li>\n<p data-path-to-node=\"8,0,0\"><b data-path-to-node=\"8,0,0\" data-index-in-node=\"0\">T\u00e4iustatud turvalisus ja j\u00e4lgimine:<\/b> Unikaalne j\u00e4rjestikune numeratsioon v\u00f5imaldab t\u00e4pset k\u00fclaliste arvu j\u00e4lgimist ja k\u00fclaliste h\u00f5lpsat tuvastamist.<\/p>\n<\/li>\n<li>\n<p data-path-to-node=\"8,1,0\"><b data-path-to-node=\"8,1,0\" data-index-in-node=\"0\">Piletite sobitamine:<\/b> Ideaalne konkreetsete k\u00e4epaelte sidumiseks piletinumbrite, mantlikomplektide v\u00f5i VIP-loosimispunktidega.<\/p>\n<\/li>\n<li>\n<p data-path-to-node=\"8,2,0\"><b data-path-to-node=\"8,2,0\" data-index-in-node=\"0\">Lisatasu kohandamine:<\/b> T\u00e4isv\u00e4rviline sublimatsioontr\u00fckk v\u00f5i kootud kujundused koos selgelt n\u00e4htava ja vastupidava numeratsiooniga.<\/p>\n<\/li>\n<li>\n<p data-path-to-node=\"8,3,0\"><b data-path-to-node=\"8,3,0\" data-index-in-node=\"0\">V\u00f5ltsimiskindel lukustus:<\/b> Varustatud turvaliste liuglukkudega, et v\u00e4ltida volitamata teisaldamist v\u00f5i taaskasutamist mitmep\u00e4evaste \u00fcrituste ajal.<\/p>\n<\/li>\n<\/ul>","protected":false},"featured_media":6844,"comment_status":"closed","ping_status":"closed","template":"","meta":[],"product_brand":[],"product_cat":[47],"product_tag":[],"class_list":{"0":"post-6842","1":"product","2":"type-product","3":"status-publish","4":"has-post-thumbnail","6":"product_cat-fabric-wristbands","8":"first","9":"instock","10":"shipping-taxable","11":"purchasable","12":"product-type-simple"},"_links":{"self":[{"href":"https:\/\/wristbandfactory.eu\/et\/wp-json\/wp\/v2\/product\/6842","targetHints":{"allow":["GET"]}}],"collection":[{"href":"https:\/\/wristbandfactory.eu\/et\/wp-json\/wp\/v2\/product"}],"about":[{"href":"https:\/\/wristbandfactory.eu\/et\/wp-json\/wp\/v2\/types\/product"}],"replies":[{"embeddable":true,"href":"https:\/\/wristbandfactory.eu\/et\/wp-json\/wp\/v2\/comments?post=6842"}],"wp:featuredmedia":[{"embeddable":true,"href":"https:\/\/wristbandfactory.eu\/et\/wp-json\/wp\/v2\/media\/6844"}],"wp:attachment":[{"href":"https:\/\/wristbandfactory.eu\/et\/wp-json\/wp\/v2\/media?parent=6842"}],"wp:term":[{"taxonomy":"product_brand","embeddable":true,"href":"https:\/\/wristbandfactory.eu\/et\/wp-json\/wp\/v2\/product_brand?post=6842"},{"taxonomy":"product_cat","embeddable":true,"href":"https:\/\/wristbandfactory.eu\/et\/wp-json\/wp\/v2\/product_cat?post=6842"},{"taxonomy":"product_tag","embeddable":true,"href":"https:\/\/wristbandfactory.eu\/et\/wp-json\/wp\/v2\/product_tag?post=6842"}],"curies":[{"name":"t\u00f6\u00f6leht","href":"https:\/\/api.w.org\/{rel}","templated":true}]}}